{"id":111,"date":"2017-03-23T07:37:17","date_gmt":"2017-03-23T07:37:17","guid":{"rendered":"http:\/\/demo.awethemes.com\/fleurdesel\/?page_id=111"},"modified":"2025-09-04T08:09:15","modified_gmt":"2025-09-04T07:09:15","slug":"restauracia","status":"publish","type":"page","link":"https:\/\/www.hotelkastiel.sk\/en\/restauracia\/","title":{"rendered":"REGNUM restaurant"},"content":{"rendered":"<div class=\"vc_row wpb_row vc_row-fluid\">\n\t\t\t\t\n<div class=\"wpb_column vc_column_container vc_col-sm-12 vc_col-lg-offset-2 vc_col-lg-8\"><div class=\"vc_column-inner\"><div class=\"wpb_wrapper\"><div class=\"vc_empty_space\"   style=\"height: 52px\" ><span class=\"vc_empty_space_inner\"><\/span><\/div>\n\n\t<div class=\"wpb_text_column wpb_content_element\" >\n\t\t<div class=\"wpb_wrapper\">\n\t\t\t<div class=\"fleurdesel-heading vc_custom_1547817228403 text-center\">\n<p class=\"fleurdesel__meta font-600 text-color-1\">Opened daily for both hotel and public guests<\/p>\n<h2 class=\"fleurdesel__title h1 fz-Default\">REGNUM restaurant<\/h2>\n<\/div>\n\n\t\t<\/div>\n\t<\/div>\n<div class=\"vc_empty_space\"   style=\"height: 52px\" ><span class=\"vc_empty_space_inner\"><\/span><\/div>\n<\/div><\/div><\/div><\/div><div class=\"vc_row wpb_row vc_row-fluid\">\n\t\t\t\t\n<div class=\"wpb_column vc_column_container vc_col-sm-12 vc_col-lg-offset-2 vc_col-lg-8\"><div class=\"vc_column-inner\"><div class=\"wpb_wrapper\"><div class=\"vc_empty_space\"   style=\"height: 32px\" ><span class=\"vc_empty_space_inner\"><\/span><\/div>\n\n\t<div class=\"wpb_text_column wpb_content_element  vc_custom_1636100986836\" >\n\t\t<div class=\"wpb_wrapper\">\n\t\t\t<p class=\"p1\"><span class=\"s1\">We promise you the experience in the form of a unique restaurant menu consisting of Pannonian dishes is prepared from the best monarchical specialties of Slovak, Hungarian, Austrian and Czech cuisine along with vintage white and red wines, primarily produced in Slovakia, and a dessert of aristocratic flavor!<\/span><\/p>\n<p class=\"p2\"><span class=\"s1\">The stylish restaurant REGNUM (\u201ckingdom\u201c), located beneath baroque arches and offering excellent Pannonian cuisine consisting of reputable and flavorful Slovak, Czech, Austrian and Hungarian culinary specialties, is a unique taste and aesthetic experience. Dishes of monarchical cuisine \u2013 attractive seasonal meals from fish, game, vegetables and gourds \u2013 await lovers of good food in the elegant atmosphere of centuries past as well as the present and make the local baroque garden one of the biggest attractions of the manor house.<\/span><\/p>\n\n\t\t<\/div>\n\t<\/div>\n<div class=\"vc_empty_space\"   style=\"height: 52px\" ><span class=\"vc_empty_space_inner\"><\/span><\/div>\n<div class=\"vc_message_box vc_message_box-outline vc_message_box-square vc_color-chino vc_custom_1562425525853\" >\n\t<div class=\"vc_message_box-icon\"><i class=\"fa fa-info-circle\"><\/i>\n\t<\/div><p class=\"translation-block\">The Regnum restaurant is among the TOP 3 hotel restaurants in Slovakia and in 2019 was awarded <strong>2nd place<\/strong> according to the well-known restaurant guide Gurm\u00e1n na Slovensko.<\/p>\n<\/div>\n<div class=\"fleurdesel-iconbox  fleurdesel-iconbox--border text-center\">\r\n\t<div class=\"fleurdesel-iconbox__wrap\">\r\n\t\t\t\t\t<div class=\"fleurdesel-iconbox__media h1 text-color-1 mb-15\" >\r\n\t\t\t\t<i class=\"fh fh-open\"><\/i>\t\t\t<\/div>\r\n\t\t\t<!-- \/.fleurdesel-iconbox -->\r\n\t\t\r\n\t\t<div class=\"fleurdesel-iconbox__data\">\r\n\t\t\t\t\t\t\t<h2 class=\"fleurdesel-iconbox__title font-2 font-500 h6 mb-20\" >\r\n\t\t\t\t\t\t\t\t\t\t\tOpening hours\t\t\t\t\t\t\t\t\t<\/h2>\r\n\t\t\t\r\n\t\t\t\t\t\t\t<p class=\"fleurdesel-iconbox__desc\" >Nede\u013ea\/Sunday - Pondelok\/Monday 11:30 \u2013 20:00<br \/><br \/>\nUtorok\/Tuesday - Sobota\/Saturday: 11:30 - 21:00<\/p><br \/>\n<p class=\"translation-block\">*last orders are possible 30 minutes before closing the restaurant<br>\n*last orders are possible 30 minutes before closing the restaurant<\/p>\r\n\t\t\t\t\t<\/div>\r\n\t\t<!-- \/.fleurdesel-iconbox__info -->\r\n\t<\/div>\r\n<\/div>\r\n<\/div><\/div><\/div><\/div><div class=\"vc_row wpb_row vc_row-fluid\">\n\t\t\t\t\n<div class=\"wpb_column vc_column_container vc_col-sm-12 vc_col-lg-offset-2 vc_col-lg-8\"><div class=\"vc_column-inner\"><div class=\"wpb_wrapper\"><div class=\"vc_empty_space\"   style=\"height: 52px\" ><span class=\"vc_empty_space_inner\"><\/span><\/div>\n\n\t<div class=\"wpb_text_column wpb_content_element\" >\n\t\t<div class=\"wpb_wrapper\">\n\t\t\t<p style=\"text-align: center;\"><a href=\"\/en\/a-la-carte\/\"><button class=\"apb-btn apb-check-available-js\">See our \u00e0 la carte menu<\/button><\/a><\/p>\n\n\t\t<\/div>\n\t<\/div>\n\n\t<div class=\"wpb_text_column wpb_content_element\" >\n\t\t<div class=\"wpb_wrapper\">\n\t\t\t<p style=\"text-align: center;\"><a href=\"\/en\/napojovy-listok\/\"><button class=\"apb-btn apb-check-available-js\">Drink menu<\/button><\/a><\/p>\n\n\t\t<\/div>\n\t<\/div>\n\n\t<div class=\"wpb_text_column wpb_content_element\" >\n\t\t<div class=\"wpb_wrapper\">\n\t\t\t<p style=\"text-align: center;\"><a href=\"\/en\/vinna-karta\/\"><button class=\"apb-btn apb-check-available-js\">Wine card<\/button><\/a><\/p>\n\n\t\t<\/div>\n\t<\/div>\n<div class=\"vc_empty_space\"   style=\"height: 52px\" ><span class=\"vc_empty_space_inner\"><\/span><\/div>\n<\/div><\/div><\/div><\/div>","protected":false},"excerpt":{"rendered":"Denne otvoren\u00e1 re\u0161taur\u00e1cia pre hotelov\u00fdch host\u00ed aj verejnos\u0165 Re\u0161taur\u00e1cia REGNUM Pon\u00fakame V\u00e1m z\u00e1\u017eitok vo forme jedine\u010dn\u00e9ho jed\u00e1lneho l\u00edstku pan\u00f3nskej kuchyne, ktor\u00fd je pripraven\u00fd z najlep\u0161\u00edch monarchistick\u00fdch \u0161pecial\u00edt slovenskej, ma\u010farskej, rak\u00faskej a \u010deskej kuchyne. Nech\u00fdbaj\u00fa ani \u0161pi\u010dkov\u00e9 biele a \u010derven\u00e9 v\u00edna, predov\u0161etk\u00fdm slovenskej produkcie, a dezerty aristokratickej chute! Barokov\u00e9 klenby v jedine\u010dnej re\u0161taur\u00e1ci\u00ed REGNUM dotv\u00e1raj\u00fa ide\u00e1lnu [...]","protected":false},"author":5,"featured_media":4489,"parent":0,"menu_order":0,"comment_status":"closed","ping_status":"closed","template":"templates\/page-builder.php","meta":{"footnotes":""},"class_list":["post-111","page","type-page","status-publish","has-post-thumbnail","hentry"],"yoast_head":"<!-- This site is optimized with the Yoast SEO plugin v27.5 - https:\/\/yoast.com\/product\/yoast-seo-wordpress\/ -->\n<title>Re\u0161taur\u00e1cia REGNUM - Art Hotel Ka\u0161tie\u013e, Tom\u00e1\u0161ov<\/title>\n<meta name=\"description\" content=\"Denne otvoren\u00e1 re\u0161taur\u00e1cia pre hotelov\u00fdch host\u00ed aj verejnos\u0165 V\u00e1m pon\u00faka z\u00e1\u017eitok vo forme jedine\u010dn\u00e9ho jed\u00e1lneho l\u00edstku pan\u00f3nskej kuchyne.\" \/>\n<meta name=\"robots\" content=\"index, follow, max-snippet:-1, max-image-preview:large, max-video-preview:-1\" \/>\n<link rel=\"canonical\" href=\"https:\/\/www.hotelkastiel.sk\/en\/restauracia\/\" \/>\n<meta property=\"og:locale\" content=\"en_GB\" \/>\n<meta property=\"og:type\" content=\"article\" \/>\n<meta property=\"og:title\" content=\"Re\u0161taur\u00e1cia REGNUM - Art Hotel Ka\u0161tie\u013e, Tom\u00e1\u0161ov\" \/>\n<meta property=\"og:description\" content=\"Denne otvoren\u00e1 re\u0161taur\u00e1cia pre hotelov\u00fdch host\u00ed aj verejnos\u0165 V\u00e1m pon\u00faka z\u00e1\u017eitok vo forme jedine\u010dn\u00e9ho jed\u00e1lneho l\u00edstku pan\u00f3nskej kuchyne.\" \/>\n<meta property=\"og:url\" content=\"https:\/\/www.hotelkastiel.sk\/en\/restauracia\/\" \/>\n<meta property=\"og:site_name\" content=\"Art Hotel Ka\u0161tie\u013e, Tom\u00e1\u0161ov\" \/>\n<meta property=\"article:publisher\" content=\"http:\/\/facebook.com\/hotelkastiel\/\" \/>\n<meta property=\"article:modified_time\" content=\"2025-09-04T07:09:15+00:00\" \/>\n<meta property=\"og:image\" content=\"https:\/\/www.hotelkastiel.sk\/wp-content\/uploads\/2019\/05\/20190318_155732.jpg\" \/>\n\t<meta property=\"og:image:width\" content=\"2000\" \/>\n\t<meta property=\"og:image:height\" content=\"972\" \/>\n\t<meta property=\"og:image:type\" content=\"image\/jpeg\" \/>\n<meta name=\"twitter:label1\" content=\"Estimated reading time\" \/>\n\t<meta name=\"twitter:data1\" content=\"2 minutes\" \/>\n<script type=\"application\/ld+json\" class=\"yoast-schema-graph\">{\"@context\":\"https:\\\/\\\/schema.org\",\"@graph\":[{\"@type\":\"WebPage\",\"@id\":\"https:\\\/\\\/www.hotelkastiel.sk\\\/restauracia\\\/\",\"url\":\"https:\\\/\\\/www.hotelkastiel.sk\\\/restauracia\\\/\",\"name\":\"Re\u0161taur\u00e1cia REGNUM - Art Hotel Ka\u0161tie\u013e, Tom\u00e1\u0161ov\",\"isPartOf\":{\"@id\":\"https:\\\/\\\/www.hotelkastiel.sk\\\/#website\"},\"primaryImageOfPage\":{\"@id\":\"https:\\\/\\\/www.hotelkastiel.sk\\\/restauracia\\\/#primaryimage\"},\"image\":{\"@id\":\"https:\\\/\\\/www.hotelkastiel.sk\\\/restauracia\\\/#primaryimage\"},\"thumbnailUrl\":\"https:\\\/\\\/www.hotelkastiel.sk\\\/wp-content\\\/uploads\\\/2019\\\/05\\\/20190318_155732.jpg\",\"datePublished\":\"2017-03-23T07:37:17+00:00\",\"dateModified\":\"2025-09-04T07:09:15+00:00\",\"description\":\"Denne otvoren\u00e1 re\u0161taur\u00e1cia pre hotelov\u00fdch host\u00ed aj verejnos\u0165 V\u00e1m pon\u00faka z\u00e1\u017eitok vo forme jedine\u010dn\u00e9ho jed\u00e1lneho l\u00edstku pan\u00f3nskej kuchyne.\",\"breadcrumb\":{\"@id\":\"https:\\\/\\\/www.hotelkastiel.sk\\\/restauracia\\\/#breadcrumb\"},\"inLanguage\":\"en-GB\",\"potentialAction\":[{\"@type\":\"ReadAction\",\"target\":[\"https:\\\/\\\/www.hotelkastiel.sk\\\/restauracia\\\/\"]}]},{\"@type\":\"ImageObject\",\"inLanguage\":\"en-GB\",\"@id\":\"https:\\\/\\\/www.hotelkastiel.sk\\\/restauracia\\\/#primaryimage\",\"url\":\"https:\\\/\\\/www.hotelkastiel.sk\\\/wp-content\\\/uploads\\\/2019\\\/05\\\/20190318_155732.jpg\",\"contentUrl\":\"https:\\\/\\\/www.hotelkastiel.sk\\\/wp-content\\\/uploads\\\/2019\\\/05\\\/20190318_155732.jpg\",\"width\":2000,\"height\":972},{\"@type\":\"BreadcrumbList\",\"@id\":\"https:\\\/\\\/www.hotelkastiel.sk\\\/restauracia\\\/#breadcrumb\",\"itemListElement\":[{\"@type\":\"ListItem\",\"position\":1,\"name\":\"Home\",\"item\":\"https:\\\/\\\/www.hotelkastiel.sk\\\/\"},{\"@type\":\"ListItem\",\"position\":2,\"name\":\"Re\u0161taur\u00e1cia REGNUM\"}]},{\"@type\":\"WebSite\",\"@id\":\"https:\\\/\\\/www.hotelkastiel.sk\\\/#website\",\"url\":\"https:\\\/\\\/www.hotelkastiel.sk\\\/\",\"name\":\"Art Hotel Ka\u0161tie\u013e, Tom\u00e1\u0161ov\",\"description\":\"\",\"publisher\":{\"@id\":\"https:\\\/\\\/www.hotelkastiel.sk\\\/#organization\"},\"potentialAction\":[{\"@type\":\"SearchAction\",\"target\":{\"@type\":\"EntryPoint\",\"urlTemplate\":\"https:\\\/\\\/www.hotelkastiel.sk\\\/?s={search_term_string}\"},\"query-input\":{\"@type\":\"PropertyValueSpecification\",\"valueRequired\":true,\"valueName\":\"search_term_string\"}}],\"inLanguage\":\"en-GB\"},{\"@type\":\"Organization\",\"@id\":\"https:\\\/\\\/www.hotelkastiel.sk\\\/#organization\",\"name\":\"Art Hotel Ka\u0161tie\u013e, Tom\u00e1\u0161ov\",\"url\":\"https:\\\/\\\/www.hotelkastiel.sk\\\/\",\"logo\":{\"@type\":\"ImageObject\",\"inLanguage\":\"en-GB\",\"@id\":\"https:\\\/\\\/www.hotelkastiel.sk\\\/#\\\/schema\\\/logo\\\/image\\\/\",\"url\":\"https:\\\/\\\/www.hotelkastiel.sk\\\/wp-content\\\/uploads\\\/2018\\\/07\\\/logo-header.png\",\"contentUrl\":\"https:\\\/\\\/www.hotelkastiel.sk\\\/wp-content\\\/uploads\\\/2018\\\/07\\\/logo-header.png\",\"width\":1289,\"height\":936,\"caption\":\"Art Hotel Ka\u0161tie\u013e, Tom\u00e1\u0161ov\"},\"image\":{\"@id\":\"https:\\\/\\\/www.hotelkastiel.sk\\\/#\\\/schema\\\/logo\\\/image\\\/\"},\"sameAs\":[\"http:\\\/\\\/facebook.com\\\/hotelkastiel\\\/\",\"http:\\\/\\\/instagram.com\\\/hotelkastiel\\\/\",\"https:\\\/\\\/www.linkedin.com\\\/company\\\/art-hotel-kastiel-tomasov\\\/?viewAsMember=true\",\"https:\\\/\\\/www.youtube.com\\\/playlist?list=PLvlDIzNKGgpSADkmHpsw4owU0JUOEXfhn\",\"https:\\\/\\\/sk.wikipedia.org\\\/wiki\\\/Ka\u0161tie\u013e_v_Tom\u00e1\u0161ove\"]}]}<\/script>\n<!-- \/ Yoast SEO plugin. -->","yoast_head_json":{"title":"Re\u0161taur\u00e1cia REGNUM - Art Hotel Ka\u0161tie\u013e, Tom\u00e1\u0161ov","description":"Denne otvoren\u00e1 re\u0161taur\u00e1cia pre hotelov\u00fdch host\u00ed aj verejnos\u0165 V\u00e1m pon\u00faka z\u00e1\u017eitok vo forme jedine\u010dn\u00e9ho jed\u00e1lneho l\u00edstku pan\u00f3nskej kuchyne.","robots":{"index":"index","follow":"follow","max-snippet":"max-snippet:-1","max-image-preview":"max-image-preview:large","max-video-preview":"max-video-preview:-1"},"canonical":"https:\/\/www.hotelkastiel.sk\/en\/restauracia\/","og_locale":"en_GB","og_type":"article","og_title":"Re\u0161taur\u00e1cia REGNUM - Art Hotel Ka\u0161tie\u013e, Tom\u00e1\u0161ov","og_description":"Denne otvoren\u00e1 re\u0161taur\u00e1cia pre hotelov\u00fdch host\u00ed aj verejnos\u0165 V\u00e1m pon\u00faka z\u00e1\u017eitok vo forme jedine\u010dn\u00e9ho jed\u00e1lneho l\u00edstku pan\u00f3nskej kuchyne.","og_url":"https:\/\/www.hotelkastiel.sk\/en\/restauracia\/","og_site_name":"Art Hotel Ka\u0161tie\u013e, Tom\u00e1\u0161ov","article_publisher":"http:\/\/facebook.com\/hotelkastiel\/","article_modified_time":"2025-09-04T07:09:15+00:00","og_image":[{"width":2000,"height":972,"url":"https:\/\/www.hotelkastiel.sk\/wp-content\/uploads\/2019\/05\/20190318_155732.jpg","type":"image\/jpeg"}],"twitter_misc":{"Estimated reading time":"2 minutes"},"schema":{"@context":"https:\/\/schema.org","@graph":[{"@type":"WebPage","@id":"https:\/\/www.hotelkastiel.sk\/restauracia\/","url":"https:\/\/www.hotelkastiel.sk\/restauracia\/","name":"Re\u0161taur\u00e1cia REGNUM - Art Hotel Ka\u0161tie\u013e, Tom\u00e1\u0161ov","isPartOf":{"@id":"https:\/\/www.hotelkastiel.sk\/#website"},"primaryImageOfPage":{"@id":"https:\/\/www.hotelkastiel.sk\/restauracia\/#primaryimage"},"image":{"@id":"https:\/\/www.hotelkastiel.sk\/restauracia\/#primaryimage"},"thumbnailUrl":"https:\/\/www.hotelkastiel.sk\/wp-content\/uploads\/2019\/05\/20190318_155732.jpg","datePublished":"2017-03-23T07:37:17+00:00","dateModified":"2025-09-04T07:09:15+00:00","description":"Denne otvoren\u00e1 re\u0161taur\u00e1cia pre hotelov\u00fdch host\u00ed aj verejnos\u0165 V\u00e1m pon\u00faka z\u00e1\u017eitok vo forme jedine\u010dn\u00e9ho jed\u00e1lneho l\u00edstku pan\u00f3nskej kuchyne.","breadcrumb":{"@id":"https:\/\/www.hotelkastiel.sk\/restauracia\/#breadcrumb"},"inLanguage":"en-GB","potentialAction":[{"@type":"ReadAction","target":["https:\/\/www.hotelkastiel.sk\/restauracia\/"]}]},{"@type":"ImageObject","inLanguage":"en-GB","@id":"https:\/\/www.hotelkastiel.sk\/restauracia\/#primaryimage","url":"https:\/\/www.hotelkastiel.sk\/wp-content\/uploads\/2019\/05\/20190318_155732.jpg","contentUrl":"https:\/\/www.hotelkastiel.sk\/wp-content\/uploads\/2019\/05\/20190318_155732.jpg","width":2000,"height":972},{"@type":"BreadcrumbList","@id":"https:\/\/www.hotelkastiel.sk\/restauracia\/#breadcrumb","itemListElement":[{"@type":"ListItem","position":1,"name":"Home","item":"https:\/\/www.hotelkastiel.sk\/"},{"@type":"ListItem","position":2,"name":"Re\u0161taur\u00e1cia REGNUM"}]},{"@type":"WebSite","@id":"https:\/\/www.hotelkastiel.sk\/#website","url":"https:\/\/www.hotelkastiel.sk\/","name":"Art Hotel Ka\u0161tie\u013e, Tom\u00e1\u0161ov","description":"","publisher":{"@id":"https:\/\/www.hotelkastiel.sk\/#organization"},"potentialAction":[{"@type":"SearchAction","target":{"@type":"EntryPoint","urlTemplate":"https:\/\/www.hotelkastiel.sk\/?s={search_term_string}"},"query-input":{"@type":"PropertyValueSpecification","valueRequired":true,"valueName":"search_term_string"}}],"inLanguage":"en-GB"},{"@type":"Organization","@id":"https:\/\/www.hotelkastiel.sk\/#organization","name":"Art Hotel Ka\u0161tie\u013e, Tom\u00e1\u0161ov","url":"https:\/\/www.hotelkastiel.sk\/","logo":{"@type":"ImageObject","inLanguage":"en-GB","@id":"https:\/\/www.hotelkastiel.sk\/#\/schema\/logo\/image\/","url":"https:\/\/www.hotelkastiel.sk\/wp-content\/uploads\/2018\/07\/logo-header.png","contentUrl":"https:\/\/www.hotelkastiel.sk\/wp-content\/uploads\/2018\/07\/logo-header.png","width":1289,"height":936,"caption":"Art Hotel Ka\u0161tie\u013e, Tom\u00e1\u0161ov"},"image":{"@id":"https:\/\/www.hotelkastiel.sk\/#\/schema\/logo\/image\/"},"sameAs":["http:\/\/facebook.com\/hotelkastiel\/","http:\/\/instagram.com\/hotelkastiel\/","https:\/\/www.linkedin.com\/company\/art-hotel-kastiel-tomasov\/?viewAsMember=true","https:\/\/www.youtube.com\/playlist?list=PLvlDIzNKGgpSADkmHpsw4owU0JUOEXfhn","https:\/\/sk.wikipedia.org\/wiki\/Ka\u0161tie\u013e_v_Tom\u00e1\u0161ove"]}]}},"_links":{"self":[{"href":"https:\/\/www.hotelkastiel.sk\/en\/wp-json\/wp\/v2\/pages\/111","targetHints":{"allow":["GET"]}}],"collection":[{"href":"https:\/\/www.hotelkastiel.sk\/en\/wp-json\/wp\/v2\/pages"}],"about":[{"href":"https:\/\/www.hotelkastiel.sk\/en\/wp-json\/wp\/v2\/types\/page"}],"author":[{"embeddable":true,"href":"https:\/\/www.hotelkastiel.sk\/en\/wp-json\/wp\/v2\/users\/5"}],"replies":[{"embeddable":true,"href":"https:\/\/www.hotelkastiel.sk\/en\/wp-json\/wp\/v2\/comments?post=111"}],"version-history":[{"count":0,"href":"https:\/\/www.hotelkastiel.sk\/en\/wp-json\/wp\/v2\/pages\/111\/revisions"}],"wp:featuredmedia":[{"embeddable":true,"href":"https:\/\/www.hotelkastiel.sk\/en\/wp-json\/wp\/v2\/media\/4489"}],"wp:attachment":[{"href":"https:\/\/www.hotelkastiel.sk\/en\/wp-json\/wp\/v2\/media?parent=111"}],"curies":[{"name":"wp","href":"https:\/\/api.w.org\/{rel}","templated":true}]}}