{"id":113,"date":"2017-03-23T07:37:25","date_gmt":"2017-03-23T07:37:25","guid":{"rendered":"http:\/\/demo.awethemes.com\/fleurdesel\/?page_id=113"},"modified":"2023-03-26T11:40:25","modified_gmt":"2023-03-26T10:40:25","slug":"footgolf","status":"publish","type":"page","link":"https:\/\/www.hotelkastiel.sk\/en\/footgolf\/","title":{"rendered":"FootGolf"},"content":{"rendered":"<div class=\"vc_row wpb_row vc_row-fluid\">\n\t\t\t\t\n<div class=\"wpb_column vc_column_container vc_col-sm-12 vc_col-lg-offset-2 vc_col-lg-8 vc_col-md-offset-2 vc_col-md-8\"><div class=\"vc_column-inner\"><div class=\"wpb_wrapper\"><div class=\"vc_empty_space\"   style=\"height: 52px\" ><span class=\"vc_empty_space_inner\"><\/span><\/div>\n\n\t<div class=\"wpb_text_column wpb_content_element\" >\n\t\t<div class=\"wpb_wrapper\">\n\t\t\t<div class=\"fleurdesel-heading vc_custom_1548943789963 text-center\">\n<p class=\"fleurdesel__meta font-600 text-color-1\">FootGolf course with 9 holes.<\/p>\n<h2 class=\"fleurdesel__title h1 fz-Default\">FootGolf<\/h2>\n<\/div>\n\n\t\t<\/div>\n\t<\/div>\n<div class=\"vc_empty_space\"   style=\"height: 52px\" ><span class=\"vc_empty_space_inner\"><\/span><\/div>\n\n\t<div class=\"wpb_text_column wpb_content_element  vc_custom_1594208916399\" >\n\t\t<div class=\"wpb_wrapper\">\n\t\t\t<p>The FootGolf course located in the park surrounding Art Hotel Ka\u0161tie\u013e, with its 9 holes is one of the first of its kind in Slovakia.<\/p>\n<p>FootGolf is a new sport, which was created by connecting two most popular sports in the world: football (soccer) and golf. This sport is for everybody \u2013 no matter your age, gender or whether you have ever kicked a ball. The aim of the game is to place a ball in to the hole by the least number of kicks.<\/p>\n<p>It is prohibited to consume your own snacks and drinks in the manor premises, with the exception of children under 3 years of age.<\/p>\n<p>&nbsp;<\/p>\n<p><strong style=\"text-align: center;\"><a href=\"https:\/\/www.sportoviska.sk\/golf\/bratislavsky\/footgolf-art-hotel-kastiel-tomasov\">Entry in the list of sports venues<\/a><\/strong><\/p>\n\n\t\t<\/div>\n\t<\/div>\n<\/div><\/div><\/div><\/div><div class=\"vc_row wpb_row vc_row-fluid vc_custom_1491215321364\">\n\t\t\t\t\n<div class=\"wpb_column vc_column_container vc_col-sm-12\"><div class=\"vc_column-inner\"><div class=\"wpb_wrapper\">\n\t<div class=\"wpb_video_widget wpb_content_element vc_clearfix   vc_video-aspect-ratio-169 vc_video-el-width-100 vc_video-align-left\" >\n\t\t<div class=\"wpb_wrapper\">\n\t\t\t\n\t\t\t<div class=\"wpb_video_wrapper\"><iframe loading=\"lazy\" width=\"750\" height=\"422\" src=\"https:\/\/www.youtube.com\/embed\/KDjyCxgT9mA?feature=oembed\" frameborder=\"0\" allow=\"accelerometer; autoplay; encrypted-media; gyroscope; picture-in-picture\" allowfullscreen><\/iframe><\/div>\n\t\t<\/div>\n\t<\/div>\n<\/div><\/div><\/div><\/div><div class=\"vc_row wpb_row vc_row-fluid vc_custom_1491215365578\">\n\t\t\t\t\n<div class=\"wpb_column vc_column_container vc_col-sm-12 vc_col-lg-offset-1 vc_col-lg-10 vc_col-md-offset-1 vc_col-md-10\"><div class=\"vc_column-inner\"><div class=\"wpb_wrapper\">\n\t<div class=\"wpb_text_column wpb_content_element\" >\n\t\t<div class=\"wpb_wrapper\">\n\t\t\t<h2><strong>Price list<\/strong><\/h2>\n<table width=\"283\">\n<tbody>\n<tr>\n<td width=\"231\">Adult (1 hour)<\/td>\n<td width=\"52\">16 EUR*<\/td>\n<\/tr>\n<tr>\n<td width=\"231\">Student (1 hour)<\/td>\n<td width=\"52\">14 EUR*<\/td>\n<\/tr>\n<tr>\n<td width=\"231\">Children from 6 to 14 years old (1 hour)<\/td>\n<td width=\"52\">12 EUR*<\/td>\n<\/tr>\n<tr>\n<td width=\"231\">Family \u2013 2 adults and 2 children (1 hour)<\/td>\n<td width=\"52\">55 EUR<\/td>\n<\/tr>\n<tr>\n<td width=\"231\">Daily rent<\/td>\n<td width=\"52\">800 EUR<\/td>\n<\/tr>\n<\/tbody>\n<\/table>\n<p>* The price includes ball rental for each player<\/p>\n<p>If you are interested, we can also provide you with a marshal who will accompany you around the course and explain the rules of FootGolf (advance reservation is required).<\/p>\n<p class=\"translation-block\">The playground is open every day, advance reservation required via the reception* of the Art Hotel Ka\u0161tie\u013e: tel. <a href=\"tel:+421 2 209 093 00\" target=\"_self\">+421 2 209 093 00<\/a>, email <u><a href=\"mailto:recepcia@hotelkastiel.sk\" target=\"_self\">recepcia@hotelkastiel.sk<\/a><\/u>.<\/p>\n<p>*The hotel reserves the right to cancel a FootGolf reservation due to an event.<\/p>\n<h2><strong>Basic rules of FootGolf<\/strong><\/h2>\n<ol>\n<li>Comply with the codex of clothing.<\/li>\n<li>Clearly mark your ball with a marker (if you will not use the balls supplied from us or already marked balls).<\/li>\n<li>Write down your score on the score card, where you can also mark other players from your flight.<\/li>\n<li>The game begins on the start of the hole n.1. Before the first kick, mark the name of the player on the score card and give it to the next player who will become the logger. The players begin according to the order of names in the alphabet. Next plays the player who scored the best on the previous hole.<\/li>\n<li>Always proceed with the game on the place, where the ball ended. You cannot move the ball or remove the natural obstacles. You can continue with the game only when the ball completely stops. It is not permitted to stop the ball that is moving or moved by the wind.<\/li>\n<li>Next plays the player, whose ball is the furthest of the hole.<\/li>\n<li>If the ball falls into the water, one penalty point will be recorded. The player can continue after picking the ball from water, two steps from the corner of the water tank in the direction of the hole. Let the player stretch his\/her arms with the ball and let it go freely. Where the ball falls, that is the place where the player can continue.<\/li>\n<li>You are only allowed to move or clean the ball once in between the holes or after the end of the game.<\/li>\n<li>At the end of the game, the score will be noted and the winner is announced. Do not forget to sign your card after the end of the game and check of the results.<\/li>\n<li>FootGolf is a fair game \u2013 comply with the Fair Play rules and enjoy the game!<\/li>\n<\/ol>\n\n\t\t<\/div>\n\t<\/div>\n<\/div><\/div><\/div><\/div><div class=\"vc_row wpb_row vc_row-fluid vc_custom_1491295074251\">\n\t\t\t\t\n<div class=\"wpb_column vc_column_container vc_col-sm-12\"><div class=\"vc_column-inner\"><div class=\"wpb_wrapper\"><div class=\"fleurdesel-gallery\" data-init=\"gallery\">\r\n\t<div class=\"dropdown fleurdesel-gallery__filter font-1\" data-init=\"filter\">\r\n\t<button class=\"btn btn-secondary dropdown-toggle font-1\" hidden type=\"button\" data-toggle=\"dropdown\" aria-haspopup=\"true\" aria-expanded=\"false\">All<\/button>\r\n\t<div class=\"dropdown-menu\">\r\n\t\t<a class=\"dropdown-item current\" href=\"#\" data-filter=\"*\">All<\/a>\r\n\t\t\t\t\t\t<a class=\"dropdown-item\" href=\"#\" data-filter=\".group-0\"><\/a>\r\n\t\t\t<\/div>\r\n<\/div>\r\n<!-- \/.fleurdesel-gallery__filter -->\r\n\r\n<div class=\"fleurdesel-gallery__wrap clearfix\" data-init=\"isotope\" data-cols=\"4\" data-gap=\"30\" data-gallery=\"popup\">\r\n\t<div class=\"grid-sizer\"><\/div>\r\n\t\t\t<div class=\"fleurdesel-gallery__item group-0\" data-grid=\"grid-item\">\r\n\t\t<div class=\"fleurdesel-gallery__media\">\r\n \t\t\t<a href=\"https:\/\/www.hotelkastiel.sk\/wp-content\/uploads\/2019\/01\/3-11.jpg\">\r\n\t\t\t\t<img loading=\"lazy\" decoding=\"async\" width=\"640\" height=\"500\" src=\"https:\/\/www.hotelkastiel.sk\/wp-content\/uploads\/2019\/01\/3-11-640x500.jpg\" class=\"attachment-fleurdesel-medium size-fleurdesel-medium\" alt=\"FootGolf\" \/>\t\t\t<\/a>\r\n\t\t<\/div>\r\n\t\t<!-- \/.fleurdesel-gallery__media -->\r\n\r\n\t\t\t\t<!-- \/.fleurdesel-gallery__ -->\r\n\t<\/div>\r\n\t\t<div class=\"fleurdesel-gallery__item group-1\" data-grid=\"grid-item\">\r\n\t\t<div class=\"fleurdesel-gallery__media\">\r\n \t\t\t<a href=\"https:\/\/www.hotelkastiel.sk\/wp-content\/uploads\/2019\/01\/1q.jpg\">\r\n\t\t\t\t<img loading=\"lazy\" decoding=\"async\" width=\"640\" height=\"500\" src=\"https:\/\/www.hotelkastiel.sk\/wp-content\/uploads\/2019\/01\/1q-640x500.jpg\" class=\"attachment-fleurdesel-medium size-fleurdesel-medium\" alt=\"FootGolf\" \/>\t\t\t<\/a>\r\n\t\t<\/div>\r\n\t\t<!-- \/.fleurdesel-gallery__media -->\r\n\r\n\t\t\t\t<!-- \/.fleurdesel-gallery__ -->\r\n\t<\/div>\r\n\t\t<div class=\"fleurdesel-gallery__item group-2\" data-grid=\"grid-item\">\r\n\t\t<div class=\"fleurdesel-gallery__media\">\r\n \t\t\t<a href=\"https:\/\/www.hotelkastiel.sk\/wp-content\/uploads\/2019\/01\/4-11.jpg\">\r\n\t\t\t\t<img loading=\"lazy\" decoding=\"async\" width=\"640\" height=\"500\" src=\"https:\/\/www.hotelkastiel.sk\/wp-content\/uploads\/2019\/01\/4-11-640x500.jpg\" class=\"attachment-fleurdesel-medium size-fleurdesel-medium\" alt=\"FootGolf\" \/>\t\t\t<\/a>\r\n\t\t<\/div>\r\n\t\t<!-- \/.fleurdesel-gallery__media -->\r\n\r\n\t\t\t\t<!-- \/.fleurdesel-gallery__ -->\r\n\t<\/div>\r\n\t\t<!-- \/.fleurdesel-gallery__item -->\r\n\r\n<\/div>\r\n<\/div>\r\n<\/div><\/div><\/div><\/div>","protected":false},"excerpt":{"rendered":"9 jamkov\u00e9 FootGolfov\u00e9 ihrisko Footgolf V parku pri ka\u0161tieli sa nach\u00e1dza 9 jamkov\u00e9 FootGolfov\u00e9 ihrisko, ktor\u00e9 patr\u00ed k jedn\u00fdm z prv\u00fdch ihr\u00edsk pre tento \u0161port na Slovensku. FootGolf je nov\u00fd \u0161port, ktor\u00fd vznikol spojen\u00edm dvoch najpopul\u00e1rnej\u0161\u00edch \u0161portov na svete: futbalu a golfu. Je ur\u010den\u00fd pre v\u0161etk\u00fdch - bez oh\u013eadu na pohlavie, vek a to, \u010di [...]","protected":false},"author":5,"featured_media":0,"parent":0,"menu_order":0,"comment_status":"closed","ping_status":"closed","template":"templates\/page-builder.php","meta":{"footnotes":""},"class_list":["post-113","page","type-page","status-publish","hentry"],"yoast_head":"<!-- This site is optimized with the Yoast SEO plugin v27.4 - https:\/\/yoast.com\/product\/yoast-seo-wordpress\/ -->\n<title>Footgolf - Art Hotel Ka\u0161tie\u013e, Tom\u00e1\u0161ov<\/title>\n<meta name=\"description\" content=\"V parku pri ka\u0161tieli v Tom\u00e1\u0161ove sa nach\u00e1dza 9 jamkov\u00e9 FootGolfov\u00e9 ihrisko, ktor\u00e9 patr\u00ed k jedn\u00fdm z prv\u00fdch ihr\u00edsk pre tento \u0161port na Slovensku.\" \/>\n<meta name=\"robots\" content=\"index, follow, max-snippet:-1, max-image-preview:large, max-video-preview:-1\" \/>\n<link rel=\"canonical\" href=\"https:\/\/www.hotelkastiel.sk\/en\/footgolf\/\" \/>\n<meta property=\"og:locale\" content=\"en_GB\" \/>\n<meta property=\"og:type\" content=\"article\" \/>\n<meta property=\"og:title\" content=\"Footgolf - Art Hotel Ka\u0161tie\u013e, Tom\u00e1\u0161ov\" \/>\n<meta property=\"og:description\" content=\"V parku pri ka\u0161tieli v Tom\u00e1\u0161ove sa nach\u00e1dza 9 jamkov\u00e9 FootGolfov\u00e9 ihrisko, ktor\u00e9 patr\u00ed k jedn\u00fdm z prv\u00fdch ihr\u00edsk pre tento \u0161port na Slovensku.\" \/>\n<meta property=\"og:url\" content=\"https:\/\/www.hotelkastiel.sk\/en\/footgolf\/\" \/>\n<meta property=\"og:site_name\" content=\"Art Hotel Ka\u0161tie\u013e, Tom\u00e1\u0161ov\" \/>\n<meta property=\"article:publisher\" content=\"http:\/\/facebook.com\/hotelkastiel\/\" \/>\n<meta property=\"article:modified_time\" content=\"2023-03-26T10:40:25+00:00\" \/>\n<meta name=\"twitter:label1\" content=\"Estimated reading time\" \/>\n\t<meta name=\"twitter:data1\" content=\"3 minutes\" \/>\n<script type=\"application\/ld+json\" class=\"yoast-schema-graph\">{\"@context\":\"https:\\\/\\\/schema.org\",\"@graph\":[{\"@type\":\"WebPage\",\"@id\":\"https:\\\/\\\/www.hotelkastiel.sk\\\/footgolf\\\/\",\"url\":\"https:\\\/\\\/www.hotelkastiel.sk\\\/footgolf\\\/\",\"name\":\"Footgolf - Art Hotel Ka\u0161tie\u013e, Tom\u00e1\u0161ov\",\"isPartOf\":{\"@id\":\"https:\\\/\\\/www.hotelkastiel.sk\\\/#website\"},\"datePublished\":\"2017-03-23T07:37:25+00:00\",\"dateModified\":\"2023-03-26T10:40:25+00:00\",\"description\":\"V parku pri ka\u0161tieli v Tom\u00e1\u0161ove sa nach\u00e1dza 9 jamkov\u00e9 FootGolfov\u00e9 ihrisko, ktor\u00e9 patr\u00ed k jedn\u00fdm z prv\u00fdch ihr\u00edsk pre tento \u0161port na Slovensku.\",\"breadcrumb\":{\"@id\":\"https:\\\/\\\/www.hotelkastiel.sk\\\/footgolf\\\/#breadcrumb\"},\"inLanguage\":\"en-GB\",\"potentialAction\":[{\"@type\":\"ReadAction\",\"target\":[\"https:\\\/\\\/www.hotelkastiel.sk\\\/footgolf\\\/\"]}]},{\"@type\":\"BreadcrumbList\",\"@id\":\"https:\\\/\\\/www.hotelkastiel.sk\\\/footgolf\\\/#breadcrumb\",\"itemListElement\":[{\"@type\":\"ListItem\",\"position\":1,\"name\":\"Home\",\"item\":\"https:\\\/\\\/www.hotelkastiel.sk\\\/\"},{\"@type\":\"ListItem\",\"position\":2,\"name\":\"Footgolf\"}]},{\"@type\":\"WebSite\",\"@id\":\"https:\\\/\\\/www.hotelkastiel.sk\\\/#website\",\"url\":\"https:\\\/\\\/www.hotelkastiel.sk\\\/\",\"name\":\"Art Hotel Ka\u0161tie\u013e, Tom\u00e1\u0161ov\",\"description\":\"\",\"publisher\":{\"@id\":\"https:\\\/\\\/www.hotelkastiel.sk\\\/#organization\"},\"potentialAction\":[{\"@type\":\"SearchAction\",\"target\":{\"@type\":\"EntryPoint\",\"urlTemplate\":\"https:\\\/\\\/www.hotelkastiel.sk\\\/?s={search_term_string}\"},\"query-input\":{\"@type\":\"PropertyValueSpecification\",\"valueRequired\":true,\"valueName\":\"search_term_string\"}}],\"inLanguage\":\"en-GB\"},{\"@type\":\"Organization\",\"@id\":\"https:\\\/\\\/www.hotelkastiel.sk\\\/#organization\",\"name\":\"Art Hotel Ka\u0161tie\u013e, Tom\u00e1\u0161ov\",\"url\":\"https:\\\/\\\/www.hotelkastiel.sk\\\/\",\"logo\":{\"@type\":\"ImageObject\",\"inLanguage\":\"en-GB\",\"@id\":\"https:\\\/\\\/www.hotelkastiel.sk\\\/#\\\/schema\\\/logo\\\/image\\\/\",\"url\":\"https:\\\/\\\/www.hotelkastiel.sk\\\/wp-content\\\/uploads\\\/2018\\\/07\\\/logo-header.png\",\"contentUrl\":\"https:\\\/\\\/www.hotelkastiel.sk\\\/wp-content\\\/uploads\\\/2018\\\/07\\\/logo-header.png\",\"width\":1289,\"height\":936,\"caption\":\"Art Hotel Ka\u0161tie\u013e, Tom\u00e1\u0161ov\"},\"image\":{\"@id\":\"https:\\\/\\\/www.hotelkastiel.sk\\\/#\\\/schema\\\/logo\\\/image\\\/\"},\"sameAs\":[\"http:\\\/\\\/facebook.com\\\/hotelkastiel\\\/\",\"http:\\\/\\\/instagram.com\\\/hotelkastiel\\\/\",\"https:\\\/\\\/www.linkedin.com\\\/company\\\/art-hotel-kastiel-tomasov\\\/?viewAsMember=true\",\"https:\\\/\\\/www.youtube.com\\\/playlist?list=PLvlDIzNKGgpSADkmHpsw4owU0JUOEXfhn\",\"https:\\\/\\\/sk.wikipedia.org\\\/wiki\\\/Ka\u0161tie\u013e_v_Tom\u00e1\u0161ove\"]}]}<\/script>\n<!-- \/ Yoast SEO plugin. -->","yoast_head_json":{"title":"Footgolf - Art Hotel Ka\u0161tie\u013e, Tom\u00e1\u0161ov","description":"V parku pri ka\u0161tieli v Tom\u00e1\u0161ove sa nach\u00e1dza 9 jamkov\u00e9 FootGolfov\u00e9 ihrisko, ktor\u00e9 patr\u00ed k jedn\u00fdm z prv\u00fdch ihr\u00edsk pre tento \u0161port na Slovensku.","robots":{"index":"index","follow":"follow","max-snippet":"max-snippet:-1","max-image-preview":"max-image-preview:large","max-video-preview":"max-video-preview:-1"},"canonical":"https:\/\/www.hotelkastiel.sk\/en\/footgolf\/","og_locale":"en_GB","og_type":"article","og_title":"Footgolf - Art Hotel Ka\u0161tie\u013e, Tom\u00e1\u0161ov","og_description":"V parku pri ka\u0161tieli v Tom\u00e1\u0161ove sa nach\u00e1dza 9 jamkov\u00e9 FootGolfov\u00e9 ihrisko, ktor\u00e9 patr\u00ed k jedn\u00fdm z prv\u00fdch ihr\u00edsk pre tento \u0161port na Slovensku.","og_url":"https:\/\/www.hotelkastiel.sk\/en\/footgolf\/","og_site_name":"Art Hotel Ka\u0161tie\u013e, Tom\u00e1\u0161ov","article_publisher":"http:\/\/facebook.com\/hotelkastiel\/","article_modified_time":"2023-03-26T10:40:25+00:00","twitter_misc":{"Estimated reading time":"3 minutes"},"schema":{"@context":"https:\/\/schema.org","@graph":[{"@type":"WebPage","@id":"https:\/\/www.hotelkastiel.sk\/footgolf\/","url":"https:\/\/www.hotelkastiel.sk\/footgolf\/","name":"Footgolf - Art Hotel Ka\u0161tie\u013e, Tom\u00e1\u0161ov","isPartOf":{"@id":"https:\/\/www.hotelkastiel.sk\/#website"},"datePublished":"2017-03-23T07:37:25+00:00","dateModified":"2023-03-26T10:40:25+00:00","description":"V parku pri ka\u0161tieli v Tom\u00e1\u0161ove sa nach\u00e1dza 9 jamkov\u00e9 FootGolfov\u00e9 ihrisko, ktor\u00e9 patr\u00ed k jedn\u00fdm z prv\u00fdch ihr\u00edsk pre tento \u0161port na Slovensku.","breadcrumb":{"@id":"https:\/\/www.hotelkastiel.sk\/footgolf\/#breadcrumb"},"inLanguage":"en-GB","potentialAction":[{"@type":"ReadAction","target":["https:\/\/www.hotelkastiel.sk\/footgolf\/"]}]},{"@type":"BreadcrumbList","@id":"https:\/\/www.hotelkastiel.sk\/footgolf\/#breadcrumb","itemListElement":[{"@type":"ListItem","position":1,"name":"Home","item":"https:\/\/www.hotelkastiel.sk\/"},{"@type":"ListItem","position":2,"name":"Footgolf"}]},{"@type":"WebSite","@id":"https:\/\/www.hotelkastiel.sk\/#website","url":"https:\/\/www.hotelkastiel.sk\/","name":"Art Hotel Ka\u0161tie\u013e, Tom\u00e1\u0161ov","description":"","publisher":{"@id":"https:\/\/www.hotelkastiel.sk\/#organization"},"potentialAction":[{"@type":"SearchAction","target":{"@type":"EntryPoint","urlTemplate":"https:\/\/www.hotelkastiel.sk\/?s={search_term_string}"},"query-input":{"@type":"PropertyValueSpecification","valueRequired":true,"valueName":"search_term_string"}}],"inLanguage":"en-GB"},{"@type":"Organization","@id":"https:\/\/www.hotelkastiel.sk\/#organization","name":"Art Hotel Ka\u0161tie\u013e, Tom\u00e1\u0161ov","url":"https:\/\/www.hotelkastiel.sk\/","logo":{"@type":"ImageObject","inLanguage":"en-GB","@id":"https:\/\/www.hotelkastiel.sk\/#\/schema\/logo\/image\/","url":"https:\/\/www.hotelkastiel.sk\/wp-content\/uploads\/2018\/07\/logo-header.png","contentUrl":"https:\/\/www.hotelkastiel.sk\/wp-content\/uploads\/2018\/07\/logo-header.png","width":1289,"height":936,"caption":"Art Hotel Ka\u0161tie\u013e, Tom\u00e1\u0161ov"},"image":{"@id":"https:\/\/www.hotelkastiel.sk\/#\/schema\/logo\/image\/"},"sameAs":["http:\/\/facebook.com\/hotelkastiel\/","http:\/\/instagram.com\/hotelkastiel\/","https:\/\/www.linkedin.com\/company\/art-hotel-kastiel-tomasov\/?viewAsMember=true","https:\/\/www.youtube.com\/playlist?list=PLvlDIzNKGgpSADkmHpsw4owU0JUOEXfhn","https:\/\/sk.wikipedia.org\/wiki\/Ka\u0161tie\u013e_v_Tom\u00e1\u0161ove"]}]}},"_links":{"self":[{"href":"https:\/\/www.hotelkastiel.sk\/en\/wp-json\/wp\/v2\/pages\/113","targetHints":{"allow":["GET"]}}],"collection":[{"href":"https:\/\/www.hotelkastiel.sk\/en\/wp-json\/wp\/v2\/pages"}],"about":[{"href":"https:\/\/www.hotelkastiel.sk\/en\/wp-json\/wp\/v2\/types\/page"}],"author":[{"embeddable":true,"href":"https:\/\/www.hotelkastiel.sk\/en\/wp-json\/wp\/v2\/users\/5"}],"replies":[{"embeddable":true,"href":"https:\/\/www.hotelkastiel.sk\/en\/wp-json\/wp\/v2\/comments?post=113"}],"version-history":[{"count":0,"href":"https:\/\/www.hotelkastiel.sk\/en\/wp-json\/wp\/v2\/pages\/113\/revisions"}],"wp:attachment":[{"href":"https:\/\/www.hotelkastiel.sk\/en\/wp-json\/wp\/v2\/media?parent=113"}],"curies":[{"name":"wp","href":"https:\/\/api.w.org\/{rel}","templated":true}]}}