{"id":1412,"date":"2018-08-01T08:07:54","date_gmt":"2018-08-01T08:07:54","guid":{"rendered":"https:\/\/www.hotelkastiel.sk\/?page_id=1412"},"modified":"2023-03-15T12:43:19","modified_gmt":"2023-03-15T11:43:19","slug":"oslava","status":"publish","type":"page","link":"https:\/\/www.hotelkastiel.sk\/en\/oslava\/","title":{"rendered":"Celebration"},"content":{"rendered":"<div class=\"vc_row wpb_row vc_row-fluid\">\n\t\t\t\t\n<div class=\"wpb_column vc_column_container vc_col-sm-12 vc_col-lg-offset-2 vc_col-lg-8 vc_col-md-offset-2 vc_col-md-8\"><div class=\"vc_column-inner\"><div class=\"wpb_wrapper\"><div class=\"vc_empty_space\"   style=\"height: 52px\" ><span class=\"vc_empty_space_inner\"><\/span><\/div>\n\n\t<div class=\"wpb_text_column wpb_content_element\" >\n\t\t<div class=\"wpb_wrapper\">\n\t\t\t<div class=\"fleurdesel-heading vc_custom_1547724787687 text-center\">\n<p class=\"fleurdesel__meta font-600 text-color-1\">Celebrate the baptism or your child, birthday or anniversary<\/p>\n<h2 class=\"fleurdesel__title h1 fz-Default\">Celebration<\/h2>\n<\/div>\n\n\t\t<\/div>\n\t<\/div>\n<div class=\"vc_empty_space\"   style=\"height: 52px\" ><span class=\"vc_empty_space_inner\"><\/span><\/div>\n\n\t<div class=\"wpb_text_column wpb_content_element  vc_custom_1636098350820\" >\n\t\t<div class=\"wpb_wrapper\">\n\t\t\t<p>Special family events and milestones are usually connected with extraordinary celebrations. Art Hotel Ka\u0161tie\u013e**** is prepared to fulfill your expectations. Celebrations with us will be definitely unforgettable and we guarantee that you will be looking back on them in a couple of years\u2019 time. We are prepared to create an interactive program with attractions in the surrounding area \u2013 activities in the park, for example, FootGolf, adventure golf, or even summer pool in the warm months. Celebration in the romantic manor house area is a unique gift and act of reverence.<\/p>\n<p class=\"translation-block\">The baptism of your \"prince\" or \"princess\" in the <a href=\"https:\/\/www.hotelkastiel.sk\/en\/novinky\/vysvatena-kaplnka\/\" target=\"_self\">the manor chapel of the Guardian Angels<\/a> combined with a festive banquet will enchant everyone, just like the celebration of your children's first, second, third... birthdays. A birthday party will be the most original gift they can receive.<br>\nWe are ready to slow down time and, together with your heart, give you a small or grand celebration for your wedding anniversary or a milestone birthday. Your extraordinary day will become a royal experience and will convince you of the love of your loved ones!<\/p>\n<p>Even grief can be beautiful if you decide to remember your loved one with us and honor their memory with a family gathering in the nostalgic atmosphere of the manor's salons.<\/p>\n<p>We will prepare a family party by the pool or an afternoon in the park, a lively graduation celebration according to your wishes, or a classy graduation.<\/p>\n<p>Feel free to entrust us with your worries and we will turn them into joy and an unforgettable experience.<\/p>\n<p class=\"translation-block\"><a href=\"http:\/\/lamodaeanarchia.blogspot.com\/2012\/07\/art-hotel-kastiel.html\" target=\"_self\"><strong><span style=\"text-decoration: underline\">This is how one of our guests described the experience of the celebration.<\/p>\n\n\t\t<\/div>\n\t<\/div>\n<\/div><\/div><\/div><\/div><div class=\"vc_row wpb_row vc_row-fluid vc_custom_1491295074251\">\n\t\t\t\t\n<div class=\"wpb_column vc_column_container vc_col-sm-12\"><div class=\"vc_column-inner\"><div class=\"wpb_wrapper\"><div class=\"vc_empty_space\"   style=\"height: 52px\" ><span class=\"vc_empty_space_inner\"><\/span><\/div>\n<div class=\"fleurdesel-gallery\" data-init=\"gallery\">\r\n\t<div class=\"dropdown fleurdesel-gallery__filter font-1\" data-init=\"filter\">\r\n\t<button class=\"btn btn-secondary dropdown-toggle font-1\" hidden type=\"button\" data-toggle=\"dropdown\" aria-haspopup=\"true\" aria-expanded=\"false\">All<\/button>\r\n\t<div class=\"dropdown-menu\">\r\n\t\t<a class=\"dropdown-item current\" href=\"#\" data-filter=\"*\">All<\/a>\r\n\t\t\t\t\t\t<a class=\"dropdown-item\" href=\"#\" data-filter=\".group-0\"><\/a>\r\n\t\t\t<\/div>\r\n<\/div>\r\n<!-- \/.fleurdesel-gallery__filter -->\r\n\r\n<div class=\"fleurdesel-gallery__wrap clearfix\" data-init=\"isotope\" data-cols=\"4\" data-gap=\"30\" data-gallery=\"popup\">\r\n\t<div class=\"grid-sizer\"><\/div>\r\n\t\t\t<div class=\"fleurdesel-gallery__item group-0\" data-grid=\"grid-item\">\r\n\t\t<div class=\"fleurdesel-gallery__media\">\r\n \t\t\t<a href=\"https:\/\/www.hotelkastiel.sk\/wp-content\/uploads\/2023\/03\/Drask2-scaled.jpg\">\r\n\t\t\t\t<img loading=\"lazy\" decoding=\"async\" width=\"640\" height=\"500\" src=\"https:\/\/www.hotelkastiel.sk\/wp-content\/uploads\/2023\/03\/Drask2-640x500.jpg\" class=\"attachment-fleurdesel-medium size-fleurdesel-medium\" alt=\"\" \/>\t\t\t<\/a>\r\n\t\t<\/div>\r\n\t\t<!-- \/.fleurdesel-gallery__media -->\r\n\r\n\t\t\t\t<!-- \/.fleurdesel-gallery__ -->\r\n\t<\/div>\r\n\t\t<div class=\"fleurdesel-gallery__item group-1\" data-grid=\"grid-item\">\r\n\t\t<div class=\"fleurdesel-gallery__media\">\r\n \t\t\t<a href=\"https:\/\/www.hotelkastiel.sk\/wp-content\/uploads\/2023\/03\/Jes1-scaled.jpg\">\r\n\t\t\t\t<img loading=\"lazy\" decoding=\"async\" width=\"640\" height=\"500\" src=\"https:\/\/www.hotelkastiel.sk\/wp-content\/uploads\/2023\/03\/Jes1-640x500.jpg\" class=\"attachment-fleurdesel-medium size-fleurdesel-medium\" alt=\"\" \/>\t\t\t<\/a>\r\n\t\t<\/div>\r\n\t\t<!-- \/.fleurdesel-gallery__media -->\r\n\r\n\t\t\t\t<!-- \/.fleurdesel-gallery__ -->\r\n\t<\/div>\r\n\t\t<div class=\"fleurdesel-gallery__item group-2\" data-grid=\"grid-item\">\r\n\t\t<div class=\"fleurdesel-gallery__media\">\r\n \t\t\t<a href=\"https:\/\/www.hotelkastiel.sk\/wp-content\/uploads\/2023\/03\/Drask3.jpg\">\r\n\t\t\t\t<img loading=\"lazy\" decoding=\"async\" width=\"640\" height=\"500\" src=\"https:\/\/www.hotelkastiel.sk\/wp-content\/uploads\/2023\/03\/Drask3-640x500.jpg\" class=\"attachment-fleurdesel-medium size-fleurdesel-medium\" alt=\"\" \/>\t\t\t<\/a>\r\n\t\t<\/div>\r\n\t\t<!-- \/.fleurdesel-gallery__media -->\r\n\r\n\t\t\t\t<!-- \/.fleurdesel-gallery__ -->\r\n\t<\/div>\r\n\t\t<!-- \/.fleurdesel-gallery__item -->\r\n\r\n<\/div>\r\n<\/div>\r\n<\/div><\/div><\/div><\/div><div class=\"vc_row wpb_row vc_row-fluid vc_custom_1500285079087\">\n\t\t\t\t\n<div class=\"wpb_column vc_column_container vc_col-sm-12 vc_col-has-fill\"><div class=\"vc_column-inner vc_custom_1500284808200\"><div class=\"wpb_wrapper\">\n\t<div class=\"wpb_raw_code wpb_content_element wpb_raw_html\" >\n\t\t<div class=\"wpb_wrapper\">\n\t\t\t<div class=\"wpb_column vc_column_container vc_col-sm-12 vc_col-has-fill\"><div class=\"vc_column-inner vc_custom_1500284808200\"><div class=\"wpb_wrapper\"><div role=\"form\" class=\"wpcf7\" id=\"wpcf7-f2960-p1412-o1\" lang=\"en-US\" dir=\"ltr\">\n<div class=\"screen-reader-response\"><\/div>\n<form action=\"\/en\/oslava\/#wpcf7-f2960-p1412-o1\" method=\"post\" class=\"wpcf7-form\" novalidate=\"novalidate\" data-trp-original-action=\"\/oslava\/#wpcf7-f2960-p1412-o1\">\n<div style=\"display: none;\">\n<input type=\"hidden\" name=\"_wpcf7\" value=\"2960\">\n<input type=\"hidden\" name=\"_wpcf7_version\" value=\"5.1.1\">\n<input type=\"hidden\" name=\"_wpcf7_locale\" value=\"en_US\">\n<input type=\"hidden\" name=\"_wpcf7_unit_tag\" value=\"wpcf7-f2960-p1412-o1\">\n<input type=\"hidden\" name=\"_wpcf7_container_post\" value=\"1412\">\n<input type=\"hidden\" name=\"g-recaptcha-response\" value=\"\">\n<\/div>\n<div class=\"fleurdesel-style fleurdesel-wedding-form\">\n<div class=\"fleurdesel-style__wrap\">\n<div class=\"fleurdesel-heading text-center mb-50\">\n<div class=\"fleurdesel__meta font-600 text-color-1 text-uppercase\">Plan your<\/div>\n<h2 class=\"fleurdesel__title h1\">Your celebration<\/h2>\n<p><\/p><\/div>\n<div class=\"row\">\n<div class=\"offset-lg-2 col-md-6 col-lg-4\">\n<div class=\"text-uppercase font-700 letter-spacing-3 mb-15 fz-14\">Full name <span class=\"error\">*<\/span><\/div>\n<div class=\"mb-30\">\n                    <span class=\"wpcf7-form-control-wrap your-name\"><input type=\"text\" name=\"your-name\" value=\"\" size=\"40\" class=\"wpcf7-form-control wpcf7-text wpcf7-validates-as-required font-1 fz-20\" aria-required=\"true\" aria-invalid=\"false\"><\/span>\n                <\/div><\/div>\n<div class=\"col-md-6 col-lg-4\">\n<div class=\"text-uppercase font-700 letter-spacing-3 mb-15 fz-14\">Phone number<span class=\"error\">*<\/span><\/div>\n<div class=\"mb-30\">\n                    <span class=\"wpcf7-form-control-wrap your-phone\"><input type=\"text\" name=\"your-phone\" value=\"\" size=\"40\" class=\"wpcf7-form-control wpcf7-text wpcf7-validates-as-required text-uppercase font-1 fz-20\" aria-required=\"true\" aria-invalid=\"false\"><\/span>\n                <\/div><\/div><\/div>\n<div class=\"row\">\n<div class=\"offset-lg-2 col-md-6 col-lg-4\">\n<div class=\"text-uppercase font-700 letter-spacing-3 mb-15 fz-14\">E-mail <span class=\"error\">*<\/span><\/div>\n<div class=\"mb-30\">\n                    <span class=\"wpcf7-form-control-wrap your-email\"><input type=\"email\" name=\"your-email\" value=\"\" size=\"40\" class=\"wpcf7-form-control wpcf7-text wpcf7-email wpcf7-validates-as-required wpcf7-validates-as-email text-lowercase font-1 fz-20\" aria-required=\"true\" aria-invalid=\"false\"><\/span>\n                <\/div><\/div>\n<div class=\"col-md-6 col-lg-4\">\n<div class=\"text-uppercase font-700 letter-spacing-3 mb-15 fz-14\">Number of guests<span class=\"error\">*<\/span><\/div>\n<div class=\"mb-30\">\n                    <span class=\"wpcf7-form-control-wrap guest-count\"><input type=\"number\" name=\"guest-count\" value=\"\" class=\"wpcf7-form-control wpcf7-number wpcf7-validates-as-required wpcf7-validates-as-number text-uppercase font-1 fz-20\" aria-required=\"true\" aria-invalid=\"false\"><\/span>\n                <\/div><\/div><\/div>\n<div class=\"row\">\n<div class=\"offset-lg-2 col-md-6 col-lg-4\">\n<div class=\"text-uppercase font-700 letter-spacing-3 mb-15 fz-14\">Celebration date<span class=\"error\">*<\/span><\/div>\n<div class=\"mb-30\">\n                    <span class=\"wpcf7-form-control-wrap date-113\"><input type=\"date\" name=\"date-113\" value=\"\" class=\"wpcf7-form-control wpcf7-date wpcf7-validates-as-required wpcf7-validates-as-date font-1 fz-20\" aria-required=\"true\" aria-invalid=\"false\"><\/span>\n                <\/div><\/div><\/div>\n<div class=\"row\">\n<div class=\"offset-lg-2 col col-lg-8\">\n<div class=\"text-uppercase font-700 letter-spacing-3 mb-15 fz-14\">Additional information<span class=\"error\">*<\/span><\/div>\n<div class=\"text-center mb-30\">\n                    <span class=\"wpcf7-form-control-wrap additional-details\"><textarea name=\"additional-details\" cols=\"40\" rows=\"3\" class=\"wpcf7-form-control wpcf7-textarea wpcf7-validates-as-required\" aria-required=\"true\" aria-invalid=\"false\"><\/textarea><\/span>\n                <\/div><\/div><\/div>\n<div class=\"row\">\n<div class=\"offset-lg-2 col col-lg-8\">\n<div class=\"text-center mb-20\">\n                    <input type=\"submit\" value=\"Send request\" class=\"wpcf7-form-control wpcf7-submit btn btn-view btn-primary fz-14 font-700 btn-w200\"><span class=\"ajax-loader\"><\/span>\n                <\/div><\/div><\/div><\/div>\n<\/div>\n<div class=\"wpcf7-response-output wpcf7-display-none\"><\/div><input type=\"hidden\" name=\"trp-form-language\" value=\"en\"\/><\/form><\/div><\/div><\/div><\/div>\n\t\t<\/div>\n\t<\/div>\n<\/div><\/div><\/div><\/div>","protected":false},"excerpt":{"rendered":"Osl\u00e1vte u n\u00e1s krst, narodeniny alebo v\u00fdro\u010die Oslava V\u00fdnimo\u010dn\u00e9 rodinn\u00e9 udalosti sa sp\u00e1jaj\u00fa s\u00a0v\u00fdnimo\u010dn\u00fdmi oslavami. Art Hotel Ka\u0161tie\u013e je pripraven\u00fd splni\u0165 aj tak\u00e9to o\u010dak\u00e1vania. Ur\u010dite bud\u00fa patri\u0165 k\u00a0nezabudnute\u013en\u00fdm z\u00e1\u017eitkom na ktor\u00e9 budete roky spom\u00edna\u0165 a\u00a0nikdy nezapadn\u00fa prachom zabudnutia. Priprav\u00edme V\u00e1m aj interakt\u00edvny program spojen\u00fd s atrakciami v are\u00e1li ka\u0161tie\u013ea a bl\u00edzkom okol\u00ed. Oslava v\u00a0romantickom prostred\u00ed [...]","protected":false},"author":5,"featured_media":0,"parent":0,"menu_order":0,"comment_status":"closed","ping_status":"closed","template":"templates\/page-builder.php","meta":{"footnotes":""},"class_list":["post-1412","page","type-page","status-publish","hentry"],"yoast_head":"<!-- This site is optimized with the Yoast SEO plugin v27.5 - https:\/\/yoast.com\/product\/yoast-seo-wordpress\/ -->\n<title>Oslava - Art Hotel Ka\u0161tie\u013e, Tom\u00e1\u0161ov<\/title>\n<meta name=\"description\" content=\"Zorganizujte oslavu pre svojich najbli\u017e\u0161\u00edch, na ak\u00fa nikdy nezabudn\u00fa. Historick\u00e9 kulisy ka\u0161tie\u013ea zanechaj\u00fa z\u00e1\u017eitok na cel\u00fd \u017eivot. Oslava ako dar.\" \/>\n<meta name=\"robots\" content=\"index, follow, max-snippet:-1, max-image-preview:large, max-video-preview:-1\" \/>\n<link rel=\"canonical\" href=\"https:\/\/www.hotelkastiel.sk\/en\/oslava\/\" \/>\n<meta property=\"og:locale\" content=\"en_GB\" \/>\n<meta property=\"og:type\" content=\"article\" \/>\n<meta property=\"og:title\" content=\"Oslava - Art Hotel Ka\u0161tie\u013e, Tom\u00e1\u0161ov\" \/>\n<meta property=\"og:description\" content=\"Zorganizujte oslavu pre svojich najbli\u017e\u0161\u00edch, na ak\u00fa nikdy nezabudn\u00fa. Historick\u00e9 kulisy ka\u0161tie\u013ea zanechaj\u00fa z\u00e1\u017eitok na cel\u00fd \u017eivot. Oslava ako dar.\" \/>\n<meta property=\"og:url\" content=\"https:\/\/www.hotelkastiel.sk\/en\/oslava\/\" \/>\n<meta property=\"og:site_name\" content=\"Art Hotel Ka\u0161tie\u013e, Tom\u00e1\u0161ov\" \/>\n<meta property=\"article:publisher\" content=\"http:\/\/facebook.com\/hotelkastiel\/\" \/>\n<meta property=\"article:modified_time\" content=\"2023-03-15T11:43:19+00:00\" \/>\n<meta name=\"twitter:label1\" content=\"Estimated reading time\" \/>\n\t<meta name=\"twitter:data1\" content=\"2 minutes\" \/>\n<script type=\"application\/ld+json\" class=\"yoast-schema-graph\">{\"@context\":\"https:\\\/\\\/schema.org\",\"@graph\":[{\"@type\":\"WebPage\",\"@id\":\"https:\\\/\\\/www.hotelkastiel.sk\\\/oslava\\\/\",\"url\":\"https:\\\/\\\/www.hotelkastiel.sk\\\/oslava\\\/\",\"name\":\"Oslava - Art Hotel Ka\u0161tie\u013e, Tom\u00e1\u0161ov\",\"isPartOf\":{\"@id\":\"https:\\\/\\\/www.hotelkastiel.sk\\\/#website\"},\"datePublished\":\"2018-08-01T08:07:54+00:00\",\"dateModified\":\"2023-03-15T11:43:19+00:00\",\"description\":\"Zorganizujte oslavu pre svojich najbli\u017e\u0161\u00edch, na ak\u00fa nikdy nezabudn\u00fa. Historick\u00e9 kulisy ka\u0161tie\u013ea zanechaj\u00fa z\u00e1\u017eitok na cel\u00fd \u017eivot. Oslava ako dar.\",\"breadcrumb\":{\"@id\":\"https:\\\/\\\/www.hotelkastiel.sk\\\/oslava\\\/#breadcrumb\"},\"inLanguage\":\"en-GB\",\"potentialAction\":[{\"@type\":\"ReadAction\",\"target\":[\"https:\\\/\\\/www.hotelkastiel.sk\\\/oslava\\\/\"]}]},{\"@type\":\"BreadcrumbList\",\"@id\":\"https:\\\/\\\/www.hotelkastiel.sk\\\/oslava\\\/#breadcrumb\",\"itemListElement\":[{\"@type\":\"ListItem\",\"position\":1,\"name\":\"Home\",\"item\":\"https:\\\/\\\/www.hotelkastiel.sk\\\/\"},{\"@type\":\"ListItem\",\"position\":2,\"name\":\"Oslava\"}]},{\"@type\":\"WebSite\",\"@id\":\"https:\\\/\\\/www.hotelkastiel.sk\\\/#website\",\"url\":\"https:\\\/\\\/www.hotelkastiel.sk\\\/\",\"name\":\"Art Hotel Ka\u0161tie\u013e, Tom\u00e1\u0161ov\",\"description\":\"\",\"publisher\":{\"@id\":\"https:\\\/\\\/www.hotelkastiel.sk\\\/#organization\"},\"potentialAction\":[{\"@type\":\"SearchAction\",\"target\":{\"@type\":\"EntryPoint\",\"urlTemplate\":\"https:\\\/\\\/www.hotelkastiel.sk\\\/?s={search_term_string}\"},\"query-input\":{\"@type\":\"PropertyValueSpecification\",\"valueRequired\":true,\"valueName\":\"search_term_string\"}}],\"inLanguage\":\"en-GB\"},{\"@type\":\"Organization\",\"@id\":\"https:\\\/\\\/www.hotelkastiel.sk\\\/#organization\",\"name\":\"Art Hotel Ka\u0161tie\u013e, Tom\u00e1\u0161ov\",\"url\":\"https:\\\/\\\/www.hotelkastiel.sk\\\/\",\"logo\":{\"@type\":\"ImageObject\",\"inLanguage\":\"en-GB\",\"@id\":\"https:\\\/\\\/www.hotelkastiel.sk\\\/#\\\/schema\\\/logo\\\/image\\\/\",\"url\":\"https:\\\/\\\/www.hotelkastiel.sk\\\/wp-content\\\/uploads\\\/2018\\\/07\\\/logo-header.png\",\"contentUrl\":\"https:\\\/\\\/www.hotelkastiel.sk\\\/wp-content\\\/uploads\\\/2018\\\/07\\\/logo-header.png\",\"width\":1289,\"height\":936,\"caption\":\"Art Hotel Ka\u0161tie\u013e, Tom\u00e1\u0161ov\"},\"image\":{\"@id\":\"https:\\\/\\\/www.hotelkastiel.sk\\\/#\\\/schema\\\/logo\\\/image\\\/\"},\"sameAs\":[\"http:\\\/\\\/facebook.com\\\/hotelkastiel\\\/\",\"http:\\\/\\\/instagram.com\\\/hotelkastiel\\\/\",\"https:\\\/\\\/www.linkedin.com\\\/company\\\/art-hotel-kastiel-tomasov\\\/?viewAsMember=true\",\"https:\\\/\\\/www.youtube.com\\\/playlist?list=PLvlDIzNKGgpSADkmHpsw4owU0JUOEXfhn\",\"https:\\\/\\\/sk.wikipedia.org\\\/wiki\\\/Ka\u0161tie\u013e_v_Tom\u00e1\u0161ove\"]}]}<\/script>\n<!-- \/ Yoast SEO plugin. -->","yoast_head_json":{"title":"Oslava - Art Hotel Ka\u0161tie\u013e, Tom\u00e1\u0161ov","description":"Zorganizujte oslavu pre svojich najbli\u017e\u0161\u00edch, na ak\u00fa nikdy nezabudn\u00fa. Historick\u00e9 kulisy ka\u0161tie\u013ea zanechaj\u00fa z\u00e1\u017eitok na cel\u00fd \u017eivot. Oslava ako dar.","robots":{"index":"index","follow":"follow","max-snippet":"max-snippet:-1","max-image-preview":"max-image-preview:large","max-video-preview":"max-video-preview:-1"},"canonical":"https:\/\/www.hotelkastiel.sk\/en\/oslava\/","og_locale":"en_GB","og_type":"article","og_title":"Oslava - Art Hotel Ka\u0161tie\u013e, Tom\u00e1\u0161ov","og_description":"Zorganizujte oslavu pre svojich najbli\u017e\u0161\u00edch, na ak\u00fa nikdy nezabudn\u00fa. Historick\u00e9 kulisy ka\u0161tie\u013ea zanechaj\u00fa z\u00e1\u017eitok na cel\u00fd \u017eivot. Oslava ako dar.","og_url":"https:\/\/www.hotelkastiel.sk\/en\/oslava\/","og_site_name":"Art Hotel Ka\u0161tie\u013e, Tom\u00e1\u0161ov","article_publisher":"http:\/\/facebook.com\/hotelkastiel\/","article_modified_time":"2023-03-15T11:43:19+00:00","twitter_misc":{"Estimated reading time":"2 minutes"},"schema":{"@context":"https:\/\/schema.org","@graph":[{"@type":"WebPage","@id":"https:\/\/www.hotelkastiel.sk\/oslava\/","url":"https:\/\/www.hotelkastiel.sk\/oslava\/","name":"Oslava - Art Hotel Ka\u0161tie\u013e, Tom\u00e1\u0161ov","isPartOf":{"@id":"https:\/\/www.hotelkastiel.sk\/#website"},"datePublished":"2018-08-01T08:07:54+00:00","dateModified":"2023-03-15T11:43:19+00:00","description":"Zorganizujte oslavu pre svojich najbli\u017e\u0161\u00edch, na ak\u00fa nikdy nezabudn\u00fa. Historick\u00e9 kulisy ka\u0161tie\u013ea zanechaj\u00fa z\u00e1\u017eitok na cel\u00fd \u017eivot. Oslava ako dar.","breadcrumb":{"@id":"https:\/\/www.hotelkastiel.sk\/oslava\/#breadcrumb"},"inLanguage":"en-GB","potentialAction":[{"@type":"ReadAction","target":["https:\/\/www.hotelkastiel.sk\/oslava\/"]}]},{"@type":"BreadcrumbList","@id":"https:\/\/www.hotelkastiel.sk\/oslava\/#breadcrumb","itemListElement":[{"@type":"ListItem","position":1,"name":"Home","item":"https:\/\/www.hotelkastiel.sk\/"},{"@type":"ListItem","position":2,"name":"Oslava"}]},{"@type":"WebSite","@id":"https:\/\/www.hotelkastiel.sk\/#website","url":"https:\/\/www.hotelkastiel.sk\/","name":"Art Hotel Ka\u0161tie\u013e, Tom\u00e1\u0161ov","description":"","publisher":{"@id":"https:\/\/www.hotelkastiel.sk\/#organization"},"potentialAction":[{"@type":"SearchAction","target":{"@type":"EntryPoint","urlTemplate":"https:\/\/www.hotelkastiel.sk\/?s={search_term_string}"},"query-input":{"@type":"PropertyValueSpecification","valueRequired":true,"valueName":"search_term_string"}}],"inLanguage":"en-GB"},{"@type":"Organization","@id":"https:\/\/www.hotelkastiel.sk\/#organization","name":"Art Hotel Ka\u0161tie\u013e, Tom\u00e1\u0161ov","url":"https:\/\/www.hotelkastiel.sk\/","logo":{"@type":"ImageObject","inLanguage":"en-GB","@id":"https:\/\/www.hotelkastiel.sk\/#\/schema\/logo\/image\/","url":"https:\/\/www.hotelkastiel.sk\/wp-content\/uploads\/2018\/07\/logo-header.png","contentUrl":"https:\/\/www.hotelkastiel.sk\/wp-content\/uploads\/2018\/07\/logo-header.png","width":1289,"height":936,"caption":"Art Hotel Ka\u0161tie\u013e, Tom\u00e1\u0161ov"},"image":{"@id":"https:\/\/www.hotelkastiel.sk\/#\/schema\/logo\/image\/"},"sameAs":["http:\/\/facebook.com\/hotelkastiel\/","http:\/\/instagram.com\/hotelkastiel\/","https:\/\/www.linkedin.com\/company\/art-hotel-kastiel-tomasov\/?viewAsMember=true","https:\/\/www.youtube.com\/playlist?list=PLvlDIzNKGgpSADkmHpsw4owU0JUOEXfhn","https:\/\/sk.wikipedia.org\/wiki\/Ka\u0161tie\u013e_v_Tom\u00e1\u0161ove"]}]}},"_links":{"self":[{"href":"https:\/\/www.hotelkastiel.sk\/en\/wp-json\/wp\/v2\/pages\/1412","targetHints":{"allow":["GET"]}}],"collection":[{"href":"https:\/\/www.hotelkastiel.sk\/en\/wp-json\/wp\/v2\/pages"}],"about":[{"href":"https:\/\/www.hotelkastiel.sk\/en\/wp-json\/wp\/v2\/types\/page"}],"author":[{"embeddable":true,"href":"https:\/\/www.hotelkastiel.sk\/en\/wp-json\/wp\/v2\/users\/5"}],"replies":[{"embeddable":true,"href":"https:\/\/www.hotelkastiel.sk\/en\/wp-json\/wp\/v2\/comments?post=1412"}],"version-history":[{"count":0,"href":"https:\/\/www.hotelkastiel.sk\/en\/wp-json\/wp\/v2\/pages\/1412\/revisions"}],"wp:attachment":[{"href":"https:\/\/www.hotelkastiel.sk\/en\/wp-json\/wp\/v2\/media?parent=1412"}],"curies":[{"name":"wp","href":"https:\/\/api.w.org\/{rel}","templated":true}]}}