{"id":1886,"date":"2018-10-10T08:08:36","date_gmt":"2018-10-10T08:08:36","guid":{"rendered":"https:\/\/www.hotelkastiel.sk\/?page_id=1886"},"modified":"2022-12-17T14:05:59","modified_gmt":"2022-12-17T13:05:59","slug":"konferencie","status":"publish","type":"page","link":"https:\/\/www.hotelkastiel.sk\/en\/konferencie\/","title":{"rendered":"Staff training and conferences"},"content":{"rendered":"<div class=\"vc_row wpb_row vc_row-fluid\">\n\t\t\t\t\n<div class=\"wpb_column vc_column_container vc_col-sm-12 vc_col-lg-offset-2 vc_col-lg-8 vc_col-md-offset-2 vc_col-md-8\"><div class=\"vc_column-inner\"><div class=\"wpb_wrapper\">\n\t<div class=\"wpb_text_column wpb_content_element\" >\n\t\t<div class=\"wpb_wrapper\">\n\t\t\t<div class=\"fleurdesel-heading vc_custom_1547990664775 text-center\">\n<p class=\"fleurdesel__meta font-600 text-color-1\">Extensive solutions to staff training possibilities, congresses and conferences in the luxurious interiors of the manor house<\/p>\n<h2 class=\"fleurdesel__title h1 fz-Default\">Staff training and conferences<\/h2>\n<\/div>\n\n\t\t<\/div>\n\t<\/div>\n\n\t<div class=\"wpb_text_column wpb_content_element  vc_custom_1666778001147\" >\n\t\t<div class=\"wpb_wrapper\">\n\t\t\t<p>Art Hotel Ka\u0161tie\u013e is an ideal place to organize a training or conference for your employees or customers.<\/p>\n<p>All the conference rooms are airconditioned. The Wi-Fi connection is a must and the quality AV is supplied as well. The rent price includes:<\/p>\n<ul>\n<li>Beamer<\/li>\n<li>Projection screen<\/li>\n<li>Mix pult<\/li>\n<li>Speakers<\/li>\n<li>Microphone<\/li>\n<li>Flipchart<\/li>\n<li>WiFi internet<\/li>\n<li>Parking spaces for up to 80 cars<\/li>\n<\/ul>\n<p>&nbsp;<\/p>\n<p>We are also offering:<\/p>\n<ul>\n<li>Refreshments all day<\/li>\n<li><a href=\"https:\/\/www.hotelkastiel.sk\/en\/restauracia\/\">Delicious meals from our kitchen<\/a><\/li>\n<li>Degustation with experts<\/li>\n<li>Decoration of the interiors<\/li>\n<li>Teambuilding activities directly on the premises (footgolf, minigolf)<\/li>\n<li>Relaxation in the hotel wellness<\/li>\n<li>Minibus transportation<\/li>\n<li class=\"translation-block\"><a href=\"https:\/\/www.hotelkastiel.sk\/en\/ubytovanie\/\" target=\"_self\">ubytovanie<\/a> in 20 rooms<\/li>\n<\/ul>\n\n\t\t<\/div>\n\t<\/div>\n<\/div><\/div><\/div><div class=\"wpb_column vc_column_container vc_col-sm-12\"><div class=\"vc_column-inner\"><div class=\"wpb_wrapper\"><\/div><\/div><\/div><\/div><div class=\"vc_row wpb_row vc_row-fluid vc_custom_1491295074251\">\n\t\t\t\t\n<div class=\"wpb_column vc_column_container vc_col-sm-12\"><div class=\"vc_column-inner\"><div class=\"wpb_wrapper\">\n\t<div class=\"wpb_text_column wpb_content_element  vc_custom_1593101820252\" >\n\t\t<div class=\"wpb_wrapper\">\n\t\t\t<h2>Room capacities<\/h2>\n<p>&nbsp;<\/p>\n<table width=\"604\">\n<tbody>\n<tr>\n<td width=\"101\"><\/td>\n<td width=\"75\">Floor<\/td>\n<td width=\"78\">Dimensions<\/td>\n<td width=\"62\">Area<\/td>\n<td width=\"62\">Theater<\/td>\n<td width=\"52\">Classroom<\/td>\n<td width=\"64\">U-shaped<\/td>\n<td width=\"59\">Banquet<\/td>\n<td width=\"51\">Party<\/td>\n<\/tr>\n<tr>\n<td width=\"101\">Banketov\u00e1 s\u00e1la<\/td>\n<td width=\"75\">-1<\/td>\n<td width=\"78\">13 x 15 m<\/td>\n<td width=\"62\">195 m<sup>2<\/sup><\/td>\n<td width=\"62\">300 os\u00f4b<\/td>\n<td width=\"52\">100 os\u00f4b<\/td>\n<td width=\"64\">60 os\u00f4b<\/td>\n<td width=\"59\">160 os\u00f4b<\/td>\n<td width=\"51\">200 os\u00f4b<\/td>\n<\/tr>\n<tr>\n<td width=\"101\">Jesen\u00e1kov\u00e1 s\u00e1la<\/td>\n<td width=\"75\">1<\/td>\n<td width=\"78\">9 x 11 m<\/td>\n<td width=\"62\">98 m<sup>2<\/sup><\/td>\n<td width=\"62\">90 os\u00f4b<\/td>\n<td width=\"52\">60 os\u00f4b<\/td>\n<td width=\"64\">40 os\u00f4b<\/td>\n<td width=\"59\">70 os\u00f4b<\/td>\n<td width=\"51\">70 os\u00f4b<\/td>\n<\/tr>\n<tr>\n<td width=\"101\">Strasserov sal\u00f3n<\/td>\n<td width=\"75\">1<\/td>\n<td width=\"78\">6 x 5 m<\/td>\n<td width=\"62\">32 m<sup>2<\/sup><\/td>\n<td width=\"62\">&#8211;<\/td>\n<td width=\"52\">&#8211;<\/td>\n<td width=\"64\">8 os\u00f4b<\/td>\n<td width=\"59\">10 os\u00f4b<\/td>\n<td width=\"51\">10 os\u00f4b<\/td>\n<\/tr>\n<tr>\n<td width=\"101\">Dra\u0161k\u00f3czyho sal\u00f3n<\/td>\n<td width=\"75\">1<\/td>\n<td width=\"78\">11 x 5 m<\/td>\n<td width=\"62\">55 m<sup>2<\/sup><\/td>\n<td width=\"62\">30 os\u00f4b<\/td>\n<td width=\"52\">30 os\u00f4b<\/td>\n<td width=\"64\">20 os\u00f4b<\/td>\n<td width=\"59\">20 os\u00f4b<\/td>\n<td width=\"51\">30 os\u00f4b<\/td>\n<\/tr>\n<tr>\n<td width=\"101\">Re\u0161taur\u00e1cia Regum<\/td>\n<td width=\"75\">0<\/td>\n<td width=\"78\">18 x 5 m<\/td>\n<td width=\"62\">85 m<sup>2<\/sup><\/td>\n<td width=\"62\">&#8211;<\/td>\n<td width=\"52\">&#8211;<\/td>\n<td width=\"64\">20 os\u00f4b<\/td>\n<td width=\"59\">30 os\u00f4b<\/td>\n<td width=\"51\">40 os\u00f4b<\/td>\n<\/tr>\n<tr>\n<td width=\"101\">N\u00e1dvorie so stanom<\/td>\n<td width=\"75\">0<\/td>\n<td width=\"78\">25 x 15 m<\/td>\n<td width=\"62\">375 m<sup>2<\/sup><\/td>\n<td width=\"62\">300 os\u00f4b<\/td>\n<td width=\"52\">200 os\u00f4b<\/td>\n<td width=\"64\">100 os\u00f4b<\/td>\n<td width=\"59\">200 os\u00f4b<\/td>\n<td width=\"51\">300 os\u00f4b<\/td>\n<\/tr>\n<tr>\n<td width=\"101\">Vin\u00e1re\u0148 Sklep<\/td>\n<td width=\"75\">-1<\/td>\n<td width=\"78\">10 x 5m<\/td>\n<td width=\"62\">52 m<sup>2<\/sup><\/td>\n<td width=\"62\">&#8211;<\/td>\n<td width=\"52\">&#8211;<\/td>\n<td width=\"64\">&#8211;<\/td>\n<td width=\"59\">20 os\u00f4b<\/td>\n<td width=\"51\">20 os\u00f4b<\/td>\n<\/tr>\n<tr>\n<td width=\"101\">Amfite\u00e1ter<\/td>\n<td width=\"75\">park<\/td>\n<td width=\"78\">17 x 11 m<\/td>\n<td width=\"62\">180 m<sup>2<\/sup><\/td>\n<td width=\"62\">160 os\u00f4b<\/td>\n<td width=\"52\">&#8211;<\/td>\n<td width=\"64\">&#8211;<\/td>\n<td width=\"59\">&#8211;<\/td>\n<td width=\"51\">&#8211;<\/td>\n<\/tr>\n<\/tbody>\n<\/table>\n\n\t\t<\/div>\n\t<\/div>\n<div class=\"fleurdesel-gallery\" data-init=\"gallery\">\r\n\t<div class=\"dropdown fleurdesel-gallery__filter font-1\" data-init=\"filter\">\r\n\t<button class=\"btn btn-secondary dropdown-toggle font-1\" hidden type=\"button\" data-toggle=\"dropdown\" aria-haspopup=\"true\" aria-expanded=\"false\">All<\/button>\r\n\t<div class=\"dropdown-menu\">\r\n\t\t<a class=\"dropdown-item current\" href=\"#\" data-filter=\"*\">All<\/a>\r\n\t\t\t\t\t\t<a class=\"dropdown-item\" href=\"#\" data-filter=\".group-0\"><\/a>\r\n\t\t\t<\/div>\r\n<\/div>\r\n<!-- \/.fleurdesel-gallery__filter -->\r\n\r\n<div class=\"fleurdesel-gallery__wrap clearfix\" data-init=\"isotope\" data-cols=\"4\" data-gap=\"30\" data-gallery=\"popup\">\r\n\t<div class=\"grid-sizer\"><\/div>\r\n\t\t\t<div class=\"fleurdesel-gallery__item group-0\" data-grid=\"grid-item\">\r\n\t\t<div class=\"fleurdesel-gallery__media\">\r\n \t\t\t<a href=\"https:\/\/www.hotelkastiel.sk\/wp-content\/uploads\/2019\/01\/5-3.jpg\">\r\n\t\t\t\t<img loading=\"lazy\" decoding=\"async\" width=\"640\" height=\"500\" src=\"https:\/\/www.hotelkastiel.sk\/wp-content\/uploads\/2019\/01\/5-3-640x500.jpg\" class=\"attachment-fleurdesel-medium size-fleurdesel-medium\" alt=\"\" \/>\t\t\t<\/a>\r\n\t\t<\/div>\r\n\t\t<!-- \/.fleurdesel-gallery__media -->\r\n\r\n\t\t\t\t<!-- \/.fleurdesel-gallery__ -->\r\n\t<\/div>\r\n\t\t<div class=\"fleurdesel-gallery__item group-1\" data-grid=\"grid-item\">\r\n\t\t<div class=\"fleurdesel-gallery__media\">\r\n \t\t\t<a href=\"https:\/\/www.hotelkastiel.sk\/wp-content\/uploads\/2022\/10\/Stan.jpg\">\r\n\t\t\t\t<img loading=\"lazy\" decoding=\"async\" width=\"640\" height=\"500\" src=\"https:\/\/www.hotelkastiel.sk\/wp-content\/uploads\/2022\/10\/Stan-640x500.jpg\" class=\"attachment-fleurdesel-medium size-fleurdesel-medium\" alt=\"\" \/>\t\t\t<\/a>\r\n\t\t<\/div>\r\n\t\t<!-- \/.fleurdesel-gallery__media -->\r\n\r\n\t\t\t\t<!-- \/.fleurdesel-gallery__ -->\r\n\t<\/div>\r\n\t\t<div class=\"fleurdesel-gallery__item group-2\" data-grid=\"grid-item\">\r\n\t\t<div class=\"fleurdesel-gallery__media\">\r\n \t\t\t<a href=\"https:\/\/www.hotelkastiel.sk\/wp-content\/uploads\/2020\/06\/1M6A5119-e1596431580270.jpg\">\r\n\t\t\t\t<img loading=\"lazy\" decoding=\"async\" width=\"640\" height=\"500\" src=\"https:\/\/www.hotelkastiel.sk\/wp-content\/uploads\/2020\/06\/1M6A5119-640x500.jpg\" class=\"attachment-fleurdesel-medium size-fleurdesel-medium\" alt=\"Banketov\u00e1 s\u00e1la\" \/>\t\t\t<\/a>\r\n\t\t<\/div>\r\n\t\t<!-- \/.fleurdesel-gallery__media -->\r\n\r\n\t\t\t\t<!-- \/.fleurdesel-gallery__ -->\r\n\t<\/div>\r\n\t\t<div class=\"fleurdesel-gallery__item group-3\" data-grid=\"grid-item\">\r\n\t\t<div class=\"fleurdesel-gallery__media\">\r\n \t\t\t<a href=\"https:\/\/www.hotelkastiel.sk\/wp-content\/uploads\/2022\/10\/Drask.jpg\">\r\n\t\t\t\t<img loading=\"lazy\" decoding=\"async\" width=\"640\" height=\"500\" src=\"https:\/\/www.hotelkastiel.sk\/wp-content\/uploads\/2022\/10\/Drask-640x500.jpg\" class=\"attachment-fleurdesel-medium size-fleurdesel-medium\" alt=\"\" \/>\t\t\t<\/a>\r\n\t\t<\/div>\r\n\t\t<!-- \/.fleurdesel-gallery__media -->\r\n\r\n\t\t\t\t<!-- \/.fleurdesel-gallery__ -->\r\n\t<\/div>\r\n\t\t<div class=\"fleurdesel-gallery__item group-4\" data-grid=\"grid-item\">\r\n\t\t<div class=\"fleurdesel-gallery__media\">\r\n \t\t\t<a href=\"https:\/\/www.hotelkastiel.sk\/wp-content\/uploads\/2022\/10\/Jesenak-scaled.jpg\">\r\n\t\t\t\t<img loading=\"lazy\" decoding=\"async\" width=\"640\" height=\"500\" src=\"https:\/\/www.hotelkastiel.sk\/wp-content\/uploads\/2022\/10\/Jesenak-640x500.jpg\" class=\"attachment-fleurdesel-medium size-fleurdesel-medium\" alt=\"\" \/>\t\t\t<\/a>\r\n\t\t<\/div>\r\n\t\t<!-- \/.fleurdesel-gallery__media -->\r\n\r\n\t\t\t\t<!-- \/.fleurdesel-gallery__ -->\r\n\t<\/div>\r\n\t\t<div class=\"fleurdesel-gallery__item group-5\" data-grid=\"grid-item\">\r\n\t\t<div class=\"fleurdesel-gallery__media\">\r\n \t\t\t<a href=\"https:\/\/www.hotelkastiel.sk\/wp-content\/uploads\/2022\/10\/Banketovaaa-sala-scaled.jpg\">\r\n\t\t\t\t<img loading=\"lazy\" decoding=\"async\" width=\"640\" height=\"500\" src=\"https:\/\/www.hotelkastiel.sk\/wp-content\/uploads\/2022\/10\/Banketovaaa-sala-640x500.jpg\" class=\"attachment-fleurdesel-medium size-fleurdesel-medium\" alt=\"\" \/>\t\t\t<\/a>\r\n\t\t<\/div>\r\n\t\t<!-- \/.fleurdesel-gallery__media -->\r\n\r\n\t\t\t\t<!-- \/.fleurdesel-gallery__ -->\r\n\t<\/div>\r\n\t\t<!-- \/.fleurdesel-gallery__item -->\r\n\r\n<\/div>\r\n<\/div>\r\n<\/div><\/div><\/div><\/div>","protected":false},"excerpt":{"rendered":"\u0160irok\u00e9 mo\u017enosti usporiadania \u0161kolen\u00ed, kongresov a konferenci\u00ed v luxusn\u00fdch priestoroch ka\u0161tie\u013ea. \u0160kolenia a konferencie Art Hotel Ka\u0161tie\u013e je ide\u00e1lnym miestom na usporiadanie \u0161kolenia alebo konferencie pre Va\u0161ich zamestnancov alebo z\u00e1kazn\u00edkov. V\u0161etky konferen\u010dn\u00e9 miestnosti s\u00fa klimatizovan\u00e9. Samozrejmos\u0165ou je bezdr\u00f4tov\u00e9 pripojenie na internet v\u00a0celom hoteli a\u00a0kvalitn\u00e9 audiovizu\u00e1lne vybavenie. V\u00a0cene pren\u00e1jmu V\u00e1m pon\u00fakame aj: projektor projek\u010dn\u00e9 pl\u00e1tno reproduktory [...]","protected":false},"author":5,"featured_media":0,"parent":0,"menu_order":0,"comment_status":"closed","ping_status":"closed","template":"templates\/page-builder.php","meta":{"footnotes":""},"class_list":["post-1886","page","type-page","status-publish","hentry"],"yoast_head":"<!-- This site is optimized with the Yoast SEO plugin v27.5 - https:\/\/yoast.com\/product\/yoast-seo-wordpress\/ -->\n<title>\u0160kolenie a konferencie - Art Hotel Ka\u0161tie\u013e, Tom\u00e1\u0161ov<\/title>\n<meta name=\"description\" content=\"\u0160kolenia a konferencie - hist\u00f3ria a novodob\u00e9 technol\u00f3gie. \u0160irok\u00fd v\u00fdber priestorov a kombinovan\u00e1 kapacita a\u017e 500 host\u00ed. Historick\u00e1 Jeszen\u00e1kov\u00e1 s\u00e1la alebo luxusn\u00e1 banketov\u00e1 s\u00e1la.\" \/>\n<meta name=\"robots\" content=\"index, follow, max-snippet:-1, max-image-preview:large, max-video-preview:-1\" \/>\n<link rel=\"canonical\" href=\"https:\/\/www.hotelkastiel.sk\/en\/konferencie\/\" \/>\n<meta property=\"og:locale\" content=\"en_GB\" \/>\n<meta property=\"og:type\" content=\"article\" \/>\n<meta property=\"og:title\" content=\"\u0160kolenie a konferencie - Art Hotel Ka\u0161tie\u013e, Tom\u00e1\u0161ov\" \/>\n<meta property=\"og:description\" content=\"\u0160kolenia a konferencie - hist\u00f3ria a novodob\u00e9 technol\u00f3gie. \u0160irok\u00fd v\u00fdber priestorov a kombinovan\u00e1 kapacita a\u017e 500 host\u00ed. Historick\u00e1 Jeszen\u00e1kov\u00e1 s\u00e1la alebo luxusn\u00e1 banketov\u00e1 s\u00e1la.\" \/>\n<meta property=\"og:url\" content=\"https:\/\/www.hotelkastiel.sk\/en\/konferencie\/\" \/>\n<meta property=\"og:site_name\" content=\"Art Hotel Ka\u0161tie\u013e, Tom\u00e1\u0161ov\" \/>\n<meta property=\"article:publisher\" content=\"http:\/\/facebook.com\/hotelkastiel\/\" \/>\n<meta property=\"article:modified_time\" content=\"2022-12-17T13:05:59+00:00\" \/>\n<meta name=\"twitter:label1\" content=\"Estimated reading time\" \/>\n\t<meta name=\"twitter:data1\" content=\"2 minutes\" \/>\n<script type=\"application\/ld+json\" class=\"yoast-schema-graph\">{\"@context\":\"https:\\\/\\\/schema.org\",\"@graph\":[{\"@type\":\"WebPage\",\"@id\":\"https:\\\/\\\/www.hotelkastiel.sk\\\/konferencie\\\/\",\"url\":\"https:\\\/\\\/www.hotelkastiel.sk\\\/konferencie\\\/\",\"name\":\"\u0160kolenie a konferencie - Art Hotel Ka\u0161tie\u013e, Tom\u00e1\u0161ov\",\"isPartOf\":{\"@id\":\"https:\\\/\\\/www.hotelkastiel.sk\\\/#website\"},\"datePublished\":\"2018-10-10T08:08:36+00:00\",\"dateModified\":\"2022-12-17T13:05:59+00:00\",\"description\":\"\u0160kolenia a konferencie - hist\u00f3ria a novodob\u00e9 technol\u00f3gie. \u0160irok\u00fd v\u00fdber priestorov a kombinovan\u00e1 kapacita a\u017e 500 host\u00ed. Historick\u00e1 Jeszen\u00e1kov\u00e1 s\u00e1la alebo luxusn\u00e1 banketov\u00e1 s\u00e1la.\",\"breadcrumb\":{\"@id\":\"https:\\\/\\\/www.hotelkastiel.sk\\\/konferencie\\\/#breadcrumb\"},\"inLanguage\":\"en-GB\",\"potentialAction\":[{\"@type\":\"ReadAction\",\"target\":[\"https:\\\/\\\/www.hotelkastiel.sk\\\/konferencie\\\/\"]}]},{\"@type\":\"BreadcrumbList\",\"@id\":\"https:\\\/\\\/www.hotelkastiel.sk\\\/konferencie\\\/#breadcrumb\",\"itemListElement\":[{\"@type\":\"ListItem\",\"position\":1,\"name\":\"Home\",\"item\":\"https:\\\/\\\/www.hotelkastiel.sk\\\/\"},{\"@type\":\"ListItem\",\"position\":2,\"name\":\"\u0160kolenie a konferencie\"}]},{\"@type\":\"WebSite\",\"@id\":\"https:\\\/\\\/www.hotelkastiel.sk\\\/#website\",\"url\":\"https:\\\/\\\/www.hotelkastiel.sk\\\/\",\"name\":\"Art Hotel Ka\u0161tie\u013e, Tom\u00e1\u0161ov\",\"description\":\"\",\"publisher\":{\"@id\":\"https:\\\/\\\/www.hotelkastiel.sk\\\/#organization\"},\"potentialAction\":[{\"@type\":\"SearchAction\",\"target\":{\"@type\":\"EntryPoint\",\"urlTemplate\":\"https:\\\/\\\/www.hotelkastiel.sk\\\/?s={search_term_string}\"},\"query-input\":{\"@type\":\"PropertyValueSpecification\",\"valueRequired\":true,\"valueName\":\"search_term_string\"}}],\"inLanguage\":\"en-GB\"},{\"@type\":\"Organization\",\"@id\":\"https:\\\/\\\/www.hotelkastiel.sk\\\/#organization\",\"name\":\"Art Hotel Ka\u0161tie\u013e, Tom\u00e1\u0161ov\",\"url\":\"https:\\\/\\\/www.hotelkastiel.sk\\\/\",\"logo\":{\"@type\":\"ImageObject\",\"inLanguage\":\"en-GB\",\"@id\":\"https:\\\/\\\/www.hotelkastiel.sk\\\/#\\\/schema\\\/logo\\\/image\\\/\",\"url\":\"https:\\\/\\\/www.hotelkastiel.sk\\\/wp-content\\\/uploads\\\/2018\\\/07\\\/logo-header.png\",\"contentUrl\":\"https:\\\/\\\/www.hotelkastiel.sk\\\/wp-content\\\/uploads\\\/2018\\\/07\\\/logo-header.png\",\"width\":1289,\"height\":936,\"caption\":\"Art Hotel Ka\u0161tie\u013e, Tom\u00e1\u0161ov\"},\"image\":{\"@id\":\"https:\\\/\\\/www.hotelkastiel.sk\\\/#\\\/schema\\\/logo\\\/image\\\/\"},\"sameAs\":[\"http:\\\/\\\/facebook.com\\\/hotelkastiel\\\/\",\"http:\\\/\\\/instagram.com\\\/hotelkastiel\\\/\",\"https:\\\/\\\/www.linkedin.com\\\/company\\\/art-hotel-kastiel-tomasov\\\/?viewAsMember=true\",\"https:\\\/\\\/www.youtube.com\\\/playlist?list=PLvlDIzNKGgpSADkmHpsw4owU0JUOEXfhn\",\"https:\\\/\\\/sk.wikipedia.org\\\/wiki\\\/Ka\u0161tie\u013e_v_Tom\u00e1\u0161ove\"]}]}<\/script>\n<!-- \/ Yoast SEO plugin. -->","yoast_head_json":{"title":"\u0160kolenie a konferencie - Art Hotel Ka\u0161tie\u013e, Tom\u00e1\u0161ov","description":"\u0160kolenia a konferencie - hist\u00f3ria a novodob\u00e9 technol\u00f3gie. \u0160irok\u00fd v\u00fdber priestorov a kombinovan\u00e1 kapacita a\u017e 500 host\u00ed. Historick\u00e1 Jeszen\u00e1kov\u00e1 s\u00e1la alebo luxusn\u00e1 banketov\u00e1 s\u00e1la.","robots":{"index":"index","follow":"follow","max-snippet":"max-snippet:-1","max-image-preview":"max-image-preview:large","max-video-preview":"max-video-preview:-1"},"canonical":"https:\/\/www.hotelkastiel.sk\/en\/konferencie\/","og_locale":"en_GB","og_type":"article","og_title":"\u0160kolenie a konferencie - Art Hotel Ka\u0161tie\u013e, Tom\u00e1\u0161ov","og_description":"\u0160kolenia a konferencie - hist\u00f3ria a novodob\u00e9 technol\u00f3gie. \u0160irok\u00fd v\u00fdber priestorov a kombinovan\u00e1 kapacita a\u017e 500 host\u00ed. Historick\u00e1 Jeszen\u00e1kov\u00e1 s\u00e1la alebo luxusn\u00e1 banketov\u00e1 s\u00e1la.","og_url":"https:\/\/www.hotelkastiel.sk\/en\/konferencie\/","og_site_name":"Art Hotel Ka\u0161tie\u013e, Tom\u00e1\u0161ov","article_publisher":"http:\/\/facebook.com\/hotelkastiel\/","article_modified_time":"2022-12-17T13:05:59+00:00","twitter_misc":{"Estimated reading time":"2 minutes"},"schema":{"@context":"https:\/\/schema.org","@graph":[{"@type":"WebPage","@id":"https:\/\/www.hotelkastiel.sk\/konferencie\/","url":"https:\/\/www.hotelkastiel.sk\/konferencie\/","name":"\u0160kolenie a konferencie - Art Hotel Ka\u0161tie\u013e, Tom\u00e1\u0161ov","isPartOf":{"@id":"https:\/\/www.hotelkastiel.sk\/#website"},"datePublished":"2018-10-10T08:08:36+00:00","dateModified":"2022-12-17T13:05:59+00:00","description":"\u0160kolenia a konferencie - hist\u00f3ria a novodob\u00e9 technol\u00f3gie. \u0160irok\u00fd v\u00fdber priestorov a kombinovan\u00e1 kapacita a\u017e 500 host\u00ed. Historick\u00e1 Jeszen\u00e1kov\u00e1 s\u00e1la alebo luxusn\u00e1 banketov\u00e1 s\u00e1la.","breadcrumb":{"@id":"https:\/\/www.hotelkastiel.sk\/konferencie\/#breadcrumb"},"inLanguage":"en-GB","potentialAction":[{"@type":"ReadAction","target":["https:\/\/www.hotelkastiel.sk\/konferencie\/"]}]},{"@type":"BreadcrumbList","@id":"https:\/\/www.hotelkastiel.sk\/konferencie\/#breadcrumb","itemListElement":[{"@type":"ListItem","position":1,"name":"Home","item":"https:\/\/www.hotelkastiel.sk\/"},{"@type":"ListItem","position":2,"name":"\u0160kolenie a konferencie"}]},{"@type":"WebSite","@id":"https:\/\/www.hotelkastiel.sk\/#website","url":"https:\/\/www.hotelkastiel.sk\/","name":"Art Hotel Ka\u0161tie\u013e, Tom\u00e1\u0161ov","description":"","publisher":{"@id":"https:\/\/www.hotelkastiel.sk\/#organization"},"potentialAction":[{"@type":"SearchAction","target":{"@type":"EntryPoint","urlTemplate":"https:\/\/www.hotelkastiel.sk\/?s={search_term_string}"},"query-input":{"@type":"PropertyValueSpecification","valueRequired":true,"valueName":"search_term_string"}}],"inLanguage":"en-GB"},{"@type":"Organization","@id":"https:\/\/www.hotelkastiel.sk\/#organization","name":"Art Hotel Ka\u0161tie\u013e, Tom\u00e1\u0161ov","url":"https:\/\/www.hotelkastiel.sk\/","logo":{"@type":"ImageObject","inLanguage":"en-GB","@id":"https:\/\/www.hotelkastiel.sk\/#\/schema\/logo\/image\/","url":"https:\/\/www.hotelkastiel.sk\/wp-content\/uploads\/2018\/07\/logo-header.png","contentUrl":"https:\/\/www.hotelkastiel.sk\/wp-content\/uploads\/2018\/07\/logo-header.png","width":1289,"height":936,"caption":"Art Hotel Ka\u0161tie\u013e, Tom\u00e1\u0161ov"},"image":{"@id":"https:\/\/www.hotelkastiel.sk\/#\/schema\/logo\/image\/"},"sameAs":["http:\/\/facebook.com\/hotelkastiel\/","http:\/\/instagram.com\/hotelkastiel\/","https:\/\/www.linkedin.com\/company\/art-hotel-kastiel-tomasov\/?viewAsMember=true","https:\/\/www.youtube.com\/playlist?list=PLvlDIzNKGgpSADkmHpsw4owU0JUOEXfhn","https:\/\/sk.wikipedia.org\/wiki\/Ka\u0161tie\u013e_v_Tom\u00e1\u0161ove"]}]}},"_links":{"self":[{"href":"https:\/\/www.hotelkastiel.sk\/en\/wp-json\/wp\/v2\/pages\/1886","targetHints":{"allow":["GET"]}}],"collection":[{"href":"https:\/\/www.hotelkastiel.sk\/en\/wp-json\/wp\/v2\/pages"}],"about":[{"href":"https:\/\/www.hotelkastiel.sk\/en\/wp-json\/wp\/v2\/types\/page"}],"author":[{"embeddable":true,"href":"https:\/\/www.hotelkastiel.sk\/en\/wp-json\/wp\/v2\/users\/5"}],"replies":[{"embeddable":true,"href":"https:\/\/www.hotelkastiel.sk\/en\/wp-json\/wp\/v2\/comments?post=1886"}],"version-history":[{"count":0,"href":"https:\/\/www.hotelkastiel.sk\/en\/wp-json\/wp\/v2\/pages\/1886\/revisions"}],"wp:attachment":[{"href":"https:\/\/www.hotelkastiel.sk\/en\/wp-json\/wp\/v2\/media?parent=1886"}],"curies":[{"name":"wp","href":"https:\/\/api.w.org\/{rel}","templated":true}]}}