{"id":1888,"date":"2018-10-10T08:08:56","date_gmt":"2018-10-10T08:08:56","guid":{"rendered":"https:\/\/www.hotelkastiel.sk\/?page_id=1888"},"modified":"2020-10-15T20:18:36","modified_gmt":"2020-10-15T19:18:36","slug":"firemna-prezentacia","status":"publish","type":"page","link":"https:\/\/www.hotelkastiel.sk\/en\/firemna-prezentacia\/","title":{"rendered":"Corporate and product presentation"},"content":{"rendered":"<div class=\"vc_row wpb_row vc_row-fluid\">\n\t\t\t\t\n<div class=\"wpb_column vc_column_container vc_col-sm-12 vc_col-lg-offset-2 vc_col-lg-8 vc_col-md-offset-2 vc_col-md-8\"><div class=\"vc_column-inner\"><div class=\"wpb_wrapper\"><div class=\"vc_empty_space\"   style=\"height: 52px\" ><span class=\"vc_empty_space_inner\"><\/span><\/div>\n\n\t<div class=\"wpb_text_column wpb_content_element  vc_custom_1557679857268\" >\n\t\t<div class=\"wpb_wrapper\">\n\t\t\t<div class=\"wpb_wrapper\">\n<div class=\"fleurdesel-heading vc_custom_1547991962874 text-center\">\n<p class=\"fleurdesel__meta font-600 text-color-1\">Suitable venue for corporate events and conferences.<\/p>\n<h2 class=\"fleurdesel__title h1 fz-Default\">Corporate and product presentation<\/h2>\n<\/div>\n<\/div>\n\n\t\t<\/div>\n\t<\/div>\n\n\t<div class=\"wpb_text_column wpb_content_element  vc_custom_1547991331728\" >\n\t\t<div class=\"wpb_wrapper\">\n\t\t\t<p>Luxury for luxury. That is an offer for introducing your unique products in the stylish interior of the Art Hotel Ka\u0161tie\u013e****. The offer of possibilities is wide \u2013 space-wise and also style-wise. We like challenges and therefore are prepared to cooperate with you on your special event.<\/p>\n<p class=\"translation-block\">In the elegant interiors of baroque manor halls, we can create a luxurious environment that perfectly harmonizes with the presented products in any content composition. The representative spaces of the manor, marked by baroque nobility, are ideal for fashion shows or for the \"baptism\" of music recordings by singers and music groups. For example, see <a href=\"https:\/\/www.hotelkastiel.sk\/en\/3d-prehliadka-novej-banketovej-saly\/\" target=\"_self\">3D tour of our banquet hall<\/a>, which was renovated in the summer of 2020 - it represents historical luxury with modern technology, suitable for presenting design pieces.<\/p>\n<p class=\"translation-block\">Not only the interior of the mansion is ready to meet your presentation requirements. The mansion's courtyard, the pompous terrace and the reflecting blue water surface of the summer pool can also serve as an original fashion catwalk. The vast area of \u200b\u200bthe green lawn of the romantic English park provides opportunities for the presentation of new car models that perfectly match the facade of the mansion and highlight the perfect design of the cars. Clients can also find interesting use in the natural amphitheater in the park, surrounded by trees.<\/p>\n\n\t\t<\/div>\n\t<\/div>\n<\/div><\/div><\/div><\/div><div class=\"vc_row wpb_row vc_row-fluid\">\n\t\t\t\t\n<div class=\"wpb_column vc_column_container vc_col-sm-12\"><div class=\"vc_column-inner\"><div class=\"wpb_wrapper\"><div class=\"vc_empty_space\"   style=\"height: 32px\" ><span class=\"vc_empty_space_inner\"><\/span><\/div>\n\n\t<div class=\"wpb_text_column wpb_content_element\" >\n\t\t<div class=\"wpb_wrapper\">\n\t\t\t<p class=\"translation-block\">See the motor vehicle presentation <a href=\"https:\/\/www.facebook.com\/EnglerAutomotive\/posts\/184171636459497\" target=\"_self\">Engler Supersquad of Engler Automotive<\/a>.<\/p>\n<div class=\"fleurdesel-heading text-center\">\n<p class=\"fleurdesel__meta font-600 text-color-1 translation-block\">Our regular customers include large <a href=\"https:\/\/www.agem.sk\/dealers-day\" target=\"_self\">Slovak<\/a> and foreign companies<\/p>\n<h2 class=\"fleurdesel__title h1 fz-Default\">References<\/h2>\n<\/div>\n\n\t\t<\/div>\n\t<\/div>\n\n\t<div  class=\"wpb_single_image wpb_content_element vc_align_center  vc_custom_1552299445178\">\n\t\t\n\t\t<figure class=\"wpb_wrapper vc_figure\">\n\t\t\t<div class=\"vc_single_image-wrapper   vc_box_border_grey\"><img loading=\"lazy\" decoding=\"async\" width=\"605\" height=\"488\" src=\"https:\/\/www.hotelkastiel.sk\/wp-content\/uploads\/2019\/01\/aa.png\" class=\"vc_single_image-img attachment-full\" alt=\"\" srcset=\"https:\/\/www.hotelkastiel.sk\/wp-content\/uploads\/2019\/01\/aa.png 605w, https:\/\/www.hotelkastiel.sk\/wp-content\/uploads\/2019\/01\/aa-300x242.png 300w\" sizes=\"auto, (max-width: 605px) 100vw, 605px\" \/><\/div>\n\t\t<\/figure>\n\t<\/div>\n<\/div><\/div><\/div><\/div><div class=\"vc_row wpb_row vc_row-fluid vc_custom_1491295074251\">\n\t\t\t\t\n<div class=\"wpb_column vc_column_container vc_col-sm-12\"><div class=\"vc_column-inner\"><div class=\"wpb_wrapper\"><div class=\"fleurdesel-gallery\" data-init=\"gallery\">\r\n\t<div class=\"dropdown fleurdesel-gallery__filter font-1\" data-init=\"filter\">\r\n\t<button class=\"btn btn-secondary dropdown-toggle font-1\" hidden type=\"button\" data-toggle=\"dropdown\" aria-haspopup=\"true\" aria-expanded=\"false\">All<\/button>\r\n\t<div class=\"dropdown-menu\">\r\n\t\t<a class=\"dropdown-item current\" href=\"#\" data-filter=\"*\">All<\/a>\r\n\t\t\t\t\t\t<a class=\"dropdown-item\" href=\"#\" data-filter=\".group-0\"><\/a>\r\n\t\t\t<\/div>\r\n<\/div>\r\n<!-- \/.fleurdesel-gallery__filter -->\r\n\r\n<div class=\"fleurdesel-gallery__wrap clearfix\" data-init=\"isotope\" data-cols=\"4\" data-gap=\"30\" data-gallery=\"popup\">\r\n\t<div class=\"grid-sizer\"><\/div>\r\n\t\t\t<div class=\"fleurdesel-gallery__item group-0\" data-grid=\"grid-item\">\r\n\t\t<div class=\"fleurdesel-gallery__media\">\r\n \t\t\t<a href=\"https:\/\/www.hotelkastiel.sk\/wp-content\/uploads\/2019\/01\/4-7.jpg\">\r\n\t\t\t\t<img loading=\"lazy\" decoding=\"async\" width=\"640\" height=\"500\" src=\"https:\/\/www.hotelkastiel.sk\/wp-content\/uploads\/2019\/01\/4-7-640x500.jpg\" class=\"attachment-fleurdesel-medium size-fleurdesel-medium\" alt=\"\" \/>\t\t\t<\/a>\r\n\t\t<\/div>\r\n\t\t<!-- \/.fleurdesel-gallery__media -->\r\n\r\n\t\t\t\t<!-- \/.fleurdesel-gallery__ -->\r\n\t<\/div>\r\n\t\t<div class=\"fleurdesel-gallery__item group-1\" data-grid=\"grid-item\">\r\n\t\t<div class=\"fleurdesel-gallery__media\">\r\n \t\t\t<a href=\"https:\/\/www.hotelkastiel.sk\/wp-content\/uploads\/2019\/01\/2-7.jpg\">\r\n\t\t\t\t<img loading=\"lazy\" decoding=\"async\" width=\"640\" height=\"500\" src=\"https:\/\/www.hotelkastiel.sk\/wp-content\/uploads\/2019\/01\/2-7-640x500.jpg\" class=\"attachment-fleurdesel-medium size-fleurdesel-medium\" alt=\"\" \/>\t\t\t<\/a>\r\n\t\t<\/div>\r\n\t\t<!-- \/.fleurdesel-gallery__media -->\r\n\r\n\t\t\t\t<!-- \/.fleurdesel-gallery__ -->\r\n\t<\/div>\r\n\t\t<div class=\"fleurdesel-gallery__item group-2\" data-grid=\"grid-item\">\r\n\t\t<div class=\"fleurdesel-gallery__media\">\r\n \t\t\t<a href=\"https:\/\/www.hotelkastiel.sk\/wp-content\/uploads\/2019\/01\/3-7.jpg\">\r\n\t\t\t\t<img loading=\"lazy\" decoding=\"async\" width=\"640\" height=\"500\" src=\"https:\/\/www.hotelkastiel.sk\/wp-content\/uploads\/2019\/01\/3-7-640x500.jpg\" class=\"attachment-fleurdesel-medium size-fleurdesel-medium\" alt=\"\" \/>\t\t\t<\/a>\r\n\t\t<\/div>\r\n\t\t<!-- \/.fleurdesel-gallery__media -->\r\n\r\n\t\t\t\t<!-- \/.fleurdesel-gallery__ -->\r\n\t<\/div>\r\n\t\t<div class=\"fleurdesel-gallery__item group-3\" data-grid=\"grid-item\">\r\n\t\t<div class=\"fleurdesel-gallery__media\">\r\n \t\t\t<a href=\"https:\/\/www.hotelkastiel.sk\/wp-content\/uploads\/2019\/01\/1-7.jpg\">\r\n\t\t\t\t<img loading=\"lazy\" decoding=\"async\" width=\"640\" height=\"500\" src=\"https:\/\/www.hotelkastiel.sk\/wp-content\/uploads\/2019\/01\/1-7-640x500.jpg\" class=\"attachment-fleurdesel-medium size-fleurdesel-medium\" alt=\"\" \/>\t\t\t<\/a>\r\n\t\t<\/div>\r\n\t\t<!-- \/.fleurdesel-gallery__media -->\r\n\r\n\t\t\t\t<!-- \/.fleurdesel-gallery__ -->\r\n\t<\/div>\r\n\t\t<div class=\"fleurdesel-gallery__item group-4\" data-grid=\"grid-item\">\r\n\t\t<div class=\"fleurdesel-gallery__media\">\r\n \t\t\t<a href=\"https:\/\/www.hotelkastiel.sk\/wp-content\/uploads\/2019\/10\/IMG_0259.jpg\">\r\n\t\t\t\t<img loading=\"lazy\" decoding=\"async\" width=\"640\" height=\"500\" src=\"https:\/\/www.hotelkastiel.sk\/wp-content\/uploads\/2019\/10\/IMG_0259-640x500.jpg\" class=\"attachment-fleurdesel-medium size-fleurdesel-medium\" alt=\"AGEM COMPUTERS akcia\" \/>\t\t\t<\/a>\r\n\t\t<\/div>\r\n\t\t<!-- \/.fleurdesel-gallery__media -->\r\n\r\n\t\t\t\t<!-- \/.fleurdesel-gallery__ -->\r\n\t<\/div>\r\n\t\t<!-- \/.fleurdesel-gallery__item -->\r\n\r\n<\/div>\r\n<\/div>\r\n<\/div><\/div><\/div><\/div>","protected":false},"excerpt":{"rendered":"Pon\u00fakame V\u00e1m \u0161irok\u00e9 mo\u017enosti priestorov a slu\u017eieb spojen\u00fdch s firemn\u00fdmi akciami. Firemn\u00e1 prezent\u00e1cia Luxus pre luxus - Va\u0161a firemn\u00e1 prezent\u00e1cia. Tak by sa dala nazva\u0165 ponuka pre predstavenie origin\u00e1lnych produktov v \u0161t\u00fdlov\u00fdch priestoroch Art Hotela Ka\u0161tie\u013ea. Ponuka jeho mo\u017enost\u00ed je \u0161irok\u00e1 a priestorovo i \u0161t\u00fdlovo rozmanit\u00e1. Sme schopn\u00ed vyhovie\u0165 aj t\u00fdm najn\u00e1ro\u010dnej\u0161\u00edm po\u017eiadavk\u00e1m na\u0161ich klientov. [...]","protected":false},"author":5,"featured_media":0,"parent":0,"menu_order":0,"comment_status":"closed","ping_status":"closed","template":"templates\/page-builder.php","meta":{"footnotes":""},"class_list":["post-1888","page","type-page","status-publish","hentry"],"yoast_head":"<!-- This site is optimized with the Yoast SEO plugin v27.5 - https:\/\/yoast.com\/product\/yoast-seo-wordpress\/ -->\n<title>Firemn\u00e1 prezent\u00e1cia - Art Hotel Ka\u0161tie\u013e, Tom\u00e1\u0161ov<\/title>\n<meta name=\"description\" content=\"Firemn\u00e1 prezent\u00e1cia Va\u0161ich luxusn\u00fdch produktov v luxusn\u00fdch priestoroch ka\u0161tie\u013ea v Tom\u00e1\u0161ove. Luxus pre luxus.\" \/>\n<meta name=\"robots\" content=\"index, follow, max-snippet:-1, max-image-preview:large, max-video-preview:-1\" \/>\n<link rel=\"canonical\" href=\"https:\/\/www.hotelkastiel.sk\/en\/firemna-prezentacia\/\" \/>\n<meta property=\"og:locale\" content=\"en_GB\" \/>\n<meta property=\"og:type\" content=\"article\" \/>\n<meta property=\"og:title\" content=\"Firemn\u00e1 prezent\u00e1cia - Art Hotel Ka\u0161tie\u013e, Tom\u00e1\u0161ov\" \/>\n<meta property=\"og:description\" content=\"Firemn\u00e1 prezent\u00e1cia Va\u0161ich luxusn\u00fdch produktov v luxusn\u00fdch priestoroch ka\u0161tie\u013ea v Tom\u00e1\u0161ove. Luxus pre luxus.\" \/>\n<meta property=\"og:url\" content=\"https:\/\/www.hotelkastiel.sk\/en\/firemna-prezentacia\/\" \/>\n<meta property=\"og:site_name\" content=\"Art Hotel Ka\u0161tie\u013e, Tom\u00e1\u0161ov\" \/>\n<meta property=\"article:publisher\" content=\"http:\/\/facebook.com\/hotelkastiel\/\" \/>\n<meta property=\"article:modified_time\" content=\"2020-10-15T19:18:36+00:00\" \/>\n<meta name=\"twitter:label1\" content=\"Estimated reading time\" \/>\n\t<meta name=\"twitter:data1\" content=\"2 minutes\" \/>\n<script type=\"application\/ld+json\" class=\"yoast-schema-graph\">{\"@context\":\"https:\\\/\\\/schema.org\",\"@graph\":[{\"@type\":\"WebPage\",\"@id\":\"https:\\\/\\\/www.hotelkastiel.sk\\\/firemna-prezentacia\\\/\",\"url\":\"https:\\\/\\\/www.hotelkastiel.sk\\\/firemna-prezentacia\\\/\",\"name\":\"Firemn\u00e1 prezent\u00e1cia - Art Hotel Ka\u0161tie\u013e, Tom\u00e1\u0161ov\",\"isPartOf\":{\"@id\":\"https:\\\/\\\/www.hotelkastiel.sk\\\/#website\"},\"datePublished\":\"2018-10-10T08:08:56+00:00\",\"dateModified\":\"2020-10-15T19:18:36+00:00\",\"description\":\"Firemn\u00e1 prezent\u00e1cia Va\u0161ich luxusn\u00fdch produktov v luxusn\u00fdch priestoroch ka\u0161tie\u013ea v Tom\u00e1\u0161ove. Luxus pre luxus.\",\"breadcrumb\":{\"@id\":\"https:\\\/\\\/www.hotelkastiel.sk\\\/firemna-prezentacia\\\/#breadcrumb\"},\"inLanguage\":\"en-GB\",\"potentialAction\":[{\"@type\":\"ReadAction\",\"target\":[\"https:\\\/\\\/www.hotelkastiel.sk\\\/firemna-prezentacia\\\/\"]}]},{\"@type\":\"BreadcrumbList\",\"@id\":\"https:\\\/\\\/www.hotelkastiel.sk\\\/firemna-prezentacia\\\/#breadcrumb\",\"itemListElement\":[{\"@type\":\"ListItem\",\"position\":1,\"name\":\"Home\",\"item\":\"https:\\\/\\\/www.hotelkastiel.sk\\\/\"},{\"@type\":\"ListItem\",\"position\":2,\"name\":\"Firemn\u00e1 prezent\u00e1cia\"}]},{\"@type\":\"WebSite\",\"@id\":\"https:\\\/\\\/www.hotelkastiel.sk\\\/#website\",\"url\":\"https:\\\/\\\/www.hotelkastiel.sk\\\/\",\"name\":\"Art Hotel Ka\u0161tie\u013e, Tom\u00e1\u0161ov\",\"description\":\"\",\"publisher\":{\"@id\":\"https:\\\/\\\/www.hotelkastiel.sk\\\/#organization\"},\"potentialAction\":[{\"@type\":\"SearchAction\",\"target\":{\"@type\":\"EntryPoint\",\"urlTemplate\":\"https:\\\/\\\/www.hotelkastiel.sk\\\/?s={search_term_string}\"},\"query-input\":{\"@type\":\"PropertyValueSpecification\",\"valueRequired\":true,\"valueName\":\"search_term_string\"}}],\"inLanguage\":\"en-GB\"},{\"@type\":\"Organization\",\"@id\":\"https:\\\/\\\/www.hotelkastiel.sk\\\/#organization\",\"name\":\"Art Hotel Ka\u0161tie\u013e, Tom\u00e1\u0161ov\",\"url\":\"https:\\\/\\\/www.hotelkastiel.sk\\\/\",\"logo\":{\"@type\":\"ImageObject\",\"inLanguage\":\"en-GB\",\"@id\":\"https:\\\/\\\/www.hotelkastiel.sk\\\/#\\\/schema\\\/logo\\\/image\\\/\",\"url\":\"https:\\\/\\\/www.hotelkastiel.sk\\\/wp-content\\\/uploads\\\/2018\\\/07\\\/logo-header.png\",\"contentUrl\":\"https:\\\/\\\/www.hotelkastiel.sk\\\/wp-content\\\/uploads\\\/2018\\\/07\\\/logo-header.png\",\"width\":1289,\"height\":936,\"caption\":\"Art Hotel Ka\u0161tie\u013e, Tom\u00e1\u0161ov\"},\"image\":{\"@id\":\"https:\\\/\\\/www.hotelkastiel.sk\\\/#\\\/schema\\\/logo\\\/image\\\/\"},\"sameAs\":[\"http:\\\/\\\/facebook.com\\\/hotelkastiel\\\/\",\"http:\\\/\\\/instagram.com\\\/hotelkastiel\\\/\",\"https:\\\/\\\/www.linkedin.com\\\/company\\\/art-hotel-kastiel-tomasov\\\/?viewAsMember=true\",\"https:\\\/\\\/www.youtube.com\\\/playlist?list=PLvlDIzNKGgpSADkmHpsw4owU0JUOEXfhn\",\"https:\\\/\\\/sk.wikipedia.org\\\/wiki\\\/Ka\u0161tie\u013e_v_Tom\u00e1\u0161ove\"]}]}<\/script>\n<!-- \/ Yoast SEO plugin. -->","yoast_head_json":{"title":"Firemn\u00e1 prezent\u00e1cia - Art Hotel Ka\u0161tie\u013e, Tom\u00e1\u0161ov","description":"Firemn\u00e1 prezent\u00e1cia Va\u0161ich luxusn\u00fdch produktov v luxusn\u00fdch priestoroch ka\u0161tie\u013ea v Tom\u00e1\u0161ove. Luxus pre luxus.","robots":{"index":"index","follow":"follow","max-snippet":"max-snippet:-1","max-image-preview":"max-image-preview:large","max-video-preview":"max-video-preview:-1"},"canonical":"https:\/\/www.hotelkastiel.sk\/en\/firemna-prezentacia\/","og_locale":"en_GB","og_type":"article","og_title":"Firemn\u00e1 prezent\u00e1cia - Art Hotel Ka\u0161tie\u013e, Tom\u00e1\u0161ov","og_description":"Firemn\u00e1 prezent\u00e1cia Va\u0161ich luxusn\u00fdch produktov v luxusn\u00fdch priestoroch ka\u0161tie\u013ea v Tom\u00e1\u0161ove. Luxus pre luxus.","og_url":"https:\/\/www.hotelkastiel.sk\/en\/firemna-prezentacia\/","og_site_name":"Art Hotel Ka\u0161tie\u013e, Tom\u00e1\u0161ov","article_publisher":"http:\/\/facebook.com\/hotelkastiel\/","article_modified_time":"2020-10-15T19:18:36+00:00","twitter_misc":{"Estimated reading time":"2 minutes"},"schema":{"@context":"https:\/\/schema.org","@graph":[{"@type":"WebPage","@id":"https:\/\/www.hotelkastiel.sk\/firemna-prezentacia\/","url":"https:\/\/www.hotelkastiel.sk\/firemna-prezentacia\/","name":"Firemn\u00e1 prezent\u00e1cia - Art Hotel Ka\u0161tie\u013e, Tom\u00e1\u0161ov","isPartOf":{"@id":"https:\/\/www.hotelkastiel.sk\/#website"},"datePublished":"2018-10-10T08:08:56+00:00","dateModified":"2020-10-15T19:18:36+00:00","description":"Firemn\u00e1 prezent\u00e1cia Va\u0161ich luxusn\u00fdch produktov v luxusn\u00fdch priestoroch ka\u0161tie\u013ea v Tom\u00e1\u0161ove. Luxus pre luxus.","breadcrumb":{"@id":"https:\/\/www.hotelkastiel.sk\/firemna-prezentacia\/#breadcrumb"},"inLanguage":"en-GB","potentialAction":[{"@type":"ReadAction","target":["https:\/\/www.hotelkastiel.sk\/firemna-prezentacia\/"]}]},{"@type":"BreadcrumbList","@id":"https:\/\/www.hotelkastiel.sk\/firemna-prezentacia\/#breadcrumb","itemListElement":[{"@type":"ListItem","position":1,"name":"Home","item":"https:\/\/www.hotelkastiel.sk\/"},{"@type":"ListItem","position":2,"name":"Firemn\u00e1 prezent\u00e1cia"}]},{"@type":"WebSite","@id":"https:\/\/www.hotelkastiel.sk\/#website","url":"https:\/\/www.hotelkastiel.sk\/","name":"Art Hotel Ka\u0161tie\u013e, Tom\u00e1\u0161ov","description":"","publisher":{"@id":"https:\/\/www.hotelkastiel.sk\/#organization"},"potentialAction":[{"@type":"SearchAction","target":{"@type":"EntryPoint","urlTemplate":"https:\/\/www.hotelkastiel.sk\/?s={search_term_string}"},"query-input":{"@type":"PropertyValueSpecification","valueRequired":true,"valueName":"search_term_string"}}],"inLanguage":"en-GB"},{"@type":"Organization","@id":"https:\/\/www.hotelkastiel.sk\/#organization","name":"Art Hotel Ka\u0161tie\u013e, Tom\u00e1\u0161ov","url":"https:\/\/www.hotelkastiel.sk\/","logo":{"@type":"ImageObject","inLanguage":"en-GB","@id":"https:\/\/www.hotelkastiel.sk\/#\/schema\/logo\/image\/","url":"https:\/\/www.hotelkastiel.sk\/wp-content\/uploads\/2018\/07\/logo-header.png","contentUrl":"https:\/\/www.hotelkastiel.sk\/wp-content\/uploads\/2018\/07\/logo-header.png","width":1289,"height":936,"caption":"Art Hotel Ka\u0161tie\u013e, Tom\u00e1\u0161ov"},"image":{"@id":"https:\/\/www.hotelkastiel.sk\/#\/schema\/logo\/image\/"},"sameAs":["http:\/\/facebook.com\/hotelkastiel\/","http:\/\/instagram.com\/hotelkastiel\/","https:\/\/www.linkedin.com\/company\/art-hotel-kastiel-tomasov\/?viewAsMember=true","https:\/\/www.youtube.com\/playlist?list=PLvlDIzNKGgpSADkmHpsw4owU0JUOEXfhn","https:\/\/sk.wikipedia.org\/wiki\/Ka\u0161tie\u013e_v_Tom\u00e1\u0161ove"]}]}},"_links":{"self":[{"href":"https:\/\/www.hotelkastiel.sk\/en\/wp-json\/wp\/v2\/pages\/1888","targetHints":{"allow":["GET"]}}],"collection":[{"href":"https:\/\/www.hotelkastiel.sk\/en\/wp-json\/wp\/v2\/pages"}],"about":[{"href":"https:\/\/www.hotelkastiel.sk\/en\/wp-json\/wp\/v2\/types\/page"}],"author":[{"embeddable":true,"href":"https:\/\/www.hotelkastiel.sk\/en\/wp-json\/wp\/v2\/users\/5"}],"replies":[{"embeddable":true,"href":"https:\/\/www.hotelkastiel.sk\/en\/wp-json\/wp\/v2\/comments?post=1888"}],"version-history":[{"count":0,"href":"https:\/\/www.hotelkastiel.sk\/en\/wp-json\/wp\/v2\/pages\/1888\/revisions"}],"wp:attachment":[{"href":"https:\/\/www.hotelkastiel.sk\/en\/wp-json\/wp\/v2\/media?parent=1888"}],"curies":[{"name":"wp","href":"https:\/\/api.w.org\/{rel}","templated":true}]}}