{"id":1895,"date":"2018-10-10T08:13:10","date_gmt":"2018-10-10T08:13:10","guid":{"rendered":"https:\/\/www.hotelkastiel.sk\/?page_id=1895"},"modified":"2025-09-22T14:43:50","modified_gmt":"2025-09-22T13:43:50","slug":"bazen","status":"publish","type":"page","link":"https:\/\/www.hotelkastiel.sk\/en\/bazen\/","title":{"rendered":"Summer pool"},"content":{"rendered":"<div class=\"vc_row wpb_row vc_row-fluid\">\n\t\t\t\t\n<div class=\"wpb_column vc_column_container vc_col-sm-12 vc_col-lg-offset-2 vc_col-lg-8 vc_col-md-offset-2 vc_col-md-8\"><div class=\"vc_column-inner\"><div class=\"wpb_wrapper\"><div class=\"vc_empty_space\"   style=\"height: 52px\" ><span class=\"vc_empty_space_inner\"><\/span><\/div>\n\n\t<div class=\"wpb_text_column wpb_content_element\" >\n\t\t<div class=\"wpb_wrapper\">\n\t\t\t<div class=\"fleurdesel-heading vc_custom_1548943267242 text-center\">\n<p class=\"fleurdesel__meta font-600 text-color-1\">Summer pool in the historic English park<\/p>\n<h2 class=\"fleurdesel__title h1 fz-Default\">Heated summer pool<\/h2>\n<h2 class=\"fleurdesel__title h1 fz-Default\"><\/h2>\n<\/div>\n\n\t\t<\/div>\n\t<\/div>\n<div class=\"vc_empty_space\"   style=\"height: 52px\" ><span class=\"vc_empty_space_inner\"><\/span><\/div>\n<div class=\"vc_message_box vc_message_box-standard vc_message_box-rounded vc_color-info\" >\n\t<div class=\"vc_message_box-icon\"><i class=\"fa fa-info-circle\"><\/i>\n\t<\/div><p style=\"text-align: center;\"><b>SUMMER POOL CLOSED FOR SEASON 2025<\/b><\/p>\n<p style=\"text-align: center;\">Look forward to you in summer 2026<\/p>\n<\/div>\n\n\t<div class=\"wpb_text_column wpb_content_element  vc_custom_1726582791204\" >\n\t\t<div class=\"wpb_wrapper\">\n\t\t\t<h3 style=\"text-align: center;\">Price list<\/h3>\n<table style=\"height: 118px;\" width=\"843\">\n<tbody>\n<tr>\n<td width=\"317\">All day entry (4 -  \u221e years) - accommodated guest<\/td>\n<td width=\"176\">20 EUR*<\/td>\n<td width=\"181\">reservations via reception<\/td>\n<\/tr>\n<tr>\n<td>All day entry (4 \u2013 \u221e years) - external guest<\/td>\n<td>39 EUR*<\/td>\n<td>reservations online<\/td>\n<\/tr>\n<\/tbody>\n<\/table>\n<p>* Children under 3 years old (inclusive) have free access to the pool without the right to a sunbed.<\/p>\n<h3 style=\"text-align: center;\">Pool rental<\/h3>\n<p class=\"p1\"><span class=\"s1\">If you are interested, we offer you the option of renting the pool for the whole day - the entire area around the pool will be reserved only for you and your guests. For example, breakfast by the pool after the wedding or an evening summer party with a bar and grill are popular. We will also be happy to advise you on catering suitable for the pool, light salads, grilled vegetables and seasoned quality meat with refreshing drinks, such as Aperol Spritz, are popular.<\/span><\/p>\n<p class=\"p2\"><span class=\"s1\">For a tailor-made offer, contact our event managers at eventy@hotelkastiel.sk<\/span><\/p>\n\n\t\t<\/div>\n\t<\/div>\n<\/div><\/div><\/div><\/div><div class=\"vc_row wpb_row vc_row-fluid vc_custom_1718259268800\">\n\t\t\t\t\n<div class=\"wpb_column vc_column_container vc_col-sm-12\"><div class=\"vc_column-inner\"><div class=\"wpb_wrapper\"><div class=\"vc_empty_space\"   style=\"height: 52px\" ><span class=\"vc_empty_space_inner\"><\/span><\/div>\n<div class=\"fleurdesel-gallery\" data-init=\"gallery\">\r\n\t<div class=\"dropdown fleurdesel-gallery__filter font-1\" data-init=\"filter\">\r\n\t<button class=\"btn btn-secondary dropdown-toggle font-1\" hidden type=\"button\" data-toggle=\"dropdown\" aria-haspopup=\"true\" aria-expanded=\"false\">All<\/button>\r\n\t<div class=\"dropdown-menu\">\r\n\t\t<a class=\"dropdown-item current\" href=\"#\" data-filter=\"*\">All<\/a>\r\n\t\t\t\t\t\t<a class=\"dropdown-item\" href=\"#\" data-filter=\".group-0\"><\/a>\r\n\t\t\t<\/div>\r\n<\/div>\r\n<!-- \/.fleurdesel-gallery__filter -->\r\n\r\n<div class=\"fleurdesel-gallery__wrap clearfix\" data-init=\"isotope\" data-cols=\"4\" data-gap=\"30\" data-gallery=\"popup\">\r\n\t<div class=\"grid-sizer\"><\/div>\r\n\t\t\t<div class=\"fleurdesel-gallery__item group-0\" data-grid=\"grid-item\">\r\n\t\t<div class=\"fleurdesel-gallery__media\">\r\n \t\t\t<a href=\"https:\/\/www.hotelkastiel.sk\/wp-content\/uploads\/2019\/06\/20190624_183220.jpg\">\r\n\t\t\t\t<img loading=\"lazy\" decoding=\"async\" width=\"640\" height=\"500\" src=\"https:\/\/www.hotelkastiel.sk\/wp-content\/uploads\/2019\/06\/20190624_183220-640x500.jpg\" class=\"attachment-fleurdesel-medium size-fleurdesel-medium\" alt=\"Baz\u00e9n\" \/>\t\t\t<\/a>\r\n\t\t<\/div>\r\n\t\t<!-- \/.fleurdesel-gallery__media -->\r\n\r\n\t\t\t\t<!-- \/.fleurdesel-gallery__ -->\r\n\t<\/div>\r\n\t\t<div class=\"fleurdesel-gallery__item group-1\" data-grid=\"grid-item\">\r\n\t\t<div class=\"fleurdesel-gallery__media\">\r\n \t\t\t<a href=\"https:\/\/www.hotelkastiel.sk\/wp-content\/uploads\/2019\/07\/foto-Brano-Molnar_DSC8060.jpg\">\r\n\t\t\t\t<img loading=\"lazy\" decoding=\"async\" width=\"640\" height=\"500\" src=\"https:\/\/www.hotelkastiel.sk\/wp-content\/uploads\/2019\/07\/foto-Brano-Molnar_DSC8060-640x500.jpg\" class=\"attachment-fleurdesel-medium size-fleurdesel-medium\" alt=\"Baz\u00e9n pri ka\u0161tieli\" \/>\t\t\t<\/a>\r\n\t\t<\/div>\r\n\t\t<!-- \/.fleurdesel-gallery__media -->\r\n\r\n\t\t\t\t<!-- \/.fleurdesel-gallery__ -->\r\n\t<\/div>\r\n\t\t<div class=\"fleurdesel-gallery__item group-2\" data-grid=\"grid-item\">\r\n\t\t<div class=\"fleurdesel-gallery__media\">\r\n \t\t\t<a href=\"https:\/\/www.hotelkastiel.sk\/wp-content\/uploads\/2019\/06\/IMG_5695.jpg\">\r\n\t\t\t\t<img loading=\"lazy\" decoding=\"async\" width=\"640\" height=\"500\" src=\"https:\/\/www.hotelkastiel.sk\/wp-content\/uploads\/2019\/06\/IMG_5695-640x500.jpg\" class=\"attachment-fleurdesel-medium size-fleurdesel-medium\" alt=\"Le\u017eadl\u00e1 pri baz\u00e9ne\" \/>\t\t\t<\/a>\r\n\t\t<\/div>\r\n\t\t<!-- \/.fleurdesel-gallery__media -->\r\n\r\n\t\t\t\t<!-- \/.fleurdesel-gallery__ -->\r\n\t<\/div>\r\n\t\t<div class=\"fleurdesel-gallery__item group-3\" data-grid=\"grid-item\">\r\n\t\t<div class=\"fleurdesel-gallery__media\">\r\n \t\t\t<a href=\"https:\/\/www.hotelkastiel.sk\/wp-content\/uploads\/2019\/06\/IMG_5734.jpg\">\r\n\t\t\t\t<img loading=\"lazy\" decoding=\"async\" width=\"640\" height=\"500\" src=\"https:\/\/www.hotelkastiel.sk\/wp-content\/uploads\/2019\/06\/IMG_5734-640x500.jpg\" class=\"attachment-fleurdesel-medium size-fleurdesel-medium\" alt=\"Le\u017eadl\u00e1 pri baz\u00e9ne\" \/>\t\t\t<\/a>\r\n\t\t<\/div>\r\n\t\t<!-- \/.fleurdesel-gallery__media -->\r\n\r\n\t\t\t\t<!-- \/.fleurdesel-gallery__ -->\r\n\t<\/div>\r\n\t\t<div class=\"fleurdesel-gallery__item group-4\" data-grid=\"grid-item\">\r\n\t\t<div class=\"fleurdesel-gallery__media\">\r\n \t\t\t<a href=\"https:\/\/www.hotelkastiel.sk\/wp-content\/uploads\/2019\/07\/foto-Brano-Molnar_DSC8069.jpg\">\r\n\t\t\t\t<img loading=\"lazy\" decoding=\"async\" width=\"640\" height=\"500\" src=\"https:\/\/www.hotelkastiel.sk\/wp-content\/uploads\/2019\/07\/foto-Brano-Molnar_DSC8069-640x500.jpg\" class=\"attachment-fleurdesel-medium size-fleurdesel-medium\" alt=\"Baz\u00e9n pri ka\u0161tieli\" \/>\t\t\t<\/a>\r\n\t\t<\/div>\r\n\t\t<!-- \/.fleurdesel-gallery__media -->\r\n\r\n\t\t\t\t<!-- \/.fleurdesel-gallery__ -->\r\n\t<\/div>\r\n\t\t<div class=\"fleurdesel-gallery__item group-5\" data-grid=\"grid-item\">\r\n\t\t<div class=\"fleurdesel-gallery__media\">\r\n \t\t\t<a href=\"https:\/\/www.hotelkastiel.sk\/wp-content\/uploads\/2023\/06\/Vir-scaled.jpg\">\r\n\t\t\t\t<img loading=\"lazy\" decoding=\"async\" width=\"640\" height=\"500\" src=\"https:\/\/www.hotelkastiel.sk\/wp-content\/uploads\/2023\/06\/Vir-640x500.jpg\" class=\"attachment-fleurdesel-medium size-fleurdesel-medium\" alt=\"\" \/>\t\t\t<\/a>\r\n\t\t<\/div>\r\n\t\t<!-- \/.fleurdesel-gallery__media -->\r\n\r\n\t\t\t\t<!-- \/.fleurdesel-gallery__ -->\r\n\t<\/div>\r\n\t\t<!-- \/.fleurdesel-gallery__item -->\r\n\r\n<\/div>\r\n<\/div>\r\n<\/div><\/div><\/div><\/div><div class=\"vc_row wpb_row vc_row-fluid\">\n\t\t\t\t\n<div class=\"wpb_column vc_column_container vc_col-sm-12\"><div class=\"vc_column-inner\"><div class=\"wpb_wrapper\"><\/div><\/div><\/div><\/div><div class=\"vc_row wpb_row vc_row-fluid\">\n\t\t\t\t\n<div class=\"wpb_column vc_column_container vc_col-sm-12\"><div class=\"vc_column-inner\"><div class=\"wpb_wrapper\"><\/div><\/div><\/div><\/div>","protected":false},"excerpt":{"rendered":"Letn\u00fd baz\u00e9n priamo v historickom anglickom parku Vyhrievan\u00fd letn\u00fd baz\u00e9n PREV\u00c1DZKA LETN\u00c9HO BAZ\u00c9NA PRE ROK 2025 UKON\u010cEN\u00c1 \u010eakujeme za Va\u0161u priaze\u0148 a te\u0161\u00edme sa na V\u00e1s v lete 2026 Cenn\u00edk Celodenn\u00fd vstup (4 - \u221e rokov) - ubytovan\u00fd hos\u0165 20 EUR* rezerv\u00e1cie cez recepciu Celodenn\u00fd vstup (4 - \u221e rokov) - extern\u00fd hos\u0165 39 EUR* [...]","protected":false},"author":5,"featured_media":0,"parent":0,"menu_order":0,"comment_status":"closed","ping_status":"closed","template":"templates\/page-builder.php","meta":{"footnotes":""},"class_list":["post-1895","page","type-page","status-publish","hentry"],"yoast_head":"<!-- This site is optimized with the Yoast SEO plugin v27.5 - https:\/\/yoast.com\/product\/yoast-seo-wordpress\/ -->\n<title>Letn\u00fd baz\u00e9n - Art Hotel Ka\u0161tie\u013e, Tom\u00e1\u0161ov<\/title>\n<meta name=\"description\" content=\"Letn\u00fd baz\u00e9n v Art Hoteli Ka\u0161tie\u013e v Tom\u00e1\u0161ove. S\u00fa\u010das\u0165ou bal\u00edka Resort Acitivity, rezervova\u0165 miesto si m\u00f4\u017eete aj online na na\u0161om webe.\" \/>\n<meta name=\"robots\" content=\"index, follow, max-snippet:-1, max-image-preview:large, max-video-preview:-1\" \/>\n<link rel=\"canonical\" href=\"https:\/\/www.hotelkastiel.sk\/en\/bazen\/\" \/>\n<meta property=\"og:locale\" content=\"en_GB\" \/>\n<meta property=\"og:type\" content=\"article\" \/>\n<meta property=\"og:title\" content=\"Letn\u00fd baz\u00e9n - Art Hotel Ka\u0161tie\u013e, Tom\u00e1\u0161ov\" \/>\n<meta property=\"og:description\" content=\"Letn\u00fd baz\u00e9n v Art Hoteli Ka\u0161tie\u013e v Tom\u00e1\u0161ove. S\u00fa\u010das\u0165ou bal\u00edka Resort Acitivity, rezervova\u0165 miesto si m\u00f4\u017eete aj online na na\u0161om webe.\" \/>\n<meta property=\"og:url\" content=\"https:\/\/www.hotelkastiel.sk\/en\/bazen\/\" \/>\n<meta property=\"og:site_name\" content=\"Art Hotel Ka\u0161tie\u013e, Tom\u00e1\u0161ov\" \/>\n<meta property=\"article:publisher\" content=\"http:\/\/facebook.com\/hotelkastiel\/\" \/>\n<meta property=\"article:modified_time\" content=\"2025-09-22T13:43:50+00:00\" \/>\n<meta name=\"twitter:label1\" content=\"Estimated reading time\" \/>\n\t<meta name=\"twitter:data1\" content=\"1 minute\" \/>\n<script type=\"application\/ld+json\" class=\"yoast-schema-graph\">{\"@context\":\"https:\\\/\\\/schema.org\",\"@graph\":[{\"@type\":\"WebPage\",\"@id\":\"https:\\\/\\\/www.hotelkastiel.sk\\\/bazen\\\/\",\"url\":\"https:\\\/\\\/www.hotelkastiel.sk\\\/bazen\\\/\",\"name\":\"Letn\u00fd baz\u00e9n - Art Hotel Ka\u0161tie\u013e, Tom\u00e1\u0161ov\",\"isPartOf\":{\"@id\":\"https:\\\/\\\/www.hotelkastiel.sk\\\/#website\"},\"datePublished\":\"2018-10-10T08:13:10+00:00\",\"dateModified\":\"2025-09-22T13:43:50+00:00\",\"description\":\"Letn\u00fd baz\u00e9n v Art Hoteli Ka\u0161tie\u013e v Tom\u00e1\u0161ove. S\u00fa\u010das\u0165ou bal\u00edka Resort Acitivity, rezervova\u0165 miesto si m\u00f4\u017eete aj online na na\u0161om webe.\",\"breadcrumb\":{\"@id\":\"https:\\\/\\\/www.hotelkastiel.sk\\\/bazen\\\/#breadcrumb\"},\"inLanguage\":\"en-GB\",\"potentialAction\":[{\"@type\":\"ReadAction\",\"target\":[\"https:\\\/\\\/www.hotelkastiel.sk\\\/bazen\\\/\"]}]},{\"@type\":\"BreadcrumbList\",\"@id\":\"https:\\\/\\\/www.hotelkastiel.sk\\\/bazen\\\/#breadcrumb\",\"itemListElement\":[{\"@type\":\"ListItem\",\"position\":1,\"name\":\"Home\",\"item\":\"https:\\\/\\\/www.hotelkastiel.sk\\\/\"},{\"@type\":\"ListItem\",\"position\":2,\"name\":\"Letn\u00fd baz\u00e9n\"}]},{\"@type\":\"WebSite\",\"@id\":\"https:\\\/\\\/www.hotelkastiel.sk\\\/#website\",\"url\":\"https:\\\/\\\/www.hotelkastiel.sk\\\/\",\"name\":\"Art Hotel Ka\u0161tie\u013e, Tom\u00e1\u0161ov\",\"description\":\"\",\"publisher\":{\"@id\":\"https:\\\/\\\/www.hotelkastiel.sk\\\/#organization\"},\"potentialAction\":[{\"@type\":\"SearchAction\",\"target\":{\"@type\":\"EntryPoint\",\"urlTemplate\":\"https:\\\/\\\/www.hotelkastiel.sk\\\/?s={search_term_string}\"},\"query-input\":{\"@type\":\"PropertyValueSpecification\",\"valueRequired\":true,\"valueName\":\"search_term_string\"}}],\"inLanguage\":\"en-GB\"},{\"@type\":\"Organization\",\"@id\":\"https:\\\/\\\/www.hotelkastiel.sk\\\/#organization\",\"name\":\"Art Hotel Ka\u0161tie\u013e, Tom\u00e1\u0161ov\",\"url\":\"https:\\\/\\\/www.hotelkastiel.sk\\\/\",\"logo\":{\"@type\":\"ImageObject\",\"inLanguage\":\"en-GB\",\"@id\":\"https:\\\/\\\/www.hotelkastiel.sk\\\/#\\\/schema\\\/logo\\\/image\\\/\",\"url\":\"https:\\\/\\\/www.hotelkastiel.sk\\\/wp-content\\\/uploads\\\/2018\\\/07\\\/logo-header.png\",\"contentUrl\":\"https:\\\/\\\/www.hotelkastiel.sk\\\/wp-content\\\/uploads\\\/2018\\\/07\\\/logo-header.png\",\"width\":1289,\"height\":936,\"caption\":\"Art Hotel Ka\u0161tie\u013e, Tom\u00e1\u0161ov\"},\"image\":{\"@id\":\"https:\\\/\\\/www.hotelkastiel.sk\\\/#\\\/schema\\\/logo\\\/image\\\/\"},\"sameAs\":[\"http:\\\/\\\/facebook.com\\\/hotelkastiel\\\/\",\"http:\\\/\\\/instagram.com\\\/hotelkastiel\\\/\",\"https:\\\/\\\/www.linkedin.com\\\/company\\\/art-hotel-kastiel-tomasov\\\/?viewAsMember=true\",\"https:\\\/\\\/www.youtube.com\\\/playlist?list=PLvlDIzNKGgpSADkmHpsw4owU0JUOEXfhn\",\"https:\\\/\\\/sk.wikipedia.org\\\/wiki\\\/Ka\u0161tie\u013e_v_Tom\u00e1\u0161ove\"]}]}<\/script>\n<!-- \/ Yoast SEO plugin. -->","yoast_head_json":{"title":"Letn\u00fd baz\u00e9n - Art Hotel Ka\u0161tie\u013e, Tom\u00e1\u0161ov","description":"Letn\u00fd baz\u00e9n v Art Hoteli Ka\u0161tie\u013e v Tom\u00e1\u0161ove. S\u00fa\u010das\u0165ou bal\u00edka Resort Acitivity, rezervova\u0165 miesto si m\u00f4\u017eete aj online na na\u0161om webe.","robots":{"index":"index","follow":"follow","max-snippet":"max-snippet:-1","max-image-preview":"max-image-preview:large","max-video-preview":"max-video-preview:-1"},"canonical":"https:\/\/www.hotelkastiel.sk\/en\/bazen\/","og_locale":"en_GB","og_type":"article","og_title":"Letn\u00fd baz\u00e9n - Art Hotel Ka\u0161tie\u013e, Tom\u00e1\u0161ov","og_description":"Letn\u00fd baz\u00e9n v Art Hoteli Ka\u0161tie\u013e v Tom\u00e1\u0161ove. S\u00fa\u010das\u0165ou bal\u00edka Resort Acitivity, rezervova\u0165 miesto si m\u00f4\u017eete aj online na na\u0161om webe.","og_url":"https:\/\/www.hotelkastiel.sk\/en\/bazen\/","og_site_name":"Art Hotel Ka\u0161tie\u013e, Tom\u00e1\u0161ov","article_publisher":"http:\/\/facebook.com\/hotelkastiel\/","article_modified_time":"2025-09-22T13:43:50+00:00","twitter_misc":{"Estimated reading time":"1 minute"},"schema":{"@context":"https:\/\/schema.org","@graph":[{"@type":"WebPage","@id":"https:\/\/www.hotelkastiel.sk\/bazen\/","url":"https:\/\/www.hotelkastiel.sk\/bazen\/","name":"Letn\u00fd baz\u00e9n - Art Hotel Ka\u0161tie\u013e, Tom\u00e1\u0161ov","isPartOf":{"@id":"https:\/\/www.hotelkastiel.sk\/#website"},"datePublished":"2018-10-10T08:13:10+00:00","dateModified":"2025-09-22T13:43:50+00:00","description":"Letn\u00fd baz\u00e9n v Art Hoteli Ka\u0161tie\u013e v Tom\u00e1\u0161ove. S\u00fa\u010das\u0165ou bal\u00edka Resort Acitivity, rezervova\u0165 miesto si m\u00f4\u017eete aj online na na\u0161om webe.","breadcrumb":{"@id":"https:\/\/www.hotelkastiel.sk\/bazen\/#breadcrumb"},"inLanguage":"en-GB","potentialAction":[{"@type":"ReadAction","target":["https:\/\/www.hotelkastiel.sk\/bazen\/"]}]},{"@type":"BreadcrumbList","@id":"https:\/\/www.hotelkastiel.sk\/bazen\/#breadcrumb","itemListElement":[{"@type":"ListItem","position":1,"name":"Home","item":"https:\/\/www.hotelkastiel.sk\/"},{"@type":"ListItem","position":2,"name":"Letn\u00fd baz\u00e9n"}]},{"@type":"WebSite","@id":"https:\/\/www.hotelkastiel.sk\/#website","url":"https:\/\/www.hotelkastiel.sk\/","name":"Art Hotel Ka\u0161tie\u013e, Tom\u00e1\u0161ov","description":"","publisher":{"@id":"https:\/\/www.hotelkastiel.sk\/#organization"},"potentialAction":[{"@type":"SearchAction","target":{"@type":"EntryPoint","urlTemplate":"https:\/\/www.hotelkastiel.sk\/?s={search_term_string}"},"query-input":{"@type":"PropertyValueSpecification","valueRequired":true,"valueName":"search_term_string"}}],"inLanguage":"en-GB"},{"@type":"Organization","@id":"https:\/\/www.hotelkastiel.sk\/#organization","name":"Art Hotel Ka\u0161tie\u013e, Tom\u00e1\u0161ov","url":"https:\/\/www.hotelkastiel.sk\/","logo":{"@type":"ImageObject","inLanguage":"en-GB","@id":"https:\/\/www.hotelkastiel.sk\/#\/schema\/logo\/image\/","url":"https:\/\/www.hotelkastiel.sk\/wp-content\/uploads\/2018\/07\/logo-header.png","contentUrl":"https:\/\/www.hotelkastiel.sk\/wp-content\/uploads\/2018\/07\/logo-header.png","width":1289,"height":936,"caption":"Art Hotel Ka\u0161tie\u013e, Tom\u00e1\u0161ov"},"image":{"@id":"https:\/\/www.hotelkastiel.sk\/#\/schema\/logo\/image\/"},"sameAs":["http:\/\/facebook.com\/hotelkastiel\/","http:\/\/instagram.com\/hotelkastiel\/","https:\/\/www.linkedin.com\/company\/art-hotel-kastiel-tomasov\/?viewAsMember=true","https:\/\/www.youtube.com\/playlist?list=PLvlDIzNKGgpSADkmHpsw4owU0JUOEXfhn","https:\/\/sk.wikipedia.org\/wiki\/Ka\u0161tie\u013e_v_Tom\u00e1\u0161ove"]}]}},"_links":{"self":[{"href":"https:\/\/www.hotelkastiel.sk\/en\/wp-json\/wp\/v2\/pages\/1895","targetHints":{"allow":["GET"]}}],"collection":[{"href":"https:\/\/www.hotelkastiel.sk\/en\/wp-json\/wp\/v2\/pages"}],"about":[{"href":"https:\/\/www.hotelkastiel.sk\/en\/wp-json\/wp\/v2\/types\/page"}],"author":[{"embeddable":true,"href":"https:\/\/www.hotelkastiel.sk\/en\/wp-json\/wp\/v2\/users\/5"}],"replies":[{"embeddable":true,"href":"https:\/\/www.hotelkastiel.sk\/en\/wp-json\/wp\/v2\/comments?post=1895"}],"version-history":[{"count":0,"href":"https:\/\/www.hotelkastiel.sk\/en\/wp-json\/wp\/v2\/pages\/1895\/revisions"}],"wp:attachment":[{"href":"https:\/\/www.hotelkastiel.sk\/en\/wp-json\/wp\/v2\/media?parent=1895"}],"curies":[{"name":"wp","href":"https:\/\/api.w.org\/{rel}","templated":true}]}}