{"id":1928,"date":"2018-10-10T08:37:07","date_gmt":"2018-10-10T08:37:07","guid":{"rendered":"https:\/\/www.hotelkastiel.sk\/?page_id=1928"},"modified":"2020-06-26T09:42:01","modified_gmt":"2020-06-26T08:42:01","slug":"historia","status":"publish","type":"page","link":"https:\/\/www.hotelkastiel.sk\/en\/historia\/","title":{"rendered":"History"},"content":{"rendered":"<div class=\"vc_row wpb_row vc_row-fluid\">\n\t\t\t\t\n<div class=\"wpb_column vc_column_container vc_col-sm-12 vc_col-lg-offset-2 vc_col-lg-8\"><div class=\"vc_column-inner\"><div class=\"wpb_wrapper\"><div class=\"vc_empty_space\"   style=\"height: 52px\" ><span class=\"vc_empty_space_inner\"><\/span><\/div>\n\n\t<div class=\"wpb_text_column wpb_content_element\" >\n\t\t<div class=\"wpb_wrapper\">\n\t\t\t<div class=\"fleurdesel-heading text-center\">\n<p class=\"fleurdesel__meta font-600 text-color-1\">Three centuries under one roof<\/p>\n<h2 class=\"fleurdesel__title h1 fz-Default\">History<\/h2>\n<\/div>\n\n\t\t<\/div>\n\t<\/div>\n<div class=\"vc_empty_space\"   style=\"height: 52px\" ><span class=\"vc_empty_space_inner\"><\/span><\/div>\n\n\t<div class=\"wpb_text_column wpb_content_element\" >\n\t\t<div class=\"wpb_wrapper\">\n\t\t\t<div style=\"line-height: 1.875;\">\n<p>Art Hotel Ka\u0161tie\u013e is not a typical hotel facility. It was created 250 years ago as a rural noble residence, which was built in the style of the classicizing Austrian Baroque in the years 1766-1769 by Baron J\u00e1n Jesen\u00e1k on his previously purchased estate.<\/p>\n<p>The three-winged manor house with an honorable courtyard stood on the edge of the village of F\u00e9l, today Tom\u00e1\u0161ov, on a hill called Majorh\u00e1za \u2013 Farm, rising in the middle of a fertile plain surrounded by a floodplain forest and the meandering riverbed of the Little Danube. A large landscaped park, which was created from a floodplain forest and still surrounds it today, became part of the manor house.<\/p>\n<\/div>\n\n\t\t<\/div>\n\t<\/div>\n\n\t<div class=\"wpb_text_column wpb_content_element\" >\n\t\t<div class=\"wpb_wrapper\">\n\t\t\t<div style=\"line-height: 1.875;\">\n<p>During the reconstruction of the historical building into hotel facilities, wall paintings of former manor salons were discovered under the layers of plaster. The most interesting of them was, as stated by the traveler Gottfried Rottenstein in his bedekri published in 1784, the graphic cabinet. Its walls were decorated with picture frames painted with an illusive technique, into which graphic sheets from Dutch painters were pasted.<\/p>\n<h3>Change of ownership<\/h3>\n<p>In the following years, the manor was owned by the noble families Dra\u0161k\u00f3ci, Vay and Strasser, who renovated the building in the spirit of fashionable styles. At the turn of the 19th and 20th centuries, on the initiative of Klement\u00edna Vayov\u00e1, a chapel was added to the eastern wing of the manor house, which was restored and re-dedicated to the Guardian Angel during other adaptations of the manor house.<\/p>\n<p>In 1908, the Strassers became the owners of the Tom\u00e1\u0161ov manor and manor, who established a military hospital in the manor during the First World War. After the end of the tragic events of the war, the mansion burned down. Fortunately, the restoration of the ancient noble residence did not disturb its baroque appearance. On the contrary, she respected him and strengthened him even more. Modifications significantly affected only the interior, which was marked by Art Deco fashion and is still preserved today in the manor's arts and crafts equipment.<\/p>\n<h3>Nationalization of the mansion<\/h3>\n<p>After nationalization in 1948, the manor house became the property of the state and was used by the Social Welfare Commission. This established a correctional and educational institution for maladjusted youth in it. The mansion was modified for a new use that did not respect its historical development and internal layout. The ground-floor side wings of the mansion were purposefully extended by one floor, which created the necessary spaces for the establishment of classrooms and boarding rooms. Fortunately, the superstructure of the building was designed with sensitivity and organically merged with the historical building.<\/p>\n<p>In 1991, the mansion was returned to the last owner, the Strassers, in accordance with the Restitution Act. In 2005, they sold it to new owners, who adapted the dilapidated historical building into high-standard hotel facilities and sensitively restored all its artistic, stylistic and aesthetic values, which had been devastated and disappeared over the years. They returned it to its former glory and unadulterated aristocratic luxury.<\/p>\n<\/div>\n<div style=\"line-height: 1.875;\">\n<div class=\"issuuembed\" style=\"width: 100%; height: 565px;\" data-configid=\"36552298\/67249665\">\u00a0<\/div>\n<p><script type=\"text\/javascript\" src=\"\/\/e.issuu.com\/embed.js\" async=\"true\"><\/script><\/p>\n<\/div>\n\n\t\t<\/div>\n\t<\/div>\n<div class=\"vc_empty_space\"   style=\"height: 32px\" ><span class=\"vc_empty_space_inner\"><\/span><\/div>\n<div class=\"fleurdesel-gallery\" data-init=\"gallery\">\r\n\t<div class=\"dropdown fleurdesel-gallery__filter font-1\" data-init=\"filter\">\r\n\t<button class=\"btn btn-secondary dropdown-toggle font-1\" hidden type=\"button\" data-toggle=\"dropdown\" aria-haspopup=\"true\" aria-expanded=\"false\">All<\/button>\r\n\t<div class=\"dropdown-menu\">\r\n\t\t<a class=\"dropdown-item current\" href=\"#\" data-filter=\"*\">All<\/a>\r\n\t\t\t\t\t\t<a class=\"dropdown-item\" href=\"#\" data-filter=\".group-0\"><\/a>\r\n\t\t\t<\/div>\r\n<\/div>\r\n<!-- \/.fleurdesel-gallery__filter -->\r\n\r\n<div class=\"fleurdesel-gallery__wrap clearfix\" data-init=\"isotope\" data-cols=\"4\" data-gap=\"30\" data-gallery=\"popup\">\r\n\t<div class=\"grid-sizer\"><\/div>\r\n\t\t\t<div class=\"fleurdesel-gallery__item group-0\" data-grid=\"grid-item\">\r\n\t\t<div class=\"fleurdesel-gallery__media\">\r\n \t\t\t<a href=\"https:\/\/www.hotelkastiel.sk\/wp-content\/uploads\/2019\/01\/20181201230035-9ba0abbe-me.jpg\">\r\n\t\t\t\t<img loading=\"lazy\" decoding=\"async\" width=\"640\" height=\"495\" src=\"https:\/\/www.hotelkastiel.sk\/wp-content\/uploads\/2019\/01\/20181201230035-9ba0abbe-me-640x495.jpg\" class=\"attachment-fleurdesel-medium size-fleurdesel-medium\" alt=\"\" \/>\t\t\t<\/a>\r\n\t\t<\/div>\r\n\t\t<!-- \/.fleurdesel-gallery__media -->\r\n\r\n\t\t\t\t<!-- \/.fleurdesel-gallery__ -->\r\n\t<\/div>\r\n\t\t<div class=\"fleurdesel-gallery__item group-1\" data-grid=\"grid-item\">\r\n\t\t<div class=\"fleurdesel-gallery__media\">\r\n \t\t\t<a href=\"https:\/\/www.hotelkastiel.sk\/wp-content\/uploads\/2019\/01\/20141212134939-3e570256.png\">\r\n\t\t\t\t<img loading=\"lazy\" decoding=\"async\" width=\"339\" height=\"240\" src=\"https:\/\/www.hotelkastiel.sk\/wp-content\/uploads\/2019\/01\/20141212134939-3e570256.png\" class=\"attachment-fleurdesel-medium size-fleurdesel-medium\" alt=\"\" srcset=\"https:\/\/www.hotelkastiel.sk\/wp-content\/uploads\/2019\/01\/20141212134939-3e570256.png 339w, https:\/\/www.hotelkastiel.sk\/wp-content\/uploads\/2019\/01\/20141212134939-3e570256-300x212.png 300w\" sizes=\"auto, (max-width: 339px) 100vw, 339px\" \/>\t\t\t<\/a>\r\n\t\t<\/div>\r\n\t\t<!-- \/.fleurdesel-gallery__media -->\r\n\r\n\t\t\t\t<!-- \/.fleurdesel-gallery__ -->\r\n\t<\/div>\r\n\t\t<div class=\"fleurdesel-gallery__item group-2\" data-grid=\"grid-item\">\r\n\t\t<div class=\"fleurdesel-gallery__media\">\r\n \t\t\t<a href=\"https:\/\/www.hotelkastiel.sk\/wp-content\/uploads\/2019\/01\/2-9.jpg\">\r\n\t\t\t\t<img loading=\"lazy\" decoding=\"async\" width=\"640\" height=\"500\" src=\"https:\/\/www.hotelkastiel.sk\/wp-content\/uploads\/2019\/01\/2-9-640x500.jpg\" class=\"attachment-fleurdesel-medium size-fleurdesel-medium\" alt=\"\" \/>\t\t\t<\/a>\r\n\t\t<\/div>\r\n\t\t<!-- \/.fleurdesel-gallery__media -->\r\n\r\n\t\t\t\t<!-- \/.fleurdesel-gallery__ -->\r\n\t<\/div>\r\n\t\t<div class=\"fleurdesel-gallery__item group-3\" data-grid=\"grid-item\">\r\n\t\t<div class=\"fleurdesel-gallery__media\">\r\n \t\t\t<a href=\"https:\/\/www.hotelkastiel.sk\/wp-content\/uploads\/2019\/01\/20141212130051-82f59641-me.png\">\r\n\t\t\t\t<img loading=\"lazy\" decoding=\"async\" width=\"640\" height=\"500\" src=\"https:\/\/www.hotelkastiel.sk\/wp-content\/uploads\/2019\/01\/20141212130051-82f59641-me-640x500.png\" class=\"attachment-fleurdesel-medium size-fleurdesel-medium\" alt=\"\" \/>\t\t\t<\/a>\r\n\t\t<\/div>\r\n\t\t<!-- \/.fleurdesel-gallery__media -->\r\n\r\n\t\t\t\t<!-- \/.fleurdesel-gallery__ -->\r\n\t<\/div>\r\n\t\t<div class=\"fleurdesel-gallery__item group-4\" data-grid=\"grid-item\">\r\n\t\t<div class=\"fleurdesel-gallery__media\">\r\n \t\t\t<a href=\"https:\/\/www.hotelkastiel.sk\/wp-content\/uploads\/2019\/01\/20141212130050-16cdd2b4.jpg\">\r\n\t\t\t\t<img loading=\"lazy\" decoding=\"async\" width=\"306\" height=\"204\" src=\"https:\/\/www.hotelkastiel.sk\/wp-content\/uploads\/2019\/01\/20141212130050-16cdd2b4.jpg\" class=\"attachment-fleurdesel-medium size-fleurdesel-medium\" alt=\"\" srcset=\"https:\/\/www.hotelkastiel.sk\/wp-content\/uploads\/2019\/01\/20141212130050-16cdd2b4.jpg 306w, https:\/\/www.hotelkastiel.sk\/wp-content\/uploads\/2019\/01\/20141212130050-16cdd2b4-300x200.jpg 300w\" sizes=\"auto, (max-width: 306px) 100vw, 306px\" \/>\t\t\t<\/a>\r\n\t\t<\/div>\r\n\t\t<!-- \/.fleurdesel-gallery__media -->\r\n\r\n\t\t\t\t<!-- \/.fleurdesel-gallery__ -->\r\n\t<\/div>\r\n\t\t<div class=\"fleurdesel-gallery__item group-5\" data-grid=\"grid-item\">\r\n\t\t<div class=\"fleurdesel-gallery__media\">\r\n \t\t\t<a href=\"https:\/\/www.hotelkastiel.sk\/wp-content\/uploads\/2019\/01\/5-5.jpg\">\r\n\t\t\t\t<img loading=\"lazy\" decoding=\"async\" width=\"600\" height=\"500\" src=\"https:\/\/www.hotelkastiel.sk\/wp-content\/uploads\/2019\/01\/5-5-600x500.jpg\" class=\"attachment-fleurdesel-medium size-fleurdesel-medium\" alt=\"\" \/>\t\t\t<\/a>\r\n\t\t<\/div>\r\n\t\t<!-- \/.fleurdesel-gallery__media -->\r\n\r\n\t\t\t\t<!-- \/.fleurdesel-gallery__ -->\r\n\t<\/div>\r\n\t\t<!-- \/.fleurdesel-gallery__item -->\r\n\r\n<\/div>\r\n<\/div>\r\n\n\t<div class=\"wpb_text_column wpb_content_element\" >\n\t\t<div class=\"wpb_wrapper\">\n\t\t\t<h3>Guided tours of the mansion<\/h3>\n<p>You can learn more about the history of the manor house on one of the tours of the manor premises, including expert historical interpretation, which are held several times a year on various occasions. If you are interested in a guided tour outside of these dates, please contact us.<\/p>\n\n\t\t<\/div>\n\t<\/div>\n<div class=\"vc_empty_space\"   style=\"height: 32px\" ><span class=\"vc_empty_space_inner\"><\/span><\/div>\n<\/div><\/div><\/div><\/div>","protected":false},"excerpt":{"rendered":"Tri storo\u010dia pod jednou strechou Hist\u00f3ria Art Hotel Ka\u0161tie\u013e nie je typick\u00fdm hotelov\u00fdm zariaden\u00edm. Vznikol pred 250 rokmi ako vidiecke \u0161\u013eachtick\u00e9 s\u00eddlo, ktor\u00e9 si dal v \u0161t\u00fdle klasicizuj\u00faceho rak\u00faskeho baroka postavi\u0165 v rokoch 1766 - 1769 bar\u00f3n J\u00e1n Jesen\u00e1k na svojom d\u00e1vnej\u0161ie k\u00fapenom panstve. Trojkr\u00eddlov\u00fd ka\u0161tie\u013e s \u010destn\u00fdm n\u00e1dvor\u00edm vystaval na okraji dedinky F\u00e9l, dnes [...]","protected":false},"author":5,"featured_media":0,"parent":0,"menu_order":0,"comment_status":"closed","ping_status":"closed","template":"templates\/page-builder.php","meta":{"footnotes":""},"class_list":["post-1928","page","type-page","status-publish","hentry"],"yoast_head":"<!-- This site is optimized with the Yoast SEO plugin v27.5 - https:\/\/yoast.com\/product\/yoast-seo-wordpress\/ -->\n<title>Hist\u00f3ria - Art Hotel Ka\u0161tie\u013e, Tom\u00e1\u0161ov<\/title>\n<meta name=\"description\" content=\"Bohat\u00e1 hist\u00f3ria. Ka\u0161tie\u013e v Tom\u00e1\u0161ove dal postavi\u0165 v rokoch 1766 - 1769 bar\u00f3n J\u00e1n Jesen\u00e1k v \u0161t\u00fdle klasicizuj\u00faceho rak\u00faskeho baroka na svojom d\u00e1vnej\u0161ie k\u00fapenom panstve.\" \/>\n<meta name=\"robots\" content=\"index, follow, max-snippet:-1, max-image-preview:large, max-video-preview:-1\" \/>\n<link rel=\"canonical\" href=\"https:\/\/www.hotelkastiel.sk\/en\/historia\/\" \/>\n<meta property=\"og:locale\" content=\"en_GB\" \/>\n<meta property=\"og:type\" content=\"article\" \/>\n<meta property=\"og:title\" content=\"Hist\u00f3ria - Art Hotel Ka\u0161tie\u013e, Tom\u00e1\u0161ov\" \/>\n<meta property=\"og:description\" content=\"Bohat\u00e1 hist\u00f3ria. Ka\u0161tie\u013e v Tom\u00e1\u0161ove dal postavi\u0165 v rokoch 1766 - 1769 bar\u00f3n J\u00e1n Jesen\u00e1k v \u0161t\u00fdle klasicizuj\u00faceho rak\u00faskeho baroka na svojom d\u00e1vnej\u0161ie k\u00fapenom panstve.\" \/>\n<meta property=\"og:url\" content=\"https:\/\/www.hotelkastiel.sk\/en\/historia\/\" \/>\n<meta property=\"og:site_name\" content=\"Art Hotel Ka\u0161tie\u013e, Tom\u00e1\u0161ov\" \/>\n<meta property=\"article:publisher\" content=\"http:\/\/facebook.com\/hotelkastiel\/\" \/>\n<meta property=\"article:modified_time\" content=\"2020-06-26T08:42:01+00:00\" \/>\n<meta name=\"twitter:label1\" content=\"Estimated reading time\" \/>\n\t<meta name=\"twitter:data1\" content=\"3 minutes\" \/>\n<script type=\"application\/ld+json\" class=\"yoast-schema-graph\">{\"@context\":\"https:\\\/\\\/schema.org\",\"@graph\":[{\"@type\":\"WebPage\",\"@id\":\"https:\\\/\\\/www.hotelkastiel.sk\\\/historia\\\/\",\"url\":\"https:\\\/\\\/www.hotelkastiel.sk\\\/historia\\\/\",\"name\":\"Hist\u00f3ria - Art Hotel Ka\u0161tie\u013e, Tom\u00e1\u0161ov\",\"isPartOf\":{\"@id\":\"https:\\\/\\\/www.hotelkastiel.sk\\\/#website\"},\"datePublished\":\"2018-10-10T08:37:07+00:00\",\"dateModified\":\"2020-06-26T08:42:01+00:00\",\"description\":\"Bohat\u00e1 hist\u00f3ria. Ka\u0161tie\u013e v Tom\u00e1\u0161ove dal postavi\u0165 v rokoch 1766 - 1769 bar\u00f3n J\u00e1n Jesen\u00e1k v \u0161t\u00fdle klasicizuj\u00faceho rak\u00faskeho baroka na svojom d\u00e1vnej\u0161ie k\u00fapenom panstve.\",\"breadcrumb\":{\"@id\":\"https:\\\/\\\/www.hotelkastiel.sk\\\/historia\\\/#breadcrumb\"},\"inLanguage\":\"en-GB\",\"potentialAction\":[{\"@type\":\"ReadAction\",\"target\":[\"https:\\\/\\\/www.hotelkastiel.sk\\\/historia\\\/\"]}]},{\"@type\":\"BreadcrumbList\",\"@id\":\"https:\\\/\\\/www.hotelkastiel.sk\\\/historia\\\/#breadcrumb\",\"itemListElement\":[{\"@type\":\"ListItem\",\"position\":1,\"name\":\"Home\",\"item\":\"https:\\\/\\\/www.hotelkastiel.sk\\\/\"},{\"@type\":\"ListItem\",\"position\":2,\"name\":\"Hist\u00f3ria\"}]},{\"@type\":\"WebSite\",\"@id\":\"https:\\\/\\\/www.hotelkastiel.sk\\\/#website\",\"url\":\"https:\\\/\\\/www.hotelkastiel.sk\\\/\",\"name\":\"Art Hotel Ka\u0161tie\u013e, Tom\u00e1\u0161ov\",\"description\":\"\",\"publisher\":{\"@id\":\"https:\\\/\\\/www.hotelkastiel.sk\\\/#organization\"},\"potentialAction\":[{\"@type\":\"SearchAction\",\"target\":{\"@type\":\"EntryPoint\",\"urlTemplate\":\"https:\\\/\\\/www.hotelkastiel.sk\\\/?s={search_term_string}\"},\"query-input\":{\"@type\":\"PropertyValueSpecification\",\"valueRequired\":true,\"valueName\":\"search_term_string\"}}],\"inLanguage\":\"en-GB\"},{\"@type\":\"Organization\",\"@id\":\"https:\\\/\\\/www.hotelkastiel.sk\\\/#organization\",\"name\":\"Art Hotel Ka\u0161tie\u013e, Tom\u00e1\u0161ov\",\"url\":\"https:\\\/\\\/www.hotelkastiel.sk\\\/\",\"logo\":{\"@type\":\"ImageObject\",\"inLanguage\":\"en-GB\",\"@id\":\"https:\\\/\\\/www.hotelkastiel.sk\\\/#\\\/schema\\\/logo\\\/image\\\/\",\"url\":\"https:\\\/\\\/www.hotelkastiel.sk\\\/wp-content\\\/uploads\\\/2018\\\/07\\\/logo-header.png\",\"contentUrl\":\"https:\\\/\\\/www.hotelkastiel.sk\\\/wp-content\\\/uploads\\\/2018\\\/07\\\/logo-header.png\",\"width\":1289,\"height\":936,\"caption\":\"Art Hotel Ka\u0161tie\u013e, Tom\u00e1\u0161ov\"},\"image\":{\"@id\":\"https:\\\/\\\/www.hotelkastiel.sk\\\/#\\\/schema\\\/logo\\\/image\\\/\"},\"sameAs\":[\"http:\\\/\\\/facebook.com\\\/hotelkastiel\\\/\",\"http:\\\/\\\/instagram.com\\\/hotelkastiel\\\/\",\"https:\\\/\\\/www.linkedin.com\\\/company\\\/art-hotel-kastiel-tomasov\\\/?viewAsMember=true\",\"https:\\\/\\\/www.youtube.com\\\/playlist?list=PLvlDIzNKGgpSADkmHpsw4owU0JUOEXfhn\",\"https:\\\/\\\/sk.wikipedia.org\\\/wiki\\\/Ka\u0161tie\u013e_v_Tom\u00e1\u0161ove\"]}]}<\/script>\n<!-- \/ Yoast SEO plugin. -->","yoast_head_json":{"title":"Hist\u00f3ria - Art Hotel Ka\u0161tie\u013e, Tom\u00e1\u0161ov","description":"Bohat\u00e1 hist\u00f3ria. Ka\u0161tie\u013e v Tom\u00e1\u0161ove dal postavi\u0165 v rokoch 1766 - 1769 bar\u00f3n J\u00e1n Jesen\u00e1k v \u0161t\u00fdle klasicizuj\u00faceho rak\u00faskeho baroka na svojom d\u00e1vnej\u0161ie k\u00fapenom panstve.","robots":{"index":"index","follow":"follow","max-snippet":"max-snippet:-1","max-image-preview":"max-image-preview:large","max-video-preview":"max-video-preview:-1"},"canonical":"https:\/\/www.hotelkastiel.sk\/en\/historia\/","og_locale":"en_GB","og_type":"article","og_title":"Hist\u00f3ria - Art Hotel Ka\u0161tie\u013e, Tom\u00e1\u0161ov","og_description":"Bohat\u00e1 hist\u00f3ria. Ka\u0161tie\u013e v Tom\u00e1\u0161ove dal postavi\u0165 v rokoch 1766 - 1769 bar\u00f3n J\u00e1n Jesen\u00e1k v \u0161t\u00fdle klasicizuj\u00faceho rak\u00faskeho baroka na svojom d\u00e1vnej\u0161ie k\u00fapenom panstve.","og_url":"https:\/\/www.hotelkastiel.sk\/en\/historia\/","og_site_name":"Art Hotel Ka\u0161tie\u013e, Tom\u00e1\u0161ov","article_publisher":"http:\/\/facebook.com\/hotelkastiel\/","article_modified_time":"2020-06-26T08:42:01+00:00","twitter_misc":{"Estimated reading time":"3 minutes"},"schema":{"@context":"https:\/\/schema.org","@graph":[{"@type":"WebPage","@id":"https:\/\/www.hotelkastiel.sk\/historia\/","url":"https:\/\/www.hotelkastiel.sk\/historia\/","name":"Hist\u00f3ria - Art Hotel Ka\u0161tie\u013e, Tom\u00e1\u0161ov","isPartOf":{"@id":"https:\/\/www.hotelkastiel.sk\/#website"},"datePublished":"2018-10-10T08:37:07+00:00","dateModified":"2020-06-26T08:42:01+00:00","description":"Bohat\u00e1 hist\u00f3ria. Ka\u0161tie\u013e v Tom\u00e1\u0161ove dal postavi\u0165 v rokoch 1766 - 1769 bar\u00f3n J\u00e1n Jesen\u00e1k v \u0161t\u00fdle klasicizuj\u00faceho rak\u00faskeho baroka na svojom d\u00e1vnej\u0161ie k\u00fapenom panstve.","breadcrumb":{"@id":"https:\/\/www.hotelkastiel.sk\/historia\/#breadcrumb"},"inLanguage":"en-GB","potentialAction":[{"@type":"ReadAction","target":["https:\/\/www.hotelkastiel.sk\/historia\/"]}]},{"@type":"BreadcrumbList","@id":"https:\/\/www.hotelkastiel.sk\/historia\/#breadcrumb","itemListElement":[{"@type":"ListItem","position":1,"name":"Home","item":"https:\/\/www.hotelkastiel.sk\/"},{"@type":"ListItem","position":2,"name":"Hist\u00f3ria"}]},{"@type":"WebSite","@id":"https:\/\/www.hotelkastiel.sk\/#website","url":"https:\/\/www.hotelkastiel.sk\/","name":"Art Hotel Ka\u0161tie\u013e, Tom\u00e1\u0161ov","description":"","publisher":{"@id":"https:\/\/www.hotelkastiel.sk\/#organization"},"potentialAction":[{"@type":"SearchAction","target":{"@type":"EntryPoint","urlTemplate":"https:\/\/www.hotelkastiel.sk\/?s={search_term_string}"},"query-input":{"@type":"PropertyValueSpecification","valueRequired":true,"valueName":"search_term_string"}}],"inLanguage":"en-GB"},{"@type":"Organization","@id":"https:\/\/www.hotelkastiel.sk\/#organization","name":"Art Hotel Ka\u0161tie\u013e, Tom\u00e1\u0161ov","url":"https:\/\/www.hotelkastiel.sk\/","logo":{"@type":"ImageObject","inLanguage":"en-GB","@id":"https:\/\/www.hotelkastiel.sk\/#\/schema\/logo\/image\/","url":"https:\/\/www.hotelkastiel.sk\/wp-content\/uploads\/2018\/07\/logo-header.png","contentUrl":"https:\/\/www.hotelkastiel.sk\/wp-content\/uploads\/2018\/07\/logo-header.png","width":1289,"height":936,"caption":"Art Hotel Ka\u0161tie\u013e, Tom\u00e1\u0161ov"},"image":{"@id":"https:\/\/www.hotelkastiel.sk\/#\/schema\/logo\/image\/"},"sameAs":["http:\/\/facebook.com\/hotelkastiel\/","http:\/\/instagram.com\/hotelkastiel\/","https:\/\/www.linkedin.com\/company\/art-hotel-kastiel-tomasov\/?viewAsMember=true","https:\/\/www.youtube.com\/playlist?list=PLvlDIzNKGgpSADkmHpsw4owU0JUOEXfhn","https:\/\/sk.wikipedia.org\/wiki\/Ka\u0161tie\u013e_v_Tom\u00e1\u0161ove"]}]}},"_links":{"self":[{"href":"https:\/\/www.hotelkastiel.sk\/en\/wp-json\/wp\/v2\/pages\/1928","targetHints":{"allow":["GET"]}}],"collection":[{"href":"https:\/\/www.hotelkastiel.sk\/en\/wp-json\/wp\/v2\/pages"}],"about":[{"href":"https:\/\/www.hotelkastiel.sk\/en\/wp-json\/wp\/v2\/types\/page"}],"author":[{"embeddable":true,"href":"https:\/\/www.hotelkastiel.sk\/en\/wp-json\/wp\/v2\/users\/5"}],"replies":[{"embeddable":true,"href":"https:\/\/www.hotelkastiel.sk\/en\/wp-json\/wp\/v2\/comments?post=1928"}],"version-history":[{"count":0,"href":"https:\/\/www.hotelkastiel.sk\/en\/wp-json\/wp\/v2\/pages\/1928\/revisions"}],"wp:attachment":[{"href":"https:\/\/www.hotelkastiel.sk\/en\/wp-json\/wp\/v2\/media?parent=1928"}],"curies":[{"name":"wp","href":"https:\/\/api.w.org\/{rel}","templated":true}]}}