{"id":2294,"date":"2019-01-18T13:19:40","date_gmt":"2019-01-18T13:19:40","guid":{"rendered":"https:\/\/www.hotelkastiel.sk\/?page_id=2294"},"modified":"2022-10-04T13:05:38","modified_gmt":"2022-10-04T12:05:38","slug":"vinna-pivnica","status":"publish","type":"page","link":"https:\/\/www.hotelkastiel.sk\/en\/vinna-pivnica\/","title":{"rendered":"Wine Bar Sklep"},"content":{"rendered":"<div class=\"vc_row wpb_row vc_row-fluid\">\n\t\t\t\t\n<div class=\"wpb_column vc_column_container vc_col-sm-12 vc_col-lg-offset-2 vc_col-lg-8\"><div class=\"vc_column-inner\"><div class=\"wpb_wrapper\">\n\t<div class=\"wpb_text_column wpb_content_element\" >\n\t\t<div class=\"wpb_wrapper\">\n\t\t\t<p style=\"text-align: center;\"><strong>Wine Bar Sklep is available only for the pre-ordered tastings.<\/strong><\/p>\n\n\t\t<\/div>\n\t<\/div>\n<div class=\"vc_empty_space\"   style=\"height: 52px\" ><span class=\"vc_empty_space_inner\"><\/span><\/div>\n\n\t<div class=\"wpb_text_column wpb_content_element\" >\n\t\t<div class=\"wpb_wrapper\">\n\t\t\t<div class=\"fleurdesel-heading vc_custom_1547981006342 text-center\">\n<p class=\"fleurdesel__meta font-600 text-color-1\">Friendly meeting with your close ones, colleagues or even business partners accompanied by top Slovakian and foreign wines<\/p>\n<h2 class=\"fleurdesel__title h1 fz-Default\">Wine Bar Sklep<\/h2>\n<\/div>\n\n\t\t<\/div>\n\t<\/div>\n<div class=\"vc_empty_space\"   style=\"height: 52px\" ><span class=\"vc_empty_space_inner\"><\/span><\/div>\n\n\t<div class=\"wpb_text_column wpb_content_element  vc_custom_1547981019037\" >\n\t\t<div class=\"wpb_wrapper\">\n\t\t\t<p>The old vaulted brick cellars, today as in the past, are filled with the aroma of excellent branded Slovak and foreign wines. In the magical atmosphere of the centuries-old cellars, an unforgettable experience awaits you - charming flavors and irresistible vintages.<\/p>\n<p>For lovers of friendly meetings, creative conversations and seekers of truth (in wine), tastings of award-winning Slovak and foreign wines are prepared. Excellent still white, pink, red, dry, semi-dry and sweet wines of wonderful tastes and tones await you. Wine tasting in the stylish hotel Cellar and representative areas of the Art Hotel Ka\u0161tie\u013e will expand the tasting horizons of individuals and smaller groups. Meeting the beloved drink of the god of wine Bacchus will be an experience that you will be happy to return to. So that you can learn the wisdom hidden in a sip of the most delicious drink that nature has invented and prepared for us<\/p>\n\n\t\t<\/div>\n\t<\/div>\n<\/div><\/div><\/div><\/div><div class=\"vc_row wpb_row vc_row-fluid vc_custom_1491211579184\">\n\t\t\t\t\n<div class=\"wpb_column vc_column_container vc_col-sm-12 vc_col-lg-offset-1 vc_col-lg-4\"><div class=\"vc_column-inner vc_custom_1491277804068\"><div class=\"wpb_wrapper\">\n\t<div class=\"wpb_text_column wpb_content_element\" >\n\t\t<div class=\"wpb_wrapper\">\n\t\t\t<h5><strong>Wine tasting<\/strong><\/h5>\n<p>We only work with the best wine producers from the area of Mal\u00e9 Karpaty, who will introduce you to the awarded local and world-class wines. These tastings are available in Slovak, English or German language.<\/p>\n\n\t\t<\/div>\n\t<\/div>\n<\/div><\/div><\/div><div class=\"wpb_column vc_column_container vc_col-sm-12 vc_col-lg-1 vc_hidden-md vc_hidden-sm vc_hidden-xs vc_col-has-fill\"><div class=\"vc_column-inner vc_custom_1491277732828\"><div class=\"wpb_wrapper\"><\/div><\/div><\/div><div class=\"wpb_column vc_column_container vc_col-sm-12 vc_col-lg-1 vc_hidden-md vc_hidden-sm vc_hidden-xs\"><div class=\"vc_column-inner\"><div class=\"wpb_wrapper\"><\/div><\/div><\/div><div class=\"wpb_column vc_column_container vc_col-sm-12 vc_col-lg-4\"><div class=\"vc_column-inner\"><div class=\"wpb_wrapper\">\n\t<div class=\"wpb_text_column wpb_content_element\" >\n\t\t<div class=\"wpb_wrapper\">\n\t\t\t<h5><strong>Tasting of distillates <\/strong><\/h5>\n<p>Our experts will guide you through the selection of homemade distillates of the traditional Slovakian production alongside a selection of whiskies, rums and cigars.<\/p>\n\n\t\t<\/div>\n\t<\/div>\n<\/div><\/div><\/div><\/div><div class=\"vc_row wpb_row vc_row-fluid vc_custom_1491273670145\">\n\t\t\t\t\n<div class=\"wpb_column vc_column_container vc_col-sm-12\"><div class=\"vc_column-inner\"><div class=\"wpb_wrapper\">\n<div class=\"wpcf7 no-js\" id=\"wpcf7-f413-o1\" lang=\"en-US\" dir=\"ltr\" data-wpcf7-id=\"413\">\n<div class=\"screen-reader-response\"><p role=\"status\" aria-live=\"polite\" aria-atomic=\"true\"><\/p> <ul><\/ul><\/div>\n<form action=\"\/en\/wp-json\/wp\/v2\/pages\/2294#wpcf7-f413-o1\" method=\"post\" class=\"wpcf7-form init\" aria-label=\"Contact form\" novalidate=\"novalidate\" data-status=\"init\" data-trp-original-action=\"\/en\/wp-json\/wp\/v2\/pages\/2294#wpcf7-f413-o1\">\n<fieldset class=\"hidden-fields-container\"><input type=\"hidden\" name=\"_wpcf7\" value=\"413\" \/><input type=\"hidden\" name=\"_wpcf7_version\" value=\"6.1.5\" \/><input type=\"hidden\" name=\"_wpcf7_locale\" value=\"en_US\" \/><input type=\"hidden\" name=\"_wpcf7_unit_tag\" value=\"wpcf7-f413-o1\" \/><input type=\"hidden\" name=\"_wpcf7_container_post\" value=\"0\" \/><input type=\"hidden\" name=\"_wpcf7_posted_data_hash\" value=\"\" \/>\n<\/fieldset>\n<div class=\"fleurdesel-restaurant-form fleurdesel-style fleurdesel-style--active\">\n\t<div class=\"fleurdesel-style__wrap\">\n\t\t<div class=\"fleurdesel-heading text-center mb-30\">\n\t\t\t<div class=\"fleurdesel__meta font-600 text-color-1 text-uppercase\">\n\t\t\t\t<p>Wine bar\n\t\t\t\t<\/p>\n\t\t\t<\/div>\n\t\t\t<h2 class=\"fleurdesel__title h1\">Book your degustation\n\t\t\t<\/h2>\n\t\t<\/div>\n\t\t<div class=\"row\">\n\t\t\t<div class=\"offset-lg-2 col-md-6 col-lg-4\">\n\t\t\t\t<div class=\"text-uppercase font-700 letter-spacing-3 mb-15 fz-14\">\n\t\t\t\t\t<p>Your name <span class=\"error\">*<\/span>\n\t\t\t\t\t<\/p>\n\t\t\t\t<\/div>\n\t\t\t\t<div class=\"mb-30\">\n\t\t\t\t\t<p><span class=\"wpcf7-form-control-wrap\" data-name=\"your-name\"><input size=\"40\" maxlength=\"400\" class=\"wpcf7-form-control wpcf7-text wpcf7-validates-as-required font-1 fz-20\" aria-required=\"true\" aria-invalid=\"false\" value=\"\" type=\"text\" name=\"your-name\" \/><\/span>\n\t\t\t\t\t<\/p>\n\t\t\t\t<\/div>\n\t\t\t<\/div>\n\t\t\t<div class=\"col-md-6 col-lg-4\">\n\t\t\t\t<div class=\"text-uppercase font-700 letter-spacing-3 mb-15 fz-14\">\n\t\t\t\t\t<p>E-mail <span class=\"error\">*<\/span>\n\t\t\t\t\t<\/p>\n\t\t\t\t<\/div>\n\t\t\t\t<div class=\"mb-40\">\n\t\t\t\t\t<p><span class=\"wpcf7-form-control-wrap\" data-name=\"your-email\"><input size=\"40\" maxlength=\"400\" class=\"wpcf7-form-control wpcf7-email wpcf7-validates-as-required wpcf7-text wpcf7-validates-as-email font-1 fz-20\" aria-required=\"true\" aria-invalid=\"false\" value=\"\" type=\"email\" name=\"your-email\" \/><\/span>\n\t\t\t\t\t<\/p>\n\t\t\t\t<\/div>\n\t\t\t<\/div>\n\t\t<\/div>\n\t\t<div class=\"row\">\n\t\t\t<div class=\"offset-lg-2 col-md-6 col-lg-4\">\n\t\t\t\t<div class=\"text-uppercase font-700 letter-spacing-3 mb-15 fz-14\">\n\t\t\t\t\t<p>Phone number<span class=\"error\">*<\/span>\n\t\t\t\t\t<\/p>\n\t\t\t\t<\/div>\n\t\t\t\t<div class=\"mb-30\">\n\t\t\t\t\t<p><span class=\"wpcf7-form-control-wrap\" data-name=\"your-phone\"><input size=\"40\" maxlength=\"400\" class=\"wpcf7-form-control wpcf7-text wpcf7-validates-as-required text-uppercase font-1 fz-20\" aria-required=\"true\" aria-invalid=\"false\" value=\"\" type=\"text\" name=\"your-phone\" \/><\/span>\n\t\t\t\t\t<\/p>\n\t\t\t\t<\/div>\n\t\t\t<\/div>\n\t\t\t<div class=\"col-md-6 col-lg-4\">\n\t\t\t\t<div class=\"text-uppercase font-700 letter-spacing-3 mb-15 fz-14\">\n\t\t\t\t\t<p>Date <span class=\"error\">*<\/span>\n\t\t\t\t\t<\/p>\n\t\t\t\t<\/div>\n\t\t\t\t<div class=\"mb-30\">\n\t\t\t\t\t<p><span class=\"wpcf7-form-control-wrap\" data-name=\"date-113\"><input class=\"wpcf7-form-control wpcf7-date wpcf7-validates-as-required wpcf7-validates-as-date text-uppercase font-1 fz-20\" aria-required=\"true\" aria-invalid=\"false\" value=\"\" type=\"date\" name=\"date-113\" \/><\/span>\n\t\t\t\t\t<\/p>\n\t\t\t\t<\/div>\n\t\t\t<\/div>\n\t\t<\/div>\n\t\t<div class=\"row\">\n\t\t\t<div class=\"offset-lg-2 col col-lg-8\">\n\t\t\t\t<div class=\"text-uppercase font-700 letter-spacing-3 mb-15 fz-14\">\n\t\t\t\t\t<p>Additional information<span class=\"error\">*<\/span>\n\t\t\t\t\t<\/p>\n\t\t\t\t<\/div>\n\t\t\t\t<div class=\"text-center mb-30\">\n\t\t\t\t\t<p><span class=\"wpcf7-form-control-wrap\" data-name=\"additional-details\"><textarea cols=\"40\" rows=\"3\" maxlength=\"2000\" class=\"wpcf7-form-control wpcf7-textarea wpcf7-validates-as-required\" aria-required=\"true\" aria-invalid=\"false\" name=\"additional-details\"><\/textarea><\/span>\n\t\t\t\t\t<\/p>\n\t\t\t\t<\/div>\n\t\t\t<\/div>\n\t\t<\/div>\n\t\t<div class=\"row\">\n\t\t\t<div class=\"offset-lg-2 col col-lg-8\">\n\t\t\t\t<div class=\"text-center mb-50\">\n\t\t\t\t\t<p><input class=\"wpcf7-form-control wpcf7-submit has-spinner btn btn-view btn-primary text-uppercase fz-14 font-700 btn-w300\" type=\"submit\" value=\"Book an appointment\" \/>\n\t\t\t\t\t<\/p>\n\t\t\t\t<\/div>\n\t\t\t<\/div>\n\t\t<\/div>\n\t\t<div class=\"row\">\n\t\t\t<div class=\"offset-lg-1 col-md-6 col-lg-5\">\n\t\t\t\t<div class=\"fleurdesel-iconbox fleurdesel-iconbox--horizontal-2\">\n\t\t\t\t\t<div class=\"fleurdesel-iconbox__wrap\">\n\t\t\t\t\t\t<div class=\"fleurdesel-iconbox__media\">\n\t\t\t\t\t\t\t<p><i class=\"fh fh-open\"><\/i>\n\t\t\t\t\t\t\t<\/p>\n\t\t\t\t\t\t<\/div>\n\t\t\t\t\t\t<div class=\"fleurdesel-iconbox__data\">\n\t\t\t\t\t\t\t<h2 class=\"fleurdesel-iconbox__title fz-14 font-2 font-700 mb-15 text-uppercase letter-spacing-3\">Opening hours\n\t\t\t\t\t\t\t<\/h2>\n\t\t\t\t\t\t\t<div class=\"fleurdesel-iconbox__desc\">\n\t\t\t\t\t\t\t\t<p><br \/>\n<label>Tuesday to Saturday: <\/label><br \/>\n<span>11:00 \u2013 22:00<\/span>\n\t\t\t\t\t\t\t\t<\/p>\n\t\t\t\t\t\t\t\t<p><br \/>\n<label>Sunday, Monday: <\/label><br \/>\n<span>11:00 \u2013 20:00<\/span>\n\t\t\t\t\t\t\t\t<\/p>\n\t\t\t\t\t\t\t<\/div>\n\t\t\t\t\t\t<\/div>\n\t\t\t\t\t<\/div>\n\t\t\t\t<\/div>\n\t\t\t<\/div>\n\t\t\t<div class=\"col-md-6 col-lg-5\">\n\t\t\t\t<div class=\"fleurdesel-iconbox fleurdesel-iconbox--horizontal-2\">\n\t\t\t\t\t<div class=\"fleurdesel-iconbox__wrap\">\n\t\t\t\t\t\t<div class=\"fleurdesel-iconbox__media\">\n\t\t\t\t\t\t\t<p><i class=\"fh fh-lifesaver\"><\/i>\n\t\t\t\t\t\t\t<\/p>\n\t\t\t\t\t\t<\/div>\n\t\t\t\t\t\t<div class=\"fleurdesel-iconbox__data\">\n\t\t\t\t\t\t\t<h2 class=\"fleurdesel-iconbox__title fz-14 font-2 font-700 mb-15 text-uppercase letter-spacing-3\">Contact\n\t\t\t\t\t\t\t<\/h2>\n\t\t\t\t\t\t\t<div class=\"fleurdesel-iconbox__desc\">\n\t\t\t\t\t\t\t\t<p><br \/>\n<label>Email:<\/label><br \/>\n<a href=\"mailto:eventy@hotelkastiel.sk\">eventy@hotelkastiel.sk<\/a>\n\t\t\t\t\t\t\t\t<\/p>\n\t\t\t\t\t\t\t\t<p><br \/>\n<label>Phone:<\/label><br \/>\n<span><a href=\"callto:+421220909300\">+421 2 209 093 00<\/a> <\/span>\n\t\t\t\t\t\t\t\t<\/p>\n\t\t\t\t\t\t\t<\/div>\n\t\t\t\t\t\t<\/div>\n\t\t\t\t\t<\/div>\n\t\t\t\t<\/div>\n\t\t\t<\/div>\n\t\t<\/div>\n\t<\/div>\n<\/div><div class=\"wpcf7-response-output\" aria-hidden=\"true\"><\/div>\n<input type=\"hidden\" name=\"trp-form-language\" value=\"en\"\/><\/form>\n<\/div>\n<\/div><\/div><\/div><\/div><div class=\"vc_row wpb_row vc_row-fluid\">\n\t\t\t\t\n<div class=\"wpb_column vc_column_container vc_col-sm-12 vc_col-lg-offset-2 vc_col-lg-8\"><div class=\"vc_column-inner\"><div class=\"wpb_wrapper\"><\/div><\/div><\/div><\/div><div class=\"vc_row wpb_row vc_row-fluid\">\n\t\t\t\t\n<div class=\"wpb_column vc_column_container vc_col-sm-12\"><div class=\"vc_column-inner\"><div class=\"wpb_wrapper\"><div class=\"fleurdesel-gallery\" data-init=\"gallery\">\r\n\t<div class=\"dropdown fleurdesel-gallery__filter font-1\" data-init=\"filter\">\r\n\t<button class=\"btn btn-secondary dropdown-toggle font-1\" hidden type=\"button\" data-toggle=\"dropdown\" aria-haspopup=\"true\" aria-expanded=\"false\">All<\/button>\r\n\t<div class=\"dropdown-menu\">\r\n\t\t<a class=\"dropdown-item current\" href=\"#\" data-filter=\"*\">All<\/a>\r\n\t\t\t\t\t\t<a class=\"dropdown-item\" href=\"#\" data-filter=\".group-0\"><\/a>\r\n\t\t\t<\/div>\r\n<\/div>\r\n<!-- \/.fleurdesel-gallery__filter -->\r\n\r\n<div class=\"fleurdesel-gallery__wrap clearfix\" data-init=\"isotope\" data-cols=\"4\" data-gap=\"30\" data-gallery=\"popup\">\r\n\t<div class=\"grid-sizer\"><\/div>\r\n\t\t\t<div class=\"fleurdesel-gallery__item group-0\" data-grid=\"grid-item\">\r\n\t\t<div class=\"fleurdesel-gallery__media\">\r\n \t\t\t<a href=\"https:\/\/www.hotelkastiel.sk\/wp-content\/uploads\/2019\/07\/foto-Brano-Molnar_DSC7685.jpg\">\r\n\t\t\t\t<img loading=\"lazy\" decoding=\"async\" width=\"640\" height=\"500\" src=\"https:\/\/www.hotelkastiel.sk\/wp-content\/uploads\/2019\/07\/foto-Brano-Molnar_DSC7685-640x500.jpg\" class=\"attachment-fleurdesel-medium size-fleurdesel-medium\" alt=\"Vin\u00e1re\u0148\" \/>\t\t\t<\/a>\r\n\t\t<\/div>\r\n\t\t<!-- \/.fleurdesel-gallery__media -->\r\n\r\n\t\t\t\t<!-- \/.fleurdesel-gallery__ -->\r\n\t<\/div>\r\n\t\t<div class=\"fleurdesel-gallery__item group-1\" data-grid=\"grid-item\">\r\n\t\t<div class=\"fleurdesel-gallery__media\">\r\n \t\t\t<a href=\"https:\/\/www.hotelkastiel.sk\/wp-content\/uploads\/2019\/07\/foto-Brano-Molnar_DSC7701.jpg\">\r\n\t\t\t\t<img loading=\"lazy\" decoding=\"async\" width=\"640\" height=\"500\" src=\"https:\/\/www.hotelkastiel.sk\/wp-content\/uploads\/2019\/07\/foto-Brano-Molnar_DSC7701-640x500.jpg\" class=\"attachment-fleurdesel-medium size-fleurdesel-medium\" alt=\"Vin\u00e1re\u0148\" \/>\t\t\t<\/a>\r\n\t\t<\/div>\r\n\t\t<!-- \/.fleurdesel-gallery__media -->\r\n\r\n\t\t\t\t<!-- \/.fleurdesel-gallery__ -->\r\n\t<\/div>\r\n\t\t<div class=\"fleurdesel-gallery__item group-2\" data-grid=\"grid-item\">\r\n\t\t<div class=\"fleurdesel-gallery__media\">\r\n \t\t\t<a href=\"https:\/\/www.hotelkastiel.sk\/wp-content\/uploads\/2019\/01\/3-2.jpg\">\r\n\t\t\t\t<img loading=\"lazy\" decoding=\"async\" width=\"640\" height=\"500\" src=\"https:\/\/www.hotelkastiel.sk\/wp-content\/uploads\/2019\/01\/3-2-640x500.jpg\" class=\"attachment-fleurdesel-medium size-fleurdesel-medium\" alt=\"\" \/>\t\t\t<\/a>\r\n\t\t<\/div>\r\n\t\t<!-- \/.fleurdesel-gallery__media -->\r\n\r\n\t\t\t\t<!-- \/.fleurdesel-gallery__ -->\r\n\t<\/div>\r\n\t\t<!-- \/.fleurdesel-gallery__item -->\r\n\r\n<\/div>\r\n<\/div>\r\n<\/div><\/div><\/div><\/div>","protected":false},"excerpt":{"rendered":"V\u00ednna pivnica je k dispoz\u00edcii len na objedn\u00e1vky a riaden\u00e9 degust\u00e1cie dohodnut\u00e9 vopred. Posedenie s priate\u013emi, kolegami alebo obchodn\u00fdmi partnermi pri \u0161pi\u010dkov\u00fdch slovensk\u00fdch a svetov\u00fdch v\u00ednach V\u00ednna pivnica Star\u00e9 klenut\u00e9 tehlov\u00e9 pivnice aj dnes, rovnako ako v minulosti, s\u00fa prevo\u0148an\u00e9 v\u00f4\u0148ou vynikaj\u00facich zna\u010dkov\u00fdch slovensk\u00fdch a zahrani\u010dn\u00fdch v\u00edn. V magickej atmosf\u00e9re st\u00e1ro\u010dn\u00fdch pivn\u00edc na v\u00e1s \u010dak\u00e1 [...]","protected":false},"author":5,"featured_media":0,"parent":0,"menu_order":0,"comment_status":"closed","ping_status":"closed","template":"templates\/page-builder.php","meta":{"footnotes":""},"class_list":["post-2294","page","type-page","status-publish","hentry"],"yoast_head":"<!-- This site is optimized with the Yoast SEO plugin v27.5 - https:\/\/yoast.com\/product\/yoast-seo-wordpress\/ -->\n<title>V\u00ednna pivnica - Art Hotel Ka\u0161tie\u013e, Tom\u00e1\u0161ov<\/title>\n<meta name=\"description\" content=\"Star\u00e9 klenut\u00e9 tehlov\u00e9 pivnice s\u00fa aj dnes prevo\u0148an\u00e9 v\u00f4\u0148ou vynikaj\u00facich zna\u010dkov\u00fdch slovensk\u00fdch a zahrani\u010dn\u00fdch v\u00edn. Pon\u00fakame V\u00e1m degust\u00e1cie v\u00edn a destil\u00e1tov.\" \/>\n<meta name=\"robots\" content=\"index, follow, max-snippet:-1, max-image-preview:large, max-video-preview:-1\" \/>\n<link rel=\"canonical\" href=\"https:\/\/www.hotelkastiel.sk\/en\/vinna-pivnica\/\" \/>\n<meta property=\"og:locale\" content=\"en_GB\" \/>\n<meta property=\"og:type\" content=\"article\" \/>\n<meta property=\"og:title\" content=\"V\u00ednna pivnica - Art Hotel Ka\u0161tie\u013e, Tom\u00e1\u0161ov\" \/>\n<meta property=\"og:description\" content=\"Star\u00e9 klenut\u00e9 tehlov\u00e9 pivnice s\u00fa aj dnes prevo\u0148an\u00e9 v\u00f4\u0148ou vynikaj\u00facich zna\u010dkov\u00fdch slovensk\u00fdch a zahrani\u010dn\u00fdch v\u00edn. Pon\u00fakame V\u00e1m degust\u00e1cie v\u00edn a destil\u00e1tov.\" \/>\n<meta property=\"og:url\" content=\"https:\/\/www.hotelkastiel.sk\/en\/vinna-pivnica\/\" \/>\n<meta property=\"og:site_name\" content=\"Art Hotel Ka\u0161tie\u013e, Tom\u00e1\u0161ov\" \/>\n<meta property=\"article:publisher\" content=\"http:\/\/facebook.com\/hotelkastiel\/\" \/>\n<meta property=\"article:modified_time\" content=\"2022-10-04T12:05:38+00:00\" \/>\n<meta name=\"twitter:label1\" content=\"Estimated reading time\" \/>\n\t<meta name=\"twitter:data1\" content=\"2 minutes\" \/>\n<script type=\"application\/ld+json\" class=\"yoast-schema-graph\">{\"@context\":\"https:\\\/\\\/schema.org\",\"@graph\":[{\"@type\":\"WebPage\",\"@id\":\"https:\\\/\\\/www.hotelkastiel.sk\\\/vinna-pivnica\\\/\",\"url\":\"https:\\\/\\\/www.hotelkastiel.sk\\\/vinna-pivnica\\\/\",\"name\":\"V\u00ednna pivnica - Art Hotel Ka\u0161tie\u013e, Tom\u00e1\u0161ov\",\"isPartOf\":{\"@id\":\"https:\\\/\\\/www.hotelkastiel.sk\\\/#website\"},\"datePublished\":\"2019-01-18T13:19:40+00:00\",\"dateModified\":\"2022-10-04T12:05:38+00:00\",\"description\":\"Star\u00e9 klenut\u00e9 tehlov\u00e9 pivnice s\u00fa aj dnes prevo\u0148an\u00e9 v\u00f4\u0148ou vynikaj\u00facich zna\u010dkov\u00fdch slovensk\u00fdch a zahrani\u010dn\u00fdch v\u00edn. Pon\u00fakame V\u00e1m degust\u00e1cie v\u00edn a destil\u00e1tov.\",\"breadcrumb\":{\"@id\":\"https:\\\/\\\/www.hotelkastiel.sk\\\/vinna-pivnica\\\/#breadcrumb\"},\"inLanguage\":\"en-GB\",\"potentialAction\":[{\"@type\":\"ReadAction\",\"target\":[\"https:\\\/\\\/www.hotelkastiel.sk\\\/vinna-pivnica\\\/\"]}]},{\"@type\":\"BreadcrumbList\",\"@id\":\"https:\\\/\\\/www.hotelkastiel.sk\\\/vinna-pivnica\\\/#breadcrumb\",\"itemListElement\":[{\"@type\":\"ListItem\",\"position\":1,\"name\":\"Home\",\"item\":\"https:\\\/\\\/www.hotelkastiel.sk\\\/\"},{\"@type\":\"ListItem\",\"position\":2,\"name\":\"V\u00ednna pivnica\"}]},{\"@type\":\"WebSite\",\"@id\":\"https:\\\/\\\/www.hotelkastiel.sk\\\/#website\",\"url\":\"https:\\\/\\\/www.hotelkastiel.sk\\\/\",\"name\":\"Art Hotel Ka\u0161tie\u013e, Tom\u00e1\u0161ov\",\"description\":\"\",\"publisher\":{\"@id\":\"https:\\\/\\\/www.hotelkastiel.sk\\\/#organization\"},\"potentialAction\":[{\"@type\":\"SearchAction\",\"target\":{\"@type\":\"EntryPoint\",\"urlTemplate\":\"https:\\\/\\\/www.hotelkastiel.sk\\\/?s={search_term_string}\"},\"query-input\":{\"@type\":\"PropertyValueSpecification\",\"valueRequired\":true,\"valueName\":\"search_term_string\"}}],\"inLanguage\":\"en-GB\"},{\"@type\":\"Organization\",\"@id\":\"https:\\\/\\\/www.hotelkastiel.sk\\\/#organization\",\"name\":\"Art Hotel Ka\u0161tie\u013e, Tom\u00e1\u0161ov\",\"url\":\"https:\\\/\\\/www.hotelkastiel.sk\\\/\",\"logo\":{\"@type\":\"ImageObject\",\"inLanguage\":\"en-GB\",\"@id\":\"https:\\\/\\\/www.hotelkastiel.sk\\\/#\\\/schema\\\/logo\\\/image\\\/\",\"url\":\"https:\\\/\\\/www.hotelkastiel.sk\\\/wp-content\\\/uploads\\\/2018\\\/07\\\/logo-header.png\",\"contentUrl\":\"https:\\\/\\\/www.hotelkastiel.sk\\\/wp-content\\\/uploads\\\/2018\\\/07\\\/logo-header.png\",\"width\":1289,\"height\":936,\"caption\":\"Art Hotel Ka\u0161tie\u013e, Tom\u00e1\u0161ov\"},\"image\":{\"@id\":\"https:\\\/\\\/www.hotelkastiel.sk\\\/#\\\/schema\\\/logo\\\/image\\\/\"},\"sameAs\":[\"http:\\\/\\\/facebook.com\\\/hotelkastiel\\\/\",\"http:\\\/\\\/instagram.com\\\/hotelkastiel\\\/\",\"https:\\\/\\\/www.linkedin.com\\\/company\\\/art-hotel-kastiel-tomasov\\\/?viewAsMember=true\",\"https:\\\/\\\/www.youtube.com\\\/playlist?list=PLvlDIzNKGgpSADkmHpsw4owU0JUOEXfhn\",\"https:\\\/\\\/sk.wikipedia.org\\\/wiki\\\/Ka\u0161tie\u013e_v_Tom\u00e1\u0161ove\"]}]}<\/script>\n<!-- \/ Yoast SEO plugin. -->","yoast_head_json":{"title":"V\u00ednna pivnica - Art Hotel Ka\u0161tie\u013e, Tom\u00e1\u0161ov","description":"Star\u00e9 klenut\u00e9 tehlov\u00e9 pivnice s\u00fa aj dnes prevo\u0148an\u00e9 v\u00f4\u0148ou vynikaj\u00facich zna\u010dkov\u00fdch slovensk\u00fdch a zahrani\u010dn\u00fdch v\u00edn. Pon\u00fakame V\u00e1m degust\u00e1cie v\u00edn a destil\u00e1tov.","robots":{"index":"index","follow":"follow","max-snippet":"max-snippet:-1","max-image-preview":"max-image-preview:large","max-video-preview":"max-video-preview:-1"},"canonical":"https:\/\/www.hotelkastiel.sk\/en\/vinna-pivnica\/","og_locale":"en_GB","og_type":"article","og_title":"V\u00ednna pivnica - Art Hotel Ka\u0161tie\u013e, Tom\u00e1\u0161ov","og_description":"Star\u00e9 klenut\u00e9 tehlov\u00e9 pivnice s\u00fa aj dnes prevo\u0148an\u00e9 v\u00f4\u0148ou vynikaj\u00facich zna\u010dkov\u00fdch slovensk\u00fdch a zahrani\u010dn\u00fdch v\u00edn. Pon\u00fakame V\u00e1m degust\u00e1cie v\u00edn a destil\u00e1tov.","og_url":"https:\/\/www.hotelkastiel.sk\/en\/vinna-pivnica\/","og_site_name":"Art Hotel Ka\u0161tie\u013e, Tom\u00e1\u0161ov","article_publisher":"http:\/\/facebook.com\/hotelkastiel\/","article_modified_time":"2022-10-04T12:05:38+00:00","twitter_misc":{"Estimated reading time":"2 minutes"},"schema":{"@context":"https:\/\/schema.org","@graph":[{"@type":"WebPage","@id":"https:\/\/www.hotelkastiel.sk\/vinna-pivnica\/","url":"https:\/\/www.hotelkastiel.sk\/vinna-pivnica\/","name":"V\u00ednna pivnica - Art Hotel Ka\u0161tie\u013e, Tom\u00e1\u0161ov","isPartOf":{"@id":"https:\/\/www.hotelkastiel.sk\/#website"},"datePublished":"2019-01-18T13:19:40+00:00","dateModified":"2022-10-04T12:05:38+00:00","description":"Star\u00e9 klenut\u00e9 tehlov\u00e9 pivnice s\u00fa aj dnes prevo\u0148an\u00e9 v\u00f4\u0148ou vynikaj\u00facich zna\u010dkov\u00fdch slovensk\u00fdch a zahrani\u010dn\u00fdch v\u00edn. Pon\u00fakame V\u00e1m degust\u00e1cie v\u00edn a destil\u00e1tov.","breadcrumb":{"@id":"https:\/\/www.hotelkastiel.sk\/vinna-pivnica\/#breadcrumb"},"inLanguage":"en-GB","potentialAction":[{"@type":"ReadAction","target":["https:\/\/www.hotelkastiel.sk\/vinna-pivnica\/"]}]},{"@type":"BreadcrumbList","@id":"https:\/\/www.hotelkastiel.sk\/vinna-pivnica\/#breadcrumb","itemListElement":[{"@type":"ListItem","position":1,"name":"Home","item":"https:\/\/www.hotelkastiel.sk\/"},{"@type":"ListItem","position":2,"name":"V\u00ednna pivnica"}]},{"@type":"WebSite","@id":"https:\/\/www.hotelkastiel.sk\/#website","url":"https:\/\/www.hotelkastiel.sk\/","name":"Art Hotel Ka\u0161tie\u013e, Tom\u00e1\u0161ov","description":"","publisher":{"@id":"https:\/\/www.hotelkastiel.sk\/#organization"},"potentialAction":[{"@type":"SearchAction","target":{"@type":"EntryPoint","urlTemplate":"https:\/\/www.hotelkastiel.sk\/?s={search_term_string}"},"query-input":{"@type":"PropertyValueSpecification","valueRequired":true,"valueName":"search_term_string"}}],"inLanguage":"en-GB"},{"@type":"Organization","@id":"https:\/\/www.hotelkastiel.sk\/#organization","name":"Art Hotel Ka\u0161tie\u013e, Tom\u00e1\u0161ov","url":"https:\/\/www.hotelkastiel.sk\/","logo":{"@type":"ImageObject","inLanguage":"en-GB","@id":"https:\/\/www.hotelkastiel.sk\/#\/schema\/logo\/image\/","url":"https:\/\/www.hotelkastiel.sk\/wp-content\/uploads\/2018\/07\/logo-header.png","contentUrl":"https:\/\/www.hotelkastiel.sk\/wp-content\/uploads\/2018\/07\/logo-header.png","width":1289,"height":936,"caption":"Art Hotel Ka\u0161tie\u013e, Tom\u00e1\u0161ov"},"image":{"@id":"https:\/\/www.hotelkastiel.sk\/#\/schema\/logo\/image\/"},"sameAs":["http:\/\/facebook.com\/hotelkastiel\/","http:\/\/instagram.com\/hotelkastiel\/","https:\/\/www.linkedin.com\/company\/art-hotel-kastiel-tomasov\/?viewAsMember=true","https:\/\/www.youtube.com\/playlist?list=PLvlDIzNKGgpSADkmHpsw4owU0JUOEXfhn","https:\/\/sk.wikipedia.org\/wiki\/Ka\u0161tie\u013e_v_Tom\u00e1\u0161ove"]}]}},"_links":{"self":[{"href":"https:\/\/www.hotelkastiel.sk\/en\/wp-json\/wp\/v2\/pages\/2294","targetHints":{"allow":["GET"]}}],"collection":[{"href":"https:\/\/www.hotelkastiel.sk\/en\/wp-json\/wp\/v2\/pages"}],"about":[{"href":"https:\/\/www.hotelkastiel.sk\/en\/wp-json\/wp\/v2\/types\/page"}],"author":[{"embeddable":true,"href":"https:\/\/www.hotelkastiel.sk\/en\/wp-json\/wp\/v2\/users\/5"}],"replies":[{"embeddable":true,"href":"https:\/\/www.hotelkastiel.sk\/en\/wp-json\/wp\/v2\/comments?post=2294"}],"version-history":[{"count":0,"href":"https:\/\/www.hotelkastiel.sk\/en\/wp-json\/wp\/v2\/pages\/2294\/revisions"}],"wp:attachment":[{"href":"https:\/\/www.hotelkastiel.sk\/en\/wp-json\/wp\/v2\/media?parent=2294"}],"curies":[{"name":"wp","href":"https:\/\/api.w.org\/{rel}","templated":true}]}}