{"id":2355,"date":"2019-01-20T11:28:21","date_gmt":"2019-01-20T11:28:21","guid":{"rendered":"https:\/\/www.hotelkastiel.sk\/?page_id=2355"},"modified":"2021-11-05T08:49:14","modified_gmt":"2021-11-05T07:49:14","slug":"catering","status":"publish","type":"page","link":"https:\/\/www.hotelkastiel.sk\/en\/catering\/","title":{"rendered":"Catering"},"content":{"rendered":"<div class=\"vc_row wpb_row vc_row-fluid\">\n\t\t\t\t\n<div class=\"wpb_column vc_column_container vc_col-sm-12 vc_col-lg-offset-2 vc_col-lg-8\"><div class=\"vc_column-inner\"><div class=\"wpb_wrapper\"><div class=\"vc_empty_space\"   style=\"height: 52px\" ><span class=\"vc_empty_space_inner\"><\/span><\/div>\n\n\t<div class=\"wpb_text_column wpb_content_element\" >\n\t\t<div class=\"wpb_wrapper\">\n\t\t\t<div class=\"fleurdesel-heading vc_custom_1547983595909 text-center\">\n<p class=\"fleurdesel__meta font-600 text-color-1\">Full-service catering not only in our manor house but also in other venues in Bratislava and its surroundings<\/p>\n<h2 class=\"fleurdesel__title h1 fz-Default\">Catering<\/h2>\n<\/div>\n\n\t\t<\/div>\n\t<\/div>\n<div class=\"vc_empty_space\"   style=\"height: 52px\" ><span class=\"vc_empty_space_inner\"><\/span><\/div>\n\n\t<div class=\"wpb_text_column wpb_content_element  vc_custom_1636098550680\" >\n\t\t<div class=\"wpb_wrapper\">\n\t\t\t<p class=\"p1 translation-block\"><span class=\"s1\">Our service includes gastronomic enjoyment of various dishes, catering combined with appropriately selected drinks in our hotel premises, but also in external premises, under the leadership of chef <a href=\"https:\/\/www.hotelkastiel.sk\/en\/restauracia\/\" target=\"_self\"><span class=\"s2\">Rastislav Miklovi\u010d<\/span><\/a> and his team of experienced and long-term proven colleagues who will prepare tailor-made corporate or private events for you. We pay attention to the first-class quality of ingredients as well as top-notch service. We will provide you with the entire range of services necessary for the preparation of your event - advice from our professional event manager with many years of experience, organizational and technical support for the event, with everything that goes with it.<br>\nDo not hesitate to contact us at eventy@hotelkastiel.sk to arrange a consultation date or prepare a price offer.<\/span><\/p>\n<p class=\"p1 translation-block\"><span class=\"s1\">We can provide you with food, drinks, inventory and service according to your wishes for your wedding, reception, ball, graduation, corporate event, business lunch, coffee break, cocktail party or grill party at the <a href=\"https:\/\/www.hotelkastiel.sk\/en\/bazen\/\" target=\"_self\"><span class=\"s2\">summer pool<\/span><\/a>.<\/span><\/p>\n<p class=\"p1 translation-block\"><span class=\"s1\">Watch a sample of our dishes on our YouTube channel \u2013 a sample of our fresh and light <a href=\"https:\/\/www.youtube.com\/watch?v=CNFdP9Npt3g\" target=\"_self\"><span class=\"s2\">summer menu<\/span><\/a> or our more substantial <a href=\"https:\/\/www.youtube.com\/watch?v=5z7RAzHg05Q\" target=\"_self\"><span class=\"s2\">winter menu<\/span><\/a> <a href=\"https:\/\/www.hotelkastiel.sk\/en\/restauracia\/\" target=\"_self\"><span class=\"s2\">REGNUM Restaurants<\/span><\/a>.<br><\/p>\n\n\t\t<\/div>\n\t<\/div>\n<\/div><\/div><\/div><\/div><div class=\"vc_row wpb_row vc_row-fluid\">\n\t\t\t\t\n<div class=\"wpb_column vc_column_container vc_col-sm-12\"><div class=\"vc_column-inner\"><div class=\"wpb_wrapper\"><div class=\"fleurdesel-gallery\" data-init=\"gallery\">\r\n\t<div class=\"dropdown fleurdesel-gallery__filter font-1\" data-init=\"filter\">\r\n\t<button class=\"btn btn-secondary dropdown-toggle font-1\" hidden type=\"button\" data-toggle=\"dropdown\" aria-haspopup=\"true\" aria-expanded=\"false\">All<\/button>\r\n\t<div class=\"dropdown-menu\">\r\n\t\t<a class=\"dropdown-item current\" href=\"#\" data-filter=\"*\">All<\/a>\r\n\t\t\t\t\t\t<a class=\"dropdown-item\" href=\"#\" data-filter=\".group-0\"><\/a>\r\n\t\t\t<\/div>\r\n<\/div>\r\n<!-- \/.fleurdesel-gallery__filter -->\r\n\r\n<div class=\"fleurdesel-gallery__wrap clearfix\" data-init=\"isotope\" data-cols=\"4\" data-gap=\"30\" data-gallery=\"popup\">\r\n\t<div class=\"grid-sizer\"><\/div>\r\n\t\t\t<div class=\"fleurdesel-gallery__item group-0\" data-grid=\"grid-item\">\r\n\t\t<div class=\"fleurdesel-gallery__media\">\r\n \t\t\t<a href=\"https:\/\/www.hotelkastiel.sk\/wp-content\/uploads\/2019\/01\/1-3.jpg\">\r\n\t\t\t\t<img loading=\"lazy\" decoding=\"async\" width=\"640\" height=\"500\" src=\"https:\/\/www.hotelkastiel.sk\/wp-content\/uploads\/2019\/01\/1-3-640x500.jpg\" class=\"attachment-fleurdesel-medium size-fleurdesel-medium\" alt=\"\" \/>\t\t\t<\/a>\r\n\t\t<\/div>\r\n\t\t<!-- \/.fleurdesel-gallery__media -->\r\n\r\n\t\t\t\t<!-- \/.fleurdesel-gallery__ -->\r\n\t<\/div>\r\n\t\t<div class=\"fleurdesel-gallery__item group-1\" data-grid=\"grid-item\">\r\n\t\t<div class=\"fleurdesel-gallery__media\">\r\n \t\t\t<a href=\"https:\/\/www.hotelkastiel.sk\/wp-content\/uploads\/2019\/01\/4-3.jpg\">\r\n\t\t\t\t<img loading=\"lazy\" decoding=\"async\" width=\"640\" height=\"500\" src=\"https:\/\/www.hotelkastiel.sk\/wp-content\/uploads\/2019\/01\/4-3-640x500.jpg\" class=\"attachment-fleurdesel-medium size-fleurdesel-medium\" alt=\"\" \/>\t\t\t<\/a>\r\n\t\t<\/div>\r\n\t\t<!-- \/.fleurdesel-gallery__media -->\r\n\r\n\t\t\t\t<!-- \/.fleurdesel-gallery__ -->\r\n\t<\/div>\r\n\t\t<div class=\"fleurdesel-gallery__item group-2\" data-grid=\"grid-item\">\r\n\t\t<div class=\"fleurdesel-gallery__media\">\r\n \t\t\t<a href=\"https:\/\/www.hotelkastiel.sk\/wp-content\/uploads\/2019\/07\/20190623_145327.jpg\">\r\n\t\t\t\t<img loading=\"lazy\" decoding=\"async\" width=\"640\" height=\"500\" src=\"https:\/\/www.hotelkastiel.sk\/wp-content\/uploads\/2019\/07\/20190623_145327-640x500.jpg\" class=\"attachment-fleurdesel-medium size-fleurdesel-medium\" alt=\"Family Day\" \/>\t\t\t<\/a>\r\n\t\t<\/div>\r\n\t\t<!-- \/.fleurdesel-gallery__media -->\r\n\r\n\t\t\t\t<!-- \/.fleurdesel-gallery__ -->\r\n\t<\/div>\r\n\t\t<div class=\"fleurdesel-gallery__item group-3\" data-grid=\"grid-item\">\r\n\t\t<div class=\"fleurdesel-gallery__media\">\r\n \t\t\t<a href=\"https:\/\/www.hotelkastiel.sk\/wp-content\/uploads\/2019\/01\/3-3.jpg\">\r\n\t\t\t\t<img loading=\"lazy\" decoding=\"async\" width=\"640\" height=\"500\" src=\"https:\/\/www.hotelkastiel.sk\/wp-content\/uploads\/2019\/01\/3-3-640x500.jpg\" class=\"attachment-fleurdesel-medium size-fleurdesel-medium\" alt=\"\" \/>\t\t\t<\/a>\r\n\t\t<\/div>\r\n\t\t<!-- \/.fleurdesel-gallery__media -->\r\n\r\n\t\t\t\t<!-- \/.fleurdesel-gallery__ -->\r\n\t<\/div>\r\n\t\t<div class=\"fleurdesel-gallery__item group-4\" data-grid=\"grid-item\">\r\n\t\t<div class=\"fleurdesel-gallery__media\">\r\n \t\t\t<a href=\"https:\/\/www.hotelkastiel.sk\/wp-content\/uploads\/2019\/01\/5-1.jpg\">\r\n\t\t\t\t<img loading=\"lazy\" decoding=\"async\" width=\"640\" height=\"385\" src=\"https:\/\/www.hotelkastiel.sk\/wp-content\/uploads\/2019\/01\/5-1-640x385.jpg\" class=\"attachment-fleurdesel-medium size-fleurdesel-medium\" alt=\"\" \/>\t\t\t<\/a>\r\n\t\t<\/div>\r\n\t\t<!-- \/.fleurdesel-gallery__media -->\r\n\r\n\t\t\t\t<!-- \/.fleurdesel-gallery__ -->\r\n\t<\/div>\r\n\t\t<div class=\"fleurdesel-gallery__item group-5\" data-grid=\"grid-item\">\r\n\t\t<div class=\"fleurdesel-gallery__media\">\r\n \t\t\t<a href=\"https:\/\/www.hotelkastiel.sk\/wp-content\/uploads\/2019\/01\/2-3.jpg\">\r\n\t\t\t\t<img loading=\"lazy\" decoding=\"async\" width=\"640\" height=\"385\" src=\"https:\/\/www.hotelkastiel.sk\/wp-content\/uploads\/2019\/01\/2-3-640x385.jpg\" class=\"attachment-fleurdesel-medium size-fleurdesel-medium\" alt=\"\" \/>\t\t\t<\/a>\r\n\t\t<\/div>\r\n\t\t<!-- \/.fleurdesel-gallery__media -->\r\n\r\n\t\t\t\t<!-- \/.fleurdesel-gallery__ -->\r\n\t<\/div>\r\n\t\t<!-- \/.fleurdesel-gallery__item -->\r\n\r\n<\/div>\r\n<\/div>\r\n<\/div><\/div><\/div><\/div>","protected":false},"excerpt":{"rendered":"Pon\u00fakame V\u00e1m zabezpe\u010denie cateringu v na\u0161ich ale aj extern\u00fdch priestoroch v Bratislave a okol\u00ed. Catering N\u00e1\u0161 servis zah\u0155\u0148a gastronomick\u00fd p\u00f4\u017eitok r\u00f4znorod\u00fdch jed\u00e1l, catering spojen\u00fd s vhodne vybran\u00fdmi n\u00e1pojmi v na\u0161ich hotelov\u00fdch priestoroch, ale aj v priestoroch extern\u00fdch, pod veden\u00edm \u0161\u00e9fkuch\u00e1ra\u00a0Rastislava Miklovi\u010da\u00a0a jeho t\u00edmu sk\u00fasen\u00fdch a dlhoro\u010dnou praxou osved\u010den\u00fdch kolegov, ktor\u00ed pre V\u00e1s pripravia firemn\u00e9 alebo [...]","protected":false},"author":5,"featured_media":0,"parent":0,"menu_order":0,"comment_status":"closed","ping_status":"closed","template":"templates\/page-builder.php","meta":{"footnotes":""},"class_list":["post-2355","page","type-page","status-publish","hentry"],"yoast_head":"<!-- This site is optimized with the Yoast SEO plugin v27.4 - https:\/\/yoast.com\/product\/yoast-seo-wordpress\/ -->\n<title>Catering - Art Hotel Ka\u0161tie\u013e, Tom\u00e1\u0161ov<\/title>\n<meta name=\"description\" content=\"Pon\u00fakame V\u00e1m zabezpe\u010denie gastronomick\u00e9ho p\u00f4\u017eitku r\u00f4znorod\u00fdch jed\u00e1l - Catering, spojen\u00fdch s vhodne vybran\u00fdmi n\u00e1pojmi v priestoroch ka\u0161tie\u013ea.\" \/>\n<meta name=\"robots\" content=\"index, follow, max-snippet:-1, max-image-preview:large, max-video-preview:-1\" \/>\n<link rel=\"canonical\" href=\"https:\/\/www.hotelkastiel.sk\/en\/catering\/\" \/>\n<meta property=\"og:locale\" content=\"en_GB\" \/>\n<meta property=\"og:type\" content=\"article\" \/>\n<meta property=\"og:title\" content=\"Catering - Art Hotel Ka\u0161tie\u013e, Tom\u00e1\u0161ov\" \/>\n<meta property=\"og:description\" content=\"Pon\u00fakame V\u00e1m zabezpe\u010denie gastronomick\u00e9ho p\u00f4\u017eitku r\u00f4znorod\u00fdch jed\u00e1l - Catering, spojen\u00fdch s vhodne vybran\u00fdmi n\u00e1pojmi v priestoroch ka\u0161tie\u013ea.\" \/>\n<meta property=\"og:url\" content=\"https:\/\/www.hotelkastiel.sk\/en\/catering\/\" \/>\n<meta property=\"og:site_name\" content=\"Art Hotel Ka\u0161tie\u013e, Tom\u00e1\u0161ov\" \/>\n<meta property=\"article:publisher\" content=\"http:\/\/facebook.com\/hotelkastiel\/\" \/>\n<meta property=\"article:modified_time\" content=\"2021-11-05T07:49:14+00:00\" \/>\n<meta name=\"twitter:label1\" content=\"Estimated reading time\" \/>\n\t<meta name=\"twitter:data1\" content=\"1 minute\" \/>\n<script type=\"application\/ld+json\" class=\"yoast-schema-graph\">{\"@context\":\"https:\\\/\\\/schema.org\",\"@graph\":[{\"@type\":\"WebPage\",\"@id\":\"https:\\\/\\\/www.hotelkastiel.sk\\\/catering\\\/\",\"url\":\"https:\\\/\\\/www.hotelkastiel.sk\\\/catering\\\/\",\"name\":\"Catering - Art Hotel Ka\u0161tie\u013e, Tom\u00e1\u0161ov\",\"isPartOf\":{\"@id\":\"https:\\\/\\\/www.hotelkastiel.sk\\\/#website\"},\"datePublished\":\"2019-01-20T11:28:21+00:00\",\"dateModified\":\"2021-11-05T07:49:14+00:00\",\"description\":\"Pon\u00fakame V\u00e1m zabezpe\u010denie gastronomick\u00e9ho p\u00f4\u017eitku r\u00f4znorod\u00fdch jed\u00e1l - Catering, spojen\u00fdch s vhodne vybran\u00fdmi n\u00e1pojmi v priestoroch ka\u0161tie\u013ea.\",\"breadcrumb\":{\"@id\":\"https:\\\/\\\/www.hotelkastiel.sk\\\/catering\\\/#breadcrumb\"},\"inLanguage\":\"en-GB\",\"potentialAction\":[{\"@type\":\"ReadAction\",\"target\":[\"https:\\\/\\\/www.hotelkastiel.sk\\\/catering\\\/\"]}]},{\"@type\":\"BreadcrumbList\",\"@id\":\"https:\\\/\\\/www.hotelkastiel.sk\\\/catering\\\/#breadcrumb\",\"itemListElement\":[{\"@type\":\"ListItem\",\"position\":1,\"name\":\"Home\",\"item\":\"https:\\\/\\\/www.hotelkastiel.sk\\\/\"},{\"@type\":\"ListItem\",\"position\":2,\"name\":\"Catering\"}]},{\"@type\":\"WebSite\",\"@id\":\"https:\\\/\\\/www.hotelkastiel.sk\\\/#website\",\"url\":\"https:\\\/\\\/www.hotelkastiel.sk\\\/\",\"name\":\"Art Hotel Ka\u0161tie\u013e, Tom\u00e1\u0161ov\",\"description\":\"\",\"publisher\":{\"@id\":\"https:\\\/\\\/www.hotelkastiel.sk\\\/#organization\"},\"potentialAction\":[{\"@type\":\"SearchAction\",\"target\":{\"@type\":\"EntryPoint\",\"urlTemplate\":\"https:\\\/\\\/www.hotelkastiel.sk\\\/?s={search_term_string}\"},\"query-input\":{\"@type\":\"PropertyValueSpecification\",\"valueRequired\":true,\"valueName\":\"search_term_string\"}}],\"inLanguage\":\"en-GB\"},{\"@type\":\"Organization\",\"@id\":\"https:\\\/\\\/www.hotelkastiel.sk\\\/#organization\",\"name\":\"Art Hotel Ka\u0161tie\u013e, Tom\u00e1\u0161ov\",\"url\":\"https:\\\/\\\/www.hotelkastiel.sk\\\/\",\"logo\":{\"@type\":\"ImageObject\",\"inLanguage\":\"en-GB\",\"@id\":\"https:\\\/\\\/www.hotelkastiel.sk\\\/#\\\/schema\\\/logo\\\/image\\\/\",\"url\":\"https:\\\/\\\/www.hotelkastiel.sk\\\/wp-content\\\/uploads\\\/2018\\\/07\\\/logo-header.png\",\"contentUrl\":\"https:\\\/\\\/www.hotelkastiel.sk\\\/wp-content\\\/uploads\\\/2018\\\/07\\\/logo-header.png\",\"width\":1289,\"height\":936,\"caption\":\"Art Hotel Ka\u0161tie\u013e, Tom\u00e1\u0161ov\"},\"image\":{\"@id\":\"https:\\\/\\\/www.hotelkastiel.sk\\\/#\\\/schema\\\/logo\\\/image\\\/\"},\"sameAs\":[\"http:\\\/\\\/facebook.com\\\/hotelkastiel\\\/\",\"http:\\\/\\\/instagram.com\\\/hotelkastiel\\\/\",\"https:\\\/\\\/www.linkedin.com\\\/company\\\/art-hotel-kastiel-tomasov\\\/?viewAsMember=true\",\"https:\\\/\\\/www.youtube.com\\\/playlist?list=PLvlDIzNKGgpSADkmHpsw4owU0JUOEXfhn\",\"https:\\\/\\\/sk.wikipedia.org\\\/wiki\\\/Ka\u0161tie\u013e_v_Tom\u00e1\u0161ove\"]}]}<\/script>\n<!-- \/ Yoast SEO plugin. -->","yoast_head_json":{"title":"Catering - Art Hotel Ka\u0161tie\u013e, Tom\u00e1\u0161ov","description":"Pon\u00fakame V\u00e1m zabezpe\u010denie gastronomick\u00e9ho p\u00f4\u017eitku r\u00f4znorod\u00fdch jed\u00e1l - Catering, spojen\u00fdch s vhodne vybran\u00fdmi n\u00e1pojmi v priestoroch ka\u0161tie\u013ea.","robots":{"index":"index","follow":"follow","max-snippet":"max-snippet:-1","max-image-preview":"max-image-preview:large","max-video-preview":"max-video-preview:-1"},"canonical":"https:\/\/www.hotelkastiel.sk\/en\/catering\/","og_locale":"en_GB","og_type":"article","og_title":"Catering - Art Hotel Ka\u0161tie\u013e, Tom\u00e1\u0161ov","og_description":"Pon\u00fakame V\u00e1m zabezpe\u010denie gastronomick\u00e9ho p\u00f4\u017eitku r\u00f4znorod\u00fdch jed\u00e1l - Catering, spojen\u00fdch s vhodne vybran\u00fdmi n\u00e1pojmi v priestoroch ka\u0161tie\u013ea.","og_url":"https:\/\/www.hotelkastiel.sk\/en\/catering\/","og_site_name":"Art Hotel Ka\u0161tie\u013e, Tom\u00e1\u0161ov","article_publisher":"http:\/\/facebook.com\/hotelkastiel\/","article_modified_time":"2021-11-05T07:49:14+00:00","twitter_misc":{"Estimated reading time":"1 minute"},"schema":{"@context":"https:\/\/schema.org","@graph":[{"@type":"WebPage","@id":"https:\/\/www.hotelkastiel.sk\/catering\/","url":"https:\/\/www.hotelkastiel.sk\/catering\/","name":"Catering - Art Hotel Ka\u0161tie\u013e, Tom\u00e1\u0161ov","isPartOf":{"@id":"https:\/\/www.hotelkastiel.sk\/#website"},"datePublished":"2019-01-20T11:28:21+00:00","dateModified":"2021-11-05T07:49:14+00:00","description":"Pon\u00fakame V\u00e1m zabezpe\u010denie gastronomick\u00e9ho p\u00f4\u017eitku r\u00f4znorod\u00fdch jed\u00e1l - Catering, spojen\u00fdch s vhodne vybran\u00fdmi n\u00e1pojmi v priestoroch ka\u0161tie\u013ea.","breadcrumb":{"@id":"https:\/\/www.hotelkastiel.sk\/catering\/#breadcrumb"},"inLanguage":"en-GB","potentialAction":[{"@type":"ReadAction","target":["https:\/\/www.hotelkastiel.sk\/catering\/"]}]},{"@type":"BreadcrumbList","@id":"https:\/\/www.hotelkastiel.sk\/catering\/#breadcrumb","itemListElement":[{"@type":"ListItem","position":1,"name":"Home","item":"https:\/\/www.hotelkastiel.sk\/"},{"@type":"ListItem","position":2,"name":"Catering"}]},{"@type":"WebSite","@id":"https:\/\/www.hotelkastiel.sk\/#website","url":"https:\/\/www.hotelkastiel.sk\/","name":"Art Hotel Ka\u0161tie\u013e, Tom\u00e1\u0161ov","description":"","publisher":{"@id":"https:\/\/www.hotelkastiel.sk\/#organization"},"potentialAction":[{"@type":"SearchAction","target":{"@type":"EntryPoint","urlTemplate":"https:\/\/www.hotelkastiel.sk\/?s={search_term_string}"},"query-input":{"@type":"PropertyValueSpecification","valueRequired":true,"valueName":"search_term_string"}}],"inLanguage":"en-GB"},{"@type":"Organization","@id":"https:\/\/www.hotelkastiel.sk\/#organization","name":"Art Hotel Ka\u0161tie\u013e, Tom\u00e1\u0161ov","url":"https:\/\/www.hotelkastiel.sk\/","logo":{"@type":"ImageObject","inLanguage":"en-GB","@id":"https:\/\/www.hotelkastiel.sk\/#\/schema\/logo\/image\/","url":"https:\/\/www.hotelkastiel.sk\/wp-content\/uploads\/2018\/07\/logo-header.png","contentUrl":"https:\/\/www.hotelkastiel.sk\/wp-content\/uploads\/2018\/07\/logo-header.png","width":1289,"height":936,"caption":"Art Hotel Ka\u0161tie\u013e, Tom\u00e1\u0161ov"},"image":{"@id":"https:\/\/www.hotelkastiel.sk\/#\/schema\/logo\/image\/"},"sameAs":["http:\/\/facebook.com\/hotelkastiel\/","http:\/\/instagram.com\/hotelkastiel\/","https:\/\/www.linkedin.com\/company\/art-hotel-kastiel-tomasov\/?viewAsMember=true","https:\/\/www.youtube.com\/playlist?list=PLvlDIzNKGgpSADkmHpsw4owU0JUOEXfhn","https:\/\/sk.wikipedia.org\/wiki\/Ka\u0161tie\u013e_v_Tom\u00e1\u0161ove"]}]}},"_links":{"self":[{"href":"https:\/\/www.hotelkastiel.sk\/en\/wp-json\/wp\/v2\/pages\/2355","targetHints":{"allow":["GET"]}}],"collection":[{"href":"https:\/\/www.hotelkastiel.sk\/en\/wp-json\/wp\/v2\/pages"}],"about":[{"href":"https:\/\/www.hotelkastiel.sk\/en\/wp-json\/wp\/v2\/types\/page"}],"author":[{"embeddable":true,"href":"https:\/\/www.hotelkastiel.sk\/en\/wp-json\/wp\/v2\/users\/5"}],"replies":[{"embeddable":true,"href":"https:\/\/www.hotelkastiel.sk\/en\/wp-json\/wp\/v2\/comments?post=2355"}],"version-history":[{"count":0,"href":"https:\/\/www.hotelkastiel.sk\/en\/wp-json\/wp\/v2\/pages\/2355\/revisions"}],"wp:attachment":[{"href":"https:\/\/www.hotelkastiel.sk\/en\/wp-json\/wp\/v2\/media?parent=2355"}],"curies":[{"name":"wp","href":"https:\/\/api.w.org\/{rel}","templated":true}]}}