{"id":243,"date":"2017-03-30T10:36:17","date_gmt":"2017-03-30T10:36:17","guid":{"rendered":"http:\/\/demo.awethemes.com\/fleurdesel\/?page_id=243"},"modified":"2023-09-05T17:47:00","modified_gmt":"2023-09-05T16:47:00","slug":"aktivity","status":"publish","type":"page","link":"https:\/\/www.hotelkastiel.sk\/en\/aktivity\/","title":{"rendered":"Activites"},"content":{"rendered":"<div class=\"vc_row wpb_row vc_row-fluid\">\n\t\t\t\t\n<div class=\"wpb_column vc_column_container vc_col-sm-12\"><div class=\"vc_column-inner\"><div class=\"wpb_wrapper\"><div class=\"vc_empty_space\"   style=\"height: 52px\" ><span class=\"vc_empty_space_inner\"><\/span><\/div>\n\n\t<div class=\"wpb_text_column wpb_content_element\" >\n\t\t<div class=\"wpb_wrapper\">\n\t\t\t<div class=\"fleurdesel-heading text-left\">\n<p class=\"fleurdesel__meta font-600 text-color-1\" style=\"text-align: center;\">Activities for all ages<\/p>\n<h2 class=\"fleurdesel__title h1 fz-Default\" style=\"text-align: center;\">Activites<\/h2>\n<\/div>\n\n\t\t<\/div>\n\t<\/div>\n<div class=\"vc_empty_space\"   style=\"height: 55px\" ><span class=\"vc_empty_space_inner\"><\/span><\/div>\n\n\t<div class=\"wpb_text_column wpb_content_element\" >\n\t\t<div class=\"wpb_wrapper\">\n\t\t\t<div class=\"fleurdesel-heading text-left\" style=\"text-align: center;\">Activities in the area \u2013 sports, leisure, relaxation, sightseeing, suitable for families and others. Get advice from our reception for activities suitable during individual seasons \u2013 we will advise you regarding opening hours and price lists.<\/div>\n\n\t\t<\/div>\n\t<\/div>\n<div class=\"vc_empty_space\"   style=\"height: 55px\" ><span class=\"vc_empty_space_inner\"><\/span><\/div>\n<\/div><\/div><\/div><\/div><div class=\"vc_row wpb_row vc_row-fluid vc_row-o-content-middle vc_row-flex\">\n\t\t\t\t\n<div class=\"pr-md-0 no-overflow wpb_column vc_column_container vc_col-sm-6\"><div class=\"vc_column-inner\"><div class=\"wpb_wrapper\">\n\t<div  class=\"wpb_single_image wpb_content_element vc_align_left  vc_custom_1593158837480\">\n\t\t\n\t\t<figure class=\"wpb_wrapper vc_figure\">\n\t\t\t<a href=\"https:\/\/www.hotelkastiel.sk\/en\/wellness\/\" target=\"_self\" class=\"vc_single_image-wrapper   vc_box_border_grey\"><img loading=\"lazy\" decoding=\"async\" width=\"792\" height=\"523\" src=\"https:\/\/www.hotelkastiel.sk\/wp-content\/uploads\/2019\/01\/6-4.jpg\" class=\"vc_single_image-img attachment-full\" alt=\"\" srcset=\"https:\/\/www.hotelkastiel.sk\/wp-content\/uploads\/2019\/01\/6-4.jpg 792w, https:\/\/www.hotelkastiel.sk\/wp-content\/uploads\/2019\/01\/6-4-300x198.jpg 300w, https:\/\/www.hotelkastiel.sk\/wp-content\/uploads\/2019\/01\/6-4-768x507.jpg 768w\" sizes=\"auto, (max-width: 792px) 100vw, 792px\" \/><\/a>\n\t\t<\/figure>\n\t<\/div>\n<\/div><\/div><\/div><div class=\"wpb_column vc_column_container vc_col-sm-6\"><div class=\"vc_column-inner\"><div class=\"wpb_wrapper\">\n\t<div class=\"wpb_text_column wpb_content_element  vc_custom_1693932242750\" >\n\t\t<div class=\"wpb_wrapper\">\n\t\t\t<h3 style=\"text-align: center;\"><strong>Wellness &amp; Spa<\/strong><\/h3>\n<p style=\"text-align: center;\">Recharge your energy in the calming atmosphere of the hotel wellness. Whirlpool, steam bath and dry sauna are there to make any part of your day special.<\/p>\n\n\t\t<\/div>\n\t<\/div>\n<div class=\"vc_btn3-container vc_btn3-center\" >\n\t<a class=\"vc_general vc_btn3 vc_btn3-size-md vc_btn3-shape-square vc_btn3-style-classic vc_btn3-color-chino\" href=\"https:\/\/www.hotelkastiel.sk\/en\/wellness\/\" title=\"\">Wellness &amp; Spa<\/a><\/div>\n<\/div><\/div><\/div><\/div><div class=\"vc_row wpb_row vc_row-fluid vc_row-o-content-middle vc_row-flex\">\n\t\t\t\t\n<div class=\"push-lg-6 pl-md-0 no-overflow wpb_column vc_column_container vc_col-sm-6\"><div class=\"vc_column-inner\"><div class=\"wpb_wrapper\">\n\t<div  class=\"wpb_single_image wpb_content_element vc_align_left  vc_custom_1593158856295\">\n\t\t\n\t\t<figure class=\"wpb_wrapper vc_figure\">\n\t\t\t<a href=\"https:\/\/www.hotelkastiel.sk\/en\/footgolf\/\" target=\"_self\" class=\"vc_single_image-wrapper   vc_box_border_grey\"><img loading=\"lazy\" decoding=\"async\" width=\"792\" height=\"528\" src=\"https:\/\/www.hotelkastiel.sk\/wp-content\/uploads\/2019\/01\/1q.jpg\" class=\"vc_single_image-img attachment-full\" alt=\"FootGolf\" srcset=\"https:\/\/www.hotelkastiel.sk\/wp-content\/uploads\/2019\/01\/1q.jpg 792w, https:\/\/www.hotelkastiel.sk\/wp-content\/uploads\/2019\/01\/1q-300x200.jpg 300w, https:\/\/www.hotelkastiel.sk\/wp-content\/uploads\/2019\/01\/1q-768x512.jpg 768w, https:\/\/www.hotelkastiel.sk\/wp-content\/uploads\/2019\/01\/1q-600x400.jpg 600w\" sizes=\"auto, (max-width: 792px) 100vw, 792px\" \/><\/a>\n\t\t<\/figure>\n\t<\/div>\n<\/div><\/div><\/div><div class=\"pull-lg-6 wpb_column vc_column_container vc_col-sm-6\"><div class=\"vc_column-inner\"><div class=\"wpb_wrapper\">\n\t<div class=\"wpb_text_column wpb_content_element  vc_custom_1637861010754\" >\n\t\t<div class=\"wpb_wrapper\">\n\t\t\t<h3 style=\"text-align: center;\"><a href=\"https:\/\/www.hotelkastiel.sk\/en\/footgolf\/\"><strong>FootGolf<\/strong><\/a><\/h3>\n<p style=\"text-align: center;\">The FootGolf course located in the park surrounding Art Hotel Ka\u0161tie\u013e, with its 9 holes is one of the first of its kind in Slovakia.<\/p>\n\n\t\t<\/div>\n\t<\/div>\n<div class=\"vc_btn3-container vc_btn3-center\" >\n\t<a class=\"vc_general vc_btn3 vc_btn3-size-md vc_btn3-shape-square vc_btn3-style-classic vc_btn3-color-chino\" href=\"https:\/\/www.hotelkastiel.sk\/en\/footgolf\/\" title=\"\">FootGolf<\/a><\/div>\n<\/div><\/div><\/div><\/div><div class=\"vc_row wpb_row vc_row-fluid vc_row-o-content-middle vc_row-flex\">\n\t\t\t\t\n<div class=\"pr-md-0 no-overflow wpb_column vc_column_container vc_col-sm-6\"><div class=\"vc_column-inner\"><div class=\"wpb_wrapper\">\n\t<div  class=\"wpb_single_image wpb_content_element vc_align_left  vc_custom_1593158875703\">\n\t\t\n\t\t<figure class=\"wpb_wrapper vc_figure\">\n\t\t\t<a href=\"https:\/\/www.hotelkastiel.sk\/en\/adventure-golf\/\" target=\"_self\" class=\"vc_single_image-wrapper   vc_box_border_grey\"><img loading=\"lazy\" decoding=\"async\" width=\"792\" height=\"508\" src=\"https:\/\/www.hotelkastiel.sk\/wp-content\/uploads\/2019\/01\/1-11.jpg\" class=\"vc_single_image-img attachment-full\" alt=\"\" srcset=\"https:\/\/www.hotelkastiel.sk\/wp-content\/uploads\/2019\/01\/1-11.jpg 792w, https:\/\/www.hotelkastiel.sk\/wp-content\/uploads\/2019\/01\/1-11-300x192.jpg 300w, https:\/\/www.hotelkastiel.sk\/wp-content\/uploads\/2019\/01\/1-11-768x493.jpg 768w\" sizes=\"auto, (max-width: 792px) 100vw, 792px\" \/><\/a>\n\t\t<\/figure>\n\t<\/div>\n<\/div><\/div><\/div><div class=\"wpb_column vc_column_container vc_col-sm-6\"><div class=\"vc_column-inner\"><div class=\"wpb_wrapper\">\n\t<div class=\"wpb_text_column wpb_content_element  vc_custom_1558551743110\" >\n\t\t<div class=\"wpb_wrapper\">\n\t\t\t<h3 style=\"text-align: center;\"><a href=\"https:\/\/www.hotelkastiel.sk\/en\/adventure-golf\/\"><strong>Adventure golf<\/strong><\/a><\/h3>\n<p style=\"text-align: center;\">In the park by the manor house there is an 18-hole Adventure Golf course. It is a combination of the size of a mini golf course and natural obstacles familiar from golf, such as uneven terrain. Suitable for families, but also during teambuilding and corporate events.<\/p>\n\n\t\t<\/div>\n\t<\/div>\n<div class=\"vc_btn3-container vc_btn3-center\" >\n\t<a class=\"vc_general vc_btn3 vc_btn3-size-md vc_btn3-shape-square vc_btn3-style-classic vc_btn3-color-chino\" href=\"https:\/\/www.hotelkastiel.sk\/en\/adventure-golf\/\" title=\"\">Adventure golf<\/a><\/div>\n<\/div><\/div><\/div><\/div><div class=\"vc_row wpb_row vc_row-fluid vc_row-o-content-middle vc_row-flex\">\n\t\t\t\t\n<div class=\"push-lg-6 pl-md-0 no-overflow wpb_column vc_column_container vc_col-sm-6\"><div class=\"vc_column-inner\"><div class=\"wpb_wrapper\">\n\t<div  class=\"wpb_single_image wpb_content_element vc_align_left  vc_custom_1595999556868\">\n\t\t\n\t\t<figure class=\"wpb_wrapper vc_figure\">\n\t\t\t<a href=\"https:\/\/www.hotelkastiel.sk\/en\/bazen\/\" target=\"_self\" class=\"vc_single_image-wrapper   vc_box_border_grey\"><img loading=\"lazy\" decoding=\"async\" width=\"1500\" height=\"1001\" src=\"https:\/\/www.hotelkastiel.sk\/wp-content\/uploads\/2019\/07\/foto-Brano-Molnar_DSC8060.jpg\" class=\"vc_single_image-img attachment-full\" alt=\"Baz\u00e9n pri ka\u0161tieli\" srcset=\"https:\/\/www.hotelkastiel.sk\/wp-content\/uploads\/2019\/07\/foto-Brano-Molnar_DSC8060.jpg 1500w, https:\/\/www.hotelkastiel.sk\/wp-content\/uploads\/2019\/07\/foto-Brano-Molnar_DSC8060-300x200.jpg 300w, https:\/\/www.hotelkastiel.sk\/wp-content\/uploads\/2019\/07\/foto-Brano-Molnar_DSC8060-768x513.jpg 768w, https:\/\/www.hotelkastiel.sk\/wp-content\/uploads\/2019\/07\/foto-Brano-Molnar_DSC8060-1024x683.jpg 1024w, https:\/\/www.hotelkastiel.sk\/wp-content\/uploads\/2019\/07\/foto-Brano-Molnar_DSC8060-600x400.jpg 600w, https:\/\/www.hotelkastiel.sk\/wp-content\/uploads\/2019\/07\/foto-Brano-Molnar_DSC8060-900x600.jpg 900w\" sizes=\"auto, (max-width: 1500px) 100vw, 1500px\" \/><\/a>\n\t\t<\/figure>\n\t<\/div>\n<\/div><\/div><\/div><div class=\"pull-lg-6 wpb_column vc_column_container vc_col-sm-6 vc_col-lg-6 vc_col-md-6\"><div class=\"vc_column-inner\"><div class=\"wpb_wrapper\">\n\t<div class=\"wpb_text_column wpb_content_element  vc_custom_1558551836997\" >\n\t\t<div class=\"wpb_wrapper\">\n\t\t\t<h3 style=\"text-align: center;\"><a href=\"https:\/\/www.hotelkastiel.sk\/en\/bazen\/\"><strong>Summer pool<\/strong><\/a><\/h3>\n<p style=\"text-align: center;\">Guests of Art Hotel Ka\u0161tiel and the public can use the heated swimming pool in the park next to the manor during the summer season. Daily admission is included in the Resort Activity package.<\/p>\n\n\t\t<\/div>\n\t<\/div>\n<div class=\"vc_btn3-container vc_btn3-center\" >\n\t<a class=\"vc_general vc_btn3 vc_btn3-size-md vc_btn3-shape-square vc_btn3-style-classic vc_btn3-color-chino\" href=\"https:\/\/www.hotelkastiel.sk\/en\/bazen\/\" title=\"\">Summer pool<\/a><\/div>\n<\/div><\/div><\/div><\/div><div class=\"vc_row wpb_row vc_row-fluid vc_row-o-content-middle vc_row-flex\">\n\t\t\t\t\n<div class=\"pr-md-0 no-overflow wpb_column vc_column_container vc_col-sm-6\"><div class=\"vc_column-inner\"><div class=\"wpb_wrapper\">\n\t<div  class=\"wpb_single_image wpb_content_element vc_align_left  vc_custom_1593158916656\">\n\t\t\n\t\t<figure class=\"wpb_wrapper vc_figure\">\n\t\t\t<a href=\"https:\/\/www.hotelkastiel.sk\/en\/park\/\" target=\"_self\" class=\"vc_single_image-wrapper   vc_box_border_grey\"><img loading=\"lazy\" decoding=\"async\" width=\"792\" height=\"528\" src=\"https:\/\/www.hotelkastiel.sk\/wp-content\/uploads\/2019\/01\/1-8.jpg\" class=\"vc_single_image-img attachment-full\" alt=\"Z\u00e1hradn\u00fd \u0161ach\" srcset=\"https:\/\/www.hotelkastiel.sk\/wp-content\/uploads\/2019\/01\/1-8.jpg 792w, https:\/\/www.hotelkastiel.sk\/wp-content\/uploads\/2019\/01\/1-8-300x200.jpg 300w, https:\/\/www.hotelkastiel.sk\/wp-content\/uploads\/2019\/01\/1-8-768x512.jpg 768w, https:\/\/www.hotelkastiel.sk\/wp-content\/uploads\/2019\/01\/1-8-600x400.jpg 600w\" sizes=\"auto, (max-width: 792px) 100vw, 792px\" \/><\/a>\n\t\t<\/figure>\n\t<\/div>\n<\/div><\/div><\/div><div class=\"wpb_column vc_column_container vc_col-sm-6 vc_col-lg-6 vc_col-md-6\"><div class=\"vc_column-inner\"><div class=\"wpb_wrapper\">\n\t<div class=\"wpb_text_column wpb_content_element  vc_custom_1558552018011\" >\n\t\t<div class=\"wpb_wrapper\">\n\t\t\t<h3 style=\"text-align: center;\"><strong>Park with attractions<\/strong><\/h3>\n<p style=\"text-align: center;\">Play garden chess or Russian skittles in the oldest English park in Slovakia, enjoy picnic or quiet calming walk.<\/p>\n\n\t\t<\/div>\n\t<\/div>\n<div class=\"vc_btn3-container vc_btn3-center\" >\n\t<a class=\"vc_general vc_btn3 vc_btn3-size-md vc_btn3-shape-square vc_btn3-style-classic vc_btn3-color-chino\" href=\"https:\/\/www.hotelkastiel.sk\/en\/piknik\/\" title=\"\">Picnic in the park<\/a><\/div>\n<\/div><\/div><\/div><\/div><div class=\"vc_row wpb_row vc_row-fluid vc_row-o-content-middle vc_row-flex\">\n\t\t\t\t\n<div class=\"push-lg-6 pl-md-0 no-overflow wpb_column vc_column_container vc_col-sm-6\"><div class=\"vc_column-inner\"><div class=\"wpb_wrapper\">\n\t<div  class=\"wpb_single_image wpb_content_element vc_align_left  vc_custom_1558553313558\">\n\t\t\n\t\t<figure class=\"wpb_wrapper vc_figure\">\n\t\t\t<div class=\"vc_single_image-wrapper   vc_box_border_grey\"><img loading=\"lazy\" decoding=\"async\" width=\"585\" height=\"594\" src=\"https:\/\/www.hotelkastiel.sk\/wp-content\/uploads\/2019\/01\/20141212130053-269cacb8-me.png\" class=\"vc_single_image-img attachment-full\" alt=\"\" srcset=\"https:\/\/www.hotelkastiel.sk\/wp-content\/uploads\/2019\/01\/20141212130053-269cacb8-me.png 585w, https:\/\/www.hotelkastiel.sk\/wp-content\/uploads\/2019\/01\/20141212130053-269cacb8-me-295x300.png 295w\" sizes=\"auto, (max-width: 585px) 100vw, 585px\" \/><\/div>\n\t\t<\/figure>\n\t<\/div>\n<\/div><\/div><\/div><div class=\"pull-lg-6 wpb_column vc_column_container vc_col-sm-6\"><div class=\"vc_column-inner\"><div class=\"wpb_wrapper\">\n\t<div class=\"wpb_text_column wpb_content_element  vc_custom_1558552240537\" >\n\t\t<div class=\"wpb_wrapper\">\n\t\t\t<h3 style=\"text-align: center;\"><strong>Guided tours<\/strong><\/h3>\n<p style=\"text-align: center;\" class=\"translation-block\">You can learn interesting facts about the history of the manor, as well as legends, on one of the tours of the manor premises, including a professional historical commentary, which we will provide upon request in advance. If you do not have time to book a tour, our reception will be happy to show you around the manor premises. We organize historical tours a few times a year during public events (for example, the Weekend of Open Parks and Gardens or during the Advent Concert) - open to the public. Follow our <a href=\"https:\/\/facebook.com\/hotelkastiel\" target=\"_self\">Facebook<\/a>, where we announce these tours.<\/p>\n\n\t\t<\/div>\n\t<\/div>\n<div class=\"vc_btn3-container vc_btn3-center\" >\n\t<a class=\"vc_general vc_btn3 vc_btn3-size-md vc_btn3-shape-square vc_btn3-style-classic vc_btn3-color-chino\" href=\"https:\/\/www.hotelkastiel.sk\/en\/historia\/\" title=\"\">History of the mansion<\/a><\/div>\n<\/div><\/div><\/div><\/div><div class=\"vc_row wpb_row vc_row-fluid\">\n\t\t\t\t\n<div class=\"wpb_column vc_column_container vc_col-sm-12\"><div class=\"vc_column-inner\"><div class=\"wpb_wrapper\"><div class=\"vc_empty_space\"   style=\"height: 32px\" ><span class=\"vc_empty_space_inner\"><\/span><\/div>\n<\/div><\/div><\/div><\/div>","protected":false},"excerpt":{"rendered":"Aktivity pre v\u0161etky vekov\u00e9 kateg\u00f3rie Aktivity Aktivity v okol\u00ed - \u0161portov\u00e9, odychov\u00e9, relaxa\u010dn\u00e9, spozn\u00e1vacie, vhodn\u00e9 pre rodinu a in\u00e9. Nechajte si poradi\u0165 od na\u0161ej recepcie pre aktivity vhodn\u00e9 po\u010das jednotliv\u00fdch ro\u010dn\u00fdch obdob\u00ed - porad\u00edme V\u00e1m oh\u013eadom otv\u00e1rac\u00edch hod\u00edn aj cenn\u00edkov. Wellness &amp; Spa Odd\u00fdchnite si v pr\u00edjemnej atmosf\u00e9re hotelov\u00e9ho wellness. K dispoz\u00edcii je pre V\u00e1s [...]","protected":false},"author":5,"featured_media":0,"parent":0,"menu_order":0,"comment_status":"closed","ping_status":"closed","template":"templates\/page-builder.php","meta":{"footnotes":""},"class_list":["post-243","page","type-page","status-publish","hentry"],"yoast_head":"<!-- This site is optimized with the Yoast SEO plugin v27.5 - https:\/\/yoast.com\/product\/yoast-seo-wordpress\/ -->\n<title>Aktivity - Art Hotel Ka\u0161tie\u013e, Tom\u00e1\u0161ov<\/title>\n<meta name=\"description\" content=\"Ka\u0161tie\u013e pon\u00faka aktivity pre v\u0161etky vekov\u00e9 kateg\u00f3rie - Adventure golf, Footgolf, letn\u00fd baz\u00e9n, roz\u013eahl\u00fd park s atrakciami, prehliadky.\" \/>\n<meta name=\"robots\" content=\"index, follow, max-snippet:-1, max-image-preview:large, max-video-preview:-1\" \/>\n<link rel=\"canonical\" href=\"https:\/\/www.hotelkastiel.sk\/en\/aktivity\/\" \/>\n<meta property=\"og:locale\" content=\"en_GB\" \/>\n<meta property=\"og:type\" content=\"article\" \/>\n<meta property=\"og:title\" content=\"Aktivity - Art Hotel Ka\u0161tie\u013e, Tom\u00e1\u0161ov\" \/>\n<meta property=\"og:description\" content=\"Ka\u0161tie\u013e pon\u00faka aktivity pre v\u0161etky vekov\u00e9 kateg\u00f3rie - Adventure golf, Footgolf, letn\u00fd baz\u00e9n, roz\u013eahl\u00fd park s atrakciami, prehliadky.\" \/>\n<meta property=\"og:url\" content=\"https:\/\/www.hotelkastiel.sk\/en\/aktivity\/\" \/>\n<meta property=\"og:site_name\" content=\"Art Hotel Ka\u0161tie\u013e, Tom\u00e1\u0161ov\" \/>\n<meta property=\"article:publisher\" content=\"http:\/\/facebook.com\/hotelkastiel\/\" \/>\n<meta property=\"article:modified_time\" content=\"2023-09-05T16:47:00+00:00\" \/>\n<meta name=\"twitter:label1\" content=\"Estimated reading time\" \/>\n\t<meta name=\"twitter:data1\" content=\"3 minutes\" \/>\n<script type=\"application\/ld+json\" class=\"yoast-schema-graph\">{\"@context\":\"https:\\\/\\\/schema.org\",\"@graph\":[{\"@type\":\"WebPage\",\"@id\":\"https:\\\/\\\/www.hotelkastiel.sk\\\/aktivity\\\/\",\"url\":\"https:\\\/\\\/www.hotelkastiel.sk\\\/aktivity\\\/\",\"name\":\"Aktivity - Art Hotel Ka\u0161tie\u013e, Tom\u00e1\u0161ov\",\"isPartOf\":{\"@id\":\"https:\\\/\\\/www.hotelkastiel.sk\\\/#website\"},\"datePublished\":\"2017-03-30T10:36:17+00:00\",\"dateModified\":\"2023-09-05T16:47:00+00:00\",\"description\":\"Ka\u0161tie\u013e pon\u00faka aktivity pre v\u0161etky vekov\u00e9 kateg\u00f3rie - Adventure golf, Footgolf, letn\u00fd baz\u00e9n, roz\u013eahl\u00fd park s atrakciami, prehliadky.\",\"breadcrumb\":{\"@id\":\"https:\\\/\\\/www.hotelkastiel.sk\\\/aktivity\\\/#breadcrumb\"},\"inLanguage\":\"en-GB\",\"potentialAction\":[{\"@type\":\"ReadAction\",\"target\":[\"https:\\\/\\\/www.hotelkastiel.sk\\\/aktivity\\\/\"]}]},{\"@type\":\"BreadcrumbList\",\"@id\":\"https:\\\/\\\/www.hotelkastiel.sk\\\/aktivity\\\/#breadcrumb\",\"itemListElement\":[{\"@type\":\"ListItem\",\"position\":1,\"name\":\"Home\",\"item\":\"https:\\\/\\\/www.hotelkastiel.sk\\\/\"},{\"@type\":\"ListItem\",\"position\":2,\"name\":\"Aktivity\"}]},{\"@type\":\"WebSite\",\"@id\":\"https:\\\/\\\/www.hotelkastiel.sk\\\/#website\",\"url\":\"https:\\\/\\\/www.hotelkastiel.sk\\\/\",\"name\":\"Art Hotel Ka\u0161tie\u013e, Tom\u00e1\u0161ov\",\"description\":\"\",\"publisher\":{\"@id\":\"https:\\\/\\\/www.hotelkastiel.sk\\\/#organization\"},\"potentialAction\":[{\"@type\":\"SearchAction\",\"target\":{\"@type\":\"EntryPoint\",\"urlTemplate\":\"https:\\\/\\\/www.hotelkastiel.sk\\\/?s={search_term_string}\"},\"query-input\":{\"@type\":\"PropertyValueSpecification\",\"valueRequired\":true,\"valueName\":\"search_term_string\"}}],\"inLanguage\":\"en-GB\"},{\"@type\":\"Organization\",\"@id\":\"https:\\\/\\\/www.hotelkastiel.sk\\\/#organization\",\"name\":\"Art Hotel Ka\u0161tie\u013e, Tom\u00e1\u0161ov\",\"url\":\"https:\\\/\\\/www.hotelkastiel.sk\\\/\",\"logo\":{\"@type\":\"ImageObject\",\"inLanguage\":\"en-GB\",\"@id\":\"https:\\\/\\\/www.hotelkastiel.sk\\\/#\\\/schema\\\/logo\\\/image\\\/\",\"url\":\"https:\\\/\\\/www.hotelkastiel.sk\\\/wp-content\\\/uploads\\\/2018\\\/07\\\/logo-header.png\",\"contentUrl\":\"https:\\\/\\\/www.hotelkastiel.sk\\\/wp-content\\\/uploads\\\/2018\\\/07\\\/logo-header.png\",\"width\":1289,\"height\":936,\"caption\":\"Art Hotel Ka\u0161tie\u013e, Tom\u00e1\u0161ov\"},\"image\":{\"@id\":\"https:\\\/\\\/www.hotelkastiel.sk\\\/#\\\/schema\\\/logo\\\/image\\\/\"},\"sameAs\":[\"http:\\\/\\\/facebook.com\\\/hotelkastiel\\\/\",\"http:\\\/\\\/instagram.com\\\/hotelkastiel\\\/\",\"https:\\\/\\\/www.linkedin.com\\\/company\\\/art-hotel-kastiel-tomasov\\\/?viewAsMember=true\",\"https:\\\/\\\/www.youtube.com\\\/playlist?list=PLvlDIzNKGgpSADkmHpsw4owU0JUOEXfhn\",\"https:\\\/\\\/sk.wikipedia.org\\\/wiki\\\/Ka\u0161tie\u013e_v_Tom\u00e1\u0161ove\"]}]}<\/script>\n<!-- \/ Yoast SEO plugin. -->","yoast_head_json":{"title":"Aktivity - Art Hotel Ka\u0161tie\u013e, Tom\u00e1\u0161ov","description":"Ka\u0161tie\u013e pon\u00faka aktivity pre v\u0161etky vekov\u00e9 kateg\u00f3rie - Adventure golf, Footgolf, letn\u00fd baz\u00e9n, roz\u013eahl\u00fd park s atrakciami, prehliadky.","robots":{"index":"index","follow":"follow","max-snippet":"max-snippet:-1","max-image-preview":"max-image-preview:large","max-video-preview":"max-video-preview:-1"},"canonical":"https:\/\/www.hotelkastiel.sk\/en\/aktivity\/","og_locale":"en_GB","og_type":"article","og_title":"Aktivity - Art Hotel Ka\u0161tie\u013e, Tom\u00e1\u0161ov","og_description":"Ka\u0161tie\u013e pon\u00faka aktivity pre v\u0161etky vekov\u00e9 kateg\u00f3rie - Adventure golf, Footgolf, letn\u00fd baz\u00e9n, roz\u013eahl\u00fd park s atrakciami, prehliadky.","og_url":"https:\/\/www.hotelkastiel.sk\/en\/aktivity\/","og_site_name":"Art Hotel Ka\u0161tie\u013e, Tom\u00e1\u0161ov","article_publisher":"http:\/\/facebook.com\/hotelkastiel\/","article_modified_time":"2023-09-05T16:47:00+00:00","twitter_misc":{"Estimated reading time":"3 minutes"},"schema":{"@context":"https:\/\/schema.org","@graph":[{"@type":"WebPage","@id":"https:\/\/www.hotelkastiel.sk\/aktivity\/","url":"https:\/\/www.hotelkastiel.sk\/aktivity\/","name":"Aktivity - Art Hotel Ka\u0161tie\u013e, Tom\u00e1\u0161ov","isPartOf":{"@id":"https:\/\/www.hotelkastiel.sk\/#website"},"datePublished":"2017-03-30T10:36:17+00:00","dateModified":"2023-09-05T16:47:00+00:00","description":"Ka\u0161tie\u013e pon\u00faka aktivity pre v\u0161etky vekov\u00e9 kateg\u00f3rie - Adventure golf, Footgolf, letn\u00fd baz\u00e9n, roz\u013eahl\u00fd park s atrakciami, prehliadky.","breadcrumb":{"@id":"https:\/\/www.hotelkastiel.sk\/aktivity\/#breadcrumb"},"inLanguage":"en-GB","potentialAction":[{"@type":"ReadAction","target":["https:\/\/www.hotelkastiel.sk\/aktivity\/"]}]},{"@type":"BreadcrumbList","@id":"https:\/\/www.hotelkastiel.sk\/aktivity\/#breadcrumb","itemListElement":[{"@type":"ListItem","position":1,"name":"Home","item":"https:\/\/www.hotelkastiel.sk\/"},{"@type":"ListItem","position":2,"name":"Aktivity"}]},{"@type":"WebSite","@id":"https:\/\/www.hotelkastiel.sk\/#website","url":"https:\/\/www.hotelkastiel.sk\/","name":"Art Hotel Ka\u0161tie\u013e, Tom\u00e1\u0161ov","description":"","publisher":{"@id":"https:\/\/www.hotelkastiel.sk\/#organization"},"potentialAction":[{"@type":"SearchAction","target":{"@type":"EntryPoint","urlTemplate":"https:\/\/www.hotelkastiel.sk\/?s={search_term_string}"},"query-input":{"@type":"PropertyValueSpecification","valueRequired":true,"valueName":"search_term_string"}}],"inLanguage":"en-GB"},{"@type":"Organization","@id":"https:\/\/www.hotelkastiel.sk\/#organization","name":"Art Hotel Ka\u0161tie\u013e, Tom\u00e1\u0161ov","url":"https:\/\/www.hotelkastiel.sk\/","logo":{"@type":"ImageObject","inLanguage":"en-GB","@id":"https:\/\/www.hotelkastiel.sk\/#\/schema\/logo\/image\/","url":"https:\/\/www.hotelkastiel.sk\/wp-content\/uploads\/2018\/07\/logo-header.png","contentUrl":"https:\/\/www.hotelkastiel.sk\/wp-content\/uploads\/2018\/07\/logo-header.png","width":1289,"height":936,"caption":"Art Hotel Ka\u0161tie\u013e, Tom\u00e1\u0161ov"},"image":{"@id":"https:\/\/www.hotelkastiel.sk\/#\/schema\/logo\/image\/"},"sameAs":["http:\/\/facebook.com\/hotelkastiel\/","http:\/\/instagram.com\/hotelkastiel\/","https:\/\/www.linkedin.com\/company\/art-hotel-kastiel-tomasov\/?viewAsMember=true","https:\/\/www.youtube.com\/playlist?list=PLvlDIzNKGgpSADkmHpsw4owU0JUOEXfhn","https:\/\/sk.wikipedia.org\/wiki\/Ka\u0161tie\u013e_v_Tom\u00e1\u0161ove"]}]}},"_links":{"self":[{"href":"https:\/\/www.hotelkastiel.sk\/en\/wp-json\/wp\/v2\/pages\/243","targetHints":{"allow":["GET"]}}],"collection":[{"href":"https:\/\/www.hotelkastiel.sk\/en\/wp-json\/wp\/v2\/pages"}],"about":[{"href":"https:\/\/www.hotelkastiel.sk\/en\/wp-json\/wp\/v2\/types\/page"}],"author":[{"embeddable":true,"href":"https:\/\/www.hotelkastiel.sk\/en\/wp-json\/wp\/v2\/users\/5"}],"replies":[{"embeddable":true,"href":"https:\/\/www.hotelkastiel.sk\/en\/wp-json\/wp\/v2\/comments?post=243"}],"version-history":[{"count":0,"href":"https:\/\/www.hotelkastiel.sk\/en\/wp-json\/wp\/v2\/pages\/243\/revisions"}],"wp:attachment":[{"href":"https:\/\/www.hotelkastiel.sk\/en\/wp-json\/wp\/v2\/media?parent=243"}],"curies":[{"name":"wp","href":"https:\/\/api.w.org\/{rel}","templated":true}]}}