{"id":2442,"date":"2019-01-20T13:52:03","date_gmt":"2019-01-20T13:52:03","guid":{"rendered":"https:\/\/www.hotelkastiel.sk\/?page_id=2442"},"modified":"2020-06-26T09:28:20","modified_gmt":"2020-06-26T08:28:20","slug":"firemna-akcia","status":"publish","type":"page","link":"https:\/\/www.hotelkastiel.sk\/en\/firemna-akcia\/","title":{"rendered":"Corporate event"},"content":{"rendered":"<div class=\"vc_row wpb_row vc_row-fluid\">\n\t\t\t\t\n<div class=\"wpb_column vc_column_container vc_col-sm-12 vc_col-lg-offset-2 vc_col-lg-8 vc_col-md-offset-2 vc_col-md-8\"><div class=\"vc_column-inner\"><div class=\"wpb_wrapper\"><div class=\"vc_empty_space\"   style=\"height: 52px\" ><span class=\"vc_empty_space_inner\"><\/span><\/div>\n\n\t<div class=\"wpb_text_column wpb_content_element\" >\n\t\t<div class=\"wpb_wrapper\">\n\t\t\t<div class=\"wpb_wrapper\">\n<div class=\"fleurdesel-heading vc_custom_1547991962874 text-center\">\n<p class=\"fleurdesel__meta font-600 text-color-1\">Suitable venue for corporate events and conferences.<\/p>\n<h2 class=\"fleurdesel__title h1 fz-Default\">Corporate event<\/h2>\n<\/div>\n<\/div>\n\n\t\t<\/div>\n\t<\/div>\n<\/div><\/div><\/div><\/div><section class=\"vc_section vc_custom_1491385518823\"><div class=\"vc_row wpb_row vc_row-fluid vc_row-o-content-middle vc_row-flex\">\n\t\t\t\t\n<div class=\"pr-md-0 wpb_column vc_column_container vc_col-sm-12 vc_col-lg-6 vc_col-md-6\"><div class=\"vc_column-inner\"><div class=\"wpb_wrapper\">\n\t<div  class=\"wpb_single_image wpb_content_element vc_align_center   pr-md-0\">\n\t\t\n\t\t<figure class=\"wpb_wrapper vc_figure\">\n\t\t\t<div class=\"vc_single_image-wrapper   vc_box_border_grey\"><img loading=\"lazy\" decoding=\"async\" width=\"792\" height=\"528\" src=\"https:\/\/www.hotelkastiel.sk\/wp-content\/uploads\/2019\/01\/3-4.jpg\" class=\"vc_single_image-img attachment-full\" alt=\"Family Day\" srcset=\"https:\/\/www.hotelkastiel.sk\/wp-content\/uploads\/2019\/01\/3-4.jpg 792w, https:\/\/www.hotelkastiel.sk\/wp-content\/uploads\/2019\/01\/3-4-300x200.jpg 300w, https:\/\/www.hotelkastiel.sk\/wp-content\/uploads\/2019\/01\/3-4-768x512.jpg 768w, https:\/\/www.hotelkastiel.sk\/wp-content\/uploads\/2019\/01\/3-4-600x400.jpg 600w\" sizes=\"auto, (max-width: 792px) 100vw, 792px\" \/><\/div>\n\t\t<\/figure>\n\t<\/div>\n<\/div><\/div><\/div><div class=\"wpb_column vc_column_container vc_col-sm-12 vc_col-lg-6 vc_col-md-6\"><div class=\"vc_column-inner\"><div class=\"wpb_wrapper\">\n\t<div class=\"wpb_text_column wpb_content_element  vc_custom_1557678924579\" >\n\t\t<div class=\"wpb_wrapper\">\n\t\t\t<h3 style=\"text-align: center;\"><strong>Family Day<\/strong><\/h3>\n<p style=\"text-align: center; padding-top: 25px; line-height: 1.875;\">If you are interested in supporting the corporate culture and organizing a Family Day for your employees, we have a great option on how to thank them for a well-achieved goal, strengthen the culture as well as to get sympathies.<\/p>\n\n\t\t<\/div>\n\t<\/div>\n<div class=\"vc_btn3-container vc_btn3-center\" >\n\t<a class=\"vc_general vc_btn3 vc_btn3-size-md vc_btn3-shape-square vc_btn3-style-classic vc_btn3-color-chino\" href=\"https:\/\/www.hotelkastiel.sk\/en\/family-day\/\" title=\"\">Family day<\/a><\/div>\n<\/div><\/div><\/div><\/div><div class=\"vc_row wpb_row vc_row-fluid vc_row-o-content-middle vc_row-flex\">\n\t\t\t\t\n<div class=\"push-lg-6 pl-md-0 wpb_column vc_column_container vc_col-sm-12 vc_col-lg-6 vc_col-md-6\"><div class=\"vc_column-inner\"><div class=\"wpb_wrapper\">\n\t<div  class=\"wpb_single_image wpb_content_element vc_align_center\">\n\t\t\n\t\t<figure class=\"wpb_wrapper vc_figure\">\n\t\t\t<div class=\"vc_single_image-wrapper   vc_box_border_grey\"><img loading=\"lazy\" decoding=\"async\" width=\"792\" height=\"527\" src=\"https:\/\/www.hotelkastiel.sk\/wp-content\/uploads\/2019\/01\/3-5.jpg\" class=\"vc_single_image-img attachment-full\" alt=\"\" srcset=\"https:\/\/www.hotelkastiel.sk\/wp-content\/uploads\/2019\/01\/3-5.jpg 792w, https:\/\/www.hotelkastiel.sk\/wp-content\/uploads\/2019\/01\/3-5-300x200.jpg 300w, https:\/\/www.hotelkastiel.sk\/wp-content\/uploads\/2019\/01\/3-5-768x511.jpg 768w, https:\/\/www.hotelkastiel.sk\/wp-content\/uploads\/2019\/01\/3-5-600x400.jpg 600w\" sizes=\"auto, (max-width: 792px) 100vw, 792px\" \/><\/div>\n\t\t<\/figure>\n\t<\/div>\n<\/div><\/div><\/div><div class=\"pull-lg-6 wpb_column vc_column_container vc_col-sm-12 vc_col-lg-6 vc_col-md-6\"><div class=\"vc_column-inner\"><div class=\"wpb_wrapper\">\n\t<div class=\"wpb_text_column wpb_content_element  vc_custom_1557678966996\" >\n\t\t<div class=\"wpb_wrapper\">\n\t\t\t<h3 style=\"text-align: center;\"><strong>Team building<\/strong><\/h3>\n<p style=\"text-align: center; padding-top: 25px; line-height: 1.875;\">Art Hotel Ka\u0161tie\u013e is unique for its wide range of stylish interiors with a unique atmosphere that can evoke strong emotions. The noble Jesen\u00e1k Hall, intimate salons, vaulted wine cellar and congress hall are available to clients.<\/p>\n\n\t\t<\/div>\n\t<\/div>\n<div class=\"vc_btn3-container vc_btn3-center\" >\n\t<a class=\"vc_general vc_btn3 vc_btn3-size-md vc_btn3-shape-square vc_btn3-style-classic vc_btn3-color-chino\" href=\"https:\/\/www.hotelkastiel.sk\/en\/teambuilding\/\" title=\"\">Teambuilding<\/a><\/div>\n<\/div><\/div><\/div><\/div><div class=\"vc_row wpb_row vc_row-fluid vc_row-o-content-middle vc_row-flex\">\n\t\t\t\t\n<div class=\"pr-md-0 wpb_column vc_column_container vc_col-sm-12 vc_col-lg-6 vc_col-md-6\"><div class=\"vc_column-inner\"><div class=\"wpb_wrapper\">\n\t<div  class=\"wpb_single_image wpb_content_element vc_align_center\">\n\t\t\n\t\t<figure class=\"wpb_wrapper vc_figure\">\n\t\t\t<div class=\"vc_single_image-wrapper   vc_box_border_grey\"><img loading=\"lazy\" decoding=\"async\" width=\"792\" height=\"527\" src=\"https:\/\/www.hotelkastiel.sk\/wp-content\/uploads\/2019\/01\/5-3.jpg\" class=\"vc_single_image-img attachment-full\" alt=\"\" srcset=\"https:\/\/www.hotelkastiel.sk\/wp-content\/uploads\/2019\/01\/5-3.jpg 792w, https:\/\/www.hotelkastiel.sk\/wp-content\/uploads\/2019\/01\/5-3-300x200.jpg 300w, https:\/\/www.hotelkastiel.sk\/wp-content\/uploads\/2019\/01\/5-3-768x511.jpg 768w, https:\/\/www.hotelkastiel.sk\/wp-content\/uploads\/2019\/01\/5-3-600x400.jpg 600w\" sizes=\"auto, (max-width: 792px) 100vw, 792px\" \/><\/div>\n\t\t<\/figure>\n\t<\/div>\n<\/div><\/div><\/div><div class=\"wpb_column vc_column_container vc_col-sm-12 vc_col-lg-6 vc_col-md-6\"><div class=\"vc_column-inner\"><div class=\"wpb_wrapper\">\n\t<div class=\"wpb_text_column wpb_content_element  vc_custom_1547992043208\" >\n\t\t<div class=\"wpb_wrapper\">\n\t\t\t<h3 style=\"text-align: center;\"><strong>Staff training and conferences <\/strong><\/h3>\n<p style=\"text-align: center; padding-top: 25px; line-height: 1.875;\">Art Hotel Ka\u0161tie\u013e is an ideal place to organize a training or conference for your employees or customers.<\/p>\n\n\t\t<\/div>\n\t<\/div>\n<div class=\"vc_btn3-container vc_btn3-center\" >\n\t<a class=\"vc_general vc_btn3 vc_btn3-size-md vc_btn3-shape-square vc_btn3-style-classic vc_btn3-color-chino\" href=\"https:\/\/www.hotelkastiel.sk\/en\/konferencie\/\" title=\"\">Staff training and conferences<\/a><\/div>\n<\/div><\/div><\/div><\/div><div class=\"vc_row wpb_row vc_row-fluid vc_row-o-content-middle vc_row-flex\">\n\t\t\t\t\n<div class=\"push-lg-6 pl-md-0 wpb_column vc_column_container vc_col-sm-12 vc_col-lg-6 vc_col-md-6\"><div class=\"vc_column-inner\"><div class=\"wpb_wrapper\">\n\t<div  class=\"wpb_single_image wpb_content_element vc_align_center\">\n\t\t\n\t\t<figure class=\"wpb_wrapper vc_figure\">\n\t\t\t<div class=\"vc_single_image-wrapper   vc_box_border_grey\"><img loading=\"lazy\" decoding=\"async\" width=\"792\" height=\"594\" src=\"https:\/\/www.hotelkastiel.sk\/wp-content\/uploads\/2019\/01\/4-7.jpg\" class=\"vc_single_image-img attachment-full\" alt=\"\" srcset=\"https:\/\/www.hotelkastiel.sk\/wp-content\/uploads\/2019\/01\/4-7.jpg 792w, https:\/\/www.hotelkastiel.sk\/wp-content\/uploads\/2019\/01\/4-7-300x225.jpg 300w, https:\/\/www.hotelkastiel.sk\/wp-content\/uploads\/2019\/01\/4-7-768x576.jpg 768w\" sizes=\"auto, (max-width: 792px) 100vw, 792px\" \/><\/div>\n\t\t<\/figure>\n\t<\/div>\n<\/div><\/div><\/div><div class=\"pull-lg-6 wpb_column vc_column_container vc_col-sm-12 vc_col-lg-6 vc_col-md-6\"><div class=\"vc_column-inner\"><div class=\"wpb_wrapper\">\n\t<div class=\"wpb_text_column wpb_content_element  vc_custom_1547992062805\" >\n\t\t<div class=\"wpb_wrapper\">\n\t\t\t<h3 style=\"text-align: center;\"><strong>Corporate and product presentation<\/strong><\/h3>\n<p style=\"text-align: center; padding-top: 25px; line-height: 1.875;\">Luxury for luxury. This is what we could call the offer for presenting original products in the stylish spaces of the Art Hotel Ka\u0161tiel. The range of options is wide and diverse in terms of space and style. We are able to meet even the most demanding requirements.<\/p>\n\n\t\t<\/div>\n\t<\/div>\n<div class=\"vc_btn3-container vc_btn3-center\" >\n\t<a class=\"vc_general vc_btn3 vc_btn3-size-md vc_btn3-shape-square vc_btn3-style-classic vc_btn3-color-chino\" href=\"https:\/\/www.hotelkastiel.sk\/en\/firemna-prezentacia\/\" title=\"Corporate and product presentation\">Corporate presentation<\/a><\/div>\n<\/div><\/div><\/div><\/div><\/section><div class=\"vc_row wpb_row vc_row-fluid vc_custom_1491294197056\">\n\t\t\t\t\n<div class=\"wpb_column vc_column_container vc_col-sm-12 vc_col-has-fill\"><div class=\"vc_column-inner vc_custom_1500364082239\"><div class=\"wpb_wrapper\">\n\t<div class=\"wpb_text_column wpb_content_element  vc_custom_1593101732247\" >\n\t\t<div class=\"wpb_wrapper\">\n\t\t\t<h3 style=\"text-align: center;\">Room capacities<\/h3>\n<table width=\"604\">\n<tbody>\n<tr>\n<td width=\"101\">&nbsp;<\/td>\n<td width=\"75\">Floor<\/td>\n<td width=\"78\">Dimensions<\/td>\n<td width=\"62\">Area<\/td>\n<td width=\"62\">Theater<\/td>\n<td width=\"52\">Classroom<\/td>\n<td width=\"64\">U-shaped<\/td>\n<td width=\"59\">Banquet<\/td>\n<td width=\"51\">Party<\/td>\n<\/tr>\n<tr>\n<td width=\"101\">Banketov\u00e1 s\u00e1la<\/td>\n<td width=\"75\">-1<\/td>\n<td width=\"78\">13 x 15 m<\/td>\n<td width=\"62\">195 m<sup>2<\/sup><\/td>\n<td width=\"62\">300 os\u00f4b<\/td>\n<td width=\"52\">100 os\u00f4b<\/td>\n<td width=\"64\">60 os\u00f4b<\/td>\n<td width=\"59\">160 os\u00f4b<\/td>\n<td width=\"51\">200 os\u00f4b<\/td>\n<\/tr>\n<tr>\n<td width=\"101\">Jesen\u00e1kov\u00e1 s\u00e1la<\/td>\n<td width=\"75\">1<\/td>\n<td width=\"78\">9 x 11 m<\/td>\n<td width=\"62\">98 m<sup>2<\/sup><\/td>\n<td width=\"62\">90 os\u00f4b<\/td>\n<td width=\"52\">60 os\u00f4b<\/td>\n<td width=\"64\">40 os\u00f4b<\/td>\n<td width=\"59\">70 os\u00f4b<\/td>\n<td width=\"51\">70 os\u00f4b<\/td>\n<\/tr>\n<tr>\n<td width=\"101\">Strasserov sal\u00f3n<\/td>\n<td width=\"75\">1<\/td>\n<td width=\"78\">6 x 5 m<\/td>\n<td width=\"62\">32 m<sup>2<\/sup><\/td>\n<td width=\"62\">&#8211;<\/td>\n<td width=\"52\">&#8211;<\/td>\n<td width=\"64\">8 os\u00f4b<\/td>\n<td width=\"59\">10 os\u00f4b<\/td>\n<td width=\"51\">10 os\u00f4b<\/td>\n<\/tr>\n<tr>\n<td width=\"101\">Dra\u0161k\u00f3czyho sal\u00f3n<\/td>\n<td width=\"75\">1<\/td>\n<td width=\"78\">11 x 5 m<\/td>\n<td width=\"62\">55 m<sup>2<\/sup><\/td>\n<td width=\"62\">30 os\u00f4b<\/td>\n<td width=\"52\">30 os\u00f4b<\/td>\n<td width=\"64\">20 os\u00f4b<\/td>\n<td width=\"59\">20 os\u00f4b<\/td>\n<td width=\"51\">30 os\u00f4b<\/td>\n<\/tr>\n<tr>\n<td width=\"101\">Re\u0161taur\u00e1cia Regum<\/td>\n<td width=\"75\">0<\/td>\n<td width=\"78\">18 x 5 m<\/td>\n<td width=\"62\">85 m<sup>2<\/sup><\/td>\n<td width=\"62\">&#8211;<\/td>\n<td width=\"52\">&#8211;<\/td>\n<td width=\"64\">20 os\u00f4b<\/td>\n<td width=\"59\">30 os\u00f4b<\/td>\n<td width=\"51\">40 os\u00f4b<\/td>\n<\/tr>\n<tr>\n<td width=\"101\">N\u00e1dvorie so stanom<\/td>\n<td width=\"75\">0<\/td>\n<td width=\"78\">25 x 15 m<\/td>\n<td width=\"62\">375 m<sup>2<\/sup><\/td>\n<td width=\"62\">300 os\u00f4b<\/td>\n<td width=\"52\">200 os\u00f4b<\/td>\n<td width=\"64\">100 os\u00f4b<\/td>\n<td width=\"59\">200 os\u00f4b<\/td>\n<td width=\"51\">300 os\u00f4b<\/td>\n<\/tr>\n<tr>\n<td width=\"101\">Vin\u00e1re\u0148 Sklep<\/td>\n<td width=\"75\">-1<\/td>\n<td width=\"78\">10 x 5m<\/td>\n<td width=\"62\">52 m<sup>2<\/sup><\/td>\n<td width=\"62\">&#8211;<\/td>\n<td width=\"52\">&#8211;<\/td>\n<td width=\"64\">&#8211;<\/td>\n<td width=\"59\">20 os\u00f4b<\/td>\n<td width=\"51\">20 os\u00f4b<\/td>\n<\/tr>\n<tr>\n<td width=\"101\">Amfite\u00e1ter<\/td>\n<td width=\"75\">park<\/td>\n<td width=\"78\">17 x 11 m<\/td>\n<td width=\"62\">180 m<sup>2<\/sup><\/td>\n<td width=\"62\">160 os\u00f4b<\/td>\n<td width=\"52\">&#8211;<\/td>\n<td width=\"64\">&#8211;<\/td>\n<td width=\"59\">&#8211;<\/td>\n<td width=\"51\">&#8211;<\/td>\n<\/tr>\n<\/tbody>\n<\/table>\n\n\t\t<\/div>\n\t<\/div>\n<\/div><\/div><\/div><\/div><div class=\"vc_row wpb_row vc_row-fluid vc_row-o-content-middle vc_row-flex\">\n\t\t\t\t\n<div class=\"wpb_column vc_column_container vc_col-sm-12\"><div class=\"vc_column-inner\"><div class=\"wpb_wrapper\">\n\t<div class=\"wpb_text_column wpb_content_element\" >\n\t\t<div class=\"wpb_wrapper\">\n\t\t\t<div class=\"fleurdesel-heading text-center\">\n<p class=\"fleurdesel__meta font-600 text-color-1 translation-block\">Our regular customers include large <a href=\"https:\/\/www.agem.sk\/dealers-day\" target=\"_self\">Slovak<\/a> and foreign companies<\/p>\n<h2 class=\"fleurdesel__title h1 fz-Default\">References<\/h2>\n<\/div>\n\n\t\t<\/div>\n\t<\/div>\n<div class=\"vc_empty_space\"   style=\"height: 64px\" ><span class=\"vc_empty_space_inner\"><\/span><\/div>\n\n\t<div  class=\"wpb_single_image wpb_content_element vc_align_center  vc_custom_1552299375763\">\n\t\t\n\t\t<figure class=\"wpb_wrapper vc_figure\">\n\t\t\t<div class=\"vc_single_image-wrapper   vc_box_border_grey\"><img loading=\"lazy\" decoding=\"async\" width=\"605\" height=\"488\" src=\"https:\/\/www.hotelkastiel.sk\/wp-content\/uploads\/2019\/01\/aa.png\" class=\"vc_single_image-img attachment-full\" alt=\"\" srcset=\"https:\/\/www.hotelkastiel.sk\/wp-content\/uploads\/2019\/01\/aa.png 605w, https:\/\/www.hotelkastiel.sk\/wp-content\/uploads\/2019\/01\/aa-300x242.png 300w\" sizes=\"auto, (max-width: 605px) 100vw, 605px\" \/><\/div>\n\t\t<\/figure>\n\t<\/div>\n<\/div><\/div><\/div><\/div><div class=\"vc_row wpb_row vc_row-fluid\">\n\t\t\t\t\n<div class=\"wpb_column vc_column_container vc_col-sm-12\"><div class=\"vc_column-inner\"><div class=\"wpb_wrapper\"><div class=\"fleurdesel-gallery  vc_custom_1547993550600\" data-init=\"gallery\">\r\n\t<div class=\"dropdown fleurdesel-gallery__filter font-1\" data-init=\"filter\">\r\n\t<button class=\"btn btn-secondary dropdown-toggle font-1\" hidden type=\"button\" data-toggle=\"dropdown\" aria-haspopup=\"true\" aria-expanded=\"false\">All<\/button>\r\n\t<div class=\"dropdown-menu\">\r\n\t\t<a class=\"dropdown-item current\" href=\"#\" data-filter=\"*\">All<\/a>\r\n\t\t\t\t\t\t<a class=\"dropdown-item\" href=\"#\" data-filter=\".group-0\"><\/a>\r\n\t\t\t<\/div>\r\n<\/div>\r\n<!-- \/.fleurdesel-gallery__filter -->\r\n\r\n<div class=\"fleurdesel-gallery__wrap clearfix\" data-init=\"isotope\" data-cols=\"4\" data-gap=\"30\" data-gallery=\"popup\">\r\n\t<div class=\"grid-sizer\"><\/div>\r\n\t\t\t<div class=\"fleurdesel-gallery__item group-0\" data-grid=\"grid-item\">\r\n\t\t<div class=\"fleurdesel-gallery__media\">\r\n \t\t\t<a href=\"https:\/\/www.hotelkastiel.sk\/wp-content\/uploads\/2019\/01\/20181015201844-b73b5b08-me.jpg\">\r\n\t\t\t\t<img loading=\"lazy\" decoding=\"async\" width=\"640\" height=\"385\" src=\"https:\/\/www.hotelkastiel.sk\/wp-content\/uploads\/2019\/01\/20181015201844-b73b5b08-me-640x385.jpg\" class=\"attachment-fleurdesel-medium size-fleurdesel-medium\" alt=\"\" \/>\t\t\t<\/a>\r\n\t\t<\/div>\r\n\t\t<!-- \/.fleurdesel-gallery__media -->\r\n\r\n\t\t\t\t<!-- \/.fleurdesel-gallery__ -->\r\n\t<\/div>\r\n\t\t<div class=\"fleurdesel-gallery__item group-1\" data-grid=\"grid-item\">\r\n\t\t<div class=\"fleurdesel-gallery__media\">\r\n \t\t\t<a href=\"https:\/\/www.hotelkastiel.sk\/wp-content\/uploads\/2019\/01\/20171124184300-f372bcb1-me.jpg\">\r\n\t\t\t\t<img loading=\"lazy\" decoding=\"async\" width=\"396\" height=\"500\" src=\"https:\/\/www.hotelkastiel.sk\/wp-content\/uploads\/2019\/01\/20171124184300-f372bcb1-me-396x500.jpg\" class=\"attachment-fleurdesel-medium size-fleurdesel-medium\" alt=\"\" \/>\t\t\t<\/a>\r\n\t\t<\/div>\r\n\t\t<!-- \/.fleurdesel-gallery__media -->\r\n\r\n\t\t\t\t<!-- \/.fleurdesel-gallery__ -->\r\n\t<\/div>\r\n\t\t<div class=\"fleurdesel-gallery__item group-2\" data-grid=\"grid-item\">\r\n\t\t<div class=\"fleurdesel-gallery__media\">\r\n \t\t\t<a href=\"https:\/\/www.hotelkastiel.sk\/wp-content\/uploads\/2019\/01\/4-6.jpg\">\r\n\t\t\t\t<img loading=\"lazy\" decoding=\"async\" width=\"640\" height=\"500\" src=\"https:\/\/www.hotelkastiel.sk\/wp-content\/uploads\/2019\/01\/4-6-640x500.jpg\" class=\"attachment-fleurdesel-medium size-fleurdesel-medium\" alt=\"\" \/>\t\t\t<\/a>\r\n\t\t<\/div>\r\n\t\t<!-- \/.fleurdesel-gallery__media -->\r\n\r\n\t\t\t\t<!-- \/.fleurdesel-gallery__ -->\r\n\t<\/div>\r\n\t\t<!-- \/.fleurdesel-gallery__item -->\r\n\r\n<\/div>\r\n<\/div>\r\n<\/div><\/div><\/div><\/div>","protected":false},"excerpt":{"rendered":"Pon\u00fakame V\u00e1m \u0161irok\u00e9 mo\u017enosti priestorov a slu\u017eieb spojen\u00fdch s firemn\u00fdmi akciami. Firemn\u00e1 akcia Family Day Ak m\u00e1te z\u00e1ujem o podporenie firemnej kult\u00fary a zorganizovanie rodinn\u00e9ho d\u0148a pre Va\u0161ich zamestnancov, m\u00e1me pre V\u00e1s vhodn\u00e9 rie\u0161enie ako sa zamestnancom odv\u010fa\u010di\u0165 za dobre vykonan\u00fa pr\u00e1cu a posilni\u0165 kolekt\u00edv a z\u00edska\u0165 si jeho sympatie. Family day Team building Art [...]","protected":false},"author":5,"featured_media":0,"parent":0,"menu_order":0,"comment_status":"closed","ping_status":"closed","template":"templates\/page-builder.php","meta":{"footnotes":""},"class_list":["post-2442","page","type-page","status-publish","hentry"],"yoast_head":"<!-- This site is optimized with the Yoast SEO plugin v27.5 - https:\/\/yoast.com\/product\/yoast-seo-wordpress\/ -->\n<title>Firemn\u00e1 akcia - Art Hotel Ka\u0161tie\u013e, Tom\u00e1\u0161ov<\/title>\n<meta name=\"description\" content=\"Pon\u00fakame V\u00e1m \u0161irok\u00e9 mo\u017enosti priestorov a slu\u017eieb spojen\u00fdch s firemn\u00fdmi akciami - kongres, konferencia, firemn\u00e1 prezent\u00e1cia, team building, family day.\" \/>\n<meta name=\"robots\" content=\"index, follow, max-snippet:-1, max-image-preview:large, max-video-preview:-1\" \/>\n<link rel=\"canonical\" href=\"https:\/\/www.hotelkastiel.sk\/en\/firemna-akcia\/\" \/>\n<meta property=\"og:locale\" content=\"en_GB\" \/>\n<meta property=\"og:type\" content=\"article\" \/>\n<meta property=\"og:title\" content=\"Firemn\u00e1 akcia - Art Hotel Ka\u0161tie\u013e, Tom\u00e1\u0161ov\" \/>\n<meta property=\"og:description\" content=\"Pon\u00fakame V\u00e1m \u0161irok\u00e9 mo\u017enosti priestorov a slu\u017eieb spojen\u00fdch s firemn\u00fdmi akciami - kongres, konferencia, firemn\u00e1 prezent\u00e1cia, team building, family day.\" \/>\n<meta property=\"og:url\" content=\"https:\/\/www.hotelkastiel.sk\/en\/firemna-akcia\/\" \/>\n<meta property=\"og:site_name\" content=\"Art Hotel Ka\u0161tie\u013e, Tom\u00e1\u0161ov\" \/>\n<meta property=\"article:publisher\" content=\"http:\/\/facebook.com\/hotelkastiel\/\" \/>\n<meta property=\"article:modified_time\" content=\"2020-06-26T08:28:20+00:00\" \/>\n<meta name=\"twitter:label1\" content=\"Estimated reading time\" \/>\n\t<meta name=\"twitter:data1\" content=\"4 minutes\" \/>\n<script type=\"application\/ld+json\" class=\"yoast-schema-graph\">{\"@context\":\"https:\\\/\\\/schema.org\",\"@graph\":[{\"@type\":\"WebPage\",\"@id\":\"https:\\\/\\\/www.hotelkastiel.sk\\\/firemna-akcia\\\/\",\"url\":\"https:\\\/\\\/www.hotelkastiel.sk\\\/firemna-akcia\\\/\",\"name\":\"Firemn\u00e1 akcia - Art Hotel Ka\u0161tie\u013e, Tom\u00e1\u0161ov\",\"isPartOf\":{\"@id\":\"https:\\\/\\\/www.hotelkastiel.sk\\\/#website\"},\"datePublished\":\"2019-01-20T13:52:03+00:00\",\"dateModified\":\"2020-06-26T08:28:20+00:00\",\"description\":\"Pon\u00fakame V\u00e1m \u0161irok\u00e9 mo\u017enosti priestorov a slu\u017eieb spojen\u00fdch s firemn\u00fdmi akciami - kongres, konferencia, firemn\u00e1 prezent\u00e1cia, team building, family day.\",\"breadcrumb\":{\"@id\":\"https:\\\/\\\/www.hotelkastiel.sk\\\/firemna-akcia\\\/#breadcrumb\"},\"inLanguage\":\"en-GB\",\"potentialAction\":[{\"@type\":\"ReadAction\",\"target\":[\"https:\\\/\\\/www.hotelkastiel.sk\\\/firemna-akcia\\\/\"]}]},{\"@type\":\"BreadcrumbList\",\"@id\":\"https:\\\/\\\/www.hotelkastiel.sk\\\/firemna-akcia\\\/#breadcrumb\",\"itemListElement\":[{\"@type\":\"ListItem\",\"position\":1,\"name\":\"Home\",\"item\":\"https:\\\/\\\/www.hotelkastiel.sk\\\/\"},{\"@type\":\"ListItem\",\"position\":2,\"name\":\"Firemn\u00e1 akcia\"}]},{\"@type\":\"WebSite\",\"@id\":\"https:\\\/\\\/www.hotelkastiel.sk\\\/#website\",\"url\":\"https:\\\/\\\/www.hotelkastiel.sk\\\/\",\"name\":\"Art Hotel Ka\u0161tie\u013e, Tom\u00e1\u0161ov\",\"description\":\"\",\"publisher\":{\"@id\":\"https:\\\/\\\/www.hotelkastiel.sk\\\/#organization\"},\"potentialAction\":[{\"@type\":\"SearchAction\",\"target\":{\"@type\":\"EntryPoint\",\"urlTemplate\":\"https:\\\/\\\/www.hotelkastiel.sk\\\/?s={search_term_string}\"},\"query-input\":{\"@type\":\"PropertyValueSpecification\",\"valueRequired\":true,\"valueName\":\"search_term_string\"}}],\"inLanguage\":\"en-GB\"},{\"@type\":\"Organization\",\"@id\":\"https:\\\/\\\/www.hotelkastiel.sk\\\/#organization\",\"name\":\"Art Hotel Ka\u0161tie\u013e, Tom\u00e1\u0161ov\",\"url\":\"https:\\\/\\\/www.hotelkastiel.sk\\\/\",\"logo\":{\"@type\":\"ImageObject\",\"inLanguage\":\"en-GB\",\"@id\":\"https:\\\/\\\/www.hotelkastiel.sk\\\/#\\\/schema\\\/logo\\\/image\\\/\",\"url\":\"https:\\\/\\\/www.hotelkastiel.sk\\\/wp-content\\\/uploads\\\/2018\\\/07\\\/logo-header.png\",\"contentUrl\":\"https:\\\/\\\/www.hotelkastiel.sk\\\/wp-content\\\/uploads\\\/2018\\\/07\\\/logo-header.png\",\"width\":1289,\"height\":936,\"caption\":\"Art Hotel Ka\u0161tie\u013e, Tom\u00e1\u0161ov\"},\"image\":{\"@id\":\"https:\\\/\\\/www.hotelkastiel.sk\\\/#\\\/schema\\\/logo\\\/image\\\/\"},\"sameAs\":[\"http:\\\/\\\/facebook.com\\\/hotelkastiel\\\/\",\"http:\\\/\\\/instagram.com\\\/hotelkastiel\\\/\",\"https:\\\/\\\/www.linkedin.com\\\/company\\\/art-hotel-kastiel-tomasov\\\/?viewAsMember=true\",\"https:\\\/\\\/www.youtube.com\\\/playlist?list=PLvlDIzNKGgpSADkmHpsw4owU0JUOEXfhn\",\"https:\\\/\\\/sk.wikipedia.org\\\/wiki\\\/Ka\u0161tie\u013e_v_Tom\u00e1\u0161ove\"]}]}<\/script>\n<!-- \/ Yoast SEO plugin. -->","yoast_head_json":{"title":"Firemn\u00e1 akcia - Art Hotel Ka\u0161tie\u013e, Tom\u00e1\u0161ov","description":"Pon\u00fakame V\u00e1m \u0161irok\u00e9 mo\u017enosti priestorov a slu\u017eieb spojen\u00fdch s firemn\u00fdmi akciami - kongres, konferencia, firemn\u00e1 prezent\u00e1cia, team building, family day.","robots":{"index":"index","follow":"follow","max-snippet":"max-snippet:-1","max-image-preview":"max-image-preview:large","max-video-preview":"max-video-preview:-1"},"canonical":"https:\/\/www.hotelkastiel.sk\/en\/firemna-akcia\/","og_locale":"en_GB","og_type":"article","og_title":"Firemn\u00e1 akcia - Art Hotel Ka\u0161tie\u013e, Tom\u00e1\u0161ov","og_description":"Pon\u00fakame V\u00e1m \u0161irok\u00e9 mo\u017enosti priestorov a slu\u017eieb spojen\u00fdch s firemn\u00fdmi akciami - kongres, konferencia, firemn\u00e1 prezent\u00e1cia, team building, family day.","og_url":"https:\/\/www.hotelkastiel.sk\/en\/firemna-akcia\/","og_site_name":"Art Hotel Ka\u0161tie\u013e, Tom\u00e1\u0161ov","article_publisher":"http:\/\/facebook.com\/hotelkastiel\/","article_modified_time":"2020-06-26T08:28:20+00:00","twitter_misc":{"Estimated reading time":"4 minutes"},"schema":{"@context":"https:\/\/schema.org","@graph":[{"@type":"WebPage","@id":"https:\/\/www.hotelkastiel.sk\/firemna-akcia\/","url":"https:\/\/www.hotelkastiel.sk\/firemna-akcia\/","name":"Firemn\u00e1 akcia - Art Hotel Ka\u0161tie\u013e, Tom\u00e1\u0161ov","isPartOf":{"@id":"https:\/\/www.hotelkastiel.sk\/#website"},"datePublished":"2019-01-20T13:52:03+00:00","dateModified":"2020-06-26T08:28:20+00:00","description":"Pon\u00fakame V\u00e1m \u0161irok\u00e9 mo\u017enosti priestorov a slu\u017eieb spojen\u00fdch s firemn\u00fdmi akciami - kongres, konferencia, firemn\u00e1 prezent\u00e1cia, team building, family day.","breadcrumb":{"@id":"https:\/\/www.hotelkastiel.sk\/firemna-akcia\/#breadcrumb"},"inLanguage":"en-GB","potentialAction":[{"@type":"ReadAction","target":["https:\/\/www.hotelkastiel.sk\/firemna-akcia\/"]}]},{"@type":"BreadcrumbList","@id":"https:\/\/www.hotelkastiel.sk\/firemna-akcia\/#breadcrumb","itemListElement":[{"@type":"ListItem","position":1,"name":"Home","item":"https:\/\/www.hotelkastiel.sk\/"},{"@type":"ListItem","position":2,"name":"Firemn\u00e1 akcia"}]},{"@type":"WebSite","@id":"https:\/\/www.hotelkastiel.sk\/#website","url":"https:\/\/www.hotelkastiel.sk\/","name":"Art Hotel Ka\u0161tie\u013e, Tom\u00e1\u0161ov","description":"","publisher":{"@id":"https:\/\/www.hotelkastiel.sk\/#organization"},"potentialAction":[{"@type":"SearchAction","target":{"@type":"EntryPoint","urlTemplate":"https:\/\/www.hotelkastiel.sk\/?s={search_term_string}"},"query-input":{"@type":"PropertyValueSpecification","valueRequired":true,"valueName":"search_term_string"}}],"inLanguage":"en-GB"},{"@type":"Organization","@id":"https:\/\/www.hotelkastiel.sk\/#organization","name":"Art Hotel Ka\u0161tie\u013e, Tom\u00e1\u0161ov","url":"https:\/\/www.hotelkastiel.sk\/","logo":{"@type":"ImageObject","inLanguage":"en-GB","@id":"https:\/\/www.hotelkastiel.sk\/#\/schema\/logo\/image\/","url":"https:\/\/www.hotelkastiel.sk\/wp-content\/uploads\/2018\/07\/logo-header.png","contentUrl":"https:\/\/www.hotelkastiel.sk\/wp-content\/uploads\/2018\/07\/logo-header.png","width":1289,"height":936,"caption":"Art Hotel Ka\u0161tie\u013e, Tom\u00e1\u0161ov"},"image":{"@id":"https:\/\/www.hotelkastiel.sk\/#\/schema\/logo\/image\/"},"sameAs":["http:\/\/facebook.com\/hotelkastiel\/","http:\/\/instagram.com\/hotelkastiel\/","https:\/\/www.linkedin.com\/company\/art-hotel-kastiel-tomasov\/?viewAsMember=true","https:\/\/www.youtube.com\/playlist?list=PLvlDIzNKGgpSADkmHpsw4owU0JUOEXfhn","https:\/\/sk.wikipedia.org\/wiki\/Ka\u0161tie\u013e_v_Tom\u00e1\u0161ove"]}]}},"_links":{"self":[{"href":"https:\/\/www.hotelkastiel.sk\/en\/wp-json\/wp\/v2\/pages\/2442","targetHints":{"allow":["GET"]}}],"collection":[{"href":"https:\/\/www.hotelkastiel.sk\/en\/wp-json\/wp\/v2\/pages"}],"about":[{"href":"https:\/\/www.hotelkastiel.sk\/en\/wp-json\/wp\/v2\/types\/page"}],"author":[{"embeddable":true,"href":"https:\/\/www.hotelkastiel.sk\/en\/wp-json\/wp\/v2\/users\/5"}],"replies":[{"embeddable":true,"href":"https:\/\/www.hotelkastiel.sk\/en\/wp-json\/wp\/v2\/comments?post=2442"}],"version-history":[{"count":0,"href":"https:\/\/www.hotelkastiel.sk\/en\/wp-json\/wp\/v2\/pages\/2442\/revisions"}],"wp:attachment":[{"href":"https:\/\/www.hotelkastiel.sk\/en\/wp-json\/wp\/v2\/media?parent=2442"}],"curies":[{"name":"wp","href":"https:\/\/api.w.org\/{rel}","templated":true}]}}