{"id":3435,"date":"2017-04-04T08:57:59","date_gmt":"2017-04-04T08:57:59","guid":{"rendered":"https:\/\/www.hotelkastiel.sk\/kontakt\/"},"modified":"2026-03-19T15:03:52","modified_gmt":"2026-03-19T14:03:52","slug":"kontakt","status":"publish","type":"page","link":"https:\/\/www.hotelkastiel.sk\/en\/kontakt\/","title":{"rendered":"Contact"},"content":{"rendered":"<div class=\"vc_row wpb_row vc_row-fluid vc_custom_1551699002103\">\n\t\t\t\t\n<div class=\"text-center wpb_column vc_column_container vc_col-sm-12 vc_col-lg-offset-2 vc_col-lg-8\"><div class=\"vc_column-inner vc_custom_1491297296308\"><div class=\"wpb_wrapper\">\n\t<div class=\"wpb_text_column wpb_content_element\" >\n\t\t<div class=\"wpb_wrapper\">\n\t\t\t<div class=\"fleurdesel-heading vc_custom_1547648887576 text-center\">\n<p class=\"fleurdesel__meta font-600 text-color-1\">How you can find us<\/p>\n<h2 class=\"fleurdesel__title h1 fz-Default\">Contact<\/h2>\n<\/div>\n\n\t\t<\/div>\n\t<\/div>\n<\/div><\/div><\/div><\/div><div class=\"vc_row wpb_row vc_row-fluid vc_custom_1551699010833\">\n\t\t\t\t\n<div class=\"wpb_column vc_column_container vc_col-sm-12\"><div class=\"vc_column-inner\"><div class=\"wpb_wrapper\">\n\t<div class=\"wpb_raw_code wpb_content_element wpb_raw_html\" >\n\t\t<div class=\"wpb_wrapper\">\n\t\t\t<div class=\"vc_row wpb_row vc_row-fluid text-center vc_custom_1551699026927\">\n\t\t\t\t\n\n\t\t\t\t\n<div class=\"wpb_column vc_column_container vc_col-sm-4 vc_col-lg-4 vc_col-md-4\"><div class=\"vc_column-inner vc_custom_1500088570905\"><div class=\"wpb_wrapper\"><div class=\"fleurdesel-iconbox  sc-iconbox-contact text-center\">\n\t<div class=\"fleurdesel-iconbox__wrap\">\n\t\t\t\t\t<div class=\"fleurdesel-iconbox__media h1 text-color-1 mb-15\">\n\t\t\t\t<i class=\"fh fh-hotel-2\"><\/i>\t\t\t<\/div>\n\t\t\t<!-- \/.fleurdesel-iconbox -->\n\t\t\n\t\t<div class=\"fleurdesel-iconbox__data\">\n\t\t\t\t\t\t\t<h2 class=\"fleurdesel-iconbox__title h6 font-2 font-500 mb-20\">\n\t\t\t\t\t\t\t\t\t\t\tArt Hotel Ka\u0161tie\u013e\t\t\t\t\t\t\t\t\t<\/h2>\n\t\t\t\n\t\t\t\t\t\t\t<p class=\"fleurdesel-iconbox__desc translation-block\">Majorh\u00e1za 1<br>\r\nTom\u00e1\u0161ov 900 44<br>\r\nSlovensk\u00e1 republika<br>\r\n <a href=\"https:\/\/g.page\/hotelkastiel?share\" target=\"_self\">Naviguj<\/a><br><br><\/p>\n\t\t\t\t\t<\/div>\n\t\t<!-- \/.fleurdesel-iconbox__info -->\n\t<\/div>\n<\/div>\n<\/div><\/div><\/div><div class=\"wpb_column vc_column_container vc_col-sm-4\"><div class=\"vc_column-inner vc_custom_1500088576777\"><div class=\"wpb_wrapper\"><div class=\"fleurdesel-iconbox  sc-iconbox-contact text-center\">\n\t<div class=\"fleurdesel-iconbox__wrap\">\n\t\t\t\t\t<div class=\"fleurdesel-iconbox__media h1 text-color-1 mb-15\">\n\t\t\t\t<i class=\"fh fh-telephone\"><\/i>\t\t\t<\/div>\n\t\t\t<!-- \/.fleurdesel-iconbox -->\n\t\t\n\t\t<div class=\"fleurdesel-iconbox__data\">\n\t\t\t\t\t\t\t<h2 class=\"fleurdesel-iconbox__title h6 font-2 font-500 mb-20\">\n\t\t\t\t\t\t\t\t\t\t\tReception\/Front Desk\t\t\t\t\t\t\t\t\t<\/h2>\n\t\t\t\n\t\t\t\t\t\t\t<p class=\"fleurdesel-iconbox__desc\">Tel: <a href=\"tel:+421 2 209 093 00\">+421 2 209 093 00<\/a><br>\nE-mail: <a href=\"mailto:recepcia@hotelkastiel.sk\">recepcia@hotelkastiel.sk<\/a><\/p>\n\t\t\t\t\t<\/div>\n\t\t<!-- \/.fleurdesel-iconbox__info -->\n\t<\/div>\n<\/div>\n<\/div><\/div><\/div><div class=\"wpb_column vc_column_container vc_col-sm-4\"><div class=\"vc_column-inner vc_custom_1500088582447\"><div class=\"wpb_wrapper\"><div class=\"fleurdesel-iconbox  sc-iconbox-contact text-center\">\n\t<div class=\"fleurdesel-iconbox__wrap\">\n\t\t\t\t\t<div class=\"fleurdesel-iconbox__media h1 text-color-1 mb-15\">\n\t\t\t\t<i class=\"fh fh-wedding-cake\"><\/i>\t\t\t<\/div>\n\t\t\t<!-- \/.fleurdesel-iconbox -->\n\t\t\n\t\t<div class=\"fleurdesel-iconbox__data\">\n\t\t\t\t\t\t\t<h2 class=\"fleurdesel-iconbox__title h6 font-2 font-500 mb-20\">\n\t\t\t\t\t\t\t\t\t\t\tEvents manager, weddings, corporate events:\t\t\t\t\t\t\t\t\t<\/h2>\n\t\t\t\n\t\t\t\t\t\t\t<p class=\"fleurdesel-iconbox__desc\">E-mail: <a href=\"mailto:eventy@hotelkastiel.sk\">eventy@hotelkastiel.sk<\/a><br>\nIng. Du\u0161an Lamo\u0161-Fer\u00e9 - Hotel and event manager<br>\ndusan.lamos@hotelkastiel.sk<br>\nTel: <a href=\"tel:\/\/+421 918 621 622\">+421 918 621 622<\/a><\/p>\nPeter Va\u0161ko - Event manager<br>\npeter.vasko@hotelkastiel.sk<br>\nTel: <a href=\"tel:\/\/+421 917 908 203\">+421 917 908 203<\/a><\/p>\n\n\t\t\t\t\t<\/div>\n\t\t<!-- \/.fleurdesel-iconbox__info -->\n\t<\/div>\n<\/div>\n<\/div><\/div><\/div><\/div>\n\t\t<\/div>\n\t<\/div>\n<\/div><\/div><\/div><\/div><div class=\"vc_row wpb_row vc_row-fluid vc_custom_1551699010833\">\n\t\t\t\t\n<div class=\"wpb_column vc_column_container vc_col-sm-6\"><div class=\"vc_column-inner\"><div class=\"wpb_wrapper\"><div class=\"vc_empty_space\"   style=\"height: 70px\" ><span class=\"vc_empty_space_inner\"><\/span><\/div>\n\n\t<div class=\"wpb_text_column wpb_content_element\" >\n\t\t<div class=\"wpb_wrapper\">\n\t\t\t<h5 style=\"text-align: center;\">Save us in your mobile phone<\/h5>\n\n\t\t<\/div>\n\t<\/div>\n<div class=\"vc_empty_space\"   style=\"height: 70px\" ><span class=\"vc_empty_space_inner\"><\/span><\/div>\n<\/div><\/div><\/div><div class=\"wpb_column vc_column_container vc_col-sm-6\"><div class=\"vc_column-inner\"><div class=\"wpb_wrapper\">\n\t<div  class=\"wpb_single_image wpb_content_element vc_align_center\">\n\t\t\n\t\t<figure class=\"wpb_wrapper vc_figure\">\n\t\t\t<a href=\"https:\/\/www.vcard.link\/card\/D7eP.vcf\" target=\"_self\" class=\"vc_single_image-wrapper   vc_box_border_grey\"><img loading=\"lazy\" decoding=\"async\" width=\"150\" height=\"150\" src=\"https:\/\/www.hotelkastiel.sk\/wp-content\/uploads\/2020\/07\/qr-code-1-150x150.png\" class=\"vc_single_image-img attachment-thumbnail\" alt=\"V card\" srcset=\"https:\/\/www.hotelkastiel.sk\/wp-content\/uploads\/2020\/07\/qr-code-1-150x150.png 150w, https:\/\/www.hotelkastiel.sk\/wp-content\/uploads\/2020\/07\/qr-code-1-300x300.png 300w, https:\/\/www.hotelkastiel.sk\/wp-content\/uploads\/2020\/07\/qr-code-1-768x768.png 768w, https:\/\/www.hotelkastiel.sk\/wp-content\/uploads\/2020\/07\/qr-code-1.png 897w\" sizes=\"auto, (max-width: 150px) 100vw, 150px\" \/><\/a>\n\t\t<\/figure>\n\t<\/div>\n<\/div><\/div><\/div><\/div><div class=\"vc_row wpb_row vc_row-fluid vc_custom_1551699010833\">\n\t\t\t\t\n<div class=\"wpb_column vc_column_container vc_col-sm-12\"><div class=\"vc_column-inner\"><div class=\"wpb_wrapper\"><div class=\"vc_empty_space\"   style=\"height: 70px\" ><span class=\"vc_empty_space_inner\"><\/span><\/div>\n\n\t<div class=\"wpb_text_column wpb_content_element\" >\n\t\t<div class=\"wpb_wrapper\">\n\t\t\t<div class=\"fleurdesel-heading vc_custom_1551698992044 text-center\">\n<h4 class=\"fleurdesel__meta font-600 text-color-1\" style=\"text-align: center;\">How you can find us?<\/h4>\n<\/div>\n<p style=\"text-align: center;\">Art Hotel Ka\u0161tie\u013e is located on the outskirts of Tom\u00e1\u0161ov, in the direction of Dunajsk\u00e1 Lu\u017en\u00e1<\/p>\n<h4 style=\"text-align: center;\"><a href=\"https:\/\/g.page\/hotelkastiel?share\">Navigation<\/a><\/h4>\n\n\t\t<\/div>\n\t<\/div>\n<div class=\"vc_empty_space\"   style=\"height: 30px\" ><span class=\"vc_empty_space_inner\"><\/span><\/div>\n<\/div><\/div><\/div><\/div><div class=\"vc_row wpb_row vc_row-fluid\">\n\t\t\t\t\n<div class=\"wpb_column vc_column_container vc_col-sm-3\"><div class=\"vc_column-inner\"><div class=\"wpb_wrapper\">\n\t<div class=\"wpb_text_column wpb_content_element\" >\n\t\t<div class=\"wpb_wrapper\">\n\t\t\t<p><strong>Billing address:<\/strong><\/p>\n<p>MAJOR PALACE s.r.o.<\/p>\n<p>Klatovsk\u00e1 21\/1408<\/p>\n<p>Bratislava 831 04<\/p>\n<p>I\u010cO: 44 203 802<\/p>\n<p>DI\u010c: 2022634933<\/p>\n<p>I\u010c DPH: SK2022634933<\/p>\n<p><strong>Bank details:<\/strong><\/p>\n<p>Tatra banka 2623174719\/1100<\/p>\n<p>IBAN: SK10 1100 0000 0026 2317 4719<\/p>\n<p>SWIFT: TATRSKBX<\/p>\n\n\t\t<\/div>\n\t<\/div>\n\n\t<div class=\"wpb_text_column wpb_content_element\" >\n\t\t<div class=\"wpb_wrapper\">\n\t\t\t\n\t\t<\/div>\n\t<\/div>\n<\/div><\/div><\/div><div class=\"wpb_column vc_column_container vc_col-sm-9\"><div class=\"vc_column-inner\"><div class=\"wpb_wrapper\"><div class=\"wpb_gmaps_widget wpb_content_element\" >\n\t\t<div class=\"wpb_wrapper\">\n\t\t<div class=\"wpb_map_wraper\">\n\t\t\t<iframe frameborder=\"0\" style=\"width: 100%;height: 500px\" marginheight=\"0\" marginwidth=\"0\" scrolling=\"no\" src=\"\/\/maps.google.com\/maps?f=q&amp;source=s_q&amp;hl=sk&amp;geocode=&amp;q=Art+Hotel+Kastiel,+Majorh%C3%A1za+1+900+44+Tom%C3%A1%C5%A1ov,+Slovakia&amp;aq=0&amp;oq=Art&amp;sll=48.137375,17.322146&amp;sspn=0.003888,0.010568&amp;g=48.138686,17.322873&amp;ie=UTF8&amp;hq=Art+Hotel+Kastiel,+Majorh%C3%A1za+1&amp;hnear=Tom%C3%A1%C5%A1ov,+Slovakia&amp;t=m&amp;ll=48.130351,17.20047&amp;spn=0.274976,0.300751&amp;z=10&amp;output=embed\" ><\/iframe>\t\t<\/div>\n\t<\/div>\n<\/div>\n<\/div><\/div><\/div><\/div><div class=\"vc_row wpb_row vc_row-fluid\">\n\t\t\t\t\n<div class=\"wpb_column vc_column_container vc_col-sm-12\"><div class=\"vc_column-inner\"><div class=\"wpb_wrapper\"><div class=\"vc_empty_space\"   style=\"height: 32px\" ><span class=\"vc_empty_space_inner\"><\/span><\/div>\n\n\t<div class=\"wpb_text_column wpb_content_element\" >\n\t\t<div class=\"wpb_wrapper\">\n\t\t\t<h2 class=\"fleurdesel__title h1 fz-Default\" style=\"text-align: center;\">Our team<\/h2>\n\n\t\t<\/div>\n\t<\/div>\n<div class=\"vc_empty_space\"   style=\"height: 32px\" ><span class=\"vc_empty_space_inner\"><\/span><\/div>\n<\/div><\/div><\/div><\/div><div class=\"vc_row wpb_row vc_row-fluid\">\n\t\t\t\t\n<div class=\"wpb_column vc_column_container vc_col-sm-4\"><div class=\"vc_column-inner\"><div class=\"wpb_wrapper\"><div class=\"fleurdesel-team__item text-center\">\r\n\t\t<div class=\"fleurdesel-team__img\">\r\n\t\t<img loading=\"lazy\" decoding=\"async\" width=\"1919\" height=\"2560\" src=\"https:\/\/www.hotelkastiel.sk\/wp-content\/uploads\/2025\/11\/D-scaled.jpg\" class=\"attachment-full size-full\" alt=\"\" srcset=\"https:\/\/www.hotelkastiel.sk\/wp-content\/uploads\/2025\/11\/D-scaled.jpg 1919w, https:\/\/www.hotelkastiel.sk\/wp-content\/uploads\/2025\/11\/D-225x300.jpg 225w, https:\/\/www.hotelkastiel.sk\/wp-content\/uploads\/2025\/11\/D-768x1024.jpg 768w, https:\/\/www.hotelkastiel.sk\/wp-content\/uploads\/2025\/11\/D-1152x1536.jpg 1152w, https:\/\/www.hotelkastiel.sk\/wp-content\/uploads\/2025\/11\/D-1535x2048.jpg 1535w, https:\/\/www.hotelkastiel.sk\/wp-content\/uploads\/2025\/11\/D-9x12.jpg 9w\" sizes=\"auto, (max-width: 1919px) 100vw, 1919px\" \/>\t<\/div>\r\n\t\t<!-- \/.fleurdesel-team__img -->\r\n\r\n\t<div class=\"fleurdesel-team__info\">\r\n\t\t\t\t<h2 class=\"fleurdesel-team__title h4\">Ing. Du\u0161an Lamo\u0161-Fer\u00e9<\/h2>\r\n\t\t\r\n\t\t\t\t<p class=\"fleurdesel-team__meta text-uppercase\">Hotel and event manager<\/p>\r\n\t\t\r\n\t\t<p class=\"fleurdesel-team__action\">\r\n\t\t\t\r\n\t\t\t\r\n\t\t\t\r\n\t\t\t\r\n\t\t\t\t\t<\/p>\r\n\t<\/div>\r\n\t<!-- \/.fleurdesel-team__info -->\r\n<\/div>\r\n<\/div><\/div><\/div><div class=\"wpb_column vc_column_container vc_col-sm-4\"><div class=\"vc_column-inner\"><div class=\"wpb_wrapper\"><div class=\"fleurdesel-team__item text-center\">\r\n\t\t<div class=\"fleurdesel-team__img\">\r\n\t\t<img loading=\"lazy\" decoding=\"async\" width=\"396\" height=\"594\" src=\"https:\/\/www.hotelkastiel.sk\/wp-content\/uploads\/2019\/01\/ER.jpg\" class=\"attachment-full size-full\" alt=\"Rastislav Miklovi\u010d\" srcset=\"https:\/\/www.hotelkastiel.sk\/wp-content\/uploads\/2019\/01\/ER.jpg 396w, https:\/\/www.hotelkastiel.sk\/wp-content\/uploads\/2019\/01\/ER-200x300.jpg 200w\" sizes=\"auto, (max-width: 396px) 100vw, 396px\" \/>\t<\/div>\r\n\t\t<!-- \/.fleurdesel-team__img -->\r\n\r\n\t<div class=\"fleurdesel-team__info\">\r\n\t\t\t\t<h2 class=\"fleurdesel-team__title h4\">Rastislav Miklovi\u010d<\/h2>\r\n\t\t\r\n\t\t\t\t<p class=\"fleurdesel-team__meta text-uppercase\">Executive Chef<\/p>\r\n\t\t\r\n\t\t<p class=\"fleurdesel-team__action\">\r\n\t\t\t\r\n\t\t\t\r\n\t\t\t\r\n\t\t\t\r\n\t\t\t\t\t<\/p>\r\n\t<\/div>\r\n\t<!-- \/.fleurdesel-team__info -->\r\n<\/div>\r\n<\/div><\/div><\/div><div class=\"wpb_column vc_column_container vc_col-sm-4\"><div class=\"vc_column-inner\"><div class=\"wpb_wrapper\"><div class=\"fleurdesel-team__item text-center\">\r\n\t\t<div class=\"fleurdesel-team__img\">\r\n\t\t<img loading=\"lazy\" decoding=\"async\" width=\"2014\" height=\"2560\" src=\"https:\/\/www.hotelkastiel.sk\/wp-content\/uploads\/2026\/03\/Gonzo-scaled.jpg\" class=\"attachment-full size-full\" alt=\"\" srcset=\"https:\/\/www.hotelkastiel.sk\/wp-content\/uploads\/2026\/03\/Gonzo-scaled.jpg 2014w, https:\/\/www.hotelkastiel.sk\/wp-content\/uploads\/2026\/03\/Gonzo-236x300.jpg 236w, https:\/\/www.hotelkastiel.sk\/wp-content\/uploads\/2026\/03\/Gonzo-806x1024.jpg 806w, https:\/\/www.hotelkastiel.sk\/wp-content\/uploads\/2026\/03\/Gonzo-768x976.jpg 768w, https:\/\/www.hotelkastiel.sk\/wp-content\/uploads\/2026\/03\/Gonzo-1209x1536.jpg 1209w, https:\/\/www.hotelkastiel.sk\/wp-content\/uploads\/2026\/03\/Gonzo-1611x2048.jpg 1611w, https:\/\/www.hotelkastiel.sk\/wp-content\/uploads\/2026\/03\/Gonzo-9x12.jpg 9w\" sizes=\"auto, (max-width: 2014px) 100vw, 2014px\" \/>\t<\/div>\r\n\t\t<!-- \/.fleurdesel-team__img -->\r\n\r\n\t<div class=\"fleurdesel-team__info\">\r\n\t\t\t\t<h2 class=\"fleurdesel-team__title h4\">Peter Va\u0161ko<\/h2>\r\n\t\t\r\n\t\t\t\t<p class=\"fleurdesel-team__meta text-uppercase\">Event Manager<\/p>\r\n\t\t\r\n\t\t<p class=\"fleurdesel-team__action\">\r\n\t\t\t\r\n\t\t\t\r\n\t\t\t\r\n\t\t\t\r\n\t\t\t\t\t<\/p>\r\n\t<\/div>\r\n\t<!-- \/.fleurdesel-team__info -->\r\n<\/div>\r\n<\/div><\/div><\/div><\/div>","protected":false},"excerpt":{"rendered":"Ako n\u00e1s n\u00e1jdete Kontakt Art Hotel Ka\u0161tie\u013e Majorh\u00e1za 1 Tom\u00e1\u0161ov 900 44 Slovensk\u00e1 republika Naviguj Recepcia Tel: +421 2 209 093 00 E-mail: recepcia@hotelkastiel.sk Events manager, svadby, firemn\u00e9 akcie: E-mail: eventy@hotelkastiel.sk Ing. Du\u0161an Lamo\u0161-Fer\u00e9 - Hotel and event manager dusan.lamos@hotelkastiel.sk Tel: +421 918 621 622 Peter Va\u0161ko - Event manager peter.vasko@hotelkastiel.sk Tel: +421 917 908 [...]","protected":false},"author":5,"featured_media":0,"parent":0,"menu_order":0,"comment_status":"closed","ping_status":"closed","template":"templates\/page-builder.php","meta":{"footnotes":""},"class_list":["post-3435","page","type-page","status-publish","hentry"],"yoast_head":"<!-- This site is optimized with the Yoast SEO plugin v27.5 - https:\/\/yoast.com\/product\/yoast-seo-wordpress\/ -->\n<title>Kontakt - Art Hotel Ka\u0161tie\u013e, Tom\u00e1\u0161ov<\/title>\n<meta name=\"description\" content=\"Das Art Hotel Ka\u0161tie\u013e befindet sich in der Westslowakei, etwa 15 km von Bratislava entfernt. Tel: +421 2 209 093 00, E-mail: recepcia@hotelkastiel.sk.\" \/>\n<meta name=\"robots\" content=\"index, follow, max-snippet:-1, max-image-preview:large, max-video-preview:-1\" \/>\n<link rel=\"canonical\" href=\"https:\/\/www.hotelkastiel.sk\/en\/kontakt\/\" \/>\n<meta property=\"og:locale\" content=\"en_GB\" \/>\n<meta property=\"og:type\" content=\"article\" \/>\n<meta property=\"og:title\" content=\"Kontakt - Art Hotel Ka\u0161tie\u013e, Tom\u00e1\u0161ov\" \/>\n<meta property=\"og:description\" content=\"Das Art Hotel Ka\u0161tie\u013e befindet sich in der Westslowakei, etwa 15 km von Bratislava entfernt. Tel: +421 2 209 093 00, E-mail: recepcia@hotelkastiel.sk.\" \/>\n<meta property=\"og:url\" content=\"https:\/\/www.hotelkastiel.sk\/en\/kontakt\/\" \/>\n<meta property=\"og:site_name\" content=\"Art Hotel Ka\u0161tie\u013e, Tom\u00e1\u0161ov\" \/>\n<meta property=\"article:publisher\" content=\"http:\/\/facebook.com\/hotelkastiel\/\" \/>\n<meta property=\"article:modified_time\" content=\"2026-03-19T14:03:52+00:00\" \/>\n<meta name=\"twitter:label1\" content=\"Estimated reading time\" \/>\n\t<meta name=\"twitter:data1\" content=\"1 minute\" \/>\n<script type=\"application\/ld+json\" class=\"yoast-schema-graph\">{\"@context\":\"https:\\\/\\\/schema.org\",\"@graph\":[{\"@type\":\"WebPage\",\"@id\":\"https:\\\/\\\/www.hotelkastiel.sk\\\/kontakt\\\/\",\"url\":\"https:\\\/\\\/www.hotelkastiel.sk\\\/kontakt\\\/\",\"name\":\"Kontakt - Art Hotel Ka\u0161tie\u013e, Tom\u00e1\u0161ov\",\"isPartOf\":{\"@id\":\"https:\\\/\\\/www.hotelkastiel.sk\\\/#website\"},\"datePublished\":\"2017-04-04T08:57:59+00:00\",\"dateModified\":\"2026-03-19T14:03:52+00:00\",\"description\":\"Das Art Hotel Ka\u0161tie\u013e befindet sich in der Westslowakei, etwa 15 km von Bratislava entfernt. Tel: +421 2 209 093 00, E-mail: recepcia@hotelkastiel.sk.\",\"breadcrumb\":{\"@id\":\"https:\\\/\\\/www.hotelkastiel.sk\\\/kontakt\\\/#breadcrumb\"},\"inLanguage\":\"en-GB\",\"potentialAction\":[{\"@type\":\"ReadAction\",\"target\":[\"https:\\\/\\\/www.hotelkastiel.sk\\\/kontakt\\\/\"]}]},{\"@type\":\"BreadcrumbList\",\"@id\":\"https:\\\/\\\/www.hotelkastiel.sk\\\/kontakt\\\/#breadcrumb\",\"itemListElement\":[{\"@type\":\"ListItem\",\"position\":1,\"name\":\"Home\",\"item\":\"https:\\\/\\\/www.hotelkastiel.sk\\\/\"},{\"@type\":\"ListItem\",\"position\":2,\"name\":\"Kontakt\"}]},{\"@type\":\"WebSite\",\"@id\":\"https:\\\/\\\/www.hotelkastiel.sk\\\/#website\",\"url\":\"https:\\\/\\\/www.hotelkastiel.sk\\\/\",\"name\":\"Art Hotel Ka\u0161tie\u013e, Tom\u00e1\u0161ov\",\"description\":\"\",\"publisher\":{\"@id\":\"https:\\\/\\\/www.hotelkastiel.sk\\\/#organization\"},\"potentialAction\":[{\"@type\":\"SearchAction\",\"target\":{\"@type\":\"EntryPoint\",\"urlTemplate\":\"https:\\\/\\\/www.hotelkastiel.sk\\\/?s={search_term_string}\"},\"query-input\":{\"@type\":\"PropertyValueSpecification\",\"valueRequired\":true,\"valueName\":\"search_term_string\"}}],\"inLanguage\":\"en-GB\"},{\"@type\":\"Organization\",\"@id\":\"https:\\\/\\\/www.hotelkastiel.sk\\\/#organization\",\"name\":\"Art Hotel Ka\u0161tie\u013e, Tom\u00e1\u0161ov\",\"url\":\"https:\\\/\\\/www.hotelkastiel.sk\\\/\",\"logo\":{\"@type\":\"ImageObject\",\"inLanguage\":\"en-GB\",\"@id\":\"https:\\\/\\\/www.hotelkastiel.sk\\\/#\\\/schema\\\/logo\\\/image\\\/\",\"url\":\"https:\\\/\\\/www.hotelkastiel.sk\\\/wp-content\\\/uploads\\\/2018\\\/07\\\/logo-header.png\",\"contentUrl\":\"https:\\\/\\\/www.hotelkastiel.sk\\\/wp-content\\\/uploads\\\/2018\\\/07\\\/logo-header.png\",\"width\":1289,\"height\":936,\"caption\":\"Art Hotel Ka\u0161tie\u013e, Tom\u00e1\u0161ov\"},\"image\":{\"@id\":\"https:\\\/\\\/www.hotelkastiel.sk\\\/#\\\/schema\\\/logo\\\/image\\\/\"},\"sameAs\":[\"http:\\\/\\\/facebook.com\\\/hotelkastiel\\\/\",\"http:\\\/\\\/instagram.com\\\/hotelkastiel\\\/\",\"https:\\\/\\\/www.linkedin.com\\\/company\\\/art-hotel-kastiel-tomasov\\\/?viewAsMember=true\",\"https:\\\/\\\/www.youtube.com\\\/playlist?list=PLvlDIzNKGgpSADkmHpsw4owU0JUOEXfhn\",\"https:\\\/\\\/sk.wikipedia.org\\\/wiki\\\/Ka\u0161tie\u013e_v_Tom\u00e1\u0161ove\"]}]}<\/script>\n<!-- \/ Yoast SEO plugin. -->","yoast_head_json":{"title":"Kontakt - Art Hotel Ka\u0161tie\u013e, Tom\u00e1\u0161ov","description":"Das Art Hotel Ka\u0161tie\u013e befindet sich in der Westslowakei, etwa 15 km von Bratislava entfernt. Tel: +421 2 209 093 00, E-mail: recepcia@hotelkastiel.sk.","robots":{"index":"index","follow":"follow","max-snippet":"max-snippet:-1","max-image-preview":"max-image-preview:large","max-video-preview":"max-video-preview:-1"},"canonical":"https:\/\/www.hotelkastiel.sk\/en\/kontakt\/","og_locale":"en_GB","og_type":"article","og_title":"Kontakt - Art Hotel Ka\u0161tie\u013e, Tom\u00e1\u0161ov","og_description":"Das Art Hotel Ka\u0161tie\u013e befindet sich in der Westslowakei, etwa 15 km von Bratislava entfernt. Tel: +421 2 209 093 00, E-mail: recepcia@hotelkastiel.sk.","og_url":"https:\/\/www.hotelkastiel.sk\/en\/kontakt\/","og_site_name":"Art Hotel Ka\u0161tie\u013e, Tom\u00e1\u0161ov","article_publisher":"http:\/\/facebook.com\/hotelkastiel\/","article_modified_time":"2026-03-19T14:03:52+00:00","twitter_misc":{"Estimated reading time":"1 minute"},"schema":{"@context":"https:\/\/schema.org","@graph":[{"@type":"WebPage","@id":"https:\/\/www.hotelkastiel.sk\/kontakt\/","url":"https:\/\/www.hotelkastiel.sk\/kontakt\/","name":"Kontakt - Art Hotel Ka\u0161tie\u013e, Tom\u00e1\u0161ov","isPartOf":{"@id":"https:\/\/www.hotelkastiel.sk\/#website"},"datePublished":"2017-04-04T08:57:59+00:00","dateModified":"2026-03-19T14:03:52+00:00","description":"Das Art Hotel Ka\u0161tie\u013e befindet sich in der Westslowakei, etwa 15 km von Bratislava entfernt. Tel: +421 2 209 093 00, E-mail: recepcia@hotelkastiel.sk.","breadcrumb":{"@id":"https:\/\/www.hotelkastiel.sk\/kontakt\/#breadcrumb"},"inLanguage":"en-GB","potentialAction":[{"@type":"ReadAction","target":["https:\/\/www.hotelkastiel.sk\/kontakt\/"]}]},{"@type":"BreadcrumbList","@id":"https:\/\/www.hotelkastiel.sk\/kontakt\/#breadcrumb","itemListElement":[{"@type":"ListItem","position":1,"name":"Home","item":"https:\/\/www.hotelkastiel.sk\/"},{"@type":"ListItem","position":2,"name":"Kontakt"}]},{"@type":"WebSite","@id":"https:\/\/www.hotelkastiel.sk\/#website","url":"https:\/\/www.hotelkastiel.sk\/","name":"Art Hotel Ka\u0161tie\u013e, Tom\u00e1\u0161ov","description":"","publisher":{"@id":"https:\/\/www.hotelkastiel.sk\/#organization"},"potentialAction":[{"@type":"SearchAction","target":{"@type":"EntryPoint","urlTemplate":"https:\/\/www.hotelkastiel.sk\/?s={search_term_string}"},"query-input":{"@type":"PropertyValueSpecification","valueRequired":true,"valueName":"search_term_string"}}],"inLanguage":"en-GB"},{"@type":"Organization","@id":"https:\/\/www.hotelkastiel.sk\/#organization","name":"Art Hotel Ka\u0161tie\u013e, Tom\u00e1\u0161ov","url":"https:\/\/www.hotelkastiel.sk\/","logo":{"@type":"ImageObject","inLanguage":"en-GB","@id":"https:\/\/www.hotelkastiel.sk\/#\/schema\/logo\/image\/","url":"https:\/\/www.hotelkastiel.sk\/wp-content\/uploads\/2018\/07\/logo-header.png","contentUrl":"https:\/\/www.hotelkastiel.sk\/wp-content\/uploads\/2018\/07\/logo-header.png","width":1289,"height":936,"caption":"Art Hotel Ka\u0161tie\u013e, Tom\u00e1\u0161ov"},"image":{"@id":"https:\/\/www.hotelkastiel.sk\/#\/schema\/logo\/image\/"},"sameAs":["http:\/\/facebook.com\/hotelkastiel\/","http:\/\/instagram.com\/hotelkastiel\/","https:\/\/www.linkedin.com\/company\/art-hotel-kastiel-tomasov\/?viewAsMember=true","https:\/\/www.youtube.com\/playlist?list=PLvlDIzNKGgpSADkmHpsw4owU0JUOEXfhn","https:\/\/sk.wikipedia.org\/wiki\/Ka\u0161tie\u013e_v_Tom\u00e1\u0161ove"]}]}},"_links":{"self":[{"href":"https:\/\/www.hotelkastiel.sk\/en\/wp-json\/wp\/v2\/pages\/3435","targetHints":{"allow":["GET"]}}],"collection":[{"href":"https:\/\/www.hotelkastiel.sk\/en\/wp-json\/wp\/v2\/pages"}],"about":[{"href":"https:\/\/www.hotelkastiel.sk\/en\/wp-json\/wp\/v2\/types\/page"}],"author":[{"embeddable":true,"href":"https:\/\/www.hotelkastiel.sk\/en\/wp-json\/wp\/v2\/users\/5"}],"replies":[{"embeddable":true,"href":"https:\/\/www.hotelkastiel.sk\/en\/wp-json\/wp\/v2\/comments?post=3435"}],"version-history":[{"count":6,"href":"https:\/\/www.hotelkastiel.sk\/en\/wp-json\/wp\/v2\/pages\/3435\/revisions"}],"predecessor-version":[{"id":10255,"href":"https:\/\/www.hotelkastiel.sk\/en\/wp-json\/wp\/v2\/pages\/3435\/revisions\/10255"}],"wp:attachment":[{"href":"https:\/\/www.hotelkastiel.sk\/en\/wp-json\/wp\/v2\/media?parent=3435"}],"curies":[{"name":"wp","href":"https:\/\/api.w.org\/{rel}","templated":true}]}}