{"id":4759,"date":"2019-05-27T17:16:52","date_gmt":"2019-05-27T16:16:52","guid":{"rendered":"https:\/\/www.hotelkastiel.sk\/?page_id=4759"},"modified":"2025-09-22T14:50:29","modified_gmt":"2025-09-22T13:50:29","slug":"pobytove-balicky","status":"publish","type":"page","link":"https:\/\/www.hotelkastiel.sk\/en\/pobytove-balicky\/","title":{"rendered":"Packages"},"content":{"rendered":"<div class=\"vc_row wpb_row vc_row-fluid vc_custom_1758549018184\">\n\t\t\t\t\n<div class=\"wpb_column vc_column_container vc_col-sm-12\"><div class=\"vc_column-inner\"><div class=\"wpb_wrapper\"><div class=\"vc_empty_space\"   style=\"height: 32px\" ><span class=\"vc_empty_space_inner\"><\/span><\/div>\n<div class=\"fleurdesel-heading  vc_custom_1758548950660 text-center\">\r\n\t<p class=\"fleurdesel__meta font-600 text-color-1\">Pon\u00fakame V\u00e1m bal\u00ed\u010dky za zv\u00fdhodnen\u00fa cenu<\/p><h2 class=\"fleurdesel__title h1 fz-Default\">Packages<\/h2><\/div>\r\n<\/div><\/div><\/div><\/div><div class=\"vc_row wpb_row vc_row-fluid\">\n\t\t\t\t\n<div class=\"wpb_column vc_column_container vc_col-sm-6\"><div class=\"vc_column-inner\"><div class=\"wpb_wrapper\">\n\t<div  class=\"wpb_single_image wpb_content_element vc_align_left\">\n\t\t\n\t\t<figure class=\"wpb_wrapper vc_figure\">\n\t\t\t<div class=\"vc_single_image-wrapper   vc_box_border_grey\"><img loading=\"lazy\" decoding=\"async\" width=\"2000\" height=\"1166\" src=\"https:\/\/www.hotelkastiel.sk\/wp-content\/uploads\/2019\/07\/IMG_6695.jpg\" class=\"vc_single_image-img attachment-full\" alt=\"Piknik v parku\" srcset=\"https:\/\/www.hotelkastiel.sk\/wp-content\/uploads\/2019\/07\/IMG_6695.jpg 2000w, https:\/\/www.hotelkastiel.sk\/wp-content\/uploads\/2019\/07\/IMG_6695-300x175.jpg 300w, https:\/\/www.hotelkastiel.sk\/wp-content\/uploads\/2019\/07\/IMG_6695-768x448.jpg 768w, https:\/\/www.hotelkastiel.sk\/wp-content\/uploads\/2019\/07\/IMG_6695-1024x597.jpg 1024w\" sizes=\"auto, (max-width: 2000px) 100vw, 2000px\" \/><\/div>\n\t\t<\/figure>\n\t<\/div>\n<\/div><\/div><\/div><div class=\"wpb_column vc_column_container vc_col-sm-6\"><div class=\"vc_column-inner\"><div class=\"wpb_wrapper\">\n\t<div class=\"wpb_text_column wpb_content_element  vc_custom_1711457680598\" >\n\t\t<div class=\"wpb_wrapper\">\n\t\t\t<h4 style=\"text-align: center;\">RESET FOR 1 NIGHT<\/h4>\n<p>Package includes:<\/p>\n<ul>\n<li>accommodation in comfort double room for <strong>2 persons for 1 night<\/strong><\/li>\n<li>1x breakfast for 2 persons<\/li>\n<li>1x picnic basket (meat\/cheese plate, bread, bottle of prosecco, mineral water and fruit)<\/li>\n<li>1x entry to the hotel spa for 2 persons for 2 hours<\/li>\n<li>late check-out until 11:00 hod.<\/li>\n<\/ul>\n<p style=\"text-align: center;\"><strong>Price: 199 EUR\/2 persons\/1 night<\/strong><\/p>\n\n\t\t<\/div>\n\t<\/div>\n<\/div><\/div><\/div><\/div><div class=\"vc_row wpb_row vc_row-fluid\">\n\t\t\t\t\n<div class=\"wpb_column vc_column_container vc_col-sm-12\"><div class=\"vc_column-inner\"><div class=\"wpb_wrapper\"><div class=\"vc_empty_space\"   style=\"height: 32px\" ><span class=\"vc_empty_space_inner\"><\/span><\/div>\n<div class=\"vc_row wpb_row vc_inner vc_row-fluid\">\n\t\t\t\t\n<div class=\"wpb_column vc_column_container vc_col-sm-6\"><div class=\"vc_column-inner\"><div class=\"wpb_wrapper\">\n\t<div class=\"wpb_text_column wpb_content_element\" >\n\t\t<div class=\"wpb_wrapper\">\n\t\t\t<h4><\/h4>\n<h4 style=\"text-align: center;\">ACCOMMODATION FOR 2 PERSONS FOR 2 NIGHTS (POSSIBILITY TO USE AS A \u201cREKREA\u010cN\u00dd POUKAZ\u201d)<\/h4>\n<p>Package includes:<\/p>\n<ul>\n<li>accommodation in comfort double room <strong>2 persons for 2 nights <\/strong>(in case of availability upgrade for deluxe double room)<\/li>\n<li>2x breakfast for 2 people<\/li>\n<li>1x private entry for 2 persons for 2 hours to the spa<\/li>\n<li>late check-out until 11:00 hod.<\/li>\n<\/ul>\n<p style=\"text-align: center;\"><strong style=\"text-align: center;\">\u00a0 \u00a0 \u00a0 \u00a0 \u00a0 \u00a0 \u00a0 \u00a0 \u00a0 \u00a0 \u00a0 \u00a0 \u00a0 \u00a0 \u00a0 \u00a0 \u00a0 Price: 300 EUR\/2 persons\/2 nights<\/strong><\/p>\n\n\t\t<\/div>\n\t<\/div>\n<\/div><\/div><\/div><div class=\"wpb_column vc_column_container vc_col-sm-6\"><div class=\"vc_column-inner\"><div class=\"wpb_wrapper\">\n\t<div  class=\"wpb_single_image wpb_content_element vc_align_center\">\n\t\t\n\t\t<figure class=\"wpb_wrapper vc_figure\">\n\t\t\t<div class=\"vc_single_image-wrapper   vc_box_border_grey\"><img loading=\"lazy\" decoding=\"async\" width=\"792\" height=\"528\" src=\"https:\/\/www.hotelkastiel.sk\/wp-content\/uploads\/2022\/03\/Reset.jpg\" class=\"vc_single_image-img attachment-full\" alt=\"\" srcset=\"https:\/\/www.hotelkastiel.sk\/wp-content\/uploads\/2022\/03\/Reset.jpg 792w, https:\/\/www.hotelkastiel.sk\/wp-content\/uploads\/2022\/03\/Reset-300x200.jpg 300w, https:\/\/www.hotelkastiel.sk\/wp-content\/uploads\/2022\/03\/Reset-768x512.jpg 768w, https:\/\/www.hotelkastiel.sk\/wp-content\/uploads\/2022\/03\/Reset-600x400.jpg 600w\" sizes=\"auto, (max-width: 792px) 100vw, 792px\" \/><\/div>\n\t\t<\/figure>\n\t<\/div>\n<div class=\"vc_empty_space\"   style=\"height: 32px\" ><span class=\"vc_empty_space_inner\"><\/span><\/div>\n<div class=\"vc_empty_space\"   style=\"height: 32px\" ><span class=\"vc_empty_space_inner\"><\/span><\/div>\n<div class=\"vc_empty_space\"   style=\"height: 32px\" ><span class=\"vc_empty_space_inner\"><\/span><\/div>\n<\/div><\/div><\/div><\/div>\n\t<div class=\"wpb_text_column wpb_content_element\" >\n\t\t<div class=\"wpb_wrapper\">\n\t\t\t<p>If you would like to extend any of the packages by an additional night, the list price of the selected room will be charged. If you use the 2-night stay option, we offer the opportunity to use a recreation voucher for these stay packages.<\/p>\n<p>Package price is including VAT. City tax (2\u20ac\/person\/night) is NOT included in price and must be paid separately during the check-out.<\/p>\n<p>If you decide to use one of our packages during the weekend, we would like to inform you that the manor house may be busier than during the week due to events and weddings. If you would like to inquire about occupancy or comfort on a given day, our reception is available at tel. number <a href=\"tel:+421 2 209 093 00\">+421 2 209 093 00<\/a> or on <a href=\"mailto:recepcia@hotelkastiel.sk\">recepcia@hotelkastiel.sk<\/a>.<\/p>\n<p class=\"translation-block\">We do not refund or exchange unused restaurant credit. The price of the accommodation packages does not include entry to the <a href=\"https:\/\/www.hotelkastiel.sk\/en\/bazen\/\" target=\"_self\">summer pool<\/a> (unless otherwise stated).<\/p>\n<p style=\"text-align: center;\"><strong>Check-in: from 14:00, Check-out: until 10:00 (or according to the stay package)<\/strong><\/p>\n<p style=\"text-align: center;\"><strong>Breakfast: 8:00 \u2013 10:00<\/strong><\/p>\n\n\t\t<\/div>\n\t<\/div>\n<div class=\"vc_empty_space\"   style=\"height: 32px\" ><span class=\"vc_empty_space_inner\"><\/span><\/div>\n\n<div class=\"wpcf7 no-js\" id=\"wpcf7-f4767-o1\" lang=\"en-US\" dir=\"ltr\" data-wpcf7-id=\"4767\">\n<div class=\"screen-reader-response\"><p role=\"status\" aria-live=\"polite\" aria-atomic=\"true\"><\/p> <ul><\/ul><\/div>\n<form action=\"\/en\/wp-json\/wp\/v2\/pages\/4759#wpcf7-f4767-o1\" method=\"post\" class=\"wpcf7-form init\" aria-label=\"Contact form\" novalidate=\"novalidate\" data-status=\"init\" data-trp-original-action=\"\/en\/wp-json\/wp\/v2\/pages\/4759#wpcf7-f4767-o1\">\n<fieldset class=\"hidden-fields-container\"><input type=\"hidden\" name=\"_wpcf7\" value=\"4767\" \/><input type=\"hidden\" name=\"_wpcf7_version\" value=\"6.1.5\" \/><input type=\"hidden\" name=\"_wpcf7_locale\" value=\"en_US\" \/><input type=\"hidden\" name=\"_wpcf7_unit_tag\" value=\"wpcf7-f4767-o1\" \/><input type=\"hidden\" name=\"_wpcf7_container_post\" value=\"0\" \/><input type=\"hidden\" name=\"_wpcf7_posted_data_hash\" value=\"\" \/>\n<\/fieldset>\n<div class=\"fleurdesel-style fleurdesel-wedding-form\">\n\t<div class=\"fleurdesel-style__wrap\">\n\t\t<div class=\"fleurdesel-heading text-center mb-50\">\n\t\t\t<div class=\"fleurdesel__meta font-600 text-color-1 text-uppercase\">\n\t\t\t\t<p>Order now\n\t\t\t\t<\/p>\n\t\t\t<\/div>\n\t\t\t<h2 class=\"fleurdesel__title h1\">Your gift voucher\n\t\t\t<\/h2>\n\t\t<\/div>\n\t\t<div class=\"row\">\n\t\t\t<div class=\"offset-lg-2 col-md-6 col-lg-4\">\n\t\t\t\t<div class=\"text-uppercase font-700 letter-spacing-3 mb-15 fz-14\">\n\t\t\t\t\t<p>Full name <span class=\"error\">*<\/span>\n\t\t\t\t\t<\/p>\n\t\t\t\t<\/div>\n\t\t\t\t<div class=\"mb-30\">\n\t\t\t\t\t<p><span class=\"wpcf7-form-control-wrap\" data-name=\"your-name\"><input size=\"40\" maxlength=\"400\" class=\"wpcf7-form-control wpcf7-text wpcf7-validates-as-required font-1 fz-20\" aria-required=\"true\" aria-invalid=\"false\" value=\"\" type=\"text\" name=\"your-name\" \/><\/span>\n\t\t\t\t\t<\/p>\n\t\t\t\t<\/div>\n\t\t\t<\/div>\n\t\t\t<div class=\"col-md-6 col-lg-4\">\n\t\t\t\t<div class=\"text-uppercase font-700 letter-spacing-3 mb-15 fz-14\">\n\t\t\t\t\t<p>Phone number<span class=\"error\">*<\/span>\n\t\t\t\t\t<\/p>\n\t\t\t\t<\/div>\n\t\t\t\t<div class=\"mb-30\">\n\t\t\t\t\t<p><span class=\"wpcf7-form-control-wrap\" data-name=\"your-phone\"><input size=\"40\" maxlength=\"400\" class=\"wpcf7-form-control wpcf7-text wpcf7-validates-as-required text-uppercase font-1 fz-20\" aria-required=\"true\" aria-invalid=\"false\" value=\"\" type=\"text\" name=\"your-phone\" \/><\/span>\n\t\t\t\t\t<\/p>\n\t\t\t\t<\/div>\n\t\t\t<\/div>\n\t\t<\/div>\n\t\t<div class=\"row\">\n\t\t\t<div class=\"offset-lg-2 col-md-6 col-lg-4\">\n\t\t\t\t<div class=\"text-uppercase font-700 letter-spacing-3 mb-15 fz-14\">\n\t\t\t\t\t<p>E-mail <span class=\"error\">*<\/span>\n\t\t\t\t\t<\/p>\n\t\t\t\t<\/div>\n\t\t\t\t<div class=\"mb-30\">\n\t\t\t\t\t<p><span class=\"wpcf7-form-control-wrap\" data-name=\"your-email\"><input size=\"40\" maxlength=\"400\" class=\"wpcf7-form-control wpcf7-email wpcf7-validates-as-required wpcf7-text wpcf7-validates-as-email text-lowercase font-1 fz-20\" aria-required=\"true\" aria-invalid=\"false\" value=\"\" type=\"email\" name=\"your-email\" \/><\/span>\n\t\t\t\t\t<\/p>\n\t\t\t\t<\/div>\n\t\t\t<\/div>\n\t\t\t<div class=\"col-md-6 col-lg-4\">\n\t\t\t\t<div class=\"text-uppercase font-700 letter-spacing-3 mb-15 fz-14\">\n\t\t\t\t\t<p>Voucher validity until <span class=\"error\">*<\/span>\n\t\t\t\t\t<\/p>\n\t\t\t\t<\/div>\n\t\t\t\t<div class=\"mb-30\">\n\t\t\t\t\t<p><span class=\"wpcf7-form-control-wrap\" data-name=\"date-113\"><input class=\"wpcf7-form-control wpcf7-date wpcf7-validates-as-required wpcf7-validates-as-date font-1 fz-20\" aria-required=\"true\" aria-invalid=\"false\" value=\"\" type=\"date\" name=\"date-113\" \/><\/span>\n\t\t\t\t\t<\/p>\n\t\t\t\t<\/div>\n\t\t\t<\/div>\n\t\t<\/div>\n\t\t<div class=\"row\">\n\t\t<\/div>\n\t\t<div class=\"row\">\n\t\t\t<div class=\"offset-lg-2 col col-lg-8\">\n\t\t\t\t<div class=\"text-uppercase font-700 letter-spacing-3 mb-15 fz-14\">\n\t\t\t\t\t<p>Selected voucher, additional information<span class=\"error\">*<\/span>\n\t\t\t\t\t<\/p>\n\t\t\t\t<\/div>\n\t\t\t\t<div class=\"text-center mb-30\">\n\t\t\t\t\t<p><span class=\"wpcf7-form-control-wrap\" data-name=\"additional-details\"><textarea cols=\"40\" rows=\"3\" maxlength=\"2000\" class=\"wpcf7-form-control wpcf7-textarea wpcf7-validates-as-required\" aria-required=\"true\" aria-invalid=\"false\" name=\"additional-details\"><\/textarea><\/span>\n\t\t\t\t\t<\/p>\n\t\t\t\t<\/div>\n\t\t\t<\/div>\n\t\t<\/div>\n\t\t<div class=\"row\">\n\t\t\t<div class=\"offset-lg-2 col col-lg-8\">\n\t\t\t\t<div class=\"text-center mb-20\">\n\t\t\t\t\t<p><input class=\"wpcf7-form-control wpcf7-submit has-spinner btn btn-view btn-primary fz-14 font-700 btn-w200\" type=\"submit\" value=\"Send request\" \/>\n\t\t\t\t\t<\/p>\n\t\t\t\t<\/div>\n\t\t\t<\/div>\n\t\t<\/div>\n\t<\/div>\n<\/div><div class=\"wpcf7-response-output\" aria-hidden=\"true\"><\/div>\n<input type=\"hidden\" name=\"trp-form-language\" value=\"en\"\/><\/form>\n<\/div>\n<div class=\"vc_empty_space\"   style=\"height: 32px\" ><span class=\"vc_empty_space_inner\"><\/span><\/div>\n<\/div><\/div><\/div><\/div><div class=\"vc_row wpb_row vc_row-fluid\">\n\t\t\t\t\n<div class=\"wpb_column vc_column_container vc_col-sm-12\"><div class=\"vc_column-inner\"><div class=\"wpb_wrapper\"><\/div><\/div><\/div><\/div><div class=\"vc_row wpb_row vc_row-fluid\">\n\t\t\t\t\n<div class=\"wpb_column vc_column_container vc_col-sm-12\"><div class=\"vc_column-inner\"><div class=\"wpb_wrapper\"><div class=\"vc_empty_space\"   style=\"height: 32px\" ><span class=\"vc_empty_space_inner\"><\/span><\/div>\n<\/div><\/div><\/div><\/div>","protected":false},"excerpt":{"rendered":"Pon\u00fakame V\u00e1m bal\u00ed\u010dky za zv\u00fdhodnen\u00fa cenuPobytov\u00e9 bal\u00ed\u010dky RESET NA 1 NOC V cene bal\u00ed\u010dka je: ubytovanie v izbe comfort pre 2 osoby na 1 noc 1x ra\u0148ajky pre 2 osoby 1x piknikov\u00fd k\u00f4\u0161 (zah\u0155\u0148a m\u00e4sov\u00fd\/syrov\u00fd n\u00e1rez, pe\u010divo, f\u013ea\u0161u prosecca, miner\u00e1lnu vodu a ovocie) 1x vstup do wellness pre 2 osoby na 2 hodiny late check-out [...]","protected":false},"author":5,"featured_media":1437,"parent":0,"menu_order":0,"comment_status":"closed","ping_status":"closed","template":"templates\/page-builder.php","meta":{"footnotes":""},"class_list":["post-4759","page","type-page","status-publish","has-post-thumbnail","hentry"],"yoast_head":"<!-- This site is optimized with the Yoast SEO plugin v27.5 - https:\/\/yoast.com\/product\/yoast-seo-wordpress\/ -->\n<title>Pobytov\u00e9 bal\u00ed\u010dky - Art Hotel Ka\u0161tie\u013e, Tom\u00e1\u0161ov<\/title>\n<meta name=\"description\" content=\"Vyu\u017eite pobytov\u00e9 bal\u00ed\u010dky v barokovom ka\u0161tieli za zv\u00fdhodnen\u00fa cenu - ubytovanie s polpenziou, wellness, Adventure golf a Footgolf\" \/>\n<meta name=\"robots\" content=\"index, follow, max-snippet:-1, max-image-preview:large, max-video-preview:-1\" \/>\n<link rel=\"canonical\" href=\"https:\/\/www.hotelkastiel.sk\/en\/pobytove-balicky\/\" \/>\n<meta property=\"og:locale\" content=\"en_GB\" \/>\n<meta property=\"og:type\" content=\"article\" \/>\n<meta property=\"og:title\" content=\"Pobytov\u00e9 bal\u00ed\u010dky - Art Hotel Ka\u0161tie\u013e, Tom\u00e1\u0161ov\" \/>\n<meta property=\"og:description\" content=\"Vyu\u017eite pobytov\u00e9 bal\u00ed\u010dky v barokovom ka\u0161tieli za zv\u00fdhodnen\u00fa cenu - ubytovanie s polpenziou, wellness, Adventure golf a Footgolf\" \/>\n<meta property=\"og:url\" content=\"https:\/\/www.hotelkastiel.sk\/en\/pobytove-balicky\/\" \/>\n<meta property=\"og:site_name\" content=\"Art Hotel Ka\u0161tie\u013e, Tom\u00e1\u0161ov\" \/>\n<meta property=\"article:publisher\" content=\"http:\/\/facebook.com\/hotelkastiel\/\" \/>\n<meta property=\"article:modified_time\" content=\"2025-09-22T13:50:29+00:00\" \/>\n<meta property=\"og:image\" content=\"https:\/\/www.hotelkastiel.sk\/wp-content\/uploads\/2018\/09\/Tom-5105-e1595227352207.jpg\" \/>\n\t<meta property=\"og:image:width\" content=\"1200\" \/>\n\t<meta property=\"og:image:height\" content=\"800\" \/>\n\t<meta property=\"og:image:type\" content=\"image\/jpeg\" \/>\n<meta name=\"twitter:label1\" content=\"Estimated reading time\" \/>\n\t<meta name=\"twitter:data1\" content=\"2 minutes\" \/>\n<script type=\"application\/ld+json\" class=\"yoast-schema-graph\">{\"@context\":\"https:\\\/\\\/schema.org\",\"@graph\":[{\"@type\":\"WebPage\",\"@id\":\"https:\\\/\\\/www.hotelkastiel.sk\\\/pobytove-balicky\\\/\",\"url\":\"https:\\\/\\\/www.hotelkastiel.sk\\\/pobytove-balicky\\\/\",\"name\":\"Pobytov\u00e9 bal\u00ed\u010dky - Art Hotel Ka\u0161tie\u013e, Tom\u00e1\u0161ov\",\"isPartOf\":{\"@id\":\"https:\\\/\\\/www.hotelkastiel.sk\\\/#website\"},\"primaryImageOfPage\":{\"@id\":\"https:\\\/\\\/www.hotelkastiel.sk\\\/pobytove-balicky\\\/#primaryimage\"},\"image\":{\"@id\":\"https:\\\/\\\/www.hotelkastiel.sk\\\/pobytove-balicky\\\/#primaryimage\"},\"thumbnailUrl\":\"https:\\\/\\\/www.hotelkastiel.sk\\\/wp-content\\\/uploads\\\/2018\\\/09\\\/Tom-5105-e1595227352207.jpg\",\"datePublished\":\"2019-05-27T16:16:52+00:00\",\"dateModified\":\"2025-09-22T13:50:29+00:00\",\"description\":\"Vyu\u017eite pobytov\u00e9 bal\u00ed\u010dky v barokovom ka\u0161tieli za zv\u00fdhodnen\u00fa cenu - ubytovanie s polpenziou, wellness, Adventure golf a Footgolf\",\"breadcrumb\":{\"@id\":\"https:\\\/\\\/www.hotelkastiel.sk\\\/pobytove-balicky\\\/#breadcrumb\"},\"inLanguage\":\"en-GB\",\"potentialAction\":[{\"@type\":\"ReadAction\",\"target\":[\"https:\\\/\\\/www.hotelkastiel.sk\\\/pobytove-balicky\\\/\"]}]},{\"@type\":\"ImageObject\",\"inLanguage\":\"en-GB\",\"@id\":\"https:\\\/\\\/www.hotelkastiel.sk\\\/pobytove-balicky\\\/#primaryimage\",\"url\":\"https:\\\/\\\/www.hotelkastiel.sk\\\/wp-content\\\/uploads\\\/2018\\\/09\\\/Tom-5105-e1595227352207.jpg\",\"contentUrl\":\"https:\\\/\\\/www.hotelkastiel.sk\\\/wp-content\\\/uploads\\\/2018\\\/09\\\/Tom-5105-e1595227352207.jpg\",\"width\":1200,\"height\":800,\"caption\":\"Izba Barbora \u010d.23 s replikami obrazov od Gust\u00e1va Klimta\"},{\"@type\":\"BreadcrumbList\",\"@id\":\"https:\\\/\\\/www.hotelkastiel.sk\\\/pobytove-balicky\\\/#breadcrumb\",\"itemListElement\":[{\"@type\":\"ListItem\",\"position\":1,\"name\":\"Home\",\"item\":\"https:\\\/\\\/www.hotelkastiel.sk\\\/\"},{\"@type\":\"ListItem\",\"position\":2,\"name\":\"Pobytov\u00e9 bal\u00ed\u010dky\"}]},{\"@type\":\"WebSite\",\"@id\":\"https:\\\/\\\/www.hotelkastiel.sk\\\/#website\",\"url\":\"https:\\\/\\\/www.hotelkastiel.sk\\\/\",\"name\":\"Art Hotel Ka\u0161tie\u013e, Tom\u00e1\u0161ov\",\"description\":\"\",\"publisher\":{\"@id\":\"https:\\\/\\\/www.hotelkastiel.sk\\\/#organization\"},\"potentialAction\":[{\"@type\":\"SearchAction\",\"target\":{\"@type\":\"EntryPoint\",\"urlTemplate\":\"https:\\\/\\\/www.hotelkastiel.sk\\\/?s={search_term_string}\"},\"query-input\":{\"@type\":\"PropertyValueSpecification\",\"valueRequired\":true,\"valueName\":\"search_term_string\"}}],\"inLanguage\":\"en-GB\"},{\"@type\":\"Organization\",\"@id\":\"https:\\\/\\\/www.hotelkastiel.sk\\\/#organization\",\"name\":\"Art Hotel Ka\u0161tie\u013e, Tom\u00e1\u0161ov\",\"url\":\"https:\\\/\\\/www.hotelkastiel.sk\\\/\",\"logo\":{\"@type\":\"ImageObject\",\"inLanguage\":\"en-GB\",\"@id\":\"https:\\\/\\\/www.hotelkastiel.sk\\\/#\\\/schema\\\/logo\\\/image\\\/\",\"url\":\"https:\\\/\\\/www.hotelkastiel.sk\\\/wp-content\\\/uploads\\\/2018\\\/07\\\/logo-header.png\",\"contentUrl\":\"https:\\\/\\\/www.hotelkastiel.sk\\\/wp-content\\\/uploads\\\/2018\\\/07\\\/logo-header.png\",\"width\":1289,\"height\":936,\"caption\":\"Art Hotel Ka\u0161tie\u013e, Tom\u00e1\u0161ov\"},\"image\":{\"@id\":\"https:\\\/\\\/www.hotelkastiel.sk\\\/#\\\/schema\\\/logo\\\/image\\\/\"},\"sameAs\":[\"http:\\\/\\\/facebook.com\\\/hotelkastiel\\\/\",\"http:\\\/\\\/instagram.com\\\/hotelkastiel\\\/\",\"https:\\\/\\\/www.linkedin.com\\\/company\\\/art-hotel-kastiel-tomasov\\\/?viewAsMember=true\",\"https:\\\/\\\/www.youtube.com\\\/playlist?list=PLvlDIzNKGgpSADkmHpsw4owU0JUOEXfhn\",\"https:\\\/\\\/sk.wikipedia.org\\\/wiki\\\/Ka\u0161tie\u013e_v_Tom\u00e1\u0161ove\"]}]}<\/script>\n<!-- \/ Yoast SEO plugin. -->","yoast_head_json":{"title":"Pobytov\u00e9 bal\u00ed\u010dky - Art Hotel Ka\u0161tie\u013e, Tom\u00e1\u0161ov","description":"Vyu\u017eite pobytov\u00e9 bal\u00ed\u010dky v barokovom ka\u0161tieli za zv\u00fdhodnen\u00fa cenu - ubytovanie s polpenziou, wellness, Adventure golf a Footgolf","robots":{"index":"index","follow":"follow","max-snippet":"max-snippet:-1","max-image-preview":"max-image-preview:large","max-video-preview":"max-video-preview:-1"},"canonical":"https:\/\/www.hotelkastiel.sk\/en\/pobytove-balicky\/","og_locale":"en_GB","og_type":"article","og_title":"Pobytov\u00e9 bal\u00ed\u010dky - Art Hotel Ka\u0161tie\u013e, Tom\u00e1\u0161ov","og_description":"Vyu\u017eite pobytov\u00e9 bal\u00ed\u010dky v barokovom ka\u0161tieli za zv\u00fdhodnen\u00fa cenu - ubytovanie s polpenziou, wellness, Adventure golf a Footgolf","og_url":"https:\/\/www.hotelkastiel.sk\/en\/pobytove-balicky\/","og_site_name":"Art Hotel Ka\u0161tie\u013e, Tom\u00e1\u0161ov","article_publisher":"http:\/\/facebook.com\/hotelkastiel\/","article_modified_time":"2025-09-22T13:50:29+00:00","og_image":[{"width":1200,"height":800,"url":"https:\/\/www.hotelkastiel.sk\/wp-content\/uploads\/2018\/09\/Tom-5105-e1595227352207.jpg","type":"image\/jpeg"}],"twitter_misc":{"Estimated reading time":"2 minutes"},"schema":{"@context":"https:\/\/schema.org","@graph":[{"@type":"WebPage","@id":"https:\/\/www.hotelkastiel.sk\/pobytove-balicky\/","url":"https:\/\/www.hotelkastiel.sk\/pobytove-balicky\/","name":"Pobytov\u00e9 bal\u00ed\u010dky - Art Hotel Ka\u0161tie\u013e, Tom\u00e1\u0161ov","isPartOf":{"@id":"https:\/\/www.hotelkastiel.sk\/#website"},"primaryImageOfPage":{"@id":"https:\/\/www.hotelkastiel.sk\/pobytove-balicky\/#primaryimage"},"image":{"@id":"https:\/\/www.hotelkastiel.sk\/pobytove-balicky\/#primaryimage"},"thumbnailUrl":"https:\/\/www.hotelkastiel.sk\/wp-content\/uploads\/2018\/09\/Tom-5105-e1595227352207.jpg","datePublished":"2019-05-27T16:16:52+00:00","dateModified":"2025-09-22T13:50:29+00:00","description":"Vyu\u017eite pobytov\u00e9 bal\u00ed\u010dky v barokovom ka\u0161tieli za zv\u00fdhodnen\u00fa cenu - ubytovanie s polpenziou, wellness, Adventure golf a Footgolf","breadcrumb":{"@id":"https:\/\/www.hotelkastiel.sk\/pobytove-balicky\/#breadcrumb"},"inLanguage":"en-GB","potentialAction":[{"@type":"ReadAction","target":["https:\/\/www.hotelkastiel.sk\/pobytove-balicky\/"]}]},{"@type":"ImageObject","inLanguage":"en-GB","@id":"https:\/\/www.hotelkastiel.sk\/pobytove-balicky\/#primaryimage","url":"https:\/\/www.hotelkastiel.sk\/wp-content\/uploads\/2018\/09\/Tom-5105-e1595227352207.jpg","contentUrl":"https:\/\/www.hotelkastiel.sk\/wp-content\/uploads\/2018\/09\/Tom-5105-e1595227352207.jpg","width":1200,"height":800,"caption":"Izba Barbora \u010d.23 s replikami obrazov od Gust\u00e1va Klimta"},{"@type":"BreadcrumbList","@id":"https:\/\/www.hotelkastiel.sk\/pobytove-balicky\/#breadcrumb","itemListElement":[{"@type":"ListItem","position":1,"name":"Home","item":"https:\/\/www.hotelkastiel.sk\/"},{"@type":"ListItem","position":2,"name":"Pobytov\u00e9 bal\u00ed\u010dky"}]},{"@type":"WebSite","@id":"https:\/\/www.hotelkastiel.sk\/#website","url":"https:\/\/www.hotelkastiel.sk\/","name":"Art Hotel Ka\u0161tie\u013e, Tom\u00e1\u0161ov","description":"","publisher":{"@id":"https:\/\/www.hotelkastiel.sk\/#organization"},"potentialAction":[{"@type":"SearchAction","target":{"@type":"EntryPoint","urlTemplate":"https:\/\/www.hotelkastiel.sk\/?s={search_term_string}"},"query-input":{"@type":"PropertyValueSpecification","valueRequired":true,"valueName":"search_term_string"}}],"inLanguage":"en-GB"},{"@type":"Organization","@id":"https:\/\/www.hotelkastiel.sk\/#organization","name":"Art Hotel Ka\u0161tie\u013e, Tom\u00e1\u0161ov","url":"https:\/\/www.hotelkastiel.sk\/","logo":{"@type":"ImageObject","inLanguage":"en-GB","@id":"https:\/\/www.hotelkastiel.sk\/#\/schema\/logo\/image\/","url":"https:\/\/www.hotelkastiel.sk\/wp-content\/uploads\/2018\/07\/logo-header.png","contentUrl":"https:\/\/www.hotelkastiel.sk\/wp-content\/uploads\/2018\/07\/logo-header.png","width":1289,"height":936,"caption":"Art Hotel Ka\u0161tie\u013e, Tom\u00e1\u0161ov"},"image":{"@id":"https:\/\/www.hotelkastiel.sk\/#\/schema\/logo\/image\/"},"sameAs":["http:\/\/facebook.com\/hotelkastiel\/","http:\/\/instagram.com\/hotelkastiel\/","https:\/\/www.linkedin.com\/company\/art-hotel-kastiel-tomasov\/?viewAsMember=true","https:\/\/www.youtube.com\/playlist?list=PLvlDIzNKGgpSADkmHpsw4owU0JUOEXfhn","https:\/\/sk.wikipedia.org\/wiki\/Ka\u0161tie\u013e_v_Tom\u00e1\u0161ove"]}]}},"_links":{"self":[{"href":"https:\/\/www.hotelkastiel.sk\/en\/wp-json\/wp\/v2\/pages\/4759","targetHints":{"allow":["GET"]}}],"collection":[{"href":"https:\/\/www.hotelkastiel.sk\/en\/wp-json\/wp\/v2\/pages"}],"about":[{"href":"https:\/\/www.hotelkastiel.sk\/en\/wp-json\/wp\/v2\/types\/page"}],"author":[{"embeddable":true,"href":"https:\/\/www.hotelkastiel.sk\/en\/wp-json\/wp\/v2\/users\/5"}],"replies":[{"embeddable":true,"href":"https:\/\/www.hotelkastiel.sk\/en\/wp-json\/wp\/v2\/comments?post=4759"}],"version-history":[{"count":0,"href":"https:\/\/www.hotelkastiel.sk\/en\/wp-json\/wp\/v2\/pages\/4759\/revisions"}],"wp:featuredmedia":[{"embeddable":true,"href":"https:\/\/www.hotelkastiel.sk\/en\/wp-json\/wp\/v2\/media\/1437"}],"wp:attachment":[{"href":"https:\/\/www.hotelkastiel.sk\/en\/wp-json\/wp\/v2\/media?parent=4759"}],"curies":[{"name":"wp","href":"https:\/\/api.w.org\/{rel}","templated":true}]}}