{"id":5805,"date":"2020-01-09T20:55:27","date_gmt":"2020-01-09T19:55:27","guid":{"rendered":"https:\/\/www.hotelkastiel.sk\/?page_id=5805"},"modified":"2026-01-20T22:28:15","modified_gmt":"2026-01-20T21:28:15","slug":"valentin-v-kastieli","status":"publish","type":"page","link":"https:\/\/www.hotelkastiel.sk\/en\/valentin\/2026","title":{"rendered":"Valentine\u00b4s Day 2026"},"content":{"rendered":"<p style=\"text-align: center;\">Spend an evening full of atmosphere for St. Valentine's Day in the romantic surroundings of a historic mansion. Enjoy a delicious dinner and spend the night in a luxurious room or suite. Romantic decor and an unforgettable evening await you.<\/p>\n<p style=\"text-align: center;\">This year we have prepared for you:<\/p>\n<h4 style=\"text-align: center;\"><strong>Package \"Dinner\" 14.02.2026<\/strong><\/h4>\n<ul>\n<li style=\"text-align: left;\">18:00-20:00<\/li>\n<li style=\"text-align: left;\">welcome drink, 4-course served dinner, jug with water<\/li>\n<li style=\"text-align: left;\">parking<\/li>\n<\/ul>\n<p style=\"text-align: center;\"><strong>Price:<\/strong> 59\u20ac\/person, 118\u20ac\/2 persons<\/p>\n<h4 style=\"text-align: center;\"><strong>Valentine\u00b4s stay 14.02.2026 \u2013 15.02.2026\/1 night<\/strong><\/h4>\n<ul>\n<li>accommodation in comfort double room <strong>2 persons<\/strong>\u00a0for\u00a0<strong>1 night\u00a0<\/strong>(free upgrade for suita\/deluxe for soon reservations)<\/li>\n<li>themed room decoration<\/li>\n<li>1x served 4-course dinner for 2 people (14.02.2026 from 18:00 to 20:00)<\/li>\n<li>welcome drink during dinner<\/li>\n<li>1x buffet breakfast for 2 people<\/li>\n<li>parking<\/li>\n<li>check-out until 11:00<\/li>\n<\/ul>\n<p style=\"text-align: center;\"><strong>Price:<\/strong> 235\u20ac\/2 persons\/1 night<\/p>\n<h4 style=\"text-align: center; margin-bottom: 15px;\">Valent\u00ednske menu<\/h4>\n<p><strong>Cold appettizer<\/strong>Venison p\u00e2t\u00e9 (homemade), matcha b\u00e9chamel, baked beetroot gel, hazelnuts<\/p>\n<p><strong>Soup<\/strong>Hokaido, Jerusalem artichoke, ginger, puffed barley<\/p>\n<p><strong>Main course<\/strong>Veal tenderloin Wellington, cauliflower puree, celery in wine and butter, sugar chard, carrot<\/p>\n<p><strong>Desert<\/strong>Pistachio praline, chocolate, vanilla chantilly, crispy snow and elderberry<\/p>\n<p style=\"text-align: center;\">* we accept orders for stays and dinner packages exclusively via email: recepcia@hotelkastiel.sk<\/p>\n<p style=\"text-align: center;\">* you can come for dinner at any time within the specified time range, it will be served continuously according to individual arrivals<\/p>\n<p style=\"text-align: center;\">* payment via invoice in advance, immediately upon booking the stay\/package<\/p>\n<p style=\"text-align: center;\">* reservations are possible no later than 09.02.2026 or until our capacities are sold out<\/p>\n<p style=\"text-align: center;\">","protected":false},"excerpt":{"rendered":"<p>Pre\u017eite ve\u010der pln\u00fd atmosf\u00e9ry ku d\u0148u sv. Valent\u00edna v romantick\u00fdch priestoroch historick\u00e9ho ka\u0161tie\u013ea. Vychutnajte si delik\u00e1tnu ve\u010deru a za\u017eite noc v luxusnej izbe alebo apartm\u00e1ne. \u010cak\u00e1 na V\u00e1s romantick\u00e1 v\u00fdzdoba a nezabudnute\u013en\u00fd ve\u010der. Tento rok sme si pre V\u00e1s pripravili: Bal\u00ed\u010dek \u201eVe\u010dera\u201c 14.02.2026 18:00-20:00 pr\u00edpitok, serv\u00edrovan\u00e1 valent\u00ednska 4-chodov\u00e1 ve\u010dera, d\u017eb\u00e1n s vodou parkovanie v are\u00e1li [&hellip;]<\/p>","protected":false},"author":5,"featured_media":5910,"parent":0,"menu_order":0,"comment_status":"closed","ping_status":"closed","template":"templates\/page-builder.php","meta":{"footnotes":""},"class_list":["post-5805","page","type-page","status-publish","has-post-thumbnail","hentry"],"yoast_head":"<!-- This site is optimized with the Yoast SEO plugin v27.5 - https:\/\/yoast.com\/product\/yoast-seo-wordpress\/ -->\n<title>Valent\u00edn 2026 - Art Hotel Ka\u0161tie\u013e, Tom\u00e1\u0161ov<\/title>\n<meta name=\"description\" content=\"Pre\u017eite ve\u010der pln\u00fd atmosf\u00e9ry ku d\u0148u sv. Valent\u00edna v romantick\u00fdch priestoroch historick\u00e9ho ka\u0161tie\u013ea. Vychutnajte si delik\u00e1tnu ve\u010deru a za\u017eite noc v\" \/>\n<meta name=\"robots\" content=\"index, follow, max-snippet:-1, max-image-preview:large, max-video-preview:-1\" \/>\n<link rel=\"canonical\" href=\"https:\/\/www.hotelkastiel.sk\/en\/valentin\/2026\/\" \/>\n<meta property=\"og:locale\" content=\"en_GB\" \/>\n<meta property=\"og:type\" content=\"article\" \/>\n<meta property=\"og:title\" content=\"Valent\u00edn 2026 - Art Hotel Ka\u0161tie\u013e, Tom\u00e1\u0161ov\" \/>\n<meta property=\"og:description\" content=\"Pre\u017eite ve\u010der pln\u00fd atmosf\u00e9ry ku d\u0148u sv. Valent\u00edna v romantick\u00fdch priestoroch historick\u00e9ho ka\u0161tie\u013ea. Vychutnajte si delik\u00e1tnu ve\u010deru a za\u017eite noc v\" \/>\n<meta property=\"og:url\" content=\"https:\/\/www.hotelkastiel.sk\/en\/valentin\/2026\/\" \/>\n<meta property=\"og:site_name\" content=\"Art Hotel Ka\u0161tie\u013e, Tom\u00e1\u0161ov\" \/>\n<meta property=\"article:publisher\" content=\"http:\/\/facebook.com\/hotelkastiel\/\" \/>\n<meta property=\"article:modified_time\" content=\"2026-01-20T21:28:15+00:00\" \/>\n<meta property=\"og:image\" content=\"https:\/\/www.hotelkastiel.sk\/wp-content\/uploads\/2020\/01\/valentin2020-e1595225815504.jpg\" \/>\n\t<meta property=\"og:image:width\" content=\"1920\" \/>\n\t<meta property=\"og:image:height\" content=\"1080\" \/>\n\t<meta property=\"og:image:type\" content=\"image\/jpeg\" \/>\n<meta name=\"twitter:label1\" content=\"Estimated reading time\" \/>\n\t<meta name=\"twitter:data1\" content=\"2 minutes\" \/>\n<script type=\"application\/ld+json\" class=\"yoast-schema-graph\">{\"@context\":\"https:\\\/\\\/schema.org\",\"@graph\":[{\"@type\":\"WebPage\",\"@id\":\"https:\\\/\\\/www.hotelkastiel.sk\\\/valentin\\\/2026\\\/\",\"url\":\"https:\\\/\\\/www.hotelkastiel.sk\\\/valentin\\\/2026\\\/\",\"name\":\"Valent\u00edn 2026 - Art Hotel Ka\u0161tie\u013e, Tom\u00e1\u0161ov\",\"isPartOf\":{\"@id\":\"https:\\\/\\\/www.hotelkastiel.sk\\\/#website\"},\"primaryImageOfPage\":{\"@id\":\"https:\\\/\\\/www.hotelkastiel.sk\\\/valentin\\\/2026\\\/#primaryimage\"},\"image\":{\"@id\":\"https:\\\/\\\/www.hotelkastiel.sk\\\/valentin\\\/2026\\\/#primaryimage\"},\"thumbnailUrl\":\"https:\\\/\\\/www.hotelkastiel.sk\\\/wp-content\\\/uploads\\\/2020\\\/01\\\/valentin2020-e1595225815504.jpg\",\"datePublished\":\"2020-01-09T19:55:27+00:00\",\"dateModified\":\"2026-01-20T21:28:15+00:00\",\"description\":\"Pre\u017eite ve\u010der pln\u00fd atmosf\u00e9ry ku d\u0148u sv. Valent\u00edna v romantick\u00fdch priestoroch historick\u00e9ho ka\u0161tie\u013ea. Vychutnajte si delik\u00e1tnu ve\u010deru a za\u017eite noc v\",\"breadcrumb\":{\"@id\":\"https:\\\/\\\/www.hotelkastiel.sk\\\/valentin\\\/2026\\\/#breadcrumb\"},\"inLanguage\":\"en-GB\",\"potentialAction\":[{\"@type\":\"ReadAction\",\"target\":[\"https:\\\/\\\/www.hotelkastiel.sk\\\/valentin\\\/2026\\\/\"]}]},{\"@type\":\"ImageObject\",\"inLanguage\":\"en-GB\",\"@id\":\"https:\\\/\\\/www.hotelkastiel.sk\\\/valentin\\\/2026\\\/#primaryimage\",\"url\":\"https:\\\/\\\/www.hotelkastiel.sk\\\/wp-content\\\/uploads\\\/2020\\\/01\\\/valentin2020-e1595225815504.jpg\",\"contentUrl\":\"https:\\\/\\\/www.hotelkastiel.sk\\\/wp-content\\\/uploads\\\/2020\\\/01\\\/valentin2020-e1595225815504.jpg\",\"width\":1920,\"height\":1080,\"caption\":\"Romantick\u00e1 ve\u010dera a bal\u00ed\u010dek v ka\u0161tieli v Tom\u00e1\u0161ove\"},{\"@type\":\"BreadcrumbList\",\"@id\":\"https:\\\/\\\/www.hotelkastiel.sk\\\/valentin\\\/2026\\\/#breadcrumb\",\"itemListElement\":[{\"@type\":\"ListItem\",\"position\":1,\"name\":\"Home\",\"item\":\"https:\\\/\\\/www.hotelkastiel.sk\\\/\"},{\"@type\":\"ListItem\",\"position\":2,\"name\":\"Valent\u00edn 2026\"}]},{\"@type\":\"WebSite\",\"@id\":\"https:\\\/\\\/www.hotelkastiel.sk\\\/#website\",\"url\":\"https:\\\/\\\/www.hotelkastiel.sk\\\/\",\"name\":\"Art Hotel Ka\u0161tie\u013e, Tom\u00e1\u0161ov\",\"description\":\"\",\"publisher\":{\"@id\":\"https:\\\/\\\/www.hotelkastiel.sk\\\/#organization\"},\"potentialAction\":[{\"@type\":\"SearchAction\",\"target\":{\"@type\":\"EntryPoint\",\"urlTemplate\":\"https:\\\/\\\/www.hotelkastiel.sk\\\/?s={search_term_string}\"},\"query-input\":{\"@type\":\"PropertyValueSpecification\",\"valueRequired\":true,\"valueName\":\"search_term_string\"}}],\"inLanguage\":\"en-GB\"},{\"@type\":\"Organization\",\"@id\":\"https:\\\/\\\/www.hotelkastiel.sk\\\/#organization\",\"name\":\"Art Hotel Ka\u0161tie\u013e, Tom\u00e1\u0161ov\",\"url\":\"https:\\\/\\\/www.hotelkastiel.sk\\\/\",\"logo\":{\"@type\":\"ImageObject\",\"inLanguage\":\"en-GB\",\"@id\":\"https:\\\/\\\/www.hotelkastiel.sk\\\/#\\\/schema\\\/logo\\\/image\\\/\",\"url\":\"https:\\\/\\\/www.hotelkastiel.sk\\\/wp-content\\\/uploads\\\/2018\\\/07\\\/logo-header.png\",\"contentUrl\":\"https:\\\/\\\/www.hotelkastiel.sk\\\/wp-content\\\/uploads\\\/2018\\\/07\\\/logo-header.png\",\"width\":1289,\"height\":936,\"caption\":\"Art Hotel Ka\u0161tie\u013e, Tom\u00e1\u0161ov\"},\"image\":{\"@id\":\"https:\\\/\\\/www.hotelkastiel.sk\\\/#\\\/schema\\\/logo\\\/image\\\/\"},\"sameAs\":[\"http:\\\/\\\/facebook.com\\\/hotelkastiel\\\/\",\"http:\\\/\\\/instagram.com\\\/hotelkastiel\\\/\",\"https:\\\/\\\/www.linkedin.com\\\/company\\\/art-hotel-kastiel-tomasov\\\/?viewAsMember=true\",\"https:\\\/\\\/www.youtube.com\\\/playlist?list=PLvlDIzNKGgpSADkmHpsw4owU0JUOEXfhn\",\"https:\\\/\\\/sk.wikipedia.org\\\/wiki\\\/Ka\u0161tie\u013e_v_Tom\u00e1\u0161ove\"]}]}<\/script>\n<!-- \/ Yoast SEO plugin. -->","yoast_head_json":{"title":"Valent\u00edn 2026 - Art Hotel Ka\u0161tie\u013e, Tom\u00e1\u0161ov","description":"Pre\u017eite ve\u010der pln\u00fd atmosf\u00e9ry ku d\u0148u sv. Valent\u00edna v romantick\u00fdch priestoroch historick\u00e9ho ka\u0161tie\u013ea. Vychutnajte si delik\u00e1tnu ve\u010deru a za\u017eite noc v","robots":{"index":"index","follow":"follow","max-snippet":"max-snippet:-1","max-image-preview":"max-image-preview:large","max-video-preview":"max-video-preview:-1"},"canonical":"https:\/\/www.hotelkastiel.sk\/en\/valentin\/2026\/","og_locale":"en_GB","og_type":"article","og_title":"Valent\u00edn 2026 - Art Hotel Ka\u0161tie\u013e, Tom\u00e1\u0161ov","og_description":"Pre\u017eite ve\u010der pln\u00fd atmosf\u00e9ry ku d\u0148u sv. Valent\u00edna v romantick\u00fdch priestoroch historick\u00e9ho ka\u0161tie\u013ea. Vychutnajte si delik\u00e1tnu ve\u010deru a za\u017eite noc v","og_url":"https:\/\/www.hotelkastiel.sk\/en\/valentin\/2026\/","og_site_name":"Art Hotel Ka\u0161tie\u013e, Tom\u00e1\u0161ov","article_publisher":"http:\/\/facebook.com\/hotelkastiel\/","article_modified_time":"2026-01-20T21:28:15+00:00","og_image":[{"width":1920,"height":1080,"url":"https:\/\/www.hotelkastiel.sk\/wp-content\/uploads\/2020\/01\/valentin2020-e1595225815504.jpg","type":"image\/jpeg"}],"twitter_misc":{"Estimated reading time":"2 minutes"},"schema":{"@context":"https:\/\/schema.org","@graph":[{"@type":"WebPage","@id":"https:\/\/www.hotelkastiel.sk\/valentin\/2026\/","url":"https:\/\/www.hotelkastiel.sk\/valentin\/2026\/","name":"Valent\u00edn 2026 - Art Hotel Ka\u0161tie\u013e, Tom\u00e1\u0161ov","isPartOf":{"@id":"https:\/\/www.hotelkastiel.sk\/#website"},"primaryImageOfPage":{"@id":"https:\/\/www.hotelkastiel.sk\/valentin\/2026\/#primaryimage"},"image":{"@id":"https:\/\/www.hotelkastiel.sk\/valentin\/2026\/#primaryimage"},"thumbnailUrl":"https:\/\/www.hotelkastiel.sk\/wp-content\/uploads\/2020\/01\/valentin2020-e1595225815504.jpg","datePublished":"2020-01-09T19:55:27+00:00","dateModified":"2026-01-20T21:28:15+00:00","description":"Pre\u017eite ve\u010der pln\u00fd atmosf\u00e9ry ku d\u0148u sv. Valent\u00edna v romantick\u00fdch priestoroch historick\u00e9ho ka\u0161tie\u013ea. Vychutnajte si delik\u00e1tnu ve\u010deru a za\u017eite noc v","breadcrumb":{"@id":"https:\/\/www.hotelkastiel.sk\/valentin\/2026\/#breadcrumb"},"inLanguage":"en-GB","potentialAction":[{"@type":"ReadAction","target":["https:\/\/www.hotelkastiel.sk\/valentin\/2026\/"]}]},{"@type":"ImageObject","inLanguage":"en-GB","@id":"https:\/\/www.hotelkastiel.sk\/valentin\/2026\/#primaryimage","url":"https:\/\/www.hotelkastiel.sk\/wp-content\/uploads\/2020\/01\/valentin2020-e1595225815504.jpg","contentUrl":"https:\/\/www.hotelkastiel.sk\/wp-content\/uploads\/2020\/01\/valentin2020-e1595225815504.jpg","width":1920,"height":1080,"caption":"Romantick\u00e1 ve\u010dera a bal\u00ed\u010dek v ka\u0161tieli v Tom\u00e1\u0161ove"},{"@type":"BreadcrumbList","@id":"https:\/\/www.hotelkastiel.sk\/valentin\/2026\/#breadcrumb","itemListElement":[{"@type":"ListItem","position":1,"name":"Home","item":"https:\/\/www.hotelkastiel.sk\/"},{"@type":"ListItem","position":2,"name":"Valent\u00edn 2026"}]},{"@type":"WebSite","@id":"https:\/\/www.hotelkastiel.sk\/#website","url":"https:\/\/www.hotelkastiel.sk\/","name":"Art Hotel Ka\u0161tie\u013e, Tom\u00e1\u0161ov","description":"","publisher":{"@id":"https:\/\/www.hotelkastiel.sk\/#organization"},"potentialAction":[{"@type":"SearchAction","target":{"@type":"EntryPoint","urlTemplate":"https:\/\/www.hotelkastiel.sk\/?s={search_term_string}"},"query-input":{"@type":"PropertyValueSpecification","valueRequired":true,"valueName":"search_term_string"}}],"inLanguage":"en-GB"},{"@type":"Organization","@id":"https:\/\/www.hotelkastiel.sk\/#organization","name":"Art Hotel Ka\u0161tie\u013e, Tom\u00e1\u0161ov","url":"https:\/\/www.hotelkastiel.sk\/","logo":{"@type":"ImageObject","inLanguage":"en-GB","@id":"https:\/\/www.hotelkastiel.sk\/#\/schema\/logo\/image\/","url":"https:\/\/www.hotelkastiel.sk\/wp-content\/uploads\/2018\/07\/logo-header.png","contentUrl":"https:\/\/www.hotelkastiel.sk\/wp-content\/uploads\/2018\/07\/logo-header.png","width":1289,"height":936,"caption":"Art Hotel Ka\u0161tie\u013e, Tom\u00e1\u0161ov"},"image":{"@id":"https:\/\/www.hotelkastiel.sk\/#\/schema\/logo\/image\/"},"sameAs":["http:\/\/facebook.com\/hotelkastiel\/","http:\/\/instagram.com\/hotelkastiel\/","https:\/\/www.linkedin.com\/company\/art-hotel-kastiel-tomasov\/?viewAsMember=true","https:\/\/www.youtube.com\/playlist?list=PLvlDIzNKGgpSADkmHpsw4owU0JUOEXfhn","https:\/\/sk.wikipedia.org\/wiki\/Ka\u0161tie\u013e_v_Tom\u00e1\u0161ove"]}]}},"_links":{"self":[{"href":"https:\/\/www.hotelkastiel.sk\/en\/wp-json\/wp\/v2\/pages\/5805","targetHints":{"allow":["GET"]}}],"collection":[{"href":"https:\/\/www.hotelkastiel.sk\/en\/wp-json\/wp\/v2\/pages"}],"about":[{"href":"https:\/\/www.hotelkastiel.sk\/en\/wp-json\/wp\/v2\/types\/page"}],"author":[{"embeddable":true,"href":"https:\/\/www.hotelkastiel.sk\/en\/wp-json\/wp\/v2\/users\/5"}],"replies":[{"embeddable":true,"href":"https:\/\/www.hotelkastiel.sk\/en\/wp-json\/wp\/v2\/comments?post=5805"}],"version-history":[{"count":3,"href":"https:\/\/www.hotelkastiel.sk\/en\/wp-json\/wp\/v2\/pages\/5805\/revisions"}],"predecessor-version":[{"id":10231,"href":"https:\/\/www.hotelkastiel.sk\/en\/wp-json\/wp\/v2\/pages\/5805\/revisions\/10231"}],"wp:featuredmedia":[{"embeddable":true,"href":"https:\/\/www.hotelkastiel.sk\/en\/wp-json\/wp\/v2\/media\/5910"}],"wp:attachment":[{"href":"https:\/\/www.hotelkastiel.sk\/en\/wp-json\/wp\/v2\/media?parent=5805"}],"curies":[{"name":"wp","href":"https:\/\/api.w.org\/{rel}","templated":true}]}}