{"id":6075,"date":"2020-06-02T07:25:36","date_gmt":"2020-06-02T06:25:36","guid":{"rendered":"https:\/\/www.hotelkastiel.sk\/?page_id=6075"},"modified":"2025-09-16T15:22:53","modified_gmt":"2025-09-16T14:22:53","slug":"activities-nearby","status":"publish","type":"page","link":"https:\/\/www.hotelkastiel.sk\/en\/activities-nearby\/","title":{"rendered":"Activities nearby"},"content":{"rendered":"<div class=\"vc_row wpb_row vc_row-fluid\">\n\t\t\t\t\n<div class=\"wpb_column vc_column_container vc_col-sm-12\"><div class=\"vc_column-inner\"><div class=\"wpb_wrapper\"><div class=\"vc_empty_space\"   style=\"height: 32px\" ><span class=\"vc_empty_space_inner\"><\/span><\/div>\n\n\t<div class=\"wpb_text_column wpb_content_element\" >\n\t\t<div class=\"wpb_wrapper\">\n\t\t\t<p style=\"text-align: center;\"><strong><span style=\"color: #a69143;\">Activities and trips around Art Hotel Ka\u0161tie\u013e **** Tom\u00e1\u0161ov<\/span><\/strong><\/p>\n<h1 style=\"text-align: center;\">Activities nearby<\/h1>\n<p>The surroundings of Tom\u00e1\u0161ov offer many activities for day trips and experiences. During your stay we can recommend and provide the following activities, subject to availability. Whether you prefer experiences, trips to historical and cultural monuments, or family trips, we have the right activity for you!<\/p>\n<p class=\"translation-block\">For current events and trips throughout the Bratislava region, also follow the page <span style=\"text-decoration: underline\"><a href=\"https:\/\/bratislavaregion.travel\/\" target=\"_self\">Bratislava Region<\/a>.<\/span><\/p>\n\n\t\t<\/div>\n\t<\/div>\n<\/div><\/div><\/div><\/div><div class=\"vc_row wpb_row vc_row-fluid\">\n\t\t\t\t\n<div class=\"wpb_column vc_column_container vc_col-sm-6\"><div class=\"vc_column-inner\"><div class=\"wpb_wrapper\"><div class=\"vc_empty_space\"   style=\"height: 32px\" ><span class=\"vc_empty_space_inner\"><\/span><\/div>\n<div class=\"vc_empty_space\"   style=\"height: 32px\" ><span class=\"vc_empty_space_inner\"><\/span><\/div>\n<div class=\"vc_empty_space\"   style=\"height: 32px\" ><span class=\"vc_empty_space_inner\"><\/span><\/div>\n<div class=\"vc_empty_space\"   style=\"height: 32px\" ><span class=\"vc_empty_space_inner\"><\/span><\/div>\n\n\t<div class=\"wpb_text_column wpb_content_element\" >\n\t\t<div class=\"wpb_wrapper\">\n\t\t\t<h1 style=\"text-align: center;\">Activites<\/h1>\n<p>The surroundings of Tom\u00e1\u0161ov are rich in sports or adventure activities.<\/p>\n<p>You can experience an advent flight, a Tesla ride, a rafting trip on the Little Danube and much more during your stay in Tom\u00e1\u0161ov.<\/p>\n<p style=\"text-align: center;\"><a href=\"https:\/\/www.hotelkastiel.sk\/en\/zazitky\/\"><strong>All sports and adventure activities around HERE!<\/strong><\/a><\/p>\n\n\t\t<\/div>\n\t<\/div>\n<\/div><\/div><\/div><div class=\"wpb_column vc_column_container vc_col-sm-6\"><div class=\"vc_column-inner\"><div class=\"wpb_wrapper\">\n\t<div  class=\"wpb_single_image wpb_content_element vc_align_left\">\n\t\t\n\t\t<figure class=\"wpb_wrapper vc_figure\">\n\t\t\t<a href=\"https:\/\/www.hotelkastiel.sk\/en\/zazitky\/\" target=\"_self\" class=\"vc_single_image-wrapper   vc_box_border_grey\"><img loading=\"lazy\" decoding=\"async\" width=\"1080\" height=\"1080\" src=\"https:\/\/www.hotelkastiel.sk\/wp-content\/uploads\/2020\/06\/5-e1595225476139.png\" class=\"vc_single_image-img attachment-full\" alt=\"Aktivity v okol\u00ed\" \/><\/a>\n\t\t<\/figure>\n\t<\/div>\n<\/div><\/div><\/div><\/div><div class=\"vc_row wpb_row vc_row-fluid\">\n\t\t\t\t\n<div class=\"wpb_column vc_column_container vc_col-sm-6\"><div class=\"vc_column-inner\"><div class=\"wpb_wrapper\">\n\t<div  class=\"wpb_single_image wpb_content_element vc_align_left\">\n\t\t\n\t\t<figure class=\"wpb_wrapper vc_figure\">\n\t\t\t<a href=\"https:\/\/www.hotelkastiel.sk\/en\/rodina\/\" target=\"_self\" class=\"vc_single_image-wrapper   vc_box_border_grey\"><img loading=\"lazy\" decoding=\"async\" width=\"1080\" height=\"1080\" src=\"https:\/\/www.hotelkastiel.sk\/wp-content\/uploads\/2020\/06\/4-e1595225489587.png\" class=\"vc_single_image-img attachment-full\" alt=\"\" \/><\/a>\n\t\t<\/figure>\n\t<\/div>\n<\/div><\/div><\/div><div class=\"wpb_column vc_column_container vc_col-sm-6\"><div class=\"vc_column-inner\"><div class=\"wpb_wrapper\"><div class=\"vc_empty_space\"   style=\"height: 32px\" ><span class=\"vc_empty_space_inner\"><\/span><\/div>\n<div class=\"vc_empty_space\"   style=\"height: 32px\" ><span class=\"vc_empty_space_inner\"><\/span><\/div>\n<div class=\"vc_empty_space\"   style=\"height: 32px\" ><span class=\"vc_empty_space_inner\"><\/span><\/div>\n<div class=\"vc_empty_space\"   style=\"height: 32px\" ><span class=\"vc_empty_space_inner\"><\/span><\/div>\n\n\t<div class=\"wpb_text_column wpb_content_element\" >\n\t\t<div class=\"wpb_wrapper\">\n\t\t\t<h1 style=\"text-align: center;\">With family<\/h1>\n<p>To provide our little guests with a unique experience, we have prepared a list of activities that you and your family should not overlook.<\/p>\n<p>Your family is guaranteed to fall in love with Malkia Park with felines, swimming in Ve\u013ekobiel Lake or a walk on the footbridge in Z\u00e1les\u00ed.<\/p>\n<p style=\"text-align: center;\"><a href=\"https:\/\/www.hotelkastiel.sk\/en\/rodina\/\"><strong>All family activities around HERE!<\/strong><\/a><\/p>\n\n\t\t<\/div>\n\t<\/div>\n<\/div><\/div><\/div><\/div><div class=\"vc_row wpb_row vc_row-fluid\">\n\t\t\t\t\n<div class=\"wpb_column vc_column_container vc_col-sm-6\"><div class=\"vc_column-inner\"><div class=\"wpb_wrapper\"><div class=\"vc_empty_space\"   style=\"height: 32px\" ><span class=\"vc_empty_space_inner\"><\/span><\/div>\n<div class=\"vc_empty_space\"   style=\"height: 32px\" ><span class=\"vc_empty_space_inner\"><\/span><\/div>\n<div class=\"vc_empty_space\"   style=\"height: 32px\" ><span class=\"vc_empty_space_inner\"><\/span><\/div>\n<div class=\"vc_empty_space\"   style=\"height: 32px\" ><span class=\"vc_empty_space_inner\"><\/span><\/div>\n<div class=\"vc_empty_space\"   style=\"height: 32px\" ><span class=\"vc_empty_space_inner\"><\/span><\/div>\n\n\t<div class=\"wpb_text_column wpb_content_element\" >\n\t\t<div class=\"wpb_wrapper\">\n\t\t\t<h1 style=\"text-align: center;\">Trips around<\/h1>\n<p>For all lovers of travel, we have prepared a list of cultural and historical places that you should not miss.<\/p>\n<p>The neighboring manor house and park in Malinov, the Bratislava mound of M. R. \u0160tef\u00e1nik or the water mill in Jelka should be removed from the list by every traveler.<\/p>\n<p style=\"text-align: center;\"><a href=\"https:\/\/www.hotelkastiel.sk\/en\/vylety\/\"><strong>All trips around HERE!<\/strong><\/a><\/p>\n\n\t\t<\/div>\n\t<\/div>\n<\/div><\/div><\/div><div class=\"wpb_column vc_column_container vc_col-sm-6\"><div class=\"vc_column-inner\"><div class=\"wpb_wrapper\">\n\t<div  class=\"wpb_single_image wpb_content_element vc_align_left\">\n\t\t\n\t\t<figure class=\"wpb_wrapper vc_figure\">\n\t\t\t<a href=\"https:\/\/www.hotelkastiel.sk\/en\/vylety\/\" target=\"_self\" class=\"vc_single_image-wrapper   vc_box_border_grey\"><img loading=\"lazy\" decoding=\"async\" width=\"1080\" height=\"1080\" src=\"https:\/\/www.hotelkastiel.sk\/wp-content\/uploads\/2020\/06\/Add-a-heading-e1595225469340.jpg\" class=\"vc_single_image-img attachment-full\" alt=\"V\u00fdlety po okol\u00ed\" \/><\/a>\n\t\t<\/figure>\n\t<\/div>\n<\/div><\/div><\/div><\/div>","protected":false},"excerpt":{"rendered":"Aktivity a v\u00fdlety v okol\u00ed Art Hotela Ka\u0161tie\u013e**** Tom\u00e1\u0161ov Aktivity v okol\u00ed Okolie Tom\u00e1\u0161ova pon\u00faka mno\u017estvo aktiv\u00edt na denn\u00e9 v\u00fdlety a z\u00e1\u017eitky. Po\u010das V\u00e1\u0161ho pobytu V\u00e1m vieme odpor\u00fa\u010di\u0165 a zabezpe\u010di\u0165 nasleduj\u00face aktivity, pod\u013ea dostupnosti poskytovate\u013ea. \u010ci u\u017e preferujete z\u00e1\u017eitky, v\u00fdlety po historick\u00fdch a kult\u00farnych pamiatkach, alebo rodinn\u00e9 v\u00fdlety, m\u00e1me t\u00fa spr\u00e1vnu aktivitu pr\u00e1ve pre V\u00e1s! [...]","protected":false},"author":6,"featured_media":0,"parent":0,"menu_order":0,"comment_status":"closed","ping_status":"closed","template":"templates\/page-builder.php","meta":{"footnotes":""},"class_list":["post-6075","page","type-page","status-publish","hentry"],"yoast_head":"<!-- This site is optimized with the Yoast SEO plugin v27.4 - https:\/\/yoast.com\/product\/yoast-seo-wordpress\/ -->\n<title>Aktivity v okol\u00ed - Art Hotel Ka\u0161tie\u013e, Tom\u00e1\u0161ov<\/title>\n<meta name=\"description\" content=\"Okolie Tom\u00e1\u0161ova pon\u00faka mno\u017estvo aktiv\u00edt na denn\u00e9 v\u00fdlety a z\u00e1\u017eitky. Po\u010das V\u00e1\u0161ho pobytu V\u00e1m vieme odpor\u00fa\u010di\u0165 a zabezpe\u010di\u0165 nasleduj\u00face aktivity, pod\u013ea dostupnosti poskytovate\u013ea.\" \/>\n<meta name=\"robots\" content=\"index, follow, max-snippet:-1, max-image-preview:large, max-video-preview:-1\" \/>\n<link rel=\"canonical\" href=\"https:\/\/www.hotelkastiel.sk\/en\/activities-nearby\/\" \/>\n<meta property=\"og:locale\" content=\"en_GB\" \/>\n<meta property=\"og:type\" content=\"article\" \/>\n<meta property=\"og:title\" content=\"Aktivity v okol\u00ed - Art Hotel Ka\u0161tie\u013e, Tom\u00e1\u0161ov\" \/>\n<meta property=\"og:description\" content=\"Okolie Tom\u00e1\u0161ova pon\u00faka mno\u017estvo aktiv\u00edt na denn\u00e9 v\u00fdlety a z\u00e1\u017eitky. Po\u010das V\u00e1\u0161ho pobytu V\u00e1m vieme odpor\u00fa\u010di\u0165 a zabezpe\u010di\u0165 nasleduj\u00face aktivity, pod\u013ea dostupnosti poskytovate\u013ea.\" \/>\n<meta property=\"og:url\" content=\"https:\/\/www.hotelkastiel.sk\/en\/activities-nearby\/\" \/>\n<meta property=\"og:site_name\" content=\"Art Hotel Ka\u0161tie\u013e, Tom\u00e1\u0161ov\" \/>\n<meta property=\"article:publisher\" content=\"http:\/\/facebook.com\/hotelkastiel\/\" \/>\n<meta property=\"article:modified_time\" content=\"2025-09-16T14:22:53+00:00\" \/>\n<meta name=\"twitter:label1\" content=\"Estimated reading time\" \/>\n\t<meta name=\"twitter:data1\" content=\"2 minutes\" \/>\n<script type=\"application\/ld+json\" class=\"yoast-schema-graph\">{\"@context\":\"https:\\\/\\\/schema.org\",\"@graph\":[{\"@type\":\"WebPage\",\"@id\":\"https:\\\/\\\/www.hotelkastiel.sk\\\/activities-nearby\\\/\",\"url\":\"https:\\\/\\\/www.hotelkastiel.sk\\\/activities-nearby\\\/\",\"name\":\"Aktivity v okol\u00ed - Art Hotel Ka\u0161tie\u013e, Tom\u00e1\u0161ov\",\"isPartOf\":{\"@id\":\"https:\\\/\\\/www.hotelkastiel.sk\\\/#website\"},\"datePublished\":\"2020-06-02T06:25:36+00:00\",\"dateModified\":\"2025-09-16T14:22:53+00:00\",\"description\":\"Okolie Tom\u00e1\u0161ova pon\u00faka mno\u017estvo aktiv\u00edt na denn\u00e9 v\u00fdlety a z\u00e1\u017eitky. Po\u010das V\u00e1\u0161ho pobytu V\u00e1m vieme odpor\u00fa\u010di\u0165 a zabezpe\u010di\u0165 nasleduj\u00face aktivity, pod\u013ea dostupnosti poskytovate\u013ea.\",\"breadcrumb\":{\"@id\":\"https:\\\/\\\/www.hotelkastiel.sk\\\/activities-nearby\\\/#breadcrumb\"},\"inLanguage\":\"en-GB\",\"potentialAction\":[{\"@type\":\"ReadAction\",\"target\":[\"https:\\\/\\\/www.hotelkastiel.sk\\\/activities-nearby\\\/\"]}]},{\"@type\":\"BreadcrumbList\",\"@id\":\"https:\\\/\\\/www.hotelkastiel.sk\\\/activities-nearby\\\/#breadcrumb\",\"itemListElement\":[{\"@type\":\"ListItem\",\"position\":1,\"name\":\"Home\",\"item\":\"https:\\\/\\\/www.hotelkastiel.sk\\\/\"},{\"@type\":\"ListItem\",\"position\":2,\"name\":\"Aktivity v okol\u00ed\"}]},{\"@type\":\"WebSite\",\"@id\":\"https:\\\/\\\/www.hotelkastiel.sk\\\/#website\",\"url\":\"https:\\\/\\\/www.hotelkastiel.sk\\\/\",\"name\":\"Art Hotel Ka\u0161tie\u013e, Tom\u00e1\u0161ov\",\"description\":\"\",\"publisher\":{\"@id\":\"https:\\\/\\\/www.hotelkastiel.sk\\\/#organization\"},\"potentialAction\":[{\"@type\":\"SearchAction\",\"target\":{\"@type\":\"EntryPoint\",\"urlTemplate\":\"https:\\\/\\\/www.hotelkastiel.sk\\\/?s={search_term_string}\"},\"query-input\":{\"@type\":\"PropertyValueSpecification\",\"valueRequired\":true,\"valueName\":\"search_term_string\"}}],\"inLanguage\":\"en-GB\"},{\"@type\":\"Organization\",\"@id\":\"https:\\\/\\\/www.hotelkastiel.sk\\\/#organization\",\"name\":\"Art Hotel Ka\u0161tie\u013e, Tom\u00e1\u0161ov\",\"url\":\"https:\\\/\\\/www.hotelkastiel.sk\\\/\",\"logo\":{\"@type\":\"ImageObject\",\"inLanguage\":\"en-GB\",\"@id\":\"https:\\\/\\\/www.hotelkastiel.sk\\\/#\\\/schema\\\/logo\\\/image\\\/\",\"url\":\"https:\\\/\\\/www.hotelkastiel.sk\\\/wp-content\\\/uploads\\\/2018\\\/07\\\/logo-header.png\",\"contentUrl\":\"https:\\\/\\\/www.hotelkastiel.sk\\\/wp-content\\\/uploads\\\/2018\\\/07\\\/logo-header.png\",\"width\":1289,\"height\":936,\"caption\":\"Art Hotel Ka\u0161tie\u013e, Tom\u00e1\u0161ov\"},\"image\":{\"@id\":\"https:\\\/\\\/www.hotelkastiel.sk\\\/#\\\/schema\\\/logo\\\/image\\\/\"},\"sameAs\":[\"http:\\\/\\\/facebook.com\\\/hotelkastiel\\\/\",\"http:\\\/\\\/instagram.com\\\/hotelkastiel\\\/\",\"https:\\\/\\\/www.linkedin.com\\\/company\\\/art-hotel-kastiel-tomasov\\\/?viewAsMember=true\",\"https:\\\/\\\/www.youtube.com\\\/playlist?list=PLvlDIzNKGgpSADkmHpsw4owU0JUOEXfhn\",\"https:\\\/\\\/sk.wikipedia.org\\\/wiki\\\/Ka\u0161tie\u013e_v_Tom\u00e1\u0161ove\"]}]}<\/script>\n<!-- \/ Yoast SEO plugin. -->","yoast_head_json":{"title":"Aktivity v okol\u00ed - Art Hotel Ka\u0161tie\u013e, Tom\u00e1\u0161ov","description":"Okolie Tom\u00e1\u0161ova pon\u00faka mno\u017estvo aktiv\u00edt na denn\u00e9 v\u00fdlety a z\u00e1\u017eitky. Po\u010das V\u00e1\u0161ho pobytu V\u00e1m vieme odpor\u00fa\u010di\u0165 a zabezpe\u010di\u0165 nasleduj\u00face aktivity, pod\u013ea dostupnosti poskytovate\u013ea.","robots":{"index":"index","follow":"follow","max-snippet":"max-snippet:-1","max-image-preview":"max-image-preview:large","max-video-preview":"max-video-preview:-1"},"canonical":"https:\/\/www.hotelkastiel.sk\/en\/activities-nearby\/","og_locale":"en_GB","og_type":"article","og_title":"Aktivity v okol\u00ed - Art Hotel Ka\u0161tie\u013e, Tom\u00e1\u0161ov","og_description":"Okolie Tom\u00e1\u0161ova pon\u00faka mno\u017estvo aktiv\u00edt na denn\u00e9 v\u00fdlety a z\u00e1\u017eitky. Po\u010das V\u00e1\u0161ho pobytu V\u00e1m vieme odpor\u00fa\u010di\u0165 a zabezpe\u010di\u0165 nasleduj\u00face aktivity, pod\u013ea dostupnosti poskytovate\u013ea.","og_url":"https:\/\/www.hotelkastiel.sk\/en\/activities-nearby\/","og_site_name":"Art Hotel Ka\u0161tie\u013e, Tom\u00e1\u0161ov","article_publisher":"http:\/\/facebook.com\/hotelkastiel\/","article_modified_time":"2025-09-16T14:22:53+00:00","twitter_misc":{"Estimated reading time":"2 minutes"},"schema":{"@context":"https:\/\/schema.org","@graph":[{"@type":"WebPage","@id":"https:\/\/www.hotelkastiel.sk\/activities-nearby\/","url":"https:\/\/www.hotelkastiel.sk\/activities-nearby\/","name":"Aktivity v okol\u00ed - Art Hotel Ka\u0161tie\u013e, Tom\u00e1\u0161ov","isPartOf":{"@id":"https:\/\/www.hotelkastiel.sk\/#website"},"datePublished":"2020-06-02T06:25:36+00:00","dateModified":"2025-09-16T14:22:53+00:00","description":"Okolie Tom\u00e1\u0161ova pon\u00faka mno\u017estvo aktiv\u00edt na denn\u00e9 v\u00fdlety a z\u00e1\u017eitky. Po\u010das V\u00e1\u0161ho pobytu V\u00e1m vieme odpor\u00fa\u010di\u0165 a zabezpe\u010di\u0165 nasleduj\u00face aktivity, pod\u013ea dostupnosti poskytovate\u013ea.","breadcrumb":{"@id":"https:\/\/www.hotelkastiel.sk\/activities-nearby\/#breadcrumb"},"inLanguage":"en-GB","potentialAction":[{"@type":"ReadAction","target":["https:\/\/www.hotelkastiel.sk\/activities-nearby\/"]}]},{"@type":"BreadcrumbList","@id":"https:\/\/www.hotelkastiel.sk\/activities-nearby\/#breadcrumb","itemListElement":[{"@type":"ListItem","position":1,"name":"Home","item":"https:\/\/www.hotelkastiel.sk\/"},{"@type":"ListItem","position":2,"name":"Aktivity v okol\u00ed"}]},{"@type":"WebSite","@id":"https:\/\/www.hotelkastiel.sk\/#website","url":"https:\/\/www.hotelkastiel.sk\/","name":"Art Hotel Ka\u0161tie\u013e, Tom\u00e1\u0161ov","description":"","publisher":{"@id":"https:\/\/www.hotelkastiel.sk\/#organization"},"potentialAction":[{"@type":"SearchAction","target":{"@type":"EntryPoint","urlTemplate":"https:\/\/www.hotelkastiel.sk\/?s={search_term_string}"},"query-input":{"@type":"PropertyValueSpecification","valueRequired":true,"valueName":"search_term_string"}}],"inLanguage":"en-GB"},{"@type":"Organization","@id":"https:\/\/www.hotelkastiel.sk\/#organization","name":"Art Hotel Ka\u0161tie\u013e, Tom\u00e1\u0161ov","url":"https:\/\/www.hotelkastiel.sk\/","logo":{"@type":"ImageObject","inLanguage":"en-GB","@id":"https:\/\/www.hotelkastiel.sk\/#\/schema\/logo\/image\/","url":"https:\/\/www.hotelkastiel.sk\/wp-content\/uploads\/2018\/07\/logo-header.png","contentUrl":"https:\/\/www.hotelkastiel.sk\/wp-content\/uploads\/2018\/07\/logo-header.png","width":1289,"height":936,"caption":"Art Hotel Ka\u0161tie\u013e, Tom\u00e1\u0161ov"},"image":{"@id":"https:\/\/www.hotelkastiel.sk\/#\/schema\/logo\/image\/"},"sameAs":["http:\/\/facebook.com\/hotelkastiel\/","http:\/\/instagram.com\/hotelkastiel\/","https:\/\/www.linkedin.com\/company\/art-hotel-kastiel-tomasov\/?viewAsMember=true","https:\/\/www.youtube.com\/playlist?list=PLvlDIzNKGgpSADkmHpsw4owU0JUOEXfhn","https:\/\/sk.wikipedia.org\/wiki\/Ka\u0161tie\u013e_v_Tom\u00e1\u0161ove"]}]}},"_links":{"self":[{"href":"https:\/\/www.hotelkastiel.sk\/en\/wp-json\/wp\/v2\/pages\/6075","targetHints":{"allow":["GET"]}}],"collection":[{"href":"https:\/\/www.hotelkastiel.sk\/en\/wp-json\/wp\/v2\/pages"}],"about":[{"href":"https:\/\/www.hotelkastiel.sk\/en\/wp-json\/wp\/v2\/types\/page"}],"author":[{"embeddable":true,"href":"https:\/\/www.hotelkastiel.sk\/en\/wp-json\/wp\/v2\/users\/6"}],"replies":[{"embeddable":true,"href":"https:\/\/www.hotelkastiel.sk\/en\/wp-json\/wp\/v2\/comments?post=6075"}],"version-history":[{"count":0,"href":"https:\/\/www.hotelkastiel.sk\/en\/wp-json\/wp\/v2\/pages\/6075\/revisions"}],"wp:attachment":[{"href":"https:\/\/www.hotelkastiel.sk\/en\/wp-json\/wp\/v2\/media?parent=6075"}],"curies":[{"name":"wp","href":"https:\/\/api.w.org\/{rel}","templated":true}]}}