{"id":6132,"date":"2020-06-02T09:00:52","date_gmt":"2020-06-02T08:00:52","guid":{"rendered":"https:\/\/www.hotelkastiel.sk\/?page_id=6132"},"modified":"2026-03-13T09:34:45","modified_gmt":"2026-03-13T08:34:45","slug":"zazitky","status":"publish","type":"page","link":"https:\/\/www.hotelkastiel.sk\/en\/vikendovyspecial","title":{"rendered":"Weekend price special"},"content":{"rendered":"<div class=\"vc_row wpb_row vc_row-fluid\">\n\t\t\t\t\n<div class=\"wpb_column vc_column_container vc_col-sm-12\"><div class=\"vc_column-inner\"><div class=\"wpb_wrapper\"><div class=\"vc_empty_space\"   style=\"height: 60px\" ><span class=\"vc_empty_space_inner\"><\/span><\/div>\n\n\t<div class=\"wpb_text_column wpb_content_element\" >\n\t\t<div class=\"wpb_wrapper\">\n\t\t\t<h4 style=\"text-align: center;\"><strong>WEEKEND PRICE SPECIAL<\/strong><\/h4>\n<h4 style=\"text-align: center;\"><strong>LUNCHES IN THE MEANING OF CLASSIC <\/strong><\/h4>\n<p style=\"text-align: center;\" class=\"translation-block\">Visit us at Art Hotel Ka\u0161tie\u013e on weekends (Saturday-Sunday) from <strong>11:30 AM to 3:00 PM<\/strong> and enjoy a pleasant time spent with family and friends over classic favorite dishes.<\/p>\n<p style=\"text-align: center;\">Our team of chefs has prepared the following menu for you:<\/p>\n<h4 style=\"text-align: center;\"><strong>SOUPS<\/strong><\/h4>\n<p style=\"text-align: center;\" class=\"translation-block\"><strong>0.33l\u00a0 <\/strong><strong>Strong beef broth, Celestine noodles <\/strong><\/p>\n<p style=\"text-align: center;\"><strong>0.33l Manor lunch (soup according to the daily menu)<\/strong><\/p>\n<h4 style=\"text-align: center;\"><strong>MAIN COURSES <\/strong><\/h4>\n<p style=\"text-align: center;\"><strong>200g Te\u013eac\u00ed reze\u0148 so sladko-kysl\u00fdm zemiakov\u00fdm \u0161al\u00e1tom s hor\u010dicou, \u0161alotkou a mladou cibu\u013ekou<\/strong><\/p>\n<p style=\"text-align: center;\"><strong>200g Fried chicken schnitzel, mashed potatoes, cucumber salad<\/strong><\/p>\n<p style=\"text-align: center;\"><strong>200g Chicken breast steak, herb butter, grilled vegetables, homemade fries<\/strong><strong>\u00a0<\/strong><\/p>\n<p style=\"text-align: center;\"><strong>350g Rizoto z medvedieho cesnaku a mlad\u00e9ho hr\u00e1\u0161ku, pra\u017een\u00e9 lieskov\u00e9 orie\u0161ky a mrven\u00fd ov\u010d\u00ed syr<\/strong><\/p>\n<p>&nbsp;<\/p>\n<h4 style=\"text-align: center;\"><strong>PRICE: 19\u20ac\/PERSON \u00a0<\/strong><\/h4>\n<p style=\"text-align: center;\">*includes soup and main course of your choice<strong>\u00a0<\/strong><\/p>\n<p style=\"text-align: center;\">*all meats are exclusively of Slovak origin<\/p>\n<p style=\"text-align: center;\"><strong>RESERVATIONS ARE NOT NECESSARY<\/strong><\/p>\n\n\t\t<\/div>\n\t<\/div>\n<\/div><\/div><\/div><\/div><div class=\"vc_row wpb_row vc_row-fluid\">\n\t\t\t\t\n<div class=\"wpb_column vc_column_container vc_col-sm-12\"><div class=\"vc_column-inner\"><div class=\"wpb_wrapper\"><div class=\"vc_empty_space\"   style=\"height: 32px\" ><span class=\"vc_empty_space_inner\"><\/span><\/div>\n<\/div><\/div><\/div><\/div>","protected":false},"excerpt":{"rendered":"V\u00cdKENDOV\u00dd CENOV\u00dd \u0160PECI\u00c1L OBEDY V ZNAMEN\u00cd KLASIKY Nav\u0161t\u00edvte n\u00e1s v Art Hoteli Ka\u0161tie\u013e po\u010das v\u00edkendov (sobota-nede\u013ea) v \u010dase od 11:30 do 15:00 a u\u017eite si pr\u00edjemn\u00fd \u010das str\u00e1ven\u00fd s rodinou a priate\u013emi pri klasick\u00fdch ob\u013e\u00faben\u00fdch jedl\u00e1ch. N\u00e1\u0161 t\u00edm kuch\u00e1rov si pre V\u00e1s pripravil nasledovn\u00e9 menu: POLIEVKY 0,33l\u00a0 Siln\u00fd hov\u00e4dz\u00ed v\u00fdvar, celest\u00ednske rezance 0,33l Ka\u0161tie\u013eny lunch [...]","protected":false},"author":6,"featured_media":0,"parent":0,"menu_order":0,"comment_status":"closed","ping_status":"closed","template":"templates\/page-builder.php","meta":{"footnotes":""},"class_list":["post-6132","page","type-page","status-publish","hentry"],"yoast_head":"<!-- This site is optimized with the Yoast SEO plugin v27.3 - https:\/\/yoast.com\/product\/yoast-seo-wordpress\/ -->\n<title>V\u00edkendov\u00fd cenov\u00fd \u0161peci\u00e1l - Art Hotel Ka\u0161tie\u013e, Tom\u00e1\u0161ov<\/title>\n<meta name=\"description\" content=\"Okolie Tom\u00e1\u0161ova je bohat\u00e9 na \u0161portov\u00e9, \u010di z\u00e1\u017eitkov\u00e9 aktivity.Z\u00e1\u017eitkov\u00fd let, jazda Teslou, splav Mal\u00e9ho Dunaja a ove\u013ea viac m\u00f4\u017eete za\u017ei\u0165 po\u010das V\u00e1\u0161ho pobytu v Tom\u00e1\u0161ove.\" \/>\n<meta name=\"robots\" content=\"index, follow, max-snippet:-1, max-image-preview:large, max-video-preview:-1\" \/>\n<link rel=\"canonical\" href=\"https:\/\/www.hotelkastiel.sk\/en\/vikendovyspecial\/\" \/>\n<meta property=\"og:locale\" content=\"en_GB\" \/>\n<meta property=\"og:type\" content=\"article\" \/>\n<meta property=\"og:title\" content=\"V\u00edkendov\u00fd cenov\u00fd \u0161peci\u00e1l - Art Hotel Ka\u0161tie\u013e, Tom\u00e1\u0161ov\" \/>\n<meta property=\"og:description\" content=\"Okolie Tom\u00e1\u0161ova je bohat\u00e9 na \u0161portov\u00e9, \u010di z\u00e1\u017eitkov\u00e9 aktivity.Z\u00e1\u017eitkov\u00fd let, jazda Teslou, splav Mal\u00e9ho Dunaja a ove\u013ea viac m\u00f4\u017eete za\u017ei\u0165 po\u010das V\u00e1\u0161ho pobytu v Tom\u00e1\u0161ove.\" \/>\n<meta property=\"og:url\" content=\"https:\/\/www.hotelkastiel.sk\/en\/vikendovyspecial\/\" \/>\n<meta property=\"og:site_name\" content=\"Art Hotel Ka\u0161tie\u013e, Tom\u00e1\u0161ov\" \/>\n<meta property=\"article:publisher\" content=\"http:\/\/facebook.com\/hotelkastiel\/\" \/>\n<meta property=\"article:modified_time\" content=\"2026-03-13T08:34:45+00:00\" \/>\n<meta name=\"twitter:label1\" content=\"Estimated reading time\" \/>\n\t<meta name=\"twitter:data1\" content=\"1 minute\" \/>\n<script type=\"application\/ld+json\" class=\"yoast-schema-graph\">{\"@context\":\"https:\\\/\\\/schema.org\",\"@graph\":[{\"@type\":\"WebPage\",\"@id\":\"https:\\\/\\\/www.hotelkastiel.sk\\\/vikendovyspecial\\\/\",\"url\":\"https:\\\/\\\/www.hotelkastiel.sk\\\/vikendovyspecial\\\/\",\"name\":\"V\u00edkendov\u00fd cenov\u00fd \u0161peci\u00e1l - Art Hotel Ka\u0161tie\u013e, Tom\u00e1\u0161ov\",\"isPartOf\":{\"@id\":\"https:\\\/\\\/www.hotelkastiel.sk\\\/#website\"},\"datePublished\":\"2020-06-02T08:00:52+00:00\",\"dateModified\":\"2026-03-13T08:34:45+00:00\",\"description\":\"Okolie Tom\u00e1\u0161ova je bohat\u00e9 na \u0161portov\u00e9, \u010di z\u00e1\u017eitkov\u00e9 aktivity.Z\u00e1\u017eitkov\u00fd let, jazda Teslou, splav Mal\u00e9ho Dunaja a ove\u013ea viac m\u00f4\u017eete za\u017ei\u0165 po\u010das V\u00e1\u0161ho pobytu v Tom\u00e1\u0161ove.\",\"breadcrumb\":{\"@id\":\"https:\\\/\\\/www.hotelkastiel.sk\\\/vikendovyspecial\\\/#breadcrumb\"},\"inLanguage\":\"en-GB\",\"potentialAction\":[{\"@type\":\"ReadAction\",\"target\":[\"https:\\\/\\\/www.hotelkastiel.sk\\\/vikendovyspecial\\\/\"]}]},{\"@type\":\"BreadcrumbList\",\"@id\":\"https:\\\/\\\/www.hotelkastiel.sk\\\/vikendovyspecial\\\/#breadcrumb\",\"itemListElement\":[{\"@type\":\"ListItem\",\"position\":1,\"name\":\"Home\",\"item\":\"https:\\\/\\\/www.hotelkastiel.sk\\\/\"},{\"@type\":\"ListItem\",\"position\":2,\"name\":\"V\u00edkendov\u00fd cenov\u00fd \u0161peci\u00e1l\"}]},{\"@type\":\"WebSite\",\"@id\":\"https:\\\/\\\/www.hotelkastiel.sk\\\/#website\",\"url\":\"https:\\\/\\\/www.hotelkastiel.sk\\\/\",\"name\":\"Art Hotel Ka\u0161tie\u013e, Tom\u00e1\u0161ov\",\"description\":\"\",\"publisher\":{\"@id\":\"https:\\\/\\\/www.hotelkastiel.sk\\\/#organization\"},\"potentialAction\":[{\"@type\":\"SearchAction\",\"target\":{\"@type\":\"EntryPoint\",\"urlTemplate\":\"https:\\\/\\\/www.hotelkastiel.sk\\\/?s={search_term_string}\"},\"query-input\":{\"@type\":\"PropertyValueSpecification\",\"valueRequired\":true,\"valueName\":\"search_term_string\"}}],\"inLanguage\":\"en-GB\"},{\"@type\":\"Organization\",\"@id\":\"https:\\\/\\\/www.hotelkastiel.sk\\\/#organization\",\"name\":\"Art Hotel Ka\u0161tie\u013e, Tom\u00e1\u0161ov\",\"url\":\"https:\\\/\\\/www.hotelkastiel.sk\\\/\",\"logo\":{\"@type\":\"ImageObject\",\"inLanguage\":\"en-GB\",\"@id\":\"https:\\\/\\\/www.hotelkastiel.sk\\\/#\\\/schema\\\/logo\\\/image\\\/\",\"url\":\"https:\\\/\\\/www.hotelkastiel.sk\\\/wp-content\\\/uploads\\\/2018\\\/07\\\/logo-header.png\",\"contentUrl\":\"https:\\\/\\\/www.hotelkastiel.sk\\\/wp-content\\\/uploads\\\/2018\\\/07\\\/logo-header.png\",\"width\":1289,\"height\":936,\"caption\":\"Art Hotel Ka\u0161tie\u013e, Tom\u00e1\u0161ov\"},\"image\":{\"@id\":\"https:\\\/\\\/www.hotelkastiel.sk\\\/#\\\/schema\\\/logo\\\/image\\\/\"},\"sameAs\":[\"http:\\\/\\\/facebook.com\\\/hotelkastiel\\\/\",\"http:\\\/\\\/instagram.com\\\/hotelkastiel\\\/\",\"https:\\\/\\\/www.linkedin.com\\\/company\\\/art-hotel-kastiel-tomasov\\\/?viewAsMember=true\",\"https:\\\/\\\/www.youtube.com\\\/playlist?list=PLvlDIzNKGgpSADkmHpsw4owU0JUOEXfhn\",\"https:\\\/\\\/sk.wikipedia.org\\\/wiki\\\/Ka\u0161tie\u013e_v_Tom\u00e1\u0161ove\"]}]}<\/script>\n<!-- \/ Yoast SEO plugin. -->","yoast_head_json":{"title":"V\u00edkendov\u00fd cenov\u00fd \u0161peci\u00e1l - Art Hotel Ka\u0161tie\u013e, Tom\u00e1\u0161ov","description":"Okolie Tom\u00e1\u0161ova je bohat\u00e9 na \u0161portov\u00e9, \u010di z\u00e1\u017eitkov\u00e9 aktivity.Z\u00e1\u017eitkov\u00fd let, jazda Teslou, splav Mal\u00e9ho Dunaja a ove\u013ea viac m\u00f4\u017eete za\u017ei\u0165 po\u010das V\u00e1\u0161ho pobytu v Tom\u00e1\u0161ove.","robots":{"index":"index","follow":"follow","max-snippet":"max-snippet:-1","max-image-preview":"max-image-preview:large","max-video-preview":"max-video-preview:-1"},"canonical":"https:\/\/www.hotelkastiel.sk\/en\/vikendovyspecial\/","og_locale":"en_GB","og_type":"article","og_title":"V\u00edkendov\u00fd cenov\u00fd \u0161peci\u00e1l - Art Hotel Ka\u0161tie\u013e, Tom\u00e1\u0161ov","og_description":"Okolie Tom\u00e1\u0161ova je bohat\u00e9 na \u0161portov\u00e9, \u010di z\u00e1\u017eitkov\u00e9 aktivity.Z\u00e1\u017eitkov\u00fd let, jazda Teslou, splav Mal\u00e9ho Dunaja a ove\u013ea viac m\u00f4\u017eete za\u017ei\u0165 po\u010das V\u00e1\u0161ho pobytu v Tom\u00e1\u0161ove.","og_url":"https:\/\/www.hotelkastiel.sk\/en\/vikendovyspecial\/","og_site_name":"Art Hotel Ka\u0161tie\u013e, Tom\u00e1\u0161ov","article_publisher":"http:\/\/facebook.com\/hotelkastiel\/","article_modified_time":"2026-03-13T08:34:45+00:00","twitter_misc":{"Estimated reading time":"1 minute"},"schema":{"@context":"https:\/\/schema.org","@graph":[{"@type":"WebPage","@id":"https:\/\/www.hotelkastiel.sk\/vikendovyspecial\/","url":"https:\/\/www.hotelkastiel.sk\/vikendovyspecial\/","name":"V\u00edkendov\u00fd cenov\u00fd \u0161peci\u00e1l - Art Hotel Ka\u0161tie\u013e, Tom\u00e1\u0161ov","isPartOf":{"@id":"https:\/\/www.hotelkastiel.sk\/#website"},"datePublished":"2020-06-02T08:00:52+00:00","dateModified":"2026-03-13T08:34:45+00:00","description":"Okolie Tom\u00e1\u0161ova je bohat\u00e9 na \u0161portov\u00e9, \u010di z\u00e1\u017eitkov\u00e9 aktivity.Z\u00e1\u017eitkov\u00fd let, jazda Teslou, splav Mal\u00e9ho Dunaja a ove\u013ea viac m\u00f4\u017eete za\u017ei\u0165 po\u010das V\u00e1\u0161ho pobytu v Tom\u00e1\u0161ove.","breadcrumb":{"@id":"https:\/\/www.hotelkastiel.sk\/vikendovyspecial\/#breadcrumb"},"inLanguage":"en-GB","potentialAction":[{"@type":"ReadAction","target":["https:\/\/www.hotelkastiel.sk\/vikendovyspecial\/"]}]},{"@type":"BreadcrumbList","@id":"https:\/\/www.hotelkastiel.sk\/vikendovyspecial\/#breadcrumb","itemListElement":[{"@type":"ListItem","position":1,"name":"Home","item":"https:\/\/www.hotelkastiel.sk\/"},{"@type":"ListItem","position":2,"name":"V\u00edkendov\u00fd cenov\u00fd \u0161peci\u00e1l"}]},{"@type":"WebSite","@id":"https:\/\/www.hotelkastiel.sk\/#website","url":"https:\/\/www.hotelkastiel.sk\/","name":"Art Hotel Ka\u0161tie\u013e, Tom\u00e1\u0161ov","description":"","publisher":{"@id":"https:\/\/www.hotelkastiel.sk\/#organization"},"potentialAction":[{"@type":"SearchAction","target":{"@type":"EntryPoint","urlTemplate":"https:\/\/www.hotelkastiel.sk\/?s={search_term_string}"},"query-input":{"@type":"PropertyValueSpecification","valueRequired":true,"valueName":"search_term_string"}}],"inLanguage":"en-GB"},{"@type":"Organization","@id":"https:\/\/www.hotelkastiel.sk\/#organization","name":"Art Hotel Ka\u0161tie\u013e, Tom\u00e1\u0161ov","url":"https:\/\/www.hotelkastiel.sk\/","logo":{"@type":"ImageObject","inLanguage":"en-GB","@id":"https:\/\/www.hotelkastiel.sk\/#\/schema\/logo\/image\/","url":"https:\/\/www.hotelkastiel.sk\/wp-content\/uploads\/2018\/07\/logo-header.png","contentUrl":"https:\/\/www.hotelkastiel.sk\/wp-content\/uploads\/2018\/07\/logo-header.png","width":1289,"height":936,"caption":"Art Hotel Ka\u0161tie\u013e, Tom\u00e1\u0161ov"},"image":{"@id":"https:\/\/www.hotelkastiel.sk\/#\/schema\/logo\/image\/"},"sameAs":["http:\/\/facebook.com\/hotelkastiel\/","http:\/\/instagram.com\/hotelkastiel\/","https:\/\/www.linkedin.com\/company\/art-hotel-kastiel-tomasov\/?viewAsMember=true","https:\/\/www.youtube.com\/playlist?list=PLvlDIzNKGgpSADkmHpsw4owU0JUOEXfhn","https:\/\/sk.wikipedia.org\/wiki\/Ka\u0161tie\u013e_v_Tom\u00e1\u0161ove"]}]}},"_links":{"self":[{"href":"https:\/\/www.hotelkastiel.sk\/en\/wp-json\/wp\/v2\/pages\/6132","targetHints":{"allow":["GET"]}}],"collection":[{"href":"https:\/\/www.hotelkastiel.sk\/en\/wp-json\/wp\/v2\/pages"}],"about":[{"href":"https:\/\/www.hotelkastiel.sk\/en\/wp-json\/wp\/v2\/types\/page"}],"author":[{"embeddable":true,"href":"https:\/\/www.hotelkastiel.sk\/en\/wp-json\/wp\/v2\/users\/6"}],"replies":[{"embeddable":true,"href":"https:\/\/www.hotelkastiel.sk\/en\/wp-json\/wp\/v2\/comments?post=6132"}],"version-history":[{"count":1,"href":"https:\/\/www.hotelkastiel.sk\/en\/wp-json\/wp\/v2\/pages\/6132\/revisions"}],"predecessor-version":[{"id":10253,"href":"https:\/\/www.hotelkastiel.sk\/en\/wp-json\/wp\/v2\/pages\/6132\/revisions\/10253"}],"wp:attachment":[{"href":"https:\/\/www.hotelkastiel.sk\/en\/wp-json\/wp\/v2\/media?parent=6132"}],"curies":[{"name":"wp","href":"https:\/\/api.w.org\/{rel}","templated":true}]}}