{"id":6141,"date":"2020-06-02T09:11:25","date_gmt":"2020-06-02T08:11:25","guid":{"rendered":"https:\/\/www.hotelkastiel.sk\/?page_id=6141"},"modified":"2021-11-09T10:23:31","modified_gmt":"2021-11-09T09:23:31","slug":"rodina","status":"publish","type":"page","link":"https:\/\/www.hotelkastiel.sk\/en\/rodina\/","title":{"rendered":"Aktivity s rodinou"},"content":{"rendered":"<div class=\"vc_row wpb_row vc_row-fluid\">\n\t\t\t\t\n<div class=\"wpb_column vc_column_container vc_col-sm-12\"><div class=\"vc_column-inner\"><div class=\"wpb_wrapper\"><div class=\"vc_empty_space\"   style=\"height: 60px\" ><span class=\"vc_empty_space_inner\"><\/span><\/div>\n\n\t<div class=\"wpb_text_column wpb_content_element\" >\n\t\t<div class=\"wpb_wrapper\">\n\t\t\t<h1 style=\"text-align: center;\">Kam v okol\u00ed &#8211; Rodina a v\u00fdlet<\/h1>\n\n\t\t<\/div>\n\t<\/div>\n<div class=\"vc_empty_space\"   style=\"height: 60px\" ><span class=\"vc_empty_space_inner\"><\/span><\/div>\n\n\t<div class=\"wpb_text_column wpb_content_element\" >\n\t\t<div class=\"wpb_wrapper\">\n\t\t\t<h4>Malkia Park<\/h4>\n<p>Zaru\u010den\u00fd z\u00e1\u017eitok nielen pre deti pon\u00faka Malkia Park v Orechovej Pot\u00f4ni. V tomto are\u00e1li n\u00e1jdete zachr\u00e1nen\u00e9 ma\u010dkovit\u00e9 \u0161elmy a in\u00e9 ohrozen\u00e9 druhy zvierat.<br \/><a href=\"https:\/\/www.malkiapark.sk\/\">https:\/\/www.malkiapark.sk\/<\/a><\/p>\n<h4>Jazero &#8222;\u0160utrovka&#8220; Ve\u013ek\u00fd Biel<\/h4>\n<p>Toto \u0161trkovisko sa nach\u00e1dza v pr\u00edjemnom prostred\u00ed na juhoz\u00e1padnom okraji obce Ve\u013ek\u00fd Biel. V letn\u00fdch mesiacoch je popul\u00e1rnym miestom na schladenie, ale vyu\u017e\u00edvan\u00fd je aj ryb\u00e1rmi.<br \/><a href=\"http:\/\/www.vypadni.sk\/sk\/bielske-jazero\">O jazere si pre\u010d\u00edtate <strong>tu<\/strong><\/a><\/p>\n<p><!-- \/wp:post-content --><\/p>\n<h4><!-- wp:paragraph -->Slne\u010dn\u00e9 jazer\u00e1 Senec<\/h4>\n<p>Najnav\u0161tevovanej\u0161ie jazer\u00e1 na Slovensku pon\u00fakaj\u00fa z\u00e1bavu a r\u00f4zne aktivity od po\u017ei\u010dovn\u00ed \u010dlnov a vodn\u00fdch bicyklov. Nach\u00e1dzaj\u00fa sa tu aj detsk\u00e9 ihrisk\u00e1, volejbalov\u00e9 a tenisov\u00e9 kurty.<br \/><a href=\"http:\/\/www.slnecnejazera.eu\/\">http:\/\/www.slnecnejazera.eu\/<\/a><\/p>\n<p><!-- \/wp:paragraph --><\/p>\n<h4>L\u00e1vka a maj\u00e1k v Z\u00e1les\u00ed<\/h4>\n<p><!-- \/wp:paragraph -->M\u00f3lo v dedinke pri Bratislave s n\u00e1zvom Korzo Z\u00e1lesie predstavuje dreven\u00fa promen\u00e1du naprie\u010d tokom rieky Mal\u00fd Dunaj. Okrem m\u00f3la sa tu nach\u00e1dza aj maj\u00e1k. O l\u00e1vke si pre\u010d\u00edtate <strong>tu<\/strong><\/p>\n<p>Pripravili sme si pre V\u00e1s aj <span style=\"text-decoration: underline;\"><a href=\"https:\/\/www.hotelkastiel.sk\/en\/zazitky\/\">zoznam \u0161portov\u00fdch aktiv\u00edtit a<\/a><\/span><a href=\"https:\/\/www.hotelkastiel.sk\/en\/zazitky\/\"> z\u00e1\u017eitkov<\/a> a <span style=\"text-decoration: underline;\"><a href=\"https:\/\/www.hotelkastiel.sk\/en\/vylety\/\">zoznam v\u00fdletov po okol\u00ed<\/a><\/span>.<\/p>\n\n\t\t<\/div>\n\t<\/div>\n<\/div><\/div><\/div><\/div><div class=\"vc_row wpb_row vc_row-fluid\">\n\t\t\t\t\n<div class=\"wpb_column vc_column_container vc_col-sm-12\"><div class=\"vc_column-inner\"><div class=\"wpb_wrapper\"><div class=\"vc_empty_space\"   style=\"height: 32px\" ><span class=\"vc_empty_space_inner\"><\/span><\/div>\n<\/div><\/div><\/div><\/div><div class=\"vc_row wpb_row vc_row-fluid\">\n\t\t\t\t\n<div class=\"wpb_column vc_column_container vc_col-sm-12\"><div class=\"vc_column-inner\"><div class=\"wpb_wrapper\"><div class=\"wpb_gallery wpb_content_element vc_clearfix\" ><div class=\"wpb_wrapper\"><div class=\"wpb_gallery_slides wpb_image_grid\" data-interval=\"3\"><ul class=\"wpb_image_grid_ul\"><li class=\"isotope-item\"><a href=\"https:\/\/www.hotelkastiel.sk\/wp-content\/uploads\/2020\/10\/lavka.jpg\" target=\"_self\"><img loading=\"lazy\" decoding=\"async\" width=\"150\" height=\"150\" src=\"https:\/\/www.hotelkastiel.sk\/wp-content\/uploads\/2020\/10\/lavka-150x150.jpg\" class=\"attachment-thumbnail\" alt=\"Dreven\u00e1 l\u00e1vka v Malinove\" srcset=\"https:\/\/www.hotelkastiel.sk\/wp-content\/uploads\/2020\/10\/lavka-150x150.jpg 150w, https:\/\/www.hotelkastiel.sk\/wp-content\/uploads\/2020\/10\/lavka-300x300.jpg 300w\" sizes=\"auto, (max-width: 150px) 100vw, 150px\" \/><\/a><\/li><li class=\"isotope-item\"><a href=\"https:\/\/www.hotelkastiel.sk\/wp-content\/uploads\/2020\/10\/malkia-park-1024x760.jpg\" target=\"_self\"><img loading=\"lazy\" decoding=\"async\" width=\"150\" height=\"150\" src=\"https:\/\/www.hotelkastiel.sk\/wp-content\/uploads\/2020\/10\/malkia-park-150x150.jpg\" class=\"attachment-thumbnail\" alt=\"Malkia Park v Orechovej Pot\u00f4ni\" srcset=\"https:\/\/www.hotelkastiel.sk\/wp-content\/uploads\/2020\/10\/malkia-park-150x150.jpg 150w, https:\/\/www.hotelkastiel.sk\/wp-content\/uploads\/2020\/10\/malkia-park-300x300.jpg 300w\" sizes=\"auto, (max-width: 150px) 100vw, 150px\" \/><\/a><\/li><li class=\"isotope-item\"><a href=\"https:\/\/www.hotelkastiel.sk\/wp-content\/uploads\/2020\/10\/velky-biel.jpg\" target=\"_self\"><img loading=\"lazy\" decoding=\"async\" width=\"150\" height=\"150\" src=\"https:\/\/www.hotelkastiel.sk\/wp-content\/uploads\/2020\/10\/velky-biel-150x150.jpg\" class=\"attachment-thumbnail\" alt=\"Ve\u013ek\u00fd Biel jazero\" srcset=\"https:\/\/www.hotelkastiel.sk\/wp-content\/uploads\/2020\/10\/velky-biel-150x150.jpg 150w, https:\/\/www.hotelkastiel.sk\/wp-content\/uploads\/2020\/10\/velky-biel-300x300.jpg 300w\" sizes=\"auto, (max-width: 150px) 100vw, 150px\" \/><\/a><\/li><li class=\"isotope-item\"><a href=\"https:\/\/www.hotelkastiel.sk\/wp-content\/uploads\/2020\/10\/senec1.jpg\" target=\"_self\"><img loading=\"lazy\" decoding=\"async\" width=\"150\" height=\"150\" src=\"https:\/\/www.hotelkastiel.sk\/wp-content\/uploads\/2020\/10\/senec1-150x150.jpg\" class=\"attachment-thumbnail\" alt=\"Slne\u010dn\u00e9 jazer\u00e1 Senec\" srcset=\"https:\/\/www.hotelkastiel.sk\/wp-content\/uploads\/2020\/10\/senec1-150x150.jpg 150w, https:\/\/www.hotelkastiel.sk\/wp-content\/uploads\/2020\/10\/senec1-300x300.jpg 300w\" sizes=\"auto, (max-width: 150px) 100vw, 150px\" \/><\/a><\/li><li class=\"isotope-item\"><a href=\"https:\/\/www.hotelkastiel.sk\/wp-content\/uploads\/2020\/10\/senec2.jpg\" target=\"_self\"><img loading=\"lazy\" decoding=\"async\" width=\"150\" height=\"150\" src=\"https:\/\/www.hotelkastiel.sk\/wp-content\/uploads\/2020\/10\/senec2-150x150.jpg\" class=\"attachment-thumbnail\" alt=\"Slne\u010dn\u00e9 jazer\u00e1 Senec\" srcset=\"https:\/\/www.hotelkastiel.sk\/wp-content\/uploads\/2020\/10\/senec2-150x150.jpg 150w, https:\/\/www.hotelkastiel.sk\/wp-content\/uploads\/2020\/10\/senec2-300x300.jpg 300w\" sizes=\"auto, (max-width: 150px) 100vw, 150px\" \/><\/a><\/li><li class=\"isotope-item\"><a href=\"https:\/\/www.hotelkastiel.sk\/wp-content\/uploads\/2020\/10\/velky-biel2.jpg\" target=\"_self\"><img loading=\"lazy\" decoding=\"async\" width=\"150\" height=\"150\" src=\"https:\/\/www.hotelkastiel.sk\/wp-content\/uploads\/2020\/10\/velky-biel2-150x150.jpg\" class=\"attachment-thumbnail\" alt=\"Jazero \u0160utrovka\" srcset=\"https:\/\/www.hotelkastiel.sk\/wp-content\/uploads\/2020\/10\/velky-biel2-150x150.jpg 150w, https:\/\/www.hotelkastiel.sk\/wp-content\/uploads\/2020\/10\/velky-biel2-300x300.jpg 300w\" sizes=\"auto, (max-width: 150px) 100vw, 150px\" \/><\/a><\/li><li class=\"isotope-item\"><a href=\"https:\/\/www.hotelkastiel.sk\/wp-content\/uploads\/2020\/10\/malkia2.jpg\" target=\"_self\"><img loading=\"lazy\" decoding=\"async\" width=\"150\" height=\"150\" src=\"https:\/\/www.hotelkastiel.sk\/wp-content\/uploads\/2020\/10\/malkia2-150x150.jpg\" class=\"attachment-thumbnail\" alt=\"Malkia Park\" srcset=\"https:\/\/www.hotelkastiel.sk\/wp-content\/uploads\/2020\/10\/malkia2-150x150.jpg 150w, https:\/\/www.hotelkastiel.sk\/wp-content\/uploads\/2020\/10\/malkia2-300x300.jpg 300w\" sizes=\"auto, (max-width: 150px) 100vw, 150px\" \/><\/a><\/li><\/ul><\/div><\/div><\/div><div class=\"vc_empty_space\"   style=\"height: 60px\" ><span class=\"vc_empty_space_inner\"><\/span><\/div>\n<\/div><\/div><\/div><\/div>","protected":false},"excerpt":{"rendered":"Kam v okol\u00ed - Rodina a v\u00fdlet Malkia Park Zaru\u010den\u00fd z\u00e1\u017eitok nielen pre deti pon\u00faka Malkia Park v Orechovej Pot\u00f4ni. V tomto are\u00e1li n\u00e1jdete zachr\u00e1nen\u00e9 ma\u010dkovit\u00e9 \u0161elmy a in\u00e9 ohrozen\u00e9 druhy zvierat.https:\/\/www.malkiapark.sk\/ Jazero \"\u0160utrovka\" Ve\u013ek\u00fd Biel Toto \u0161trkovisko sa nach\u00e1dza v pr\u00edjemnom prostred\u00ed na juhoz\u00e1padnom okraji obce Ve\u013ek\u00fd Biel. V letn\u00fdch mesiacoch je popul\u00e1rnym miestom [...]","protected":false},"author":6,"featured_media":0,"parent":0,"menu_order":0,"comment_status":"closed","ping_status":"closed","template":"templates\/page-builder.php","meta":{"footnotes":""},"class_list":["post-6141","page","type-page","status-publish","hentry"],"yoast_head":"<!-- This site is optimized with the Yoast SEO plugin v27.3 - https:\/\/yoast.com\/product\/yoast-seo-wordpress\/ -->\n<title>Aktivity s rodinou - Art Hotel Ka\u0161tie\u013e, Tom\u00e1\u0161ov<\/title>\n<meta name=\"description\" content=\"Aktivity v okol\u00ed Tom\u00e1\u0161ova, na ktor\u00e9 Va\u0161a rodina nezabudne - Malkia Park, L\u00e1vka a Maj\u00e1k v Z\u00e1les\u00ed, jazero vo Ve\u013ekom Bieli a viac!\" \/>\n<meta name=\"robots\" content=\"index, follow, max-snippet:-1, max-image-preview:large, max-video-preview:-1\" \/>\n<link rel=\"canonical\" href=\"https:\/\/www.hotelkastiel.sk\/en\/rodina\/\" \/>\n<meta property=\"og:locale\" content=\"en_GB\" \/>\n<meta property=\"og:type\" content=\"article\" \/>\n<meta property=\"og:title\" content=\"Aktivity s rodinou - Art Hotel Ka\u0161tie\u013e, Tom\u00e1\u0161ov\" \/>\n<meta property=\"og:description\" content=\"Aktivity v okol\u00ed Tom\u00e1\u0161ova, na ktor\u00e9 Va\u0161a rodina nezabudne - Malkia Park, L\u00e1vka a Maj\u00e1k v Z\u00e1les\u00ed, jazero vo Ve\u013ekom Bieli a viac!\" \/>\n<meta property=\"og:url\" content=\"https:\/\/www.hotelkastiel.sk\/en\/rodina\/\" \/>\n<meta property=\"og:site_name\" content=\"Art Hotel Ka\u0161tie\u013e, Tom\u00e1\u0161ov\" \/>\n<meta property=\"article:publisher\" content=\"http:\/\/facebook.com\/hotelkastiel\/\" \/>\n<meta property=\"article:modified_time\" content=\"2021-11-09T09:23:31+00:00\" \/>\n<meta name=\"twitter:label1\" content=\"Estimated reading time\" \/>\n\t<meta name=\"twitter:data1\" content=\"1 minute\" \/>\n<script type=\"application\/ld+json\" class=\"yoast-schema-graph\">{\"@context\":\"https:\\\/\\\/schema.org\",\"@graph\":[{\"@type\":\"WebPage\",\"@id\":\"https:\\\/\\\/www.hotelkastiel.sk\\\/rodina\\\/\",\"url\":\"https:\\\/\\\/www.hotelkastiel.sk\\\/rodina\\\/\",\"name\":\"Aktivity s rodinou - Art Hotel Ka\u0161tie\u013e, Tom\u00e1\u0161ov\",\"isPartOf\":{\"@id\":\"https:\\\/\\\/www.hotelkastiel.sk\\\/#website\"},\"datePublished\":\"2020-06-02T08:11:25+00:00\",\"dateModified\":\"2021-11-09T09:23:31+00:00\",\"description\":\"Aktivity v okol\u00ed Tom\u00e1\u0161ova, na ktor\u00e9 Va\u0161a rodina nezabudne - Malkia Park, L\u00e1vka a Maj\u00e1k v Z\u00e1les\u00ed, jazero vo Ve\u013ekom Bieli a viac!\",\"breadcrumb\":{\"@id\":\"https:\\\/\\\/www.hotelkastiel.sk\\\/rodina\\\/#breadcrumb\"},\"inLanguage\":\"en-GB\",\"potentialAction\":[{\"@type\":\"ReadAction\",\"target\":[\"https:\\\/\\\/www.hotelkastiel.sk\\\/rodina\\\/\"]}]},{\"@type\":\"BreadcrumbList\",\"@id\":\"https:\\\/\\\/www.hotelkastiel.sk\\\/rodina\\\/#breadcrumb\",\"itemListElement\":[{\"@type\":\"ListItem\",\"position\":1,\"name\":\"Home\",\"item\":\"https:\\\/\\\/www.hotelkastiel.sk\\\/\"},{\"@type\":\"ListItem\",\"position\":2,\"name\":\"Aktivity s rodinou\"}]},{\"@type\":\"WebSite\",\"@id\":\"https:\\\/\\\/www.hotelkastiel.sk\\\/#website\",\"url\":\"https:\\\/\\\/www.hotelkastiel.sk\\\/\",\"name\":\"Art Hotel Ka\u0161tie\u013e, Tom\u00e1\u0161ov\",\"description\":\"\",\"publisher\":{\"@id\":\"https:\\\/\\\/www.hotelkastiel.sk\\\/#organization\"},\"potentialAction\":[{\"@type\":\"SearchAction\",\"target\":{\"@type\":\"EntryPoint\",\"urlTemplate\":\"https:\\\/\\\/www.hotelkastiel.sk\\\/?s={search_term_string}\"},\"query-input\":{\"@type\":\"PropertyValueSpecification\",\"valueRequired\":true,\"valueName\":\"search_term_string\"}}],\"inLanguage\":\"en-GB\"},{\"@type\":\"Organization\",\"@id\":\"https:\\\/\\\/www.hotelkastiel.sk\\\/#organization\",\"name\":\"Art Hotel Ka\u0161tie\u013e, Tom\u00e1\u0161ov\",\"url\":\"https:\\\/\\\/www.hotelkastiel.sk\\\/\",\"logo\":{\"@type\":\"ImageObject\",\"inLanguage\":\"en-GB\",\"@id\":\"https:\\\/\\\/www.hotelkastiel.sk\\\/#\\\/schema\\\/logo\\\/image\\\/\",\"url\":\"https:\\\/\\\/www.hotelkastiel.sk\\\/wp-content\\\/uploads\\\/2018\\\/07\\\/logo-header.png\",\"contentUrl\":\"https:\\\/\\\/www.hotelkastiel.sk\\\/wp-content\\\/uploads\\\/2018\\\/07\\\/logo-header.png\",\"width\":1289,\"height\":936,\"caption\":\"Art Hotel Ka\u0161tie\u013e, Tom\u00e1\u0161ov\"},\"image\":{\"@id\":\"https:\\\/\\\/www.hotelkastiel.sk\\\/#\\\/schema\\\/logo\\\/image\\\/\"},\"sameAs\":[\"http:\\\/\\\/facebook.com\\\/hotelkastiel\\\/\",\"http:\\\/\\\/instagram.com\\\/hotelkastiel\\\/\",\"https:\\\/\\\/www.linkedin.com\\\/company\\\/art-hotel-kastiel-tomasov\\\/?viewAsMember=true\",\"https:\\\/\\\/www.youtube.com\\\/playlist?list=PLvlDIzNKGgpSADkmHpsw4owU0JUOEXfhn\",\"https:\\\/\\\/sk.wikipedia.org\\\/wiki\\\/Ka\u0161tie\u013e_v_Tom\u00e1\u0161ove\"]}]}<\/script>\n<!-- \/ Yoast SEO plugin. -->","yoast_head_json":{"title":"Aktivity s rodinou - Art Hotel Ka\u0161tie\u013e, Tom\u00e1\u0161ov","description":"Aktivity v okol\u00ed Tom\u00e1\u0161ova, na ktor\u00e9 Va\u0161a rodina nezabudne - Malkia Park, L\u00e1vka a Maj\u00e1k v Z\u00e1les\u00ed, jazero vo Ve\u013ekom Bieli a viac!","robots":{"index":"index","follow":"follow","max-snippet":"max-snippet:-1","max-image-preview":"max-image-preview:large","max-video-preview":"max-video-preview:-1"},"canonical":"https:\/\/www.hotelkastiel.sk\/en\/rodina\/","og_locale":"en_GB","og_type":"article","og_title":"Aktivity s rodinou - Art Hotel Ka\u0161tie\u013e, Tom\u00e1\u0161ov","og_description":"Aktivity v okol\u00ed Tom\u00e1\u0161ova, na ktor\u00e9 Va\u0161a rodina nezabudne - Malkia Park, L\u00e1vka a Maj\u00e1k v Z\u00e1les\u00ed, jazero vo Ve\u013ekom Bieli a viac!","og_url":"https:\/\/www.hotelkastiel.sk\/en\/rodina\/","og_site_name":"Art Hotel Ka\u0161tie\u013e, Tom\u00e1\u0161ov","article_publisher":"http:\/\/facebook.com\/hotelkastiel\/","article_modified_time":"2021-11-09T09:23:31+00:00","twitter_misc":{"Estimated reading time":"1 minute"},"schema":{"@context":"https:\/\/schema.org","@graph":[{"@type":"WebPage","@id":"https:\/\/www.hotelkastiel.sk\/rodina\/","url":"https:\/\/www.hotelkastiel.sk\/rodina\/","name":"Aktivity s rodinou - Art Hotel Ka\u0161tie\u013e, Tom\u00e1\u0161ov","isPartOf":{"@id":"https:\/\/www.hotelkastiel.sk\/#website"},"datePublished":"2020-06-02T08:11:25+00:00","dateModified":"2021-11-09T09:23:31+00:00","description":"Aktivity v okol\u00ed Tom\u00e1\u0161ova, na ktor\u00e9 Va\u0161a rodina nezabudne - Malkia Park, L\u00e1vka a Maj\u00e1k v Z\u00e1les\u00ed, jazero vo Ve\u013ekom Bieli a viac!","breadcrumb":{"@id":"https:\/\/www.hotelkastiel.sk\/rodina\/#breadcrumb"},"inLanguage":"en-GB","potentialAction":[{"@type":"ReadAction","target":["https:\/\/www.hotelkastiel.sk\/rodina\/"]}]},{"@type":"BreadcrumbList","@id":"https:\/\/www.hotelkastiel.sk\/rodina\/#breadcrumb","itemListElement":[{"@type":"ListItem","position":1,"name":"Home","item":"https:\/\/www.hotelkastiel.sk\/"},{"@type":"ListItem","position":2,"name":"Aktivity s rodinou"}]},{"@type":"WebSite","@id":"https:\/\/www.hotelkastiel.sk\/#website","url":"https:\/\/www.hotelkastiel.sk\/","name":"Art Hotel Ka\u0161tie\u013e, Tom\u00e1\u0161ov","description":"","publisher":{"@id":"https:\/\/www.hotelkastiel.sk\/#organization"},"potentialAction":[{"@type":"SearchAction","target":{"@type":"EntryPoint","urlTemplate":"https:\/\/www.hotelkastiel.sk\/?s={search_term_string}"},"query-input":{"@type":"PropertyValueSpecification","valueRequired":true,"valueName":"search_term_string"}}],"inLanguage":"en-GB"},{"@type":"Organization","@id":"https:\/\/www.hotelkastiel.sk\/#organization","name":"Art Hotel Ka\u0161tie\u013e, Tom\u00e1\u0161ov","url":"https:\/\/www.hotelkastiel.sk\/","logo":{"@type":"ImageObject","inLanguage":"en-GB","@id":"https:\/\/www.hotelkastiel.sk\/#\/schema\/logo\/image\/","url":"https:\/\/www.hotelkastiel.sk\/wp-content\/uploads\/2018\/07\/logo-header.png","contentUrl":"https:\/\/www.hotelkastiel.sk\/wp-content\/uploads\/2018\/07\/logo-header.png","width":1289,"height":936,"caption":"Art Hotel Ka\u0161tie\u013e, Tom\u00e1\u0161ov"},"image":{"@id":"https:\/\/www.hotelkastiel.sk\/#\/schema\/logo\/image\/"},"sameAs":["http:\/\/facebook.com\/hotelkastiel\/","http:\/\/instagram.com\/hotelkastiel\/","https:\/\/www.linkedin.com\/company\/art-hotel-kastiel-tomasov\/?viewAsMember=true","https:\/\/www.youtube.com\/playlist?list=PLvlDIzNKGgpSADkmHpsw4owU0JUOEXfhn","https:\/\/sk.wikipedia.org\/wiki\/Ka\u0161tie\u013e_v_Tom\u00e1\u0161ove"]}]}},"_links":{"self":[{"href":"https:\/\/www.hotelkastiel.sk\/en\/wp-json\/wp\/v2\/pages\/6141","targetHints":{"allow":["GET"]}}],"collection":[{"href":"https:\/\/www.hotelkastiel.sk\/en\/wp-json\/wp\/v2\/pages"}],"about":[{"href":"https:\/\/www.hotelkastiel.sk\/en\/wp-json\/wp\/v2\/types\/page"}],"author":[{"embeddable":true,"href":"https:\/\/www.hotelkastiel.sk\/en\/wp-json\/wp\/v2\/users\/6"}],"replies":[{"embeddable":true,"href":"https:\/\/www.hotelkastiel.sk\/en\/wp-json\/wp\/v2\/comments?post=6141"}],"version-history":[{"count":0,"href":"https:\/\/www.hotelkastiel.sk\/en\/wp-json\/wp\/v2\/pages\/6141\/revisions"}],"wp:attachment":[{"href":"https:\/\/www.hotelkastiel.sk\/en\/wp-json\/wp\/v2\/media?parent=6141"}],"curies":[{"name":"wp","href":"https:\/\/api.w.org\/{rel}","templated":true}]}}