{"id":6148,"date":"2020-06-02T09:25:51","date_gmt":"2020-06-02T08:25:51","guid":{"rendered":"https:\/\/www.hotelkastiel.sk\/?page_id=6148"},"modified":"2021-11-09T10:27:11","modified_gmt":"2021-11-09T09:27:11","slug":"vylety","status":"publish","type":"page","link":"https:\/\/www.hotelkastiel.sk\/en\/vylety\/","title":{"rendered":"V\u00fdlety"},"content":{"rendered":"<div class=\"vc_row wpb_row vc_row-fluid\">\n\t\t\t\t\n<div class=\"wpb_column vc_column_container vc_col-sm-12\"><div class=\"vc_column-inner\"><div class=\"wpb_wrapper\"><div class=\"vc_empty_space\"   style=\"height: 32px\" ><span class=\"vc_empty_space_inner\"><\/span><\/div>\n<div class=\"vc_empty_space\"   style=\"height: 32px\" ><span class=\"vc_empty_space_inner\"><\/span><\/div>\n\n\t<div class=\"wpb_text_column wpb_content_element\" >\n\t\t<div class=\"wpb_wrapper\">\n\t\t\t<h4 style=\"text-align: center;\">V\u00fdlety po okol\u00ed Tom\u00e1\u0161ova<\/h4>\n<p class=\"p1\"><span class=\"s1\">Pripravili sme si pre V\u00e1s n\u00e1pady na v\u00fdlety v okol\u00ed ka\u0161tie\u013ea &#8211;<span class=\"Apple-converted-space\">\u00a0 <\/span>kult\u00farne, pr\u00edrodn\u00e9 ale aj \u0161portov\u00e9.<\/span><\/p>\n<h3 class=\"p2\"><span class=\"s2\"><a href=\"https:\/\/www.muzeum.sk\/vodny-kolovy-mlyn-jelka.html\"><b>Vodn\u00fd mlyn Jelka<\/b><\/a><\/span><\/h3>\n<p class=\"p1\"><span class=\"s1\">Zrekon\u0161truovan\u00fd vodn\u00fd mlyn v Jelke le\u017e\u00ed na brehu Mal\u00e9ho Dunaja. Prv\u00e9 doklady o tomto mlyne poch\u00e1dzaj\u00fa a\u017e z roku 1894. Okolie mlynu pon\u00faka ve\u013ea mo\u017enost\u00ed na rekre\u00e1ciu.<\/span><\/p>\n<h3 class=\"p2\"><span class=\"s2\"><a href=\"https:\/\/www.hrady-zamky.sk\/malinovo\/\"><b>Ka\u0161tie\u013e a park Malinovo<\/b><\/a><\/span><\/h3>\n<p class=\"p1\"><span class=\"s1\">Neskoro-renesan\u010dn\u00fd ka\u0161tie\u013e, nesk\u00f4r klasicisticky upraven\u00fd, bol postaven\u00fd na z\u00e1kladoch stredovek\u00e9ho hradu Eberhard s vodnou priekopou a je dominantou obce Malinovo. Je obklopen\u00fd anglick\u00fdm krajinn\u00fdm parkom.<\/span><\/p>\n<h3 class=\"p2\"><span class=\"s2\"><a href=\"http:\/\/www.slovenskehrady.sk\/kastiel-hubice\"><b>Ka\u0161tie\u013e Hubice<\/b><\/a><\/span><\/h3>\n<p class=\"p1\"><span class=\"s1\">Le\u017e\u00ed v Podunajskej n\u00ed\u017eine v z\u00e1padnej \u010dasti \u017ditn\u00e9ho ostrova. Star\u0161\u00ed a v\u00e4\u010d\u0161\u00ed ka\u0161tie\u013e bol postaven\u00fd okolo r. 1830 na star\u0161\u00edch z\u00e1kladoch. Druh\u00fd ka\u0161tie\u013e bol postaven\u00fd cca v 19. st. Park okolo ka\u0161tie\u013ea s rozlohou 40 ha vznikol v osemdesiatych rokoch 19. stor. V parku sa nach\u00e1dza nieko\u013eko pozoruhodn\u00fdch stavieb. Zauj\u00edmavou stavbou v obci je aj k\u00faria Kempelenov. \u017dil tu zn\u00e1my vyn\u00e1lezca Wolfgang Kempelen.<\/span><\/p>\n<h3 class=\"p2\"><span class=\"s2\"><a href=\"https:\/\/www.yachter.sk\/cyklokompa\/\"><b>Hr\u00e1dza Hamuliakovo<\/b><\/a><\/span><\/h3>\n<p class=\"p1\"><span class=\"s1\">Bratislavsk\u00e1 hr\u00e1dza je miestom pokoja, oddychu na viac ako 100 kilometroch ciest. Okrem kaviarn\u00ed a tradi\u010dn\u00fdch bufetov sa tu d\u00e1 vyu\u017ei\u0165 mo\u017enos\u0165 wakeboardingu alebo kitesurfingu. Vyu\u017ei\u0165 m\u00f4\u017eete aj kompu.<\/span><\/p>\n<h3 class=\"p2\"><span class=\"s2\"><a href=\"https:\/\/slovakiaring.sk\/\"><b>Slovakia Ring \u2013 Orechov\u00e1 Pot\u00f4\u0148<\/b><\/a><\/span><\/h3>\n<p class=\"p1\"><span class=\"s1\">Slovakiaring je pretek\u00e1rsky okruh na Slovensku, postaven\u00fd v rokoch 2008 \u2013 2009. Okruh pon\u00faka 6 variant v oboch smeroch. Nach\u00e1dza sa tu \u0161kola \u0161myku, vojensk\u00e9 m\u00fazeum ale aj motok\u00e1ry.<\/span><\/p>\n<p class=\"p1\"><span class=\"s1\">Letn\u00fd baz\u00e9n v parku pri ka\u0161tieli je pr\u00edstupn\u00fd ako ubytovan\u00fdm hos\u0165om, tak aj verejnosti. Nach\u00e1dza sa po \u013eavej strane ka\u0161tie\u013ea, pri poh\u013eade od pr\u00edjazdovej cesty. Iba p\u00e1r metrov od kaplnky.<\/span><\/p>\n\n\t\t<\/div>\n\t<\/div>\n<\/div><\/div><\/div><\/div><div class=\"vc_row wpb_row vc_row-fluid\">\n\t\t\t\t\n<div class=\"wpb_column vc_column_container vc_col-sm-12\"><div class=\"vc_column-inner\"><div class=\"wpb_wrapper\"><div class=\"vc_empty_space\"   style=\"height: 32px\" ><span class=\"vc_empty_space_inner\"><\/span><\/div>\n<div class=\"vc_empty_space\"   style=\"height: 32px\" ><span class=\"vc_empty_space_inner\"><\/span><\/div>\n<\/div><\/div><\/div><\/div>","protected":false},"excerpt":{"rendered":"V\u00fdlety po okol\u00ed Tom\u00e1\u0161ova Pripravili sme si pre V\u00e1s n\u00e1pady na v\u00fdlety v okol\u00ed ka\u0161tie\u013ea -\u00a0 kult\u00farne, pr\u00edrodn\u00e9 ale aj \u0161portov\u00e9. Vodn\u00fd mlyn Jelka Zrekon\u0161truovan\u00fd vodn\u00fd mlyn v Jelke le\u017e\u00ed na brehu Mal\u00e9ho Dunaja. Prv\u00e9 doklady o tomto mlyne poch\u00e1dzaj\u00fa a\u017e z roku 1894. Okolie mlynu pon\u00faka ve\u013ea mo\u017enost\u00ed na rekre\u00e1ciu. Ka\u0161tie\u013e a park Malinovo [...]","protected":false},"author":6,"featured_media":0,"parent":0,"menu_order":0,"comment_status":"closed","ping_status":"closed","template":"templates\/page-builder.php","meta":{"footnotes":""},"class_list":["post-6148","page","type-page","status-publish","hentry"],"yoast_head":"<!-- This site is optimized with the Yoast SEO plugin v27.3 - https:\/\/yoast.com\/product\/yoast-seo-wordpress\/ -->\n<title>V\u00fdlety - Art Hotel Ka\u0161tie\u013e, Tom\u00e1\u0161ov<\/title>\n<meta name=\"description\" content=\"Pre v\u0161etk\u00fdch milovn\u00edkov cestovania sme pripravili zoznam kult\u00farnych a historick\u00fdch miest, ktor\u00e9 by ste si nemali necha\u0165 ujs\u0165.Susedn\u00fd ka\u0161tie\u013e a park v Malinove, Bratislavsk\u00e1 mohyla M. R. \u0160tef\u00e1nika alebo vodn\u00fd mlyn v Jelke by si mal od\u0161krtn\u00fa\u0165 zo zoznamu ka\u017ed\u00fd cestovate\u013e.\" \/>\n<meta name=\"robots\" content=\"index, follow, max-snippet:-1, max-image-preview:large, max-video-preview:-1\" \/>\n<link rel=\"canonical\" href=\"https:\/\/www.hotelkastiel.sk\/en\/vylety\/\" \/>\n<meta property=\"og:locale\" content=\"en_GB\" \/>\n<meta property=\"og:type\" content=\"article\" \/>\n<meta property=\"og:title\" content=\"V\u00fdlety - Art Hotel Ka\u0161tie\u013e, Tom\u00e1\u0161ov\" \/>\n<meta property=\"og:description\" content=\"Pre v\u0161etk\u00fdch milovn\u00edkov cestovania sme pripravili zoznam kult\u00farnych a historick\u00fdch miest, ktor\u00e9 by ste si nemali necha\u0165 ujs\u0165.Susedn\u00fd ka\u0161tie\u013e a park v Malinove, Bratislavsk\u00e1 mohyla M. R. \u0160tef\u00e1nika alebo vodn\u00fd mlyn v Jelke by si mal od\u0161krtn\u00fa\u0165 zo zoznamu ka\u017ed\u00fd cestovate\u013e.\" \/>\n<meta property=\"og:url\" content=\"https:\/\/www.hotelkastiel.sk\/en\/vylety\/\" \/>\n<meta property=\"og:site_name\" content=\"Art Hotel Ka\u0161tie\u013e, Tom\u00e1\u0161ov\" \/>\n<meta property=\"article:publisher\" content=\"http:\/\/facebook.com\/hotelkastiel\/\" \/>\n<meta property=\"article:modified_time\" content=\"2021-11-09T09:27:11+00:00\" \/>\n<meta name=\"twitter:label1\" content=\"Estimated reading time\" \/>\n\t<meta name=\"twitter:data1\" content=\"2 minutes\" \/>\n<script type=\"application\/ld+json\" class=\"yoast-schema-graph\">{\"@context\":\"https:\\\/\\\/schema.org\",\"@graph\":[{\"@type\":\"WebPage\",\"@id\":\"https:\\\/\\\/www.hotelkastiel.sk\\\/vylety\\\/\",\"url\":\"https:\\\/\\\/www.hotelkastiel.sk\\\/vylety\\\/\",\"name\":\"V\u00fdlety - Art Hotel Ka\u0161tie\u013e, Tom\u00e1\u0161ov\",\"isPartOf\":{\"@id\":\"https:\\\/\\\/www.hotelkastiel.sk\\\/#website\"},\"datePublished\":\"2020-06-02T08:25:51+00:00\",\"dateModified\":\"2021-11-09T09:27:11+00:00\",\"description\":\"Pre v\u0161etk\u00fdch milovn\u00edkov cestovania sme pripravili zoznam kult\u00farnych a historick\u00fdch miest, ktor\u00e9 by ste si nemali necha\u0165 ujs\u0165.Susedn\u00fd ka\u0161tie\u013e a park v Malinove, Bratislavsk\u00e1 mohyla M. R. \u0160tef\u00e1nika alebo vodn\u00fd mlyn v Jelke by si mal od\u0161krtn\u00fa\u0165 zo zoznamu ka\u017ed\u00fd cestovate\u013e.\",\"breadcrumb\":{\"@id\":\"https:\\\/\\\/www.hotelkastiel.sk\\\/vylety\\\/#breadcrumb\"},\"inLanguage\":\"en-GB\",\"potentialAction\":[{\"@type\":\"ReadAction\",\"target\":[\"https:\\\/\\\/www.hotelkastiel.sk\\\/vylety\\\/\"]}]},{\"@type\":\"BreadcrumbList\",\"@id\":\"https:\\\/\\\/www.hotelkastiel.sk\\\/vylety\\\/#breadcrumb\",\"itemListElement\":[{\"@type\":\"ListItem\",\"position\":1,\"name\":\"Home\",\"item\":\"https:\\\/\\\/www.hotelkastiel.sk\\\/\"},{\"@type\":\"ListItem\",\"position\":2,\"name\":\"V\u00fdlety\"}]},{\"@type\":\"WebSite\",\"@id\":\"https:\\\/\\\/www.hotelkastiel.sk\\\/#website\",\"url\":\"https:\\\/\\\/www.hotelkastiel.sk\\\/\",\"name\":\"Art Hotel Ka\u0161tie\u013e, Tom\u00e1\u0161ov\",\"description\":\"\",\"publisher\":{\"@id\":\"https:\\\/\\\/www.hotelkastiel.sk\\\/#organization\"},\"potentialAction\":[{\"@type\":\"SearchAction\",\"target\":{\"@type\":\"EntryPoint\",\"urlTemplate\":\"https:\\\/\\\/www.hotelkastiel.sk\\\/?s={search_term_string}\"},\"query-input\":{\"@type\":\"PropertyValueSpecification\",\"valueRequired\":true,\"valueName\":\"search_term_string\"}}],\"inLanguage\":\"en-GB\"},{\"@type\":\"Organization\",\"@id\":\"https:\\\/\\\/www.hotelkastiel.sk\\\/#organization\",\"name\":\"Art Hotel Ka\u0161tie\u013e, Tom\u00e1\u0161ov\",\"url\":\"https:\\\/\\\/www.hotelkastiel.sk\\\/\",\"logo\":{\"@type\":\"ImageObject\",\"inLanguage\":\"en-GB\",\"@id\":\"https:\\\/\\\/www.hotelkastiel.sk\\\/#\\\/schema\\\/logo\\\/image\\\/\",\"url\":\"https:\\\/\\\/www.hotelkastiel.sk\\\/wp-content\\\/uploads\\\/2018\\\/07\\\/logo-header.png\",\"contentUrl\":\"https:\\\/\\\/www.hotelkastiel.sk\\\/wp-content\\\/uploads\\\/2018\\\/07\\\/logo-header.png\",\"width\":1289,\"height\":936,\"caption\":\"Art Hotel Ka\u0161tie\u013e, Tom\u00e1\u0161ov\"},\"image\":{\"@id\":\"https:\\\/\\\/www.hotelkastiel.sk\\\/#\\\/schema\\\/logo\\\/image\\\/\"},\"sameAs\":[\"http:\\\/\\\/facebook.com\\\/hotelkastiel\\\/\",\"http:\\\/\\\/instagram.com\\\/hotelkastiel\\\/\",\"https:\\\/\\\/www.linkedin.com\\\/company\\\/art-hotel-kastiel-tomasov\\\/?viewAsMember=true\",\"https:\\\/\\\/www.youtube.com\\\/playlist?list=PLvlDIzNKGgpSADkmHpsw4owU0JUOEXfhn\",\"https:\\\/\\\/sk.wikipedia.org\\\/wiki\\\/Ka\u0161tie\u013e_v_Tom\u00e1\u0161ove\"]}]}<\/script>\n<!-- \/ Yoast SEO plugin. -->","yoast_head_json":{"title":"V\u00fdlety - Art Hotel Ka\u0161tie\u013e, Tom\u00e1\u0161ov","description":"Pre v\u0161etk\u00fdch milovn\u00edkov cestovania sme pripravili zoznam kult\u00farnych a historick\u00fdch miest, ktor\u00e9 by ste si nemali necha\u0165 ujs\u0165.Susedn\u00fd ka\u0161tie\u013e a park v Malinove, Bratislavsk\u00e1 mohyla M. R. \u0160tef\u00e1nika alebo vodn\u00fd mlyn v Jelke by si mal od\u0161krtn\u00fa\u0165 zo zoznamu ka\u017ed\u00fd cestovate\u013e.","robots":{"index":"index","follow":"follow","max-snippet":"max-snippet:-1","max-image-preview":"max-image-preview:large","max-video-preview":"max-video-preview:-1"},"canonical":"https:\/\/www.hotelkastiel.sk\/en\/vylety\/","og_locale":"en_GB","og_type":"article","og_title":"V\u00fdlety - Art Hotel Ka\u0161tie\u013e, Tom\u00e1\u0161ov","og_description":"Pre v\u0161etk\u00fdch milovn\u00edkov cestovania sme pripravili zoznam kult\u00farnych a historick\u00fdch miest, ktor\u00e9 by ste si nemali necha\u0165 ujs\u0165.Susedn\u00fd ka\u0161tie\u013e a park v Malinove, Bratislavsk\u00e1 mohyla M. R. \u0160tef\u00e1nika alebo vodn\u00fd mlyn v Jelke by si mal od\u0161krtn\u00fa\u0165 zo zoznamu ka\u017ed\u00fd cestovate\u013e.","og_url":"https:\/\/www.hotelkastiel.sk\/en\/vylety\/","og_site_name":"Art Hotel Ka\u0161tie\u013e, Tom\u00e1\u0161ov","article_publisher":"http:\/\/facebook.com\/hotelkastiel\/","article_modified_time":"2021-11-09T09:27:11+00:00","twitter_misc":{"Estimated reading time":"2 minutes"},"schema":{"@context":"https:\/\/schema.org","@graph":[{"@type":"WebPage","@id":"https:\/\/www.hotelkastiel.sk\/vylety\/","url":"https:\/\/www.hotelkastiel.sk\/vylety\/","name":"V\u00fdlety - Art Hotel Ka\u0161tie\u013e, Tom\u00e1\u0161ov","isPartOf":{"@id":"https:\/\/www.hotelkastiel.sk\/#website"},"datePublished":"2020-06-02T08:25:51+00:00","dateModified":"2021-11-09T09:27:11+00:00","description":"Pre v\u0161etk\u00fdch milovn\u00edkov cestovania sme pripravili zoznam kult\u00farnych a historick\u00fdch miest, ktor\u00e9 by ste si nemali necha\u0165 ujs\u0165.Susedn\u00fd ka\u0161tie\u013e a park v Malinove, Bratislavsk\u00e1 mohyla M. R. \u0160tef\u00e1nika alebo vodn\u00fd mlyn v Jelke by si mal od\u0161krtn\u00fa\u0165 zo zoznamu ka\u017ed\u00fd cestovate\u013e.","breadcrumb":{"@id":"https:\/\/www.hotelkastiel.sk\/vylety\/#breadcrumb"},"inLanguage":"en-GB","potentialAction":[{"@type":"ReadAction","target":["https:\/\/www.hotelkastiel.sk\/vylety\/"]}]},{"@type":"BreadcrumbList","@id":"https:\/\/www.hotelkastiel.sk\/vylety\/#breadcrumb","itemListElement":[{"@type":"ListItem","position":1,"name":"Home","item":"https:\/\/www.hotelkastiel.sk\/"},{"@type":"ListItem","position":2,"name":"V\u00fdlety"}]},{"@type":"WebSite","@id":"https:\/\/www.hotelkastiel.sk\/#website","url":"https:\/\/www.hotelkastiel.sk\/","name":"Art Hotel Ka\u0161tie\u013e, Tom\u00e1\u0161ov","description":"","publisher":{"@id":"https:\/\/www.hotelkastiel.sk\/#organization"},"potentialAction":[{"@type":"SearchAction","target":{"@type":"EntryPoint","urlTemplate":"https:\/\/www.hotelkastiel.sk\/?s={search_term_string}"},"query-input":{"@type":"PropertyValueSpecification","valueRequired":true,"valueName":"search_term_string"}}],"inLanguage":"en-GB"},{"@type":"Organization","@id":"https:\/\/www.hotelkastiel.sk\/#organization","name":"Art Hotel Ka\u0161tie\u013e, Tom\u00e1\u0161ov","url":"https:\/\/www.hotelkastiel.sk\/","logo":{"@type":"ImageObject","inLanguage":"en-GB","@id":"https:\/\/www.hotelkastiel.sk\/#\/schema\/logo\/image\/","url":"https:\/\/www.hotelkastiel.sk\/wp-content\/uploads\/2018\/07\/logo-header.png","contentUrl":"https:\/\/www.hotelkastiel.sk\/wp-content\/uploads\/2018\/07\/logo-header.png","width":1289,"height":936,"caption":"Art Hotel Ka\u0161tie\u013e, Tom\u00e1\u0161ov"},"image":{"@id":"https:\/\/www.hotelkastiel.sk\/#\/schema\/logo\/image\/"},"sameAs":["http:\/\/facebook.com\/hotelkastiel\/","http:\/\/instagram.com\/hotelkastiel\/","https:\/\/www.linkedin.com\/company\/art-hotel-kastiel-tomasov\/?viewAsMember=true","https:\/\/www.youtube.com\/playlist?list=PLvlDIzNKGgpSADkmHpsw4owU0JUOEXfhn","https:\/\/sk.wikipedia.org\/wiki\/Ka\u0161tie\u013e_v_Tom\u00e1\u0161ove"]}]}},"_links":{"self":[{"href":"https:\/\/www.hotelkastiel.sk\/en\/wp-json\/wp\/v2\/pages\/6148","targetHints":{"allow":["GET"]}}],"collection":[{"href":"https:\/\/www.hotelkastiel.sk\/en\/wp-json\/wp\/v2\/pages"}],"about":[{"href":"https:\/\/www.hotelkastiel.sk\/en\/wp-json\/wp\/v2\/types\/page"}],"author":[{"embeddable":true,"href":"https:\/\/www.hotelkastiel.sk\/en\/wp-json\/wp\/v2\/users\/6"}],"replies":[{"embeddable":true,"href":"https:\/\/www.hotelkastiel.sk\/en\/wp-json\/wp\/v2\/comments?post=6148"}],"version-history":[{"count":0,"href":"https:\/\/www.hotelkastiel.sk\/en\/wp-json\/wp\/v2\/pages\/6148\/revisions"}],"wp:attachment":[{"href":"https:\/\/www.hotelkastiel.sk\/en\/wp-json\/wp\/v2\/media?parent=6148"}],"curies":[{"name":"wp","href":"https:\/\/api.w.org\/{rel}","templated":true}]}}