{"id":6239,"date":"2020-06-11T10:47:01","date_gmt":"2020-06-11T09:47:01","guid":{"rendered":"https:\/\/www.hotelkastiel.sk\/family-trips\/"},"modified":"2021-11-09T10:25:58","modified_gmt":"2021-11-09T09:25:58","slug":"family-trips","status":"publish","type":"page","link":"https:\/\/www.hotelkastiel.sk\/en\/family-trips\/","title":{"rendered":"Family trips"},"content":{"rendered":"<div class=\"vc_row wpb_row vc_row-fluid\">\n\t\t\t\t\n<div class=\"wpb_column vc_column_container vc_col-sm-12\"><div class=\"vc_column-inner\"><div class=\"wpb_wrapper\"><div class=\"vc_empty_space\"   style=\"height: 60px\" ><span class=\"vc_empty_space_inner\"><\/span><\/div>\n\n\t<div class=\"wpb_text_column wpb_content_element\" >\n\t\t<div class=\"wpb_wrapper\">\n\t\t\t<h1 style=\"text-align: center;\">Where in the area &#8211; Family and trip<\/h1>\n<p>&nbsp;<\/p>\n\n\t\t<\/div>\n\t<\/div>\n<div class=\"vc_empty_space\"   style=\"height: 60px\" ><span class=\"vc_empty_space_inner\"><\/span><\/div>\n\n\t<div class=\"wpb_text_column wpb_content_element\" >\n\t\t<div class=\"wpb_wrapper\">\n\t\t\t<h4>Malkia Park<\/h4>\n<p>The guaranteed experience not only for children is offered by Malkia Park in Orechov\u00e1 Pot\u00f4\u0148. In this area you will find rescued felines and other endangered species.<br \/>\nhttps:\/\/www.malkiapark.sk\/<\/p>\n<h4>Lake &#8222;Sutrovka&#8220; Ve\u013ek\u00fd Biel<\/h4>\n<p>This gravel pit is located in a pleasant environment on the southwestern edge of the village of Ve\u013ek\u00fd Biel. In the summer months, it is a popular place to cool off, but it is also used by fishermen.<br \/>\nYou can read about the lake here<\/p>\n<h4>Sunny lakes Senec<\/h4>\n<p>The most visited lakes in Slovakia offer entertainment and various activities from boat rentals and pedal boats. There are also children\u2019s playgrounds, volleyball and tennis courts.<br \/>\nhttp:\/\/www.slnecnejazera.eu\/<\/p>\n<h4>Footbridge and lighthouse in Z\u00e1les\u00ed<\/h4>\n<p>The pier in the village near Bratislava called Korzo Z\u00e1lesie represents a wooden promenade across the river Mal\u00fd Dunaj. In addition to the pier, there is also a lighthouse. You can read about the footbridge here<\/p>\n<p>We have also prepared a list of sports activities and experiences and a list of trips around.<\/p>\n\n\t\t<\/div>\n\t<\/div>\n<\/div><\/div><\/div><\/div><div class=\"vc_row wpb_row vc_row-fluid\">\n\t\t\t\t\n<div class=\"wpb_column vc_column_container vc_col-sm-12\"><div class=\"vc_column-inner\"><div class=\"wpb_wrapper\"><div class=\"vc_empty_space\"   style=\"height: 32px\" ><span class=\"vc_empty_space_inner\"><\/span><\/div>\n<\/div><\/div><\/div><\/div><div class=\"vc_row wpb_row vc_row-fluid\">\n\t\t\t\t\n<div class=\"wpb_column vc_column_container vc_col-sm-12\"><div class=\"vc_column-inner\"><div class=\"wpb_wrapper\"><div class=\"wpb_gallery wpb_content_element vc_clearfix\" ><div class=\"wpb_wrapper\"><div class=\"wpb_gallery_slides wpb_image_grid\" data-interval=\"3\"><ul class=\"wpb_image_grid_ul\"><li class=\"isotope-item\"><a href=\"https:\/\/www.hotelkastiel.sk\/wp-content\/uploads\/2020\/10\/lavka.jpg\" target=\"_self\"><img loading=\"lazy\" decoding=\"async\" width=\"150\" height=\"150\" src=\"https:\/\/www.hotelkastiel.sk\/wp-content\/uploads\/2020\/10\/lavka-150x150.jpg\" class=\"attachment-thumbnail\" alt=\"Dreven\u00e1 l\u00e1vka v Malinove\" srcset=\"https:\/\/www.hotelkastiel.sk\/wp-content\/uploads\/2020\/10\/lavka-150x150.jpg 150w, https:\/\/www.hotelkastiel.sk\/wp-content\/uploads\/2020\/10\/lavka-300x300.jpg 300w\" sizes=\"auto, (max-width: 150px) 100vw, 150px\" \/><\/a><\/li><li class=\"isotope-item\"><a href=\"https:\/\/www.hotelkastiel.sk\/wp-content\/uploads\/2020\/10\/malkia-park-1024x760.jpg\" target=\"_self\"><img loading=\"lazy\" decoding=\"async\" width=\"150\" height=\"150\" src=\"https:\/\/www.hotelkastiel.sk\/wp-content\/uploads\/2020\/10\/malkia-park-150x150.jpg\" class=\"attachment-thumbnail\" alt=\"Malkia Park v Orechovej Pot\u00f4ni\" srcset=\"https:\/\/www.hotelkastiel.sk\/wp-content\/uploads\/2020\/10\/malkia-park-150x150.jpg 150w, https:\/\/www.hotelkastiel.sk\/wp-content\/uploads\/2020\/10\/malkia-park-300x300.jpg 300w\" sizes=\"auto, (max-width: 150px) 100vw, 150px\" \/><\/a><\/li><li class=\"isotope-item\"><a href=\"https:\/\/www.hotelkastiel.sk\/wp-content\/uploads\/2020\/10\/velky-biel.jpg\" target=\"_self\"><img loading=\"lazy\" decoding=\"async\" width=\"150\" height=\"150\" src=\"https:\/\/www.hotelkastiel.sk\/wp-content\/uploads\/2020\/10\/velky-biel-150x150.jpg\" class=\"attachment-thumbnail\" alt=\"Ve\u013ek\u00fd Biel jazero\" srcset=\"https:\/\/www.hotelkastiel.sk\/wp-content\/uploads\/2020\/10\/velky-biel-150x150.jpg 150w, https:\/\/www.hotelkastiel.sk\/wp-content\/uploads\/2020\/10\/velky-biel-300x300.jpg 300w\" sizes=\"auto, (max-width: 150px) 100vw, 150px\" \/><\/a><\/li><li class=\"isotope-item\"><a href=\"https:\/\/www.hotelkastiel.sk\/wp-content\/uploads\/2020\/10\/senec1.jpg\" target=\"_self\"><img loading=\"lazy\" decoding=\"async\" width=\"150\" height=\"150\" src=\"https:\/\/www.hotelkastiel.sk\/wp-content\/uploads\/2020\/10\/senec1-150x150.jpg\" class=\"attachment-thumbnail\" alt=\"Slne\u010dn\u00e9 jazer\u00e1 Senec\" srcset=\"https:\/\/www.hotelkastiel.sk\/wp-content\/uploads\/2020\/10\/senec1-150x150.jpg 150w, https:\/\/www.hotelkastiel.sk\/wp-content\/uploads\/2020\/10\/senec1-300x300.jpg 300w\" sizes=\"auto, (max-width: 150px) 100vw, 150px\" \/><\/a><\/li><li class=\"isotope-item\"><a href=\"https:\/\/www.hotelkastiel.sk\/wp-content\/uploads\/2020\/10\/senec2.jpg\" target=\"_self\"><img loading=\"lazy\" decoding=\"async\" width=\"150\" height=\"150\" src=\"https:\/\/www.hotelkastiel.sk\/wp-content\/uploads\/2020\/10\/senec2-150x150.jpg\" class=\"attachment-thumbnail\" alt=\"Slne\u010dn\u00e9 jazer\u00e1 Senec\" srcset=\"https:\/\/www.hotelkastiel.sk\/wp-content\/uploads\/2020\/10\/senec2-150x150.jpg 150w, https:\/\/www.hotelkastiel.sk\/wp-content\/uploads\/2020\/10\/senec2-300x300.jpg 300w\" sizes=\"auto, (max-width: 150px) 100vw, 150px\" \/><\/a><\/li><li class=\"isotope-item\"><a href=\"https:\/\/www.hotelkastiel.sk\/wp-content\/uploads\/2020\/10\/velky-biel2.jpg\" target=\"_self\"><img loading=\"lazy\" decoding=\"async\" width=\"150\" height=\"150\" src=\"https:\/\/www.hotelkastiel.sk\/wp-content\/uploads\/2020\/10\/velky-biel2-150x150.jpg\" class=\"attachment-thumbnail\" alt=\"Jazero \u0160utrovka\" srcset=\"https:\/\/www.hotelkastiel.sk\/wp-content\/uploads\/2020\/10\/velky-biel2-150x150.jpg 150w, https:\/\/www.hotelkastiel.sk\/wp-content\/uploads\/2020\/10\/velky-biel2-300x300.jpg 300w\" sizes=\"auto, (max-width: 150px) 100vw, 150px\" \/><\/a><\/li><li class=\"isotope-item\"><a href=\"https:\/\/www.hotelkastiel.sk\/wp-content\/uploads\/2020\/10\/malkia2.jpg\" target=\"_self\"><img loading=\"lazy\" decoding=\"async\" width=\"150\" height=\"150\" src=\"https:\/\/www.hotelkastiel.sk\/wp-content\/uploads\/2020\/10\/malkia2-150x150.jpg\" class=\"attachment-thumbnail\" alt=\"Malkia Park\" srcset=\"https:\/\/www.hotelkastiel.sk\/wp-content\/uploads\/2020\/10\/malkia2-150x150.jpg 150w, https:\/\/www.hotelkastiel.sk\/wp-content\/uploads\/2020\/10\/malkia2-300x300.jpg 300w\" sizes=\"auto, (max-width: 150px) 100vw, 150px\" \/><\/a><\/li><\/ul><\/div><\/div><\/div><div class=\"vc_empty_space\"   style=\"height: 60px\" ><span class=\"vc_empty_space_inner\"><\/span><\/div>\n<\/div><\/div><\/div><\/div>","protected":false},"excerpt":{"rendered":"Where in the area - Family and trip &nbsp; Malkia Park The guaranteed experience not only for children is offered by Malkia Park in Orechov\u00e1 Pot\u00f4\u0148. In this area you will find rescued felines and other endangered species. https:\/\/www.malkiapark.sk\/ Lake \"Sutrovka\" Ve\u013ek\u00fd Biel This gravel pit is located in a pleasant environment on the southwestern [...]","protected":false},"author":6,"featured_media":0,"parent":0,"menu_order":0,"comment_status":"closed","ping_status":"closed","template":"templates\/page-builder.php","meta":{"footnotes":""},"class_list":["post-6239","page","type-page","status-publish","hentry"],"yoast_head":"<!-- This site is optimized with the Yoast SEO plugin v27.5 - https:\/\/yoast.com\/product\/yoast-seo-wordpress\/ -->\n<title>Family trips - Art Hotel Ka\u0161tie\u013e, Tom\u00e1\u0161ov<\/title>\n<meta name=\"description\" content=\"Family activities around Tom\u00e1\u0161ov - Malkia Park, L\u00e1vka and Lighthouse in Z\u00e1les\u00ed, lake in Ve\u013ek\u00fd Biel and more!\" \/>\n<meta name=\"robots\" content=\"index, follow, max-snippet:-1, max-image-preview:large, max-video-preview:-1\" \/>\n<link rel=\"canonical\" href=\"https:\/\/www.hotelkastiel.sk\/en\/family-trips\/\" \/>\n<meta property=\"og:locale\" content=\"en_GB\" \/>\n<meta property=\"og:type\" content=\"article\" \/>\n<meta property=\"og:title\" content=\"Family trips - Art Hotel Ka\u0161tie\u013e, Tom\u00e1\u0161ov\" \/>\n<meta property=\"og:description\" content=\"Family activities around Tom\u00e1\u0161ov - Malkia Park, L\u00e1vka and Lighthouse in Z\u00e1les\u00ed, lake in Ve\u013ek\u00fd Biel and more!\" \/>\n<meta property=\"og:url\" content=\"https:\/\/www.hotelkastiel.sk\/en\/family-trips\/\" \/>\n<meta property=\"og:site_name\" content=\"Art Hotel Ka\u0161tie\u013e, Tom\u00e1\u0161ov\" \/>\n<meta property=\"article:publisher\" content=\"http:\/\/facebook.com\/hotelkastiel\/\" \/>\n<meta property=\"article:modified_time\" content=\"2021-11-09T09:25:58+00:00\" \/>\n<meta name=\"twitter:label1\" content=\"Estimated reading time\" \/>\n\t<meta name=\"twitter:data1\" content=\"1 minute\" \/>\n<script type=\"application\/ld+json\" class=\"yoast-schema-graph\">{\"@context\":\"https:\\\/\\\/schema.org\",\"@graph\":[{\"@type\":\"WebPage\",\"@id\":\"https:\\\/\\\/www.hotelkastiel.sk\\\/family-trips\\\/\",\"url\":\"https:\\\/\\\/www.hotelkastiel.sk\\\/family-trips\\\/\",\"name\":\"Family trips - Art Hotel Ka\u0161tie\u013e, Tom\u00e1\u0161ov\",\"isPartOf\":{\"@id\":\"https:\\\/\\\/www.hotelkastiel.sk\\\/#website\"},\"datePublished\":\"2020-06-11T09:47:01+00:00\",\"dateModified\":\"2021-11-09T09:25:58+00:00\",\"description\":\"Family activities around Tom\u00e1\u0161ov - Malkia Park, L\u00e1vka and Lighthouse in Z\u00e1les\u00ed, lake in Ve\u013ek\u00fd Biel and more!\",\"breadcrumb\":{\"@id\":\"https:\\\/\\\/www.hotelkastiel.sk\\\/family-trips\\\/#breadcrumb\"},\"inLanguage\":\"en-GB\",\"potentialAction\":[{\"@type\":\"ReadAction\",\"target\":[\"https:\\\/\\\/www.hotelkastiel.sk\\\/family-trips\\\/\"]}]},{\"@type\":\"BreadcrumbList\",\"@id\":\"https:\\\/\\\/www.hotelkastiel.sk\\\/family-trips\\\/#breadcrumb\",\"itemListElement\":[{\"@type\":\"ListItem\",\"position\":1,\"name\":\"Home\",\"item\":\"https:\\\/\\\/www.hotelkastiel.sk\\\/\"},{\"@type\":\"ListItem\",\"position\":2,\"name\":\"Family trips\"}]},{\"@type\":\"WebSite\",\"@id\":\"https:\\\/\\\/www.hotelkastiel.sk\\\/#website\",\"url\":\"https:\\\/\\\/www.hotelkastiel.sk\\\/\",\"name\":\"Art Hotel Ka\u0161tie\u013e, Tom\u00e1\u0161ov\",\"description\":\"\",\"publisher\":{\"@id\":\"https:\\\/\\\/www.hotelkastiel.sk\\\/#organization\"},\"potentialAction\":[{\"@type\":\"SearchAction\",\"target\":{\"@type\":\"EntryPoint\",\"urlTemplate\":\"https:\\\/\\\/www.hotelkastiel.sk\\\/?s={search_term_string}\"},\"query-input\":{\"@type\":\"PropertyValueSpecification\",\"valueRequired\":true,\"valueName\":\"search_term_string\"}}],\"inLanguage\":\"en-GB\"},{\"@type\":\"Organization\",\"@id\":\"https:\\\/\\\/www.hotelkastiel.sk\\\/#organization\",\"name\":\"Art Hotel Ka\u0161tie\u013e, Tom\u00e1\u0161ov\",\"url\":\"https:\\\/\\\/www.hotelkastiel.sk\\\/\",\"logo\":{\"@type\":\"ImageObject\",\"inLanguage\":\"en-GB\",\"@id\":\"https:\\\/\\\/www.hotelkastiel.sk\\\/#\\\/schema\\\/logo\\\/image\\\/\",\"url\":\"https:\\\/\\\/www.hotelkastiel.sk\\\/wp-content\\\/uploads\\\/2018\\\/07\\\/logo-header.png\",\"contentUrl\":\"https:\\\/\\\/www.hotelkastiel.sk\\\/wp-content\\\/uploads\\\/2018\\\/07\\\/logo-header.png\",\"width\":1289,\"height\":936,\"caption\":\"Art Hotel Ka\u0161tie\u013e, Tom\u00e1\u0161ov\"},\"image\":{\"@id\":\"https:\\\/\\\/www.hotelkastiel.sk\\\/#\\\/schema\\\/logo\\\/image\\\/\"},\"sameAs\":[\"http:\\\/\\\/facebook.com\\\/hotelkastiel\\\/\",\"http:\\\/\\\/instagram.com\\\/hotelkastiel\\\/\",\"https:\\\/\\\/www.linkedin.com\\\/company\\\/art-hotel-kastiel-tomasov\\\/?viewAsMember=true\",\"https:\\\/\\\/www.youtube.com\\\/playlist?list=PLvlDIzNKGgpSADkmHpsw4owU0JUOEXfhn\",\"https:\\\/\\\/sk.wikipedia.org\\\/wiki\\\/Ka\u0161tie\u013e_v_Tom\u00e1\u0161ove\"]}]}<\/script>\n<!-- \/ Yoast SEO plugin. -->","yoast_head_json":{"title":"Family trips - Art Hotel Ka\u0161tie\u013e, Tom\u00e1\u0161ov","description":"Family activities around Tom\u00e1\u0161ov - Malkia Park, L\u00e1vka and Lighthouse in Z\u00e1les\u00ed, lake in Ve\u013ek\u00fd Biel and more!","robots":{"index":"index","follow":"follow","max-snippet":"max-snippet:-1","max-image-preview":"max-image-preview:large","max-video-preview":"max-video-preview:-1"},"canonical":"https:\/\/www.hotelkastiel.sk\/en\/family-trips\/","og_locale":"en_GB","og_type":"article","og_title":"Family trips - Art Hotel Ka\u0161tie\u013e, Tom\u00e1\u0161ov","og_description":"Family activities around Tom\u00e1\u0161ov - Malkia Park, L\u00e1vka and Lighthouse in Z\u00e1les\u00ed, lake in Ve\u013ek\u00fd Biel and more!","og_url":"https:\/\/www.hotelkastiel.sk\/en\/family-trips\/","og_site_name":"Art Hotel Ka\u0161tie\u013e, Tom\u00e1\u0161ov","article_publisher":"http:\/\/facebook.com\/hotelkastiel\/","article_modified_time":"2021-11-09T09:25:58+00:00","twitter_misc":{"Estimated reading time":"1 minute"},"schema":{"@context":"https:\/\/schema.org","@graph":[{"@type":"WebPage","@id":"https:\/\/www.hotelkastiel.sk\/family-trips\/","url":"https:\/\/www.hotelkastiel.sk\/family-trips\/","name":"Family trips - Art Hotel Ka\u0161tie\u013e, Tom\u00e1\u0161ov","isPartOf":{"@id":"https:\/\/www.hotelkastiel.sk\/#website"},"datePublished":"2020-06-11T09:47:01+00:00","dateModified":"2021-11-09T09:25:58+00:00","description":"Family activities around Tom\u00e1\u0161ov - Malkia Park, L\u00e1vka and Lighthouse in Z\u00e1les\u00ed, lake in Ve\u013ek\u00fd Biel and more!","breadcrumb":{"@id":"https:\/\/www.hotelkastiel.sk\/family-trips\/#breadcrumb"},"inLanguage":"en-GB","potentialAction":[{"@type":"ReadAction","target":["https:\/\/www.hotelkastiel.sk\/family-trips\/"]}]},{"@type":"BreadcrumbList","@id":"https:\/\/www.hotelkastiel.sk\/family-trips\/#breadcrumb","itemListElement":[{"@type":"ListItem","position":1,"name":"Home","item":"https:\/\/www.hotelkastiel.sk\/"},{"@type":"ListItem","position":2,"name":"Family trips"}]},{"@type":"WebSite","@id":"https:\/\/www.hotelkastiel.sk\/#website","url":"https:\/\/www.hotelkastiel.sk\/","name":"Art Hotel Ka\u0161tie\u013e, Tom\u00e1\u0161ov","description":"","publisher":{"@id":"https:\/\/www.hotelkastiel.sk\/#organization"},"potentialAction":[{"@type":"SearchAction","target":{"@type":"EntryPoint","urlTemplate":"https:\/\/www.hotelkastiel.sk\/?s={search_term_string}"},"query-input":{"@type":"PropertyValueSpecification","valueRequired":true,"valueName":"search_term_string"}}],"inLanguage":"en-GB"},{"@type":"Organization","@id":"https:\/\/www.hotelkastiel.sk\/#organization","name":"Art Hotel Ka\u0161tie\u013e, Tom\u00e1\u0161ov","url":"https:\/\/www.hotelkastiel.sk\/","logo":{"@type":"ImageObject","inLanguage":"en-GB","@id":"https:\/\/www.hotelkastiel.sk\/#\/schema\/logo\/image\/","url":"https:\/\/www.hotelkastiel.sk\/wp-content\/uploads\/2018\/07\/logo-header.png","contentUrl":"https:\/\/www.hotelkastiel.sk\/wp-content\/uploads\/2018\/07\/logo-header.png","width":1289,"height":936,"caption":"Art Hotel Ka\u0161tie\u013e, Tom\u00e1\u0161ov"},"image":{"@id":"https:\/\/www.hotelkastiel.sk\/#\/schema\/logo\/image\/"},"sameAs":["http:\/\/facebook.com\/hotelkastiel\/","http:\/\/instagram.com\/hotelkastiel\/","https:\/\/www.linkedin.com\/company\/art-hotel-kastiel-tomasov\/?viewAsMember=true","https:\/\/www.youtube.com\/playlist?list=PLvlDIzNKGgpSADkmHpsw4owU0JUOEXfhn","https:\/\/sk.wikipedia.org\/wiki\/Ka\u0161tie\u013e_v_Tom\u00e1\u0161ove"]}]}},"_links":{"self":[{"href":"https:\/\/www.hotelkastiel.sk\/en\/wp-json\/wp\/v2\/pages\/6239","targetHints":{"allow":["GET"]}}],"collection":[{"href":"https:\/\/www.hotelkastiel.sk\/en\/wp-json\/wp\/v2\/pages"}],"about":[{"href":"https:\/\/www.hotelkastiel.sk\/en\/wp-json\/wp\/v2\/types\/page"}],"author":[{"embeddable":true,"href":"https:\/\/www.hotelkastiel.sk\/en\/wp-json\/wp\/v2\/users\/6"}],"replies":[{"embeddable":true,"href":"https:\/\/www.hotelkastiel.sk\/en\/wp-json\/wp\/v2\/comments?post=6239"}],"version-history":[{"count":0,"href":"https:\/\/www.hotelkastiel.sk\/en\/wp-json\/wp\/v2\/pages\/6239\/revisions"}],"wp:attachment":[{"href":"https:\/\/www.hotelkastiel.sk\/en\/wp-json\/wp\/v2\/media?parent=6239"}],"curies":[{"name":"wp","href":"https:\/\/api.w.org\/{rel}","templated":true}]}}