{"id":6958,"date":"2020-10-02T11:31:15","date_gmt":"2020-10-02T10:31:15","guid":{"rendered":"https:\/\/www.hotelkastiel.sk\/?page_id=6958"},"modified":"2020-10-02T11:31:17","modified_gmt":"2020-10-02T10:31:17","slug":"podmienky-sutaze","status":"publish","type":"page","link":"https:\/\/www.hotelkastiel.sk\/en\/podmienky-sutaze\/","title":{"rendered":"Podmienky s\u00fa\u0165a\u017ee"},"content":{"rendered":"<ol class=\"wp-block-list\"><li>Organiz\u00e1tor s\u00fa\u0165a\u017ee: MAJOR PALACE s. r. o., Klatovsk\u00e1 21, 831 04 Bratislava, prev\u00e1dzkovate\u013e Art Hotel Ka\u0161tie\u013e****<\/li><li>Do s\u00fa\u0165a\u017ee je mo\u017en\u00e9 zapoji\u0165 sa cez ofici\u00e1lny Facebook\u00a0 (<a href=\"https:\/\/www.facebook.com\/hotelkastiel\/\" target=\"_blank\" rel=\"noreferrer noopener\">https:\/\/www.facebook.com\/hotelkastiel\/<\/a>) profil Art Hotela Ka\u0161tie\u013e**** alebo ofici\u00e1lny Instagram profil Art Hotela Ka\u0161tie\u013e**** (<a href=\"http:\/\/www.instagram.com\/hotelkastiel\" target=\"_blank\" rel=\"noreferrer noopener\">www.instagram.com\/hotelkastiel<\/a>).<\/li><li>Organiz\u00e1tor vylosuje jedn\u00e9ho v\u00fdhercu pre obe soci\u00e1lne siete Art Hotela Ka\u0161tie\u013e, ktor\u00fd z\u00edska pobyt v Art Hoteli Ka\u0161tie\u013e 1 + 1. Tento pobyt je mo\u017en\u00e9 vyu\u017ei\u0165 do konca Okt\u00f3bra 2020.<\/li><li>S\u00fa\u0165a\u017e prebieha od piatku 2.10.2020\u00a0do \u0161tvrtku 8.10.2020. V\u00fdhercov vyhl\u00e1sime v\u00a0piatok 9.10.2020 na Facebookovom a Instagramovom profile Art Hotela Ka\u0161tie\u013e.<\/li><li>Podmienky pre zapojenie sa cez Facebook profil: S\u00fa\u0165a\u017eiaci mus\u00ed ma\u0165 ozna\u010den\u00e9 \u201cP\u00e1\u010di sa mi to\u201d na\u00a0<a href=\"https:\/\/www.facebook.com\/hotelkastiel\/\" target=\"_blank\" rel=\"noreferrer noopener\">Facebook profile Art Hotela Ka\u0161tie\u013e<\/a>\u00a0\u00a0a koment\u00e1r s ozna\u010den\u00edm jednej osoby na s\u00fa\u0165a\u017enom pr\u00edspevku.<\/li><li>Podmienky pre zapojenie sa cez Instagram profil: S\u00fa\u0165a\u017eiaci mus\u00ed ma\u0165 ozna\u010den\u00e9 \u201cSledova\u0165 profil\u201d na I<a href=\"https:\/\/www.instagram.com\/hotelkastiel\/\" target=\"_blank\" rel=\"noreferrer noopener\">nstagram profile Art Hotela Ka\u0161tie\u013e<\/a>\u00a0a koment\u00e1r s ozna\u010den\u00edm jednej osoby na s\u00fa\u0165a\u017enom pr\u00edspevku.<\/li><li>Losovanie jedn\u00e9ho v\u00fdhercu, ktor\u00fd z\u00edska v\u00fdhru, prebehne v piatok 9.10.2020. Losovanie bude prebieha\u0165 n\u00e1hodne. Z\u00e1znam z losovania a inform\u00e1cia o v\u00fdhercovi bude zverejnen\u00e1 na ofici\u00e1lnom Facebook a Instagram profile Art Hotela Ka\u0161tie\u013e****.<\/li><li>Do losovania bud\u00fa zaraden\u00ed v\u0161etci s\u00fa\u0165a\u017eiaci, ktor\u00fd splnili podmienky s\u00fa\u0165a\u017ee a ich nastavenia s\u00fakromia na Facebooku a Instagrame umo\u017e\u0148uj\u00fa skontrolovanie splnenia podmienok.<\/li><li>Do s\u00fa\u0165a\u017ee sa nem\u00f4\u017eu zapoji\u0165 zamestnanci Art Hotel Ka\u0161tie\u013e**** ani ich najbli\u017e\u0161\u00ed rodinn\u00ed pr\u00edslu\u0161n\u00edci.<\/li><li>Ka\u017ed\u00fd s\u00fa\u0165a\u017eiaci sa m\u00f4\u017ee do s\u00fa\u0165a\u017ee zapoji\u0165 najviac jedenkr\u00e1t na Facebooku a jedenkr\u00e1t na Instagrame (s\u00fa\u0165a\u017e prebieha na oboch platform\u00e1ch).<\/li><li>Organiz\u00e1tor s\u00fa\u0165a\u017ee si vyhradzuje pr\u00e1vo zmeni\u0165 znenie pravidiel alebo celej s\u00fa\u0165a\u017ee, taktie\u017e si vyhradzuje pr\u00e1vo na pozastavenie, pr\u00edpadne pred\u010dasn\u00e9 ukon\u010denie alebo \u00faplne zru\u0161enie s\u00fa\u0165a\u017ee.<\/li><li>Organiz\u00e1tor s\u00fa\u0165a\u017ee sprac\u00fava osobn\u00e9 \u00fadaje s\u00fa\u0165a\u017eiacich iba v rozsahu nutnom na \u00fa\u010dely s\u00fa\u0165a\u017ee a jej vyhodnotenia: meno\/prez\u00fdvka profilu na soci\u00e1lnej sieti Facebook respekt\u00edve Instagram, kontaktn\u00e9 \u00fadaje pre pr\u00edpadn\u00e9 doru\u010denie v\u00fdhry. Po ukon\u010den\u00ed a vyhodnoten\u00ed s\u00fa\u0165a\u017ee s\u00fa v\u0161etky spracovan\u00e9 osobn\u00e9 \u00fadaje s\u00fa\u0165a\u017eiacich vymazan\u00e9.<\/li><li>Zapojen\u00edm sa do s\u00fa\u0165a\u017ee, s\u00fa\u0165a\u017eiaci s\u00fahlas\u00ed so v\u0161etk\u00fdmi s\u00fa\u0165a\u017en\u00fdmi pravidlami a prehlasuje, \u017ee si je vedom\u00fd, \u017ee Facebook, Inc. nem\u00e1 vo\u010di s\u00fa\u0165a\u017eiacemu \u017eiadne z\u00e1v\u00e4zky.<\/li><li>Organiz\u00e1tor prehlasuje, \u017ee Facebook, Inc. s\u00fa\u0165a\u017e \u017eiadnym sp\u00f4sobom nesponzoruje, neodobruje, ani neriadi a nem\u00e1 s \u0148ou \u017eiadny vz\u0165ah.<\/li><\/ol>","protected":false},"excerpt":{"rendered":"<p>Organiz\u00e1tor s\u00fa\u0165a\u017ee: MAJOR PALACE s. r. o., Klatovsk\u00e1 21, 831 04 Bratislava, prev\u00e1dzkovate\u013e Art Hotel Ka\u0161tie\u013e**** Do s\u00fa\u0165a\u017ee je mo\u017en\u00e9 zapoji\u0165 sa cez ofici\u00e1lny Facebook\u00a0 (https:\/\/www.facebook.com\/hotelkastiel\/) profil Art Hotela Ka\u0161tie\u013e**** alebo ofici\u00e1lny Instagram profil Art Hotela Ka\u0161tie\u013e**** (www.instagram.com\/hotelkastiel). Organiz\u00e1tor vylosuje jedn\u00e9ho v\u00fdhercu pre obe soci\u00e1lne siete Art Hotela Ka\u0161tie\u013e, ktor\u00fd z\u00edska pobyt v Art Hoteli [&hellip;]<\/p>","protected":false},"author":6,"featured_media":0,"parent":0,"menu_order":0,"comment_status":"closed","ping_status":"closed","template":"","meta":{"footnotes":""},"class_list":["post-6958","page","type-page","status-publish","hentry"],"yoast_head":"<!-- This site is optimized with the Yoast SEO plugin v27.5 - https:\/\/yoast.com\/product\/yoast-seo-wordpress\/ -->\n<title>Podmienky s\u00fa\u0165a\u017ee - Art Hotel Ka\u0161tie\u013e, Tom\u00e1\u0161ov<\/title>\n<meta name=\"description\" content=\"Organiz\u00e1tor s\u00fa\u0165a\u017ee: MAJOR PALACE s. r. o., Klatovsk\u00e1 21, 831 04 Bratislava, prev\u00e1dzkovate\u013e Art Hotel Ka\u0161tie\u013e****Do s\u00fa\u0165a\u017ee je mo\u017en\u00e9 zapoji\u0165 sa cez\" \/>\n<meta name=\"robots\" content=\"index, follow, max-snippet:-1, max-image-preview:large, max-video-preview:-1\" \/>\n<link rel=\"canonical\" href=\"https:\/\/www.hotelkastiel.sk\/en\/podmienky-sutaze\/\" \/>\n<meta property=\"og:locale\" content=\"en_GB\" \/>\n<meta property=\"og:type\" content=\"article\" \/>\n<meta property=\"og:title\" content=\"Podmienky s\u00fa\u0165a\u017ee - Art Hotel Ka\u0161tie\u013e, Tom\u00e1\u0161ov\" \/>\n<meta property=\"og:description\" content=\"Organiz\u00e1tor s\u00fa\u0165a\u017ee: MAJOR PALACE s. r. o., Klatovsk\u00e1 21, 831 04 Bratislava, prev\u00e1dzkovate\u013e Art Hotel Ka\u0161tie\u013e****Do s\u00fa\u0165a\u017ee je mo\u017en\u00e9 zapoji\u0165 sa cez\" \/>\n<meta property=\"og:url\" content=\"https:\/\/www.hotelkastiel.sk\/en\/podmienky-sutaze\/\" \/>\n<meta property=\"og:site_name\" content=\"Art Hotel Ka\u0161tie\u013e, Tom\u00e1\u0161ov\" \/>\n<meta property=\"article:publisher\" content=\"http:\/\/facebook.com\/hotelkastiel\/\" \/>\n<meta property=\"article:modified_time\" content=\"2020-10-02T10:31:17+00:00\" \/>\n<meta name=\"twitter:label1\" content=\"Estimated reading time\" \/>\n\t<meta name=\"twitter:data1\" content=\"2 minutes\" \/>\n<script type=\"application\/ld+json\" class=\"yoast-schema-graph\">{\"@context\":\"https:\\\/\\\/schema.org\",\"@graph\":[{\"@type\":\"WebPage\",\"@id\":\"https:\\\/\\\/www.hotelkastiel.sk\\\/podmienky-sutaze\\\/\",\"url\":\"https:\\\/\\\/www.hotelkastiel.sk\\\/podmienky-sutaze\\\/\",\"name\":\"Podmienky s\u00fa\u0165a\u017ee - Art Hotel Ka\u0161tie\u013e, Tom\u00e1\u0161ov\",\"isPartOf\":{\"@id\":\"https:\\\/\\\/www.hotelkastiel.sk\\\/#website\"},\"datePublished\":\"2020-10-02T10:31:15+00:00\",\"dateModified\":\"2020-10-02T10:31:17+00:00\",\"description\":\"Organiz\u00e1tor s\u00fa\u0165a\u017ee: MAJOR PALACE s. r. o., Klatovsk\u00e1 21, 831 04 Bratislava, prev\u00e1dzkovate\u013e Art Hotel Ka\u0161tie\u013e****Do s\u00fa\u0165a\u017ee je mo\u017en\u00e9 zapoji\u0165 sa cez\",\"breadcrumb\":{\"@id\":\"https:\\\/\\\/www.hotelkastiel.sk\\\/podmienky-sutaze\\\/#breadcrumb\"},\"inLanguage\":\"en-GB\",\"potentialAction\":[{\"@type\":\"ReadAction\",\"target\":[\"https:\\\/\\\/www.hotelkastiel.sk\\\/podmienky-sutaze\\\/\"]}]},{\"@type\":\"BreadcrumbList\",\"@id\":\"https:\\\/\\\/www.hotelkastiel.sk\\\/podmienky-sutaze\\\/#breadcrumb\",\"itemListElement\":[{\"@type\":\"ListItem\",\"position\":1,\"name\":\"Home\",\"item\":\"https:\\\/\\\/www.hotelkastiel.sk\\\/\"},{\"@type\":\"ListItem\",\"position\":2,\"name\":\"Podmienky s\u00fa\u0165a\u017ee\"}]},{\"@type\":\"WebSite\",\"@id\":\"https:\\\/\\\/www.hotelkastiel.sk\\\/#website\",\"url\":\"https:\\\/\\\/www.hotelkastiel.sk\\\/\",\"name\":\"Art Hotel Ka\u0161tie\u013e, Tom\u00e1\u0161ov\",\"description\":\"\",\"publisher\":{\"@id\":\"https:\\\/\\\/www.hotelkastiel.sk\\\/#organization\"},\"potentialAction\":[{\"@type\":\"SearchAction\",\"target\":{\"@type\":\"EntryPoint\",\"urlTemplate\":\"https:\\\/\\\/www.hotelkastiel.sk\\\/?s={search_term_string}\"},\"query-input\":{\"@type\":\"PropertyValueSpecification\",\"valueRequired\":true,\"valueName\":\"search_term_string\"}}],\"inLanguage\":\"en-GB\"},{\"@type\":\"Organization\",\"@id\":\"https:\\\/\\\/www.hotelkastiel.sk\\\/#organization\",\"name\":\"Art Hotel Ka\u0161tie\u013e, Tom\u00e1\u0161ov\",\"url\":\"https:\\\/\\\/www.hotelkastiel.sk\\\/\",\"logo\":{\"@type\":\"ImageObject\",\"inLanguage\":\"en-GB\",\"@id\":\"https:\\\/\\\/www.hotelkastiel.sk\\\/#\\\/schema\\\/logo\\\/image\\\/\",\"url\":\"https:\\\/\\\/www.hotelkastiel.sk\\\/wp-content\\\/uploads\\\/2018\\\/07\\\/logo-header.png\",\"contentUrl\":\"https:\\\/\\\/www.hotelkastiel.sk\\\/wp-content\\\/uploads\\\/2018\\\/07\\\/logo-header.png\",\"width\":1289,\"height\":936,\"caption\":\"Art Hotel Ka\u0161tie\u013e, Tom\u00e1\u0161ov\"},\"image\":{\"@id\":\"https:\\\/\\\/www.hotelkastiel.sk\\\/#\\\/schema\\\/logo\\\/image\\\/\"},\"sameAs\":[\"http:\\\/\\\/facebook.com\\\/hotelkastiel\\\/\",\"http:\\\/\\\/instagram.com\\\/hotelkastiel\\\/\",\"https:\\\/\\\/www.linkedin.com\\\/company\\\/art-hotel-kastiel-tomasov\\\/?viewAsMember=true\",\"https:\\\/\\\/www.youtube.com\\\/playlist?list=PLvlDIzNKGgpSADkmHpsw4owU0JUOEXfhn\",\"https:\\\/\\\/sk.wikipedia.org\\\/wiki\\\/Ka\u0161tie\u013e_v_Tom\u00e1\u0161ove\"]}]}<\/script>\n<!-- \/ Yoast SEO plugin. -->","yoast_head_json":{"title":"Podmienky s\u00fa\u0165a\u017ee - Art Hotel Ka\u0161tie\u013e, Tom\u00e1\u0161ov","description":"Organiz\u00e1tor s\u00fa\u0165a\u017ee: MAJOR PALACE s. r. o., Klatovsk\u00e1 21, 831 04 Bratislava, prev\u00e1dzkovate\u013e Art Hotel Ka\u0161tie\u013e****Do s\u00fa\u0165a\u017ee je mo\u017en\u00e9 zapoji\u0165 sa cez","robots":{"index":"index","follow":"follow","max-snippet":"max-snippet:-1","max-image-preview":"max-image-preview:large","max-video-preview":"max-video-preview:-1"},"canonical":"https:\/\/www.hotelkastiel.sk\/en\/podmienky-sutaze\/","og_locale":"en_GB","og_type":"article","og_title":"Podmienky s\u00fa\u0165a\u017ee - Art Hotel Ka\u0161tie\u013e, Tom\u00e1\u0161ov","og_description":"Organiz\u00e1tor s\u00fa\u0165a\u017ee: MAJOR PALACE s. r. o., Klatovsk\u00e1 21, 831 04 Bratislava, prev\u00e1dzkovate\u013e Art Hotel Ka\u0161tie\u013e****Do s\u00fa\u0165a\u017ee je mo\u017en\u00e9 zapoji\u0165 sa cez","og_url":"https:\/\/www.hotelkastiel.sk\/en\/podmienky-sutaze\/","og_site_name":"Art Hotel Ka\u0161tie\u013e, Tom\u00e1\u0161ov","article_publisher":"http:\/\/facebook.com\/hotelkastiel\/","article_modified_time":"2020-10-02T10:31:17+00:00","twitter_misc":{"Estimated reading time":"2 minutes"},"schema":{"@context":"https:\/\/schema.org","@graph":[{"@type":"WebPage","@id":"https:\/\/www.hotelkastiel.sk\/podmienky-sutaze\/","url":"https:\/\/www.hotelkastiel.sk\/podmienky-sutaze\/","name":"Podmienky s\u00fa\u0165a\u017ee - Art Hotel Ka\u0161tie\u013e, Tom\u00e1\u0161ov","isPartOf":{"@id":"https:\/\/www.hotelkastiel.sk\/#website"},"datePublished":"2020-10-02T10:31:15+00:00","dateModified":"2020-10-02T10:31:17+00:00","description":"Organiz\u00e1tor s\u00fa\u0165a\u017ee: MAJOR PALACE s. r. o., Klatovsk\u00e1 21, 831 04 Bratislava, prev\u00e1dzkovate\u013e Art Hotel Ka\u0161tie\u013e****Do s\u00fa\u0165a\u017ee je mo\u017en\u00e9 zapoji\u0165 sa cez","breadcrumb":{"@id":"https:\/\/www.hotelkastiel.sk\/podmienky-sutaze\/#breadcrumb"},"inLanguage":"en-GB","potentialAction":[{"@type":"ReadAction","target":["https:\/\/www.hotelkastiel.sk\/podmienky-sutaze\/"]}]},{"@type":"BreadcrumbList","@id":"https:\/\/www.hotelkastiel.sk\/podmienky-sutaze\/#breadcrumb","itemListElement":[{"@type":"ListItem","position":1,"name":"Home","item":"https:\/\/www.hotelkastiel.sk\/"},{"@type":"ListItem","position":2,"name":"Podmienky s\u00fa\u0165a\u017ee"}]},{"@type":"WebSite","@id":"https:\/\/www.hotelkastiel.sk\/#website","url":"https:\/\/www.hotelkastiel.sk\/","name":"Art Hotel Ka\u0161tie\u013e, Tom\u00e1\u0161ov","description":"","publisher":{"@id":"https:\/\/www.hotelkastiel.sk\/#organization"},"potentialAction":[{"@type":"SearchAction","target":{"@type":"EntryPoint","urlTemplate":"https:\/\/www.hotelkastiel.sk\/?s={search_term_string}"},"query-input":{"@type":"PropertyValueSpecification","valueRequired":true,"valueName":"search_term_string"}}],"inLanguage":"en-GB"},{"@type":"Organization","@id":"https:\/\/www.hotelkastiel.sk\/#organization","name":"Art Hotel Ka\u0161tie\u013e, Tom\u00e1\u0161ov","url":"https:\/\/www.hotelkastiel.sk\/","logo":{"@type":"ImageObject","inLanguage":"en-GB","@id":"https:\/\/www.hotelkastiel.sk\/#\/schema\/logo\/image\/","url":"https:\/\/www.hotelkastiel.sk\/wp-content\/uploads\/2018\/07\/logo-header.png","contentUrl":"https:\/\/www.hotelkastiel.sk\/wp-content\/uploads\/2018\/07\/logo-header.png","width":1289,"height":936,"caption":"Art Hotel Ka\u0161tie\u013e, Tom\u00e1\u0161ov"},"image":{"@id":"https:\/\/www.hotelkastiel.sk\/#\/schema\/logo\/image\/"},"sameAs":["http:\/\/facebook.com\/hotelkastiel\/","http:\/\/instagram.com\/hotelkastiel\/","https:\/\/www.linkedin.com\/company\/art-hotel-kastiel-tomasov\/?viewAsMember=true","https:\/\/www.youtube.com\/playlist?list=PLvlDIzNKGgpSADkmHpsw4owU0JUOEXfhn","https:\/\/sk.wikipedia.org\/wiki\/Ka\u0161tie\u013e_v_Tom\u00e1\u0161ove"]}]}},"_links":{"self":[{"href":"https:\/\/www.hotelkastiel.sk\/en\/wp-json\/wp\/v2\/pages\/6958","targetHints":{"allow":["GET"]}}],"collection":[{"href":"https:\/\/www.hotelkastiel.sk\/en\/wp-json\/wp\/v2\/pages"}],"about":[{"href":"https:\/\/www.hotelkastiel.sk\/en\/wp-json\/wp\/v2\/types\/page"}],"author":[{"embeddable":true,"href":"https:\/\/www.hotelkastiel.sk\/en\/wp-json\/wp\/v2\/users\/6"}],"replies":[{"embeddable":true,"href":"https:\/\/www.hotelkastiel.sk\/en\/wp-json\/wp\/v2\/comments?post=6958"}],"version-history":[{"count":0,"href":"https:\/\/www.hotelkastiel.sk\/en\/wp-json\/wp\/v2\/pages\/6958\/revisions"}],"wp:attachment":[{"href":"https:\/\/www.hotelkastiel.sk\/en\/wp-json\/wp\/v2\/media?parent=6958"}],"curies":[{"name":"wp","href":"https:\/\/api.w.org\/{rel}","templated":true}]}}