{"id":6975,"date":"2020-10-07T12:56:40","date_gmt":"2020-10-07T11:56:40","guid":{"rendered":"https:\/\/www.hotelkastiel.sk\/?page_id=6975"},"modified":"2024-04-03T15:16:29","modified_gmt":"2024-04-03T14:16:29","slug":"darceky","status":"publish","type":"page","link":"https:\/\/www.hotelkastiel.sk\/en\/darcek","title":{"rendered":"Present"},"content":{"rendered":"<div class=\"vc_row wpb_row vc_row-fluid\">\n\t\t\t\t\n<div class=\"wpb_column vc_column_container vc_col-sm-12\"><div class=\"vc_column-inner\"><div class=\"wpb_wrapper\"><div class=\"vc_empty_space\"   style=\"height: 32px\" ><span class=\"vc_empty_space_inner\"><\/span><\/div>\n<div class=\"fleurdesel-heading  text-center\">\r\n\t<p class=\"fleurdesel__meta font-600 text-color-1\">Obdarujte svojich bl\u00edzkych jedine\u010dn\u00fdm z\u00e1\u017eitkom<\/p><h2 class=\"fleurdesel__title h1 fz-Default\">Dar\u010dek pre ka\u017ed\u00e9ho<\/h2><\/div>\r\n<div class=\"vc_empty_space\"   style=\"height: 32px\" ><span class=\"vc_empty_space_inner\"><\/span><\/div>\n\n\t<div class=\"wpb_text_column wpb_content_element\" >\n\t\t<div class=\"wpb_wrapper\">\n\t\t\t<p>You don\u2019t have to stress about running around a shopping mall, searching for presents which would eventually got forgotten. Give your close ones experience in a form of a voucher to be used in Art Hotel Ka\u0161tie\u013e. A present to be remembered forever.<\/p>\n<h5 style=\"text-align: center;\"><strong>You can choose from:<\/strong><\/h5>\n\n\t\t<\/div>\n\t<\/div>\n<div class=\"vc_empty_space\"   style=\"height: 32px\" ><span class=\"vc_empty_space_inner\"><\/span><\/div>\n<div class=\"vc_row wpb_row vc_inner vc_row-fluid\">\n\t\t\t\t\n<div class=\"wpb_column vc_column_container vc_col-sm-6\"><div class=\"vc_column-inner\"><div class=\"wpb_wrapper\">\n\t<div  class=\"wpb_single_image wpb_content_element vc_align_left\">\n\t\t\n\t\t<figure class=\"wpb_wrapper vc_figure\">\n\t\t\t<a href=\"https:\/\/www.hotelkastiel.sk\/en\/restauracia\/\" target=\"_self\" class=\"vc_single_image-wrapper   vc_box_border_grey\"><img loading=\"lazy\" decoding=\"async\" width=\"580\" height=\"280\" src=\"https:\/\/www.hotelkastiel.sk\/wp-content\/uploads\/2020\/10\/1.png\" class=\"vc_single_image-img attachment-full\" alt=\"Voucher na re\u0161taur\u00e1ciu\" srcset=\"https:\/\/www.hotelkastiel.sk\/wp-content\/uploads\/2020\/10\/1.png 580w, https:\/\/www.hotelkastiel.sk\/wp-content\/uploads\/2020\/10\/1-300x145.png 300w\" sizes=\"auto, (max-width: 580px) 100vw, 580px\" \/><\/a>\n\t\t<\/figure>\n\t<\/div>\n<\/div><\/div><\/div><div class=\"wpb_column vc_column_container vc_col-sm-6\"><div class=\"vc_column-inner\"><div class=\"wpb_wrapper\">\n\t<div class=\"wpb_text_column wpb_content_element  vc_custom_1712153784435\" >\n\t\t<div class=\"wpb_wrapper\">\n\t\t\t<h4 style=\"text-align: center;\">Restaurant voucher<\/h4>\n<p class=\"translation-block\">Gift your close ones with a culinary experience in the form of a <a href=\"https:\/\/hotelkastiel.sk\/en\/restaurant\">restaurant voucher<\/a>. Delicacies from our head chef Rastislav Miklovi\u010d will please every food lover.<\/p>\n<p>You only have to choose the value of a voucher and we will be happy to create a voucher for the best delicacies you or your close ones have ever tasted.<\/p>\n<p>The minimum amount of a voucher for the Regnum restaurant is \u20ac50.<\/p>\n\n\t\t<\/div>\n\t<\/div>\n<\/div><\/div><\/div><\/div><div class=\"vc_row wpb_row vc_inner vc_row-fluid\">\n\t\t\t\t\n<div class=\"wpb_column vc_column_container vc_col-sm-6\"><div class=\"vc_column-inner\"><div class=\"wpb_wrapper\">\n\t<div class=\"wpb_text_column wpb_content_element  vc_custom_1602681392234\" >\n\t\t<div class=\"wpb_wrapper\">\n\t\t\t<h4 style=\"text-align: center;\">Wellness voucher<\/h4>\n<p class=\"translation-block\">There is no better gift for relaxation lovers than a voucher for a private <a href=\"https:\/\/www.hotelkastiel.sk\/en\/wellness\/\" target=\"_self\">wellness<\/a> in the manor house with a bottle of prosecco and a bowl of fresh sliced \u200b\u200bfruit.<\/p>\n<p>Give relaxation, give experience in the beautiful surroundings of the manor house.<\/p>\n\n\t\t<\/div>\n\t<\/div>\n<\/div><\/div><\/div><div class=\"wpb_column vc_column_container vc_col-sm-6\"><div class=\"vc_column-inner\"><div class=\"wpb_wrapper\">\n\t<div  class=\"wpb_single_image wpb_content_element vc_align_left\">\n\t\t\n\t\t<figure class=\"wpb_wrapper vc_figure\">\n\t\t\t<a href=\"https:\/\/www.hotelkastiel.sk\/en\/wellness\/\" target=\"_self\" class=\"vc_single_image-wrapper   vc_box_border_grey\"><img loading=\"lazy\" decoding=\"async\" width=\"580\" height=\"280\" src=\"https:\/\/www.hotelkastiel.sk\/wp-content\/uploads\/2020\/10\/4.png\" class=\"vc_single_image-img attachment-full\" alt=\"Wellness voucher\" srcset=\"https:\/\/www.hotelkastiel.sk\/wp-content\/uploads\/2020\/10\/4.png 580w, https:\/\/www.hotelkastiel.sk\/wp-content\/uploads\/2020\/10\/4-300x145.png 300w\" sizes=\"auto, (max-width: 580px) 100vw, 580px\" \/><\/a>\n\t\t<\/figure>\n\t<\/div>\n<\/div><\/div><\/div><\/div><\/div><\/div><\/div><\/div><div class=\"vc_row wpb_row vc_row-fluid\">\n\t\t\t\t\n<div class=\"wpb_column vc_column_container vc_col-sm-6\"><div class=\"vc_column-inner\"><div class=\"wpb_wrapper\"><div class=\"vc_empty_space\"   style=\"height: 32px\" ><span class=\"vc_empty_space_inner\"><\/span><\/div>\n\n\t<div  class=\"wpb_single_image wpb_content_element vc_align_left\">\n\t\t\n\t\t<figure class=\"wpb_wrapper vc_figure\">\n\t\t\t<a href=\"https:\/\/www.hotelkastiel.sk\/en\/pobytove-balicky\/\" target=\"_self\" class=\"vc_single_image-wrapper   vc_box_border_grey\"><img loading=\"lazy\" decoding=\"async\" width=\"580\" height=\"280\" src=\"https:\/\/www.hotelkastiel.sk\/wp-content\/uploads\/2020\/10\/3.png\" class=\"vc_single_image-img attachment-full\" alt=\"Voucher na pobytov\u00fd bal\u00ed\u010dek\" srcset=\"https:\/\/www.hotelkastiel.sk\/wp-content\/uploads\/2020\/10\/3.png 580w, https:\/\/www.hotelkastiel.sk\/wp-content\/uploads\/2020\/10\/3-300x145.png 300w\" sizes=\"auto, (max-width: 580px) 100vw, 580px\" \/><\/a>\n\t\t<\/figure>\n\t<\/div>\n<\/div><\/div><\/div><div class=\"wpb_column vc_column_container vc_col-sm-6\"><div class=\"vc_column-inner\"><div class=\"wpb_wrapper\"><div class=\"vc_empty_space\"   style=\"height: 32px\" ><span class=\"vc_empty_space_inner\"><\/span><\/div>\n\n\t<div class=\"wpb_text_column wpb_content_element  vc_custom_1636097537885\" >\n\t\t<div class=\"wpb_wrapper\">\n\t\t\t<h4 style=\"text-align: center;\">Special package voucher<\/h4>\n<p class=\"translation-block\">With a voucher for a stay package, you can give your loved ones the perfect rest and at the same time, undisturbed relaxation in the pleasant historical environment of the Art Hotel Ka\u0161tie\u013e. You can choose from our <a href=\"https:\/\/www.hotelkastiel.sk\/en\/pobytove-balicky\/\" target=\"_self\">stay package offer<\/a> or we will prepare a tailor-made voucher for you, exactly according to your requirements.<\/p>\n\n\t\t<\/div>\n\t<\/div>\n<\/div><\/div><\/div><\/div><div class=\"vc_row wpb_row vc_row-fluid\">\n\t\t\t\t\n<div class=\"wpb_column vc_column_container vc_col-sm-12\"><div class=\"vc_column-inner\"><div class=\"wpb_wrapper\"><div class=\"vc_empty_space\"   style=\"height: 10px\" ><span class=\"vc_empty_space_inner\"><\/span><\/div>\n<div class=\"vc_row wpb_row vc_inner vc_row-fluid\">\n\t\t\t\t\n<div class=\"wpb_column vc_column_container vc_col-sm-6\"><div class=\"vc_column-inner\"><div class=\"wpb_wrapper\"><div class=\"vc_empty_space\"   style=\"height: 32px\" ><span class=\"vc_empty_space_inner\"><\/span><\/div>\n\n\t<div class=\"wpb_text_column wpb_content_element\" >\n\t\t<div class=\"wpb_wrapper\">\n\t\t\t<h4 style=\"text-align: center;\">Accommodation voucher<\/h4>\n<p class=\"translation-block\">Podarujte jednu, dve, tri alebo viac noc\u00ed, na ktor\u00e9 Va\u0161i zn\u00e1mi nikdy nezabudn\u00fa. Nechajte na nich v\u00fdber <a href=\"https:\/\/www.hotelkastiel.sk\/en\/ubytovanie\/\" target=\"_self\">izby<\/a> pod\u013ea svojho \u201eumeleck\u00e9ho gusta\u201c a doprajte im historick\u00fd z\u00e1\u017eitok. Ka\u017ed\u00e1 na\u0161a izba je in\u00e1, s in\u00fdm pr\u00edbehom a obrazom a preto m\u00f4\u017eete u n\u00e1s str\u00e1vi\u0165 aj viacero pobytov a za\u017ei\u0165 in\u00fd z\u00e1\u017eitok, pr\u00e1ve v\u010faka jedine\u010dnej architekt\u00fare.<\/p>\n\n\t\t<\/div>\n\t<\/div>\n<\/div><\/div><\/div><div class=\"wpb_column vc_column_container vc_col-sm-6\"><div class=\"vc_column-inner\"><div class=\"wpb_wrapper\">\n\t<div  class=\"wpb_single_image wpb_content_element vc_align_left\">\n\t\t\n\t\t<figure class=\"wpb_wrapper vc_figure\">\n\t\t\t<a href=\"https:\/\/www.hotelkastiel.sk\/en\/ubytovanie\/\" target=\"_self\" class=\"vc_single_image-wrapper   vc_box_border_grey\"><img loading=\"lazy\" decoding=\"async\" width=\"580\" height=\"280\" src=\"https:\/\/www.hotelkastiel.sk\/wp-content\/uploads\/2020\/10\/2.png\" class=\"vc_single_image-img attachment-full\" alt=\"\" srcset=\"https:\/\/www.hotelkastiel.sk\/wp-content\/uploads\/2020\/10\/2.png 580w, https:\/\/www.hotelkastiel.sk\/wp-content\/uploads\/2020\/10\/2-300x145.png 300w\" sizes=\"auto, (max-width: 580px) 100vw, 580px\" \/><\/a>\n\t\t<\/figure>\n\t<\/div>\n<\/div><\/div><\/div><\/div><div class=\"vc_empty_space\"   style=\"height: 10px\" ><span class=\"vc_empty_space_inner\"><\/span><\/div>\n<div class=\"vc_empty_space\"   style=\"height: 32px\" ><span class=\"vc_empty_space_inner\"><\/span><\/div>\n\n\t<div class=\"wpb_text_column wpb_content_element\" >\n\t\t<div class=\"wpb_wrapper\">\n\t\t\t<p>We can send you all vouchers electronically (by e-mail) or by post in a nice gift package.<\/p>\n<h4 style=\"text-align: center;\">Tailor-made voucher<\/h4>\n<p>If you would like a voucher with other services, do not hesitate to contact us either at recepcia@hotelkastiel.sk or by filling out the form. We will be happy to prepare the right gift for your loved ones.<\/p>\n\n\t\t<\/div>\n\t<\/div>\n<div class=\"vc_empty_space\"   style=\"height: 32px\" ><span class=\"vc_empty_space_inner\"><\/span><\/div>\n<\/div><\/div><\/div><\/div><div class=\"vc_row wpb_row vc_row-fluid\">\n\t\t\t\t\n<div class=\"wpb_column vc_column_container vc_col-sm-12\"><div class=\"vc_column-inner\"><div class=\"wpb_wrapper\">\n\t<div class=\"wpb_text_column wpb_content_element\" >\n\t\t<div class=\"wpb_wrapper\">\n\t\t\t\n<div class=\"wpcf7 no-js\" id=\"wpcf7-f4767-o1\" lang=\"en-US\" dir=\"ltr\" data-wpcf7-id=\"4767\">\n<div class=\"screen-reader-response\"><p role=\"status\" aria-live=\"polite\" aria-atomic=\"true\"><\/p> <ul><\/ul><\/div>\n<form action=\"\/en\/wp-json\/wp\/v2\/pages\/6975#wpcf7-f4767-o1\" method=\"post\" class=\"wpcf7-form init\" aria-label=\"Contact form\" novalidate=\"novalidate\" data-status=\"init\" data-trp-original-action=\"\/en\/wp-json\/wp\/v2\/pages\/6975#wpcf7-f4767-o1\">\n<fieldset class=\"hidden-fields-container\"><input type=\"hidden\" name=\"_wpcf7\" value=\"4767\" \/><input type=\"hidden\" name=\"_wpcf7_version\" value=\"6.1.5\" \/><input type=\"hidden\" name=\"_wpcf7_locale\" value=\"en_US\" \/><input type=\"hidden\" name=\"_wpcf7_unit_tag\" value=\"wpcf7-f4767-o1\" \/><input type=\"hidden\" name=\"_wpcf7_container_post\" value=\"0\" \/><input type=\"hidden\" name=\"_wpcf7_posted_data_hash\" value=\"\" \/>\n<\/fieldset>\n<div class=\"fleurdesel-style fleurdesel-wedding-form\">\n\t<div class=\"fleurdesel-style__wrap\">\n\t\t<div class=\"fleurdesel-heading text-center mb-50\">\n\t\t\t<div class=\"fleurdesel__meta font-600 text-color-1 text-uppercase\">\n\t\t\t\t<p>Order now\n\t\t\t\t<\/p>\n\t\t\t<\/div>\n\t\t\t<h2 class=\"fleurdesel__title h1\">Your gift voucher\n\t\t\t<\/h2>\n\t\t<\/div>\n\t\t<div class=\"row\">\n\t\t\t<div class=\"offset-lg-2 col-md-6 col-lg-4\">\n\t\t\t\t<div class=\"text-uppercase font-700 letter-spacing-3 mb-15 fz-14\">\n\t\t\t\t\t<p>Full name <span class=\"error\">*<\/span>\n\t\t\t\t\t<\/p>\n\t\t\t\t<\/div>\n\t\t\t\t<div class=\"mb-30\">\n\t\t\t\t\t<p><span class=\"wpcf7-form-control-wrap\" data-name=\"your-name\"><input size=\"40\" maxlength=\"400\" class=\"wpcf7-form-control wpcf7-text wpcf7-validates-as-required font-1 fz-20\" aria-required=\"true\" aria-invalid=\"false\" value=\"\" type=\"text\" name=\"your-name\" \/><\/span>\n\t\t\t\t\t<\/p>\n\t\t\t\t<\/div>\n\t\t\t<\/div>\n\t\t\t<div class=\"col-md-6 col-lg-4\">\n\t\t\t\t<div class=\"text-uppercase font-700 letter-spacing-3 mb-15 fz-14\">\n\t\t\t\t\t<p>Phone number<span class=\"error\">*<\/span>\n\t\t\t\t\t<\/p>\n\t\t\t\t<\/div>\n\t\t\t\t<div class=\"mb-30\">\n\t\t\t\t\t<p><span class=\"wpcf7-form-control-wrap\" data-name=\"your-phone\"><input size=\"40\" maxlength=\"400\" class=\"wpcf7-form-control wpcf7-text wpcf7-validates-as-required text-uppercase font-1 fz-20\" aria-required=\"true\" aria-invalid=\"false\" value=\"\" type=\"text\" name=\"your-phone\" \/><\/span>\n\t\t\t\t\t<\/p>\n\t\t\t\t<\/div>\n\t\t\t<\/div>\n\t\t<\/div>\n\t\t<div class=\"row\">\n\t\t\t<div class=\"offset-lg-2 col-md-6 col-lg-4\">\n\t\t\t\t<div class=\"text-uppercase font-700 letter-spacing-3 mb-15 fz-14\">\n\t\t\t\t\t<p>E-mail <span class=\"error\">*<\/span>\n\t\t\t\t\t<\/p>\n\t\t\t\t<\/div>\n\t\t\t\t<div class=\"mb-30\">\n\t\t\t\t\t<p><span class=\"wpcf7-form-control-wrap\" data-name=\"your-email\"><input size=\"40\" maxlength=\"400\" class=\"wpcf7-form-control wpcf7-email wpcf7-validates-as-required wpcf7-text wpcf7-validates-as-email text-lowercase font-1 fz-20\" aria-required=\"true\" aria-invalid=\"false\" value=\"\" type=\"email\" name=\"your-email\" \/><\/span>\n\t\t\t\t\t<\/p>\n\t\t\t\t<\/div>\n\t\t\t<\/div>\n\t\t\t<div class=\"col-md-6 col-lg-4\">\n\t\t\t\t<div class=\"text-uppercase font-700 letter-spacing-3 mb-15 fz-14\">\n\t\t\t\t\t<p>Voucher validity until <span class=\"error\">*<\/span>\n\t\t\t\t\t<\/p>\n\t\t\t\t<\/div>\n\t\t\t\t<div class=\"mb-30\">\n\t\t\t\t\t<p><span class=\"wpcf7-form-control-wrap\" data-name=\"date-113\"><input class=\"wpcf7-form-control wpcf7-date wpcf7-validates-as-required wpcf7-validates-as-date font-1 fz-20\" aria-required=\"true\" aria-invalid=\"false\" value=\"\" type=\"date\" name=\"date-113\" \/><\/span>\n\t\t\t\t\t<\/p>\n\t\t\t\t<\/div>\n\t\t\t<\/div>\n\t\t<\/div>\n\t\t<div class=\"row\">\n\t\t<\/div>\n\t\t<div class=\"row\">\n\t\t\t<div class=\"offset-lg-2 col col-lg-8\">\n\t\t\t\t<div class=\"text-uppercase font-700 letter-spacing-3 mb-15 fz-14\">\n\t\t\t\t\t<p>Selected voucher, additional information<span class=\"error\">*<\/span>\n\t\t\t\t\t<\/p>\n\t\t\t\t<\/div>\n\t\t\t\t<div class=\"text-center mb-30\">\n\t\t\t\t\t<p><span class=\"wpcf7-form-control-wrap\" data-name=\"additional-details\"><textarea cols=\"40\" rows=\"3\" maxlength=\"2000\" class=\"wpcf7-form-control wpcf7-textarea wpcf7-validates-as-required\" aria-required=\"true\" aria-invalid=\"false\" name=\"additional-details\"><\/textarea><\/span>\n\t\t\t\t\t<\/p>\n\t\t\t\t<\/div>\n\t\t\t<\/div>\n\t\t<\/div>\n\t\t<div class=\"row\">\n\t\t\t<div class=\"offset-lg-2 col col-lg-8\">\n\t\t\t\t<div class=\"text-center mb-20\">\n\t\t\t\t\t<p><input class=\"wpcf7-form-control wpcf7-submit has-spinner btn btn-view btn-primary fz-14 font-700 btn-w200\" type=\"submit\" value=\"Send request\" \/>\n\t\t\t\t\t<\/p>\n\t\t\t\t<\/div>\n\t\t\t<\/div>\n\t\t<\/div>\n\t<\/div>\n<\/div><div class=\"wpcf7-response-output\" aria-hidden=\"true\"><\/div>\n<input type=\"hidden\" name=\"trp-form-language\" value=\"en\"\/><\/form>\n<\/div>\n\n\n\t\t<\/div>\n\t<\/div>\n<\/div><\/div><\/div><\/div>","protected":false},"excerpt":{"rendered":"Obdarujte svojich bl\u00edzkych jedine\u010dn\u00fdm z\u00e1\u017eitkomDar\u010dek pre ka\u017ed\u00e9ho Nemus\u00edte zbyto\u010dne chodi\u0165 po obchodoch a h\u013eada\u0165 dar\u010deky, ktor\u00e9 nakoniec ostan\u00fa zabudnut\u00e9. Podarujte svojim bl\u00edzkym z\u00e1\u017eitok vo forme pouk\u00e1\u017eky na kr\u00e1\u013eovsk\u00e9 slu\u017eby v Art Hoteli Ka\u0161tie\u013e \u2013 dar\u010dek, na ktor\u00fd nezabudn\u00fa. M\u00f4\u017eete si vybra\u0165 z: Voucher do re\u0161taur\u00e1cie Podarujte gastronomick\u00fd z\u00e1\u017eitok vo forme pouk\u00e1\u017eky do re\u0161taur\u00e1cie Regnum. Delikatesy [...]","protected":false},"author":6,"featured_media":1437,"parent":0,"menu_order":0,"comment_status":"closed","ping_status":"closed","template":"templates\/page-builder.php","meta":{"footnotes":""},"class_list":["post-6975","page","type-page","status-publish","has-post-thumbnail","hentry"],"yoast_head":"<!-- This site is optimized with the Yoast SEO plugin v27.5 - https:\/\/yoast.com\/product\/yoast-seo-wordpress\/ -->\n<title>Dar\u010deky - Art Hotel Ka\u0161tie\u013e, Tom\u00e1\u0161ov<\/title>\n<meta name=\"description\" content=\"Obdarujte svojich bl\u00edzkych dar\u010dekom na z\u00e1\u017eitok v Art Hoteli Ka\u0161tie\u013e - voucher do re\u0161taur\u00e1cie, wellness alebo ubytovanie. Dar\u010dek, ktor\u00fd pote\u0161\u00ed.\" \/>\n<meta name=\"robots\" content=\"index, follow, max-snippet:-1, max-image-preview:large, max-video-preview:-1\" \/>\n<link rel=\"canonical\" href=\"https:\/\/www.hotelkastiel.sk\/en\/darcek\/\" \/>\n<meta property=\"og:locale\" content=\"en_GB\" \/>\n<meta property=\"og:type\" content=\"article\" \/>\n<meta property=\"og:title\" content=\"Dar\u010deky - Art Hotel Ka\u0161tie\u013e, Tom\u00e1\u0161ov\" \/>\n<meta property=\"og:description\" content=\"Obdarujte svojich bl\u00edzkych dar\u010dekom na z\u00e1\u017eitok v Art Hoteli Ka\u0161tie\u013e - voucher do re\u0161taur\u00e1cie, wellness alebo ubytovanie. Dar\u010dek, ktor\u00fd pote\u0161\u00ed.\" \/>\n<meta property=\"og:url\" content=\"https:\/\/www.hotelkastiel.sk\/en\/darcek\/\" \/>\n<meta property=\"og:site_name\" content=\"Art Hotel Ka\u0161tie\u013e, Tom\u00e1\u0161ov\" \/>\n<meta property=\"article:publisher\" content=\"http:\/\/facebook.com\/hotelkastiel\/\" \/>\n<meta property=\"article:modified_time\" content=\"2024-04-03T14:16:29+00:00\" \/>\n<meta property=\"og:image\" content=\"https:\/\/www.hotelkastiel.sk\/wp-content\/uploads\/2018\/09\/Tom-5105-e1595227352207.jpg\" \/>\n\t<meta property=\"og:image:width\" content=\"1200\" \/>\n\t<meta property=\"og:image:height\" content=\"800\" \/>\n\t<meta property=\"og:image:type\" content=\"image\/jpeg\" \/>\n<meta name=\"twitter:label1\" content=\"Estimated reading time\" \/>\n\t<meta name=\"twitter:data1\" content=\"3 minutes\" \/>\n<script type=\"application\/ld+json\" class=\"yoast-schema-graph\">{\"@context\":\"https:\\\/\\\/schema.org\",\"@graph\":[{\"@type\":\"WebPage\",\"@id\":\"https:\\\/\\\/www.hotelkastiel.sk\\\/darcek\\\/\",\"url\":\"https:\\\/\\\/www.hotelkastiel.sk\\\/darcek\\\/\",\"name\":\"Dar\u010deky - Art Hotel Ka\u0161tie\u013e, Tom\u00e1\u0161ov\",\"isPartOf\":{\"@id\":\"https:\\\/\\\/www.hotelkastiel.sk\\\/#website\"},\"primaryImageOfPage\":{\"@id\":\"https:\\\/\\\/www.hotelkastiel.sk\\\/darcek\\\/#primaryimage\"},\"image\":{\"@id\":\"https:\\\/\\\/www.hotelkastiel.sk\\\/darcek\\\/#primaryimage\"},\"thumbnailUrl\":\"https:\\\/\\\/www.hotelkastiel.sk\\\/wp-content\\\/uploads\\\/2018\\\/09\\\/Tom-5105-e1595227352207.jpg\",\"datePublished\":\"2020-10-07T11:56:40+00:00\",\"dateModified\":\"2024-04-03T14:16:29+00:00\",\"description\":\"Obdarujte svojich bl\u00edzkych dar\u010dekom na z\u00e1\u017eitok v Art Hoteli Ka\u0161tie\u013e - voucher do re\u0161taur\u00e1cie, wellness alebo ubytovanie. Dar\u010dek, ktor\u00fd pote\u0161\u00ed.\",\"breadcrumb\":{\"@id\":\"https:\\\/\\\/www.hotelkastiel.sk\\\/darcek\\\/#breadcrumb\"},\"inLanguage\":\"en-GB\",\"potentialAction\":[{\"@type\":\"ReadAction\",\"target\":[\"https:\\\/\\\/www.hotelkastiel.sk\\\/darcek\\\/\"]}]},{\"@type\":\"ImageObject\",\"inLanguage\":\"en-GB\",\"@id\":\"https:\\\/\\\/www.hotelkastiel.sk\\\/darcek\\\/#primaryimage\",\"url\":\"https:\\\/\\\/www.hotelkastiel.sk\\\/wp-content\\\/uploads\\\/2018\\\/09\\\/Tom-5105-e1595227352207.jpg\",\"contentUrl\":\"https:\\\/\\\/www.hotelkastiel.sk\\\/wp-content\\\/uploads\\\/2018\\\/09\\\/Tom-5105-e1595227352207.jpg\",\"width\":1200,\"height\":800,\"caption\":\"Izba Barbora \u010d.23 s replikami obrazov od Gust\u00e1va Klimta\"},{\"@type\":\"BreadcrumbList\",\"@id\":\"https:\\\/\\\/www.hotelkastiel.sk\\\/darcek\\\/#breadcrumb\",\"itemListElement\":[{\"@type\":\"ListItem\",\"position\":1,\"name\":\"Home\",\"item\":\"https:\\\/\\\/www.hotelkastiel.sk\\\/\"},{\"@type\":\"ListItem\",\"position\":2,\"name\":\"Dar\u010deky\"}]},{\"@type\":\"WebSite\",\"@id\":\"https:\\\/\\\/www.hotelkastiel.sk\\\/#website\",\"url\":\"https:\\\/\\\/www.hotelkastiel.sk\\\/\",\"name\":\"Art Hotel Ka\u0161tie\u013e, Tom\u00e1\u0161ov\",\"description\":\"\",\"publisher\":{\"@id\":\"https:\\\/\\\/www.hotelkastiel.sk\\\/#organization\"},\"potentialAction\":[{\"@type\":\"SearchAction\",\"target\":{\"@type\":\"EntryPoint\",\"urlTemplate\":\"https:\\\/\\\/www.hotelkastiel.sk\\\/?s={search_term_string}\"},\"query-input\":{\"@type\":\"PropertyValueSpecification\",\"valueRequired\":true,\"valueName\":\"search_term_string\"}}],\"inLanguage\":\"en-GB\"},{\"@type\":\"Organization\",\"@id\":\"https:\\\/\\\/www.hotelkastiel.sk\\\/#organization\",\"name\":\"Art Hotel Ka\u0161tie\u013e, Tom\u00e1\u0161ov\",\"url\":\"https:\\\/\\\/www.hotelkastiel.sk\\\/\",\"logo\":{\"@type\":\"ImageObject\",\"inLanguage\":\"en-GB\",\"@id\":\"https:\\\/\\\/www.hotelkastiel.sk\\\/#\\\/schema\\\/logo\\\/image\\\/\",\"url\":\"https:\\\/\\\/www.hotelkastiel.sk\\\/wp-content\\\/uploads\\\/2018\\\/07\\\/logo-header.png\",\"contentUrl\":\"https:\\\/\\\/www.hotelkastiel.sk\\\/wp-content\\\/uploads\\\/2018\\\/07\\\/logo-header.png\",\"width\":1289,\"height\":936,\"caption\":\"Art Hotel Ka\u0161tie\u013e, Tom\u00e1\u0161ov\"},\"image\":{\"@id\":\"https:\\\/\\\/www.hotelkastiel.sk\\\/#\\\/schema\\\/logo\\\/image\\\/\"},\"sameAs\":[\"http:\\\/\\\/facebook.com\\\/hotelkastiel\\\/\",\"http:\\\/\\\/instagram.com\\\/hotelkastiel\\\/\",\"https:\\\/\\\/www.linkedin.com\\\/company\\\/art-hotel-kastiel-tomasov\\\/?viewAsMember=true\",\"https:\\\/\\\/www.youtube.com\\\/playlist?list=PLvlDIzNKGgpSADkmHpsw4owU0JUOEXfhn\",\"https:\\\/\\\/sk.wikipedia.org\\\/wiki\\\/Ka\u0161tie\u013e_v_Tom\u00e1\u0161ove\"]}]}<\/script>\n<!-- \/ Yoast SEO plugin. -->","yoast_head_json":{"title":"Dar\u010deky - Art Hotel Ka\u0161tie\u013e, Tom\u00e1\u0161ov","description":"Obdarujte svojich bl\u00edzkych dar\u010dekom na z\u00e1\u017eitok v Art Hoteli Ka\u0161tie\u013e - voucher do re\u0161taur\u00e1cie, wellness alebo ubytovanie. Dar\u010dek, ktor\u00fd pote\u0161\u00ed.","robots":{"index":"index","follow":"follow","max-snippet":"max-snippet:-1","max-image-preview":"max-image-preview:large","max-video-preview":"max-video-preview:-1"},"canonical":"https:\/\/www.hotelkastiel.sk\/en\/darcek\/","og_locale":"en_GB","og_type":"article","og_title":"Dar\u010deky - Art Hotel Ka\u0161tie\u013e, Tom\u00e1\u0161ov","og_description":"Obdarujte svojich bl\u00edzkych dar\u010dekom na z\u00e1\u017eitok v Art Hoteli Ka\u0161tie\u013e - voucher do re\u0161taur\u00e1cie, wellness alebo ubytovanie. Dar\u010dek, ktor\u00fd pote\u0161\u00ed.","og_url":"https:\/\/www.hotelkastiel.sk\/en\/darcek\/","og_site_name":"Art Hotel Ka\u0161tie\u013e, Tom\u00e1\u0161ov","article_publisher":"http:\/\/facebook.com\/hotelkastiel\/","article_modified_time":"2024-04-03T14:16:29+00:00","og_image":[{"width":1200,"height":800,"url":"https:\/\/www.hotelkastiel.sk\/wp-content\/uploads\/2018\/09\/Tom-5105-e1595227352207.jpg","type":"image\/jpeg"}],"twitter_misc":{"Estimated reading time":"3 minutes"},"schema":{"@context":"https:\/\/schema.org","@graph":[{"@type":"WebPage","@id":"https:\/\/www.hotelkastiel.sk\/darcek\/","url":"https:\/\/www.hotelkastiel.sk\/darcek\/","name":"Dar\u010deky - Art Hotel Ka\u0161tie\u013e, Tom\u00e1\u0161ov","isPartOf":{"@id":"https:\/\/www.hotelkastiel.sk\/#website"},"primaryImageOfPage":{"@id":"https:\/\/www.hotelkastiel.sk\/darcek\/#primaryimage"},"image":{"@id":"https:\/\/www.hotelkastiel.sk\/darcek\/#primaryimage"},"thumbnailUrl":"https:\/\/www.hotelkastiel.sk\/wp-content\/uploads\/2018\/09\/Tom-5105-e1595227352207.jpg","datePublished":"2020-10-07T11:56:40+00:00","dateModified":"2024-04-03T14:16:29+00:00","description":"Obdarujte svojich bl\u00edzkych dar\u010dekom na z\u00e1\u017eitok v Art Hoteli Ka\u0161tie\u013e - voucher do re\u0161taur\u00e1cie, wellness alebo ubytovanie. Dar\u010dek, ktor\u00fd pote\u0161\u00ed.","breadcrumb":{"@id":"https:\/\/www.hotelkastiel.sk\/darcek\/#breadcrumb"},"inLanguage":"en-GB","potentialAction":[{"@type":"ReadAction","target":["https:\/\/www.hotelkastiel.sk\/darcek\/"]}]},{"@type":"ImageObject","inLanguage":"en-GB","@id":"https:\/\/www.hotelkastiel.sk\/darcek\/#primaryimage","url":"https:\/\/www.hotelkastiel.sk\/wp-content\/uploads\/2018\/09\/Tom-5105-e1595227352207.jpg","contentUrl":"https:\/\/www.hotelkastiel.sk\/wp-content\/uploads\/2018\/09\/Tom-5105-e1595227352207.jpg","width":1200,"height":800,"caption":"Izba Barbora \u010d.23 s replikami obrazov od Gust\u00e1va Klimta"},{"@type":"BreadcrumbList","@id":"https:\/\/www.hotelkastiel.sk\/darcek\/#breadcrumb","itemListElement":[{"@type":"ListItem","position":1,"name":"Home","item":"https:\/\/www.hotelkastiel.sk\/"},{"@type":"ListItem","position":2,"name":"Dar\u010deky"}]},{"@type":"WebSite","@id":"https:\/\/www.hotelkastiel.sk\/#website","url":"https:\/\/www.hotelkastiel.sk\/","name":"Art Hotel Ka\u0161tie\u013e, Tom\u00e1\u0161ov","description":"","publisher":{"@id":"https:\/\/www.hotelkastiel.sk\/#organization"},"potentialAction":[{"@type":"SearchAction","target":{"@type":"EntryPoint","urlTemplate":"https:\/\/www.hotelkastiel.sk\/?s={search_term_string}"},"query-input":{"@type":"PropertyValueSpecification","valueRequired":true,"valueName":"search_term_string"}}],"inLanguage":"en-GB"},{"@type":"Organization","@id":"https:\/\/www.hotelkastiel.sk\/#organization","name":"Art Hotel Ka\u0161tie\u013e, Tom\u00e1\u0161ov","url":"https:\/\/www.hotelkastiel.sk\/","logo":{"@type":"ImageObject","inLanguage":"en-GB","@id":"https:\/\/www.hotelkastiel.sk\/#\/schema\/logo\/image\/","url":"https:\/\/www.hotelkastiel.sk\/wp-content\/uploads\/2018\/07\/logo-header.png","contentUrl":"https:\/\/www.hotelkastiel.sk\/wp-content\/uploads\/2018\/07\/logo-header.png","width":1289,"height":936,"caption":"Art Hotel Ka\u0161tie\u013e, Tom\u00e1\u0161ov"},"image":{"@id":"https:\/\/www.hotelkastiel.sk\/#\/schema\/logo\/image\/"},"sameAs":["http:\/\/facebook.com\/hotelkastiel\/","http:\/\/instagram.com\/hotelkastiel\/","https:\/\/www.linkedin.com\/company\/art-hotel-kastiel-tomasov\/?viewAsMember=true","https:\/\/www.youtube.com\/playlist?list=PLvlDIzNKGgpSADkmHpsw4owU0JUOEXfhn","https:\/\/sk.wikipedia.org\/wiki\/Ka\u0161tie\u013e_v_Tom\u00e1\u0161ove"]}]}},"_links":{"self":[{"href":"https:\/\/www.hotelkastiel.sk\/en\/wp-json\/wp\/v2\/pages\/6975","targetHints":{"allow":["GET"]}}],"collection":[{"href":"https:\/\/www.hotelkastiel.sk\/en\/wp-json\/wp\/v2\/pages"}],"about":[{"href":"https:\/\/www.hotelkastiel.sk\/en\/wp-json\/wp\/v2\/types\/page"}],"author":[{"embeddable":true,"href":"https:\/\/www.hotelkastiel.sk\/en\/wp-json\/wp\/v2\/users\/6"}],"replies":[{"embeddable":true,"href":"https:\/\/www.hotelkastiel.sk\/en\/wp-json\/wp\/v2\/comments?post=6975"}],"version-history":[{"count":0,"href":"https:\/\/www.hotelkastiel.sk\/en\/wp-json\/wp\/v2\/pages\/6975\/revisions"}],"wp:featuredmedia":[{"embeddable":true,"href":"https:\/\/www.hotelkastiel.sk\/en\/wp-json\/wp\/v2\/media\/1437"}],"wp:attachment":[{"href":"https:\/\/www.hotelkastiel.sk\/en\/wp-json\/wp\/v2\/media?parent=6975"}],"curies":[{"name":"wp","href":"https:\/\/api.w.org\/{rel}","templated":true}]}}