{"id":7474,"date":"2021-08-30T18:35:22","date_gmt":"2021-08-30T17:35:22","guid":{"rendered":"https:\/\/www.hotelkastiel.sk\/?page_id=7474"},"modified":"2021-09-28T15:15:38","modified_gmt":"2021-09-28T14:15:38","slug":"wellness-spa-on-tv","status":"publish","type":"page","link":"https:\/\/www.hotelkastiel.sk\/en\/wellness\/wellness-spa-on-tv\/","title":{"rendered":"Wellness &#038; Spa on TV"},"content":{"rendered":"<div data-post-id=\"109\" class=\"insert-page insert-page-109\"><style type=\"text\/css\" data-type=\"vc_shortcodes-custom-css\">.vc_custom_1491637356584{margin-bottom: 100px !important;}.vc_custom_1711464521978{margin-bottom: 80px !important;}<\/style><h1 class='insert-page-title'>Wellness &amp; Spa<\/h1><div class=\"vc_row wpb_row vc_row-fluid\">\n\t\t\t\t\n<div class=\"wpb_column vc_column_container vc_col-sm-12 vc_col-lg-offset-2 vc_col-lg-8\"><div class=\"vc_column-inner\"><div class=\"wpb_wrapper\"><div class=\"vc_empty_space\"   style=\"height: 52px\" ><span class=\"vc_empty_space_inner\"><\/span><\/div>\n\n\t<div class=\"wpb_text_column wpb_content_element\" >\n\t\t<div class=\"wpb_wrapper\">\n\t\t\t<div class=\"fleurdesel-heading vc_custom_1548944631610 text-center\">\n<p class=\"fleurdesel__meta font-600 text-color-1\">Relax in the pleasant atmosphere of the hotel\u2019s wellness<\/p>\n<h2 class=\"fleurdesel__title h1 fz-Default\">Wellness<\/h2>\n<\/div>\n\n\t\t<\/div>\n\t<\/div>\n<div class=\"vc_empty_space\"   style=\"height: 28px\" ><span class=\"vc_empty_space_inner\"><\/span><\/div>\n\n\t<div class=\"wpb_text_column wpb_content_element  vc_custom_1711464521978\" >\n\t\t<div class=\"wpb_wrapper\">\n\t\t\t<p class=\"translation-block\">Relax in the pleasant atmosphere of the hotel wellness. Whether after a long day at work or with your partner after a romantic dinner at <a href=\"\/en\/restaurant\/\" target=\"_self\">Regnum Restaurant<\/a>, you can enjoy undisturbed relaxation in the wellness. There is a jacuzzi, relaxation room, steam and dry sauna for perfect relaxation.<\/p>\n<p class=\"translation-block\">The wellness area is available to hotel guests and the public. The minimum number of people is two, reservations can be made by calling the reception, tel. no. <u><a href=\"tel:+421 2 209 093 00\" target=\"_self\">+421 2 209 093 00<\/a><\/u> or by email at <u>recepcia@hotelkastiel.sk<\/u>.<\/p>\n<table width=\"928\">\n<tbody>\n<tr>\n<td width=\"623\">Entrance for 2 hours for accommodated guests with a jug of water with citrus fruits<\/td>\n<td width=\"305\">15\u20ac\/osoba<\/td>\n<\/tr>\n<tr>\n<td>Private entrance for 2 hours with a jug of water, fruit bowl and a bottle of prosecco \u2013 external guests<\/td>\n<td>99\u20ac\/2 osoby<\/td>\n<\/tr>\n<tr>\n<td>Extension of private wellness \u2013 external guests<\/td>\n<td>40\u20ac\/hodina<\/td>\n<\/tr>\n<tr>\n<td>Each additional person for private spa \u2013 external guests<\/td>\n<td>25\u20ac\/osoba<\/td>\n<\/tr>\n<tr>\n<td>Fruit basket<\/td>\n<td>30,50\u20ac\/1kg<\/td>\n<\/tr>\n<tr>\n<td>Bottle of prosecco (Ham\u0161\u00edk winery)<\/td>\n<td>23,80 \u20ac<\/td>\n<\/tr>\n<\/tbody>\n<\/table>\n\n\t\t<\/div>\n\t<\/div>\n\n\t<div class=\"wpb_text_column wpb_content_element\" >\n\t\t<div class=\"wpb_wrapper\">\n\t\t\t<h3><strong>Massages<\/strong><\/h3>\n<p>Upon request and pre-order, we will provide you with a professional masseur who will help you with the complete regeneration of the whole body in one of the two untraditionally designed massage rooms, which are located in the original brick cellars, which complete the relaxing atmosphere.<\/p>\n<table style=\"height: 101px;\" width=\"1384\">\n<tbody>\n<tr>\n<td width=\"177\"><strong>Type of massage<\/strong><\/td>\n<td width=\"48\"><strong>Price<\/strong><\/td>\n<\/tr>\n<tr>\n<td width=\"177\">Classic full body massage (60 min)<\/td>\n<td width=\"48\">60 \u20ac<\/td>\n<\/tr>\n<tr>\n<td width=\"177\">Classic full body massage (30 min)<\/td>\n<td width=\"48\">40 \u20ac<\/td>\n<\/tr>\n<tr>\n<td width=\"177\"><\/td>\n<td width=\"48\"><\/td>\n<\/tr>\n<\/tbody>\n<\/table>\n<p>If you are interested in renting wellness for a larger group, please contact us at eventy@hotelkastiel.sk<\/p>\n\n\t\t<\/div>\n\t<\/div>\n<\/div><\/div><\/div><\/div><div class=\"vc_row wpb_row vc_row-fluid vc_custom_1491637356584\">\n\t\t\t\t\n<div class=\"wpb_column vc_column_container vc_col-sm-12\"><div class=\"vc_column-inner\"><div class=\"wpb_wrapper\"><div class=\"vc_message_box vc_message_box-standard vc_message_box-rounded vc_color-info\" >\n\t<div class=\"vc_message_box-icon\"><i class=\"fa fa-info-circle\"><\/i>\n\t<\/div><h4 style=\"text-align: center;\">NEW \u2013 private exterior jacuzzi<\/h4>\n<ul>\n<li>available for rent Monday-Sunday<\/li>\n<li>available from 8PM till 11PM<\/li>\n<li>50\u20ac\/hour\/max 4 persons (extra person +20\u20ac\/hour)<\/li>\n<li>reservations via the e-mail on recepcia@hotelkastiel.sk<\/li>\n<\/ul>\n<\/div>\n<div class=\"vc_empty_space\"   style=\"height: 32px\" ><span class=\"vc_empty_space_inner\"><\/span><\/div>\n<div class=\"fleurdesel-gallery\" data-init=\"gallery\">\r\n\t<div class=\"dropdown fleurdesel-gallery__filter font-1\" data-init=\"filter\">\r\n\t<button class=\"btn btn-secondary dropdown-toggle font-1\" hidden type=\"button\" data-toggle=\"dropdown\" aria-haspopup=\"true\" aria-expanded=\"false\">All<\/button>\r\n\t<div class=\"dropdown-menu\">\r\n\t\t<a class=\"dropdown-item current\" href=\"#\" data-filter=\"*\">All<\/a>\r\n\t\t\t\t\t\t<a class=\"dropdown-item\" href=\"#\" data-filter=\".group-0\"><\/a>\r\n\t\t\t<\/div>\r\n<\/div>\r\n<!-- \/.fleurdesel-gallery__filter -->\r\n\r\n<div class=\"fleurdesel-gallery__wrap clearfix\" data-init=\"isotope\" data-cols=\"4\" data-gap=\"30\" data-gallery=\"popup\">\r\n\t<div class=\"grid-sizer\"><\/div>\r\n\t\t\t<div class=\"fleurdesel-gallery__item group-0\" data-grid=\"grid-item\">\r\n\t\t<div class=\"fleurdesel-gallery__media\">\r\n \t\t\t<a href=\"https:\/\/www.hotelkastiel.sk\/wp-content\/uploads\/2019\/07\/foto-Brano-Molnar_DSC7743.jpg\">\r\n\t\t\t\t<img loading=\"lazy\" decoding=\"async\" width=\"640\" height=\"500\" src=\"https:\/\/www.hotelkastiel.sk\/wp-content\/uploads\/2019\/07\/foto-Brano-Molnar_DSC7743-640x500.jpg\" class=\"attachment-fleurdesel-medium size-fleurdesel-medium\" alt=\"Wellness\" \/>\t\t\t<\/a>\r\n\t\t<\/div>\r\n\t\t<!-- \/.fleurdesel-gallery__media -->\r\n\r\n\t\t\t\t<!-- \/.fleurdesel-gallery__ -->\r\n\t<\/div>\r\n\t\t<div class=\"fleurdesel-gallery__item group-1\" data-grid=\"grid-item\">\r\n\t\t<div class=\"fleurdesel-gallery__media\">\r\n \t\t\t<a href=\"https:\/\/www.hotelkastiel.sk\/wp-content\/uploads\/2019\/07\/foto-Brano-Molnar_DSC7716.jpg\">\r\n\t\t\t\t<img loading=\"lazy\" decoding=\"async\" width=\"640\" height=\"500\" src=\"https:\/\/www.hotelkastiel.sk\/wp-content\/uploads\/2019\/07\/foto-Brano-Molnar_DSC7716-640x500.jpg\" class=\"attachment-fleurdesel-medium size-fleurdesel-medium\" alt=\"Wellness\" \/>\t\t\t<\/a>\r\n\t\t<\/div>\r\n\t\t<!-- \/.fleurdesel-gallery__media -->\r\n\r\n\t\t\t\t<!-- \/.fleurdesel-gallery__ -->\r\n\t<\/div>\r\n\t\t<div class=\"fleurdesel-gallery__item group-2\" data-grid=\"grid-item\">\r\n\t\t<div class=\"fleurdesel-gallery__media\">\r\n \t\t\t<a href=\"https:\/\/www.hotelkastiel.sk\/wp-content\/uploads\/2019\/01\/4-13.jpg\">\r\n\t\t\t\t<img loading=\"lazy\" decoding=\"async\" width=\"640\" height=\"444\" src=\"https:\/\/www.hotelkastiel.sk\/wp-content\/uploads\/2019\/01\/4-13-640x444.jpg\" class=\"attachment-fleurdesel-medium size-fleurdesel-medium\" alt=\"\" \/>\t\t\t<\/a>\r\n\t\t<\/div>\r\n\t\t<!-- \/.fleurdesel-gallery__media -->\r\n\r\n\t\t\t\t<!-- \/.fleurdesel-gallery__ -->\r\n\t<\/div>\r\n\t\t<div class=\"fleurdesel-gallery__item group-3\" data-grid=\"grid-item\">\r\n\t\t<div class=\"fleurdesel-gallery__media\">\r\n \t\t\t<a href=\"https:\/\/www.hotelkastiel.sk\/wp-content\/uploads\/2019\/01\/5-8.jpg\">\r\n\t\t\t\t<img loading=\"lazy\" decoding=\"async\" width=\"445\" height=\"500\" src=\"https:\/\/www.hotelkastiel.sk\/wp-content\/uploads\/2019\/01\/5-8-445x500.jpg\" class=\"attachment-fleurdesel-medium size-fleurdesel-medium\" alt=\"\" \/>\t\t\t<\/a>\r\n\t\t<\/div>\r\n\t\t<!-- \/.fleurdesel-gallery__media -->\r\n\r\n\t\t\t\t<!-- \/.fleurdesel-gallery__ -->\r\n\t<\/div>\r\n\t\t<div class=\"fleurdesel-gallery__item group-4\" data-grid=\"grid-item\">\r\n\t\t<div class=\"fleurdesel-gallery__media\">\r\n \t\t\t<a href=\"https:\/\/www.hotelkastiel.sk\/wp-content\/uploads\/2019\/01\/6-4.jpg\">\r\n\t\t\t\t<img loading=\"lazy\" decoding=\"async\" width=\"640\" height=\"500\" src=\"https:\/\/www.hotelkastiel.sk\/wp-content\/uploads\/2019\/01\/6-4-640x500.jpg\" class=\"attachment-fleurdesel-medium size-fleurdesel-medium\" alt=\"\" \/>\t\t\t<\/a>\r\n\t\t<\/div>\r\n\t\t<!-- \/.fleurdesel-gallery__media -->\r\n\r\n\t\t\t\t<!-- \/.fleurdesel-gallery__ -->\r\n\t<\/div>\r\n\t\t<div class=\"fleurdesel-gallery__item group-5\" data-grid=\"grid-item\">\r\n\t\t<div class=\"fleurdesel-gallery__media\">\r\n \t\t\t<a href=\"https:\/\/www.hotelkastiel.sk\/wp-content\/uploads\/2019\/01\/2-13.jpg\">\r\n\t\t\t\t<img loading=\"lazy\" decoding=\"async\" width=\"640\" height=\"500\" src=\"https:\/\/www.hotelkastiel.sk\/wp-content\/uploads\/2019\/01\/2-13-640x500.jpg\" class=\"attachment-fleurdesel-medium size-fleurdesel-medium\" alt=\"\" \/>\t\t\t<\/a>\r\n\t\t<\/div>\r\n\t\t<!-- \/.fleurdesel-gallery__media -->\r\n\r\n\t\t\t\t<!-- \/.fleurdesel-gallery__ -->\r\n\t<\/div>\r\n\t\t<!-- \/.fleurdesel-gallery__item -->\r\n\r\n<\/div>\r\n<\/div>\r\n<\/div><\/div><\/div><\/div><div class=\"vc_row wpb_row vc_row-fluid\">\n\t\t\t\t\n<div class=\"wpb_column vc_column_container vc_col-sm-12\"><div class=\"vc_column-inner\"><div class=\"wpb_wrapper\"><\/div><\/div><\/div><\/div>\n<ul class='post-meta'>\n<li><span class='post-meta-key'>slide_template:<\/span> default<\/li>\n<li><span class='post-meta-key'>fleurdesel_custom_layout:<\/span> a:1:{i:0;s:0:\"\";}<\/li>\n<li><span class='post-meta-key'>meta_sidebar_area:<\/span> right<\/li>\n<li><span class='post-meta-key'>meta_sidebar_name:<\/span> sidebar-1<\/li>\n<li><span class='post-meta-key'>is_custom_page_title:<\/span> on<\/li>\n<li><span class='post-meta-key'>page_title_bg_image_id:<\/span> 5260<\/li>\n<li><span class='post-meta-key'>page_title_show:<\/span> on<\/li>\n<li><span class='post-meta-key'>page_title_bg_image:<\/span> https:\/\/www.hotelkastiel.sk\/wp-content\/uploads\/2019\/07\/foto-Brano-Molnar_DSC7742-1.jpg<\/li>\n<li><span class='post-meta-key'>apbGallery:<\/span> a:0:{}<\/li>\n<li><span class='post-meta-key'>is_overwrite:<\/span> 0<\/li>\n<li><span class='post-meta-key'>hefo_before:<\/span> 0<\/li>\n<li><span class='post-meta-key'>hefo_after:<\/span> 0<\/li>\n<li><span class='post-meta-key'>bialty_cs_alt:<\/span> <\/li>\n<\/ul>\n<\/div>","protected":false},"excerpt":{"rendered":"Odd\u00fdchnite si v pr\u00edjemnej atmosf\u00e9re hotelov\u00e9ho wellness Wellness Odd\u00fdchnite si v pr\u00edjemnej atmosf\u00e9re hotelov\u00e9ho wellness. \u010ci u\u017e po dlhom dni v pr\u00e1ci alebo s partnerom po romantickej ve\u010deri v Re\u0161taur\u00e1cii Regnum, vo wellnesse si m\u00f4\u017eete dopria\u0165 ni\u010d\u00edm neru\u0161en\u00fd relax. K dispoz\u00edcii je pre V\u00e1s v\u00edrivka, relaxa\u010dn\u00e1 miestnos\u0165, parn\u00e1 a such\u00e1 sauna pre dokonal\u00fd oddych. Wellness [...]","protected":false},"author":8,"featured_media":5249,"parent":109,"menu_order":0,"comment_status":"closed","ping_status":"closed","template":"templates\/page-builder.php","meta":{"footnotes":""},"class_list":["post-7474","page","type-page","status-publish","has-post-thumbnail","hentry"],"yoast_head":"<!-- This site is optimized with the Yoast SEO plugin v27.3 - https:\/\/yoast.com\/product\/yoast-seo-wordpress\/ -->\n<title>Wellness &amp; Spa on TV - Art Hotel Ka\u0161tie\u013e, Tom\u00e1\u0161ov<\/title>\n<meta name=\"description\" content=\"Odd\u00fdchnite si v pr\u00edjemnej atmosf\u00e9re hotelov\u00e9ho wellness, doprajte si ni\u010d\u00edm neru\u0161en\u00fd relax. K dispoz\u00edcii je pre V\u00e1s v\u00edrivka, parn\u00e1 sauna a such\u00e1 sauna.\" \/>\n<meta name=\"robots\" content=\"index, follow, max-snippet:-1, max-image-preview:large, max-video-preview:-1\" \/>\n<link rel=\"canonical\" href=\"https:\/\/www.hotelkastiel.sk\/en\/wellness\/wellness-spa-on-tv\/\" \/>\n<meta property=\"og:locale\" content=\"en_GB\" \/>\n<meta property=\"og:type\" content=\"article\" \/>\n<meta property=\"og:title\" content=\"Wellness &amp; Spa on TV - Art Hotel Ka\u0161tie\u013e, Tom\u00e1\u0161ov\" \/>\n<meta property=\"og:description\" content=\"Odd\u00fdchnite si v pr\u00edjemnej atmosf\u00e9re hotelov\u00e9ho wellness, doprajte si ni\u010d\u00edm neru\u0161en\u00fd relax. K dispoz\u00edcii je pre V\u00e1s v\u00edrivka, parn\u00e1 sauna a such\u00e1 sauna.\" \/>\n<meta property=\"og:url\" content=\"https:\/\/www.hotelkastiel.sk\/en\/wellness\/wellness-spa-on-tv\/\" \/>\n<meta property=\"og:site_name\" content=\"Art Hotel Ka\u0161tie\u013e, Tom\u00e1\u0161ov\" \/>\n<meta property=\"article:publisher\" content=\"http:\/\/facebook.com\/hotelkastiel\/\" \/>\n<meta property=\"article:modified_time\" content=\"2021-09-28T14:15:38+00:00\" \/>\n<meta property=\"og:image\" content=\"https:\/\/www.hotelkastiel.sk\/wp-content\/uploads\/2019\/07\/foto-Brano-Molnar_DSC7743.jpg\" \/>\n\t<meta property=\"og:image:width\" content=\"1500\" \/>\n\t<meta property=\"og:image:height\" content=\"1001\" \/>\n\t<meta property=\"og:image:type\" content=\"image\/jpeg\" \/>\n<meta name=\"twitter:label1\" content=\"Estimated reading time\" \/>\n\t<meta name=\"twitter:data1\" content=\"1 minute\" \/>\n<script type=\"application\/ld+json\" class=\"yoast-schema-graph\">{\"@context\":\"https:\\\/\\\/schema.org\",\"@graph\":[{\"@type\":\"WebPage\",\"@id\":\"https:\\\/\\\/www.hotelkastiel.sk\\\/wellness\\\/wellness-spa-on-tv\\\/\",\"url\":\"https:\\\/\\\/www.hotelkastiel.sk\\\/wellness\\\/wellness-spa-on-tv\\\/\",\"name\":\"Wellness & Spa on TV - Art Hotel Ka\u0161tie\u013e, Tom\u00e1\u0161ov\",\"isPartOf\":{\"@id\":\"https:\\\/\\\/www.hotelkastiel.sk\\\/#website\"},\"primaryImageOfPage\":{\"@id\":\"https:\\\/\\\/www.hotelkastiel.sk\\\/wellness\\\/wellness-spa-on-tv\\\/#primaryimage\"},\"image\":{\"@id\":\"https:\\\/\\\/www.hotelkastiel.sk\\\/wellness\\\/wellness-spa-on-tv\\\/#primaryimage\"},\"thumbnailUrl\":\"https:\\\/\\\/www.hotelkastiel.sk\\\/wp-content\\\/uploads\\\/2019\\\/07\\\/foto-Brano-Molnar_DSC7743.jpg\",\"datePublished\":\"2021-08-30T17:35:22+00:00\",\"dateModified\":\"2021-09-28T14:15:38+00:00\",\"description\":\"Odd\u00fdchnite si v pr\u00edjemnej atmosf\u00e9re hotelov\u00e9ho wellness, doprajte si ni\u010d\u00edm neru\u0161en\u00fd relax. K dispoz\u00edcii je pre V\u00e1s v\u00edrivka, parn\u00e1 sauna a such\u00e1 sauna.\",\"breadcrumb\":{\"@id\":\"https:\\\/\\\/www.hotelkastiel.sk\\\/wellness\\\/wellness-spa-on-tv\\\/#breadcrumb\"},\"inLanguage\":\"en-GB\",\"potentialAction\":[{\"@type\":\"ReadAction\",\"target\":[\"https:\\\/\\\/www.hotelkastiel.sk\\\/wellness\\\/wellness-spa-on-tv\\\/\"]}]},{\"@type\":\"ImageObject\",\"inLanguage\":\"en-GB\",\"@id\":\"https:\\\/\\\/www.hotelkastiel.sk\\\/wellness\\\/wellness-spa-on-tv\\\/#primaryimage\",\"url\":\"https:\\\/\\\/www.hotelkastiel.sk\\\/wp-content\\\/uploads\\\/2019\\\/07\\\/foto-Brano-Molnar_DSC7743.jpg\",\"contentUrl\":\"https:\\\/\\\/www.hotelkastiel.sk\\\/wp-content\\\/uploads\\\/2019\\\/07\\\/foto-Brano-Molnar_DSC7743.jpg\",\"width\":1500,\"height\":1001,\"caption\":\"Wellness\"},{\"@type\":\"BreadcrumbList\",\"@id\":\"https:\\\/\\\/www.hotelkastiel.sk\\\/wellness\\\/wellness-spa-on-tv\\\/#breadcrumb\",\"itemListElement\":[{\"@type\":\"ListItem\",\"position\":1,\"name\":\"Home\",\"item\":\"https:\\\/\\\/www.hotelkastiel.sk\\\/\"},{\"@type\":\"ListItem\",\"position\":2,\"name\":\"Wellness &#038; Spa\",\"item\":\"https:\\\/\\\/www.hotelkastiel.sk\\\/wellness\\\/\"},{\"@type\":\"ListItem\",\"position\":3,\"name\":\"Wellness &#038; Spa on TV\"}]},{\"@type\":\"WebSite\",\"@id\":\"https:\\\/\\\/www.hotelkastiel.sk\\\/#website\",\"url\":\"https:\\\/\\\/www.hotelkastiel.sk\\\/\",\"name\":\"Art Hotel Ka\u0161tie\u013e, Tom\u00e1\u0161ov\",\"description\":\"\",\"publisher\":{\"@id\":\"https:\\\/\\\/www.hotelkastiel.sk\\\/#organization\"},\"potentialAction\":[{\"@type\":\"SearchAction\",\"target\":{\"@type\":\"EntryPoint\",\"urlTemplate\":\"https:\\\/\\\/www.hotelkastiel.sk\\\/?s={search_term_string}\"},\"query-input\":{\"@type\":\"PropertyValueSpecification\",\"valueRequired\":true,\"valueName\":\"search_term_string\"}}],\"inLanguage\":\"en-GB\"},{\"@type\":\"Organization\",\"@id\":\"https:\\\/\\\/www.hotelkastiel.sk\\\/#organization\",\"name\":\"Art Hotel Ka\u0161tie\u013e, Tom\u00e1\u0161ov\",\"url\":\"https:\\\/\\\/www.hotelkastiel.sk\\\/\",\"logo\":{\"@type\":\"ImageObject\",\"inLanguage\":\"en-GB\",\"@id\":\"https:\\\/\\\/www.hotelkastiel.sk\\\/#\\\/schema\\\/logo\\\/image\\\/\",\"url\":\"https:\\\/\\\/www.hotelkastiel.sk\\\/wp-content\\\/uploads\\\/2018\\\/07\\\/logo-header.png\",\"contentUrl\":\"https:\\\/\\\/www.hotelkastiel.sk\\\/wp-content\\\/uploads\\\/2018\\\/07\\\/logo-header.png\",\"width\":1289,\"height\":936,\"caption\":\"Art Hotel Ka\u0161tie\u013e, Tom\u00e1\u0161ov\"},\"image\":{\"@id\":\"https:\\\/\\\/www.hotelkastiel.sk\\\/#\\\/schema\\\/logo\\\/image\\\/\"},\"sameAs\":[\"http:\\\/\\\/facebook.com\\\/hotelkastiel\\\/\",\"http:\\\/\\\/instagram.com\\\/hotelkastiel\\\/\",\"https:\\\/\\\/www.linkedin.com\\\/company\\\/art-hotel-kastiel-tomasov\\\/?viewAsMember=true\",\"https:\\\/\\\/www.youtube.com\\\/playlist?list=PLvlDIzNKGgpSADkmHpsw4owU0JUOEXfhn\",\"https:\\\/\\\/sk.wikipedia.org\\\/wiki\\\/Ka\u0161tie\u013e_v_Tom\u00e1\u0161ove\"]}]}<\/script>\n<!-- \/ Yoast SEO plugin. -->","yoast_head_json":{"title":"Wellness & Spa on TV - Art Hotel Ka\u0161tie\u013e, Tom\u00e1\u0161ov","description":"Odd\u00fdchnite si v pr\u00edjemnej atmosf\u00e9re hotelov\u00e9ho wellness, doprajte si ni\u010d\u00edm neru\u0161en\u00fd relax. K dispoz\u00edcii je pre V\u00e1s v\u00edrivka, parn\u00e1 sauna a such\u00e1 sauna.","robots":{"index":"index","follow":"follow","max-snippet":"max-snippet:-1","max-image-preview":"max-image-preview:large","max-video-preview":"max-video-preview:-1"},"canonical":"https:\/\/www.hotelkastiel.sk\/en\/wellness\/wellness-spa-on-tv\/","og_locale":"en_GB","og_type":"article","og_title":"Wellness & Spa on TV - Art Hotel Ka\u0161tie\u013e, Tom\u00e1\u0161ov","og_description":"Odd\u00fdchnite si v pr\u00edjemnej atmosf\u00e9re hotelov\u00e9ho wellness, doprajte si ni\u010d\u00edm neru\u0161en\u00fd relax. K dispoz\u00edcii je pre V\u00e1s v\u00edrivka, parn\u00e1 sauna a such\u00e1 sauna.","og_url":"https:\/\/www.hotelkastiel.sk\/en\/wellness\/wellness-spa-on-tv\/","og_site_name":"Art Hotel Ka\u0161tie\u013e, Tom\u00e1\u0161ov","article_publisher":"http:\/\/facebook.com\/hotelkastiel\/","article_modified_time":"2021-09-28T14:15:38+00:00","og_image":[{"width":1500,"height":1001,"url":"https:\/\/www.hotelkastiel.sk\/wp-content\/uploads\/2019\/07\/foto-Brano-Molnar_DSC7743.jpg","type":"image\/jpeg"}],"twitter_misc":{"Estimated reading time":"1 minute"},"schema":{"@context":"https:\/\/schema.org","@graph":[{"@type":"WebPage","@id":"https:\/\/www.hotelkastiel.sk\/wellness\/wellness-spa-on-tv\/","url":"https:\/\/www.hotelkastiel.sk\/wellness\/wellness-spa-on-tv\/","name":"Wellness & Spa on TV - Art Hotel Ka\u0161tie\u013e, Tom\u00e1\u0161ov","isPartOf":{"@id":"https:\/\/www.hotelkastiel.sk\/#website"},"primaryImageOfPage":{"@id":"https:\/\/www.hotelkastiel.sk\/wellness\/wellness-spa-on-tv\/#primaryimage"},"image":{"@id":"https:\/\/www.hotelkastiel.sk\/wellness\/wellness-spa-on-tv\/#primaryimage"},"thumbnailUrl":"https:\/\/www.hotelkastiel.sk\/wp-content\/uploads\/2019\/07\/foto-Brano-Molnar_DSC7743.jpg","datePublished":"2021-08-30T17:35:22+00:00","dateModified":"2021-09-28T14:15:38+00:00","description":"Odd\u00fdchnite si v pr\u00edjemnej atmosf\u00e9re hotelov\u00e9ho wellness, doprajte si ni\u010d\u00edm neru\u0161en\u00fd relax. K dispoz\u00edcii je pre V\u00e1s v\u00edrivka, parn\u00e1 sauna a such\u00e1 sauna.","breadcrumb":{"@id":"https:\/\/www.hotelkastiel.sk\/wellness\/wellness-spa-on-tv\/#breadcrumb"},"inLanguage":"en-GB","potentialAction":[{"@type":"ReadAction","target":["https:\/\/www.hotelkastiel.sk\/wellness\/wellness-spa-on-tv\/"]}]},{"@type":"ImageObject","inLanguage":"en-GB","@id":"https:\/\/www.hotelkastiel.sk\/wellness\/wellness-spa-on-tv\/#primaryimage","url":"https:\/\/www.hotelkastiel.sk\/wp-content\/uploads\/2019\/07\/foto-Brano-Molnar_DSC7743.jpg","contentUrl":"https:\/\/www.hotelkastiel.sk\/wp-content\/uploads\/2019\/07\/foto-Brano-Molnar_DSC7743.jpg","width":1500,"height":1001,"caption":"Wellness"},{"@type":"BreadcrumbList","@id":"https:\/\/www.hotelkastiel.sk\/wellness\/wellness-spa-on-tv\/#breadcrumb","itemListElement":[{"@type":"ListItem","position":1,"name":"Home","item":"https:\/\/www.hotelkastiel.sk\/"},{"@type":"ListItem","position":2,"name":"Wellness &#038; Spa","item":"https:\/\/www.hotelkastiel.sk\/wellness\/"},{"@type":"ListItem","position":3,"name":"Wellness &#038; Spa on TV"}]},{"@type":"WebSite","@id":"https:\/\/www.hotelkastiel.sk\/#website","url":"https:\/\/www.hotelkastiel.sk\/","name":"Art Hotel Ka\u0161tie\u013e, Tom\u00e1\u0161ov","description":"","publisher":{"@id":"https:\/\/www.hotelkastiel.sk\/#organization"},"potentialAction":[{"@type":"SearchAction","target":{"@type":"EntryPoint","urlTemplate":"https:\/\/www.hotelkastiel.sk\/?s={search_term_string}"},"query-input":{"@type":"PropertyValueSpecification","valueRequired":true,"valueName":"search_term_string"}}],"inLanguage":"en-GB"},{"@type":"Organization","@id":"https:\/\/www.hotelkastiel.sk\/#organization","name":"Art Hotel Ka\u0161tie\u013e, Tom\u00e1\u0161ov","url":"https:\/\/www.hotelkastiel.sk\/","logo":{"@type":"ImageObject","inLanguage":"en-GB","@id":"https:\/\/www.hotelkastiel.sk\/#\/schema\/logo\/image\/","url":"https:\/\/www.hotelkastiel.sk\/wp-content\/uploads\/2018\/07\/logo-header.png","contentUrl":"https:\/\/www.hotelkastiel.sk\/wp-content\/uploads\/2018\/07\/logo-header.png","width":1289,"height":936,"caption":"Art Hotel Ka\u0161tie\u013e, Tom\u00e1\u0161ov"},"image":{"@id":"https:\/\/www.hotelkastiel.sk\/#\/schema\/logo\/image\/"},"sameAs":["http:\/\/facebook.com\/hotelkastiel\/","http:\/\/instagram.com\/hotelkastiel\/","https:\/\/www.linkedin.com\/company\/art-hotel-kastiel-tomasov\/?viewAsMember=true","https:\/\/www.youtube.com\/playlist?list=PLvlDIzNKGgpSADkmHpsw4owU0JUOEXfhn","https:\/\/sk.wikipedia.org\/wiki\/Ka\u0161tie\u013e_v_Tom\u00e1\u0161ove"]}]}},"_links":{"self":[{"href":"https:\/\/www.hotelkastiel.sk\/en\/wp-json\/wp\/v2\/pages\/7474","targetHints":{"allow":["GET"]}}],"collection":[{"href":"https:\/\/www.hotelkastiel.sk\/en\/wp-json\/wp\/v2\/pages"}],"about":[{"href":"https:\/\/www.hotelkastiel.sk\/en\/wp-json\/wp\/v2\/types\/page"}],"author":[{"embeddable":true,"href":"https:\/\/www.hotelkastiel.sk\/en\/wp-json\/wp\/v2\/users\/8"}],"replies":[{"embeddable":true,"href":"https:\/\/www.hotelkastiel.sk\/en\/wp-json\/wp\/v2\/comments?post=7474"}],"version-history":[{"count":0,"href":"https:\/\/www.hotelkastiel.sk\/en\/wp-json\/wp\/v2\/pages\/7474\/revisions"}],"up":[{"embeddable":true,"href":"https:\/\/www.hotelkastiel.sk\/en\/wp-json\/wp\/v2\/pages\/109"}],"wp:featuredmedia":[{"embeddable":true,"href":"https:\/\/www.hotelkastiel.sk\/en\/wp-json\/wp\/v2\/media\/5249"}],"wp:attachment":[{"href":"https:\/\/www.hotelkastiel.sk\/en\/wp-json\/wp\/v2\/media?parent=7474"}],"curies":[{"name":"wp","href":"https:\/\/api.w.org\/{rel}","templated":true}]}}