{"id":7654,"date":"2021-09-28T15:18:11","date_gmt":"2021-09-28T14:18:11","guid":{"rendered":"https:\/\/www.hotelkastiel.sk\/?page_id=7654"},"modified":"2026-03-23T11:19:36","modified_gmt":"2026-03-23T10:19:36","slug":"a-la-carte","status":"publish","type":"page","link":"https:\/\/www.hotelkastiel.sk\/en\/a-la-carte\/","title":{"rendered":"\u00e0 la carte"},"content":{"rendered":"<div class=\"vc_row wpb_row vc_row-fluid\">\n\t\t\t\t\n<div class=\"wpb_column vc_column_container vc_col-sm-12 vc_col-lg-offset-2 vc_col-lg-8 vc_col-md-offset-2 vc_col-md-8\"><div class=\"vc_column-inner\"><div class=\"wpb_wrapper\">\n\t<div class=\"wpb_text_column wpb_content_element\" >\n\t\t<div class=\"wpb_wrapper\">\n\t\t\t<div class=\"fleurdesel-heading vc_custom_1548944345939 text-center\">\n<p class=\"fleurdesel__meta font-600 text-color-1\">See our \u00e0 la carte menu<\/p>\n<h2 class=\"fleurdesel__title h1 fz-Default\">\u00e0 la carte<\/h2>\n<\/div>\n\n\t\t<\/div>\n\t<\/div>\n<div class=\"vc_empty_space\"   style=\"height: 52px\" ><span class=\"vc_empty_space_inner\"><\/span><\/div>\n<div class=\"wpb_gallery wpb_content_element vc_clearfix\" ><div class=\"wpb_wrapper\"><div class=\"wpb_gallery_slides wpb_flexslider flexslider_fade flexslider\" data-interval=\"3\" data-flex_fx=\"fade\"><ul class=\"slides\"><li><a class=\"prettyphoto\" href=\"https:\/\/www.hotelkastiel.sk\/wp-content\/uploads\/2024\/03\/IMG_9667-1-1024x683.jpg\" data-rel=\"prettyPhoto[rel-7654-1641606883]\"><img loading=\"lazy\" decoding=\"async\" width=\"750\" height=\"500\" src=\"https:\/\/www.hotelkastiel.sk\/wp-content\/uploads\/2024\/03\/IMG_9667-1-1024x683.jpg\" class=\"attachment-large\" alt=\"\" srcset=\"https:\/\/www.hotelkastiel.sk\/wp-content\/uploads\/2024\/03\/IMG_9667-1-1024x683.jpg 1024w, https:\/\/www.hotelkastiel.sk\/wp-content\/uploads\/2024\/03\/IMG_9667-1-300x200.jpg 300w, https:\/\/www.hotelkastiel.sk\/wp-content\/uploads\/2024\/03\/IMG_9667-1-768x512.jpg 768w, https:\/\/www.hotelkastiel.sk\/wp-content\/uploads\/2024\/03\/IMG_9667-1-1536x1024.jpg 1536w, https:\/\/www.hotelkastiel.sk\/wp-content\/uploads\/2024\/03\/IMG_9667-1-2048x1365.jpg 2048w, https:\/\/www.hotelkastiel.sk\/wp-content\/uploads\/2024\/03\/IMG_9667-1-600x400.jpg 600w, https:\/\/www.hotelkastiel.sk\/wp-content\/uploads\/2024\/03\/IMG_9667-1-900x600.jpg 900w\" sizes=\"auto, (max-width: 750px) 100vw, 750px\" \/><\/a><\/li><li><a class=\"prettyphoto\" href=\"https:\/\/www.hotelkastiel.sk\/wp-content\/uploads\/2024\/03\/IMG_9676-2-1024x683.jpg\" data-rel=\"prettyPhoto[rel-7654-1641606883]\"><img loading=\"lazy\" decoding=\"async\" width=\"750\" height=\"500\" src=\"https:\/\/www.hotelkastiel.sk\/wp-content\/uploads\/2024\/03\/IMG_9676-2-1024x683.jpg\" class=\"attachment-large\" alt=\"\" srcset=\"https:\/\/www.hotelkastiel.sk\/wp-content\/uploads\/2024\/03\/IMG_9676-2-1024x683.jpg 1024w, https:\/\/www.hotelkastiel.sk\/wp-content\/uploads\/2024\/03\/IMG_9676-2-300x200.jpg 300w, https:\/\/www.hotelkastiel.sk\/wp-content\/uploads\/2024\/03\/IMG_9676-2-768x512.jpg 768w, https:\/\/www.hotelkastiel.sk\/wp-content\/uploads\/2024\/03\/IMG_9676-2-1536x1024.jpg 1536w, https:\/\/www.hotelkastiel.sk\/wp-content\/uploads\/2024\/03\/IMG_9676-2-2048x1365.jpg 2048w, https:\/\/www.hotelkastiel.sk\/wp-content\/uploads\/2024\/03\/IMG_9676-2-600x400.jpg 600w, https:\/\/www.hotelkastiel.sk\/wp-content\/uploads\/2024\/03\/IMG_9676-2-900x600.jpg 900w\" sizes=\"auto, (max-width: 750px) 100vw, 750px\" \/><\/a><\/li><li><a class=\"prettyphoto\" href=\"https:\/\/www.hotelkastiel.sk\/wp-content\/uploads\/2024\/03\/IMG_9710-1-1024x1024.jpg\" data-rel=\"prettyPhoto[rel-7654-1641606883]\"><img loading=\"lazy\" decoding=\"async\" width=\"750\" height=\"750\" src=\"https:\/\/www.hotelkastiel.sk\/wp-content\/uploads\/2024\/03\/IMG_9710-1-1024x1024.jpg\" class=\"attachment-large\" alt=\"\" srcset=\"https:\/\/www.hotelkastiel.sk\/wp-content\/uploads\/2024\/03\/IMG_9710-1-1024x1024.jpg 1024w, https:\/\/www.hotelkastiel.sk\/wp-content\/uploads\/2024\/03\/IMG_9710-1-300x300.jpg 300w, https:\/\/www.hotelkastiel.sk\/wp-content\/uploads\/2024\/03\/IMG_9710-1-150x150.jpg 150w, https:\/\/www.hotelkastiel.sk\/wp-content\/uploads\/2024\/03\/IMG_9710-1-768x768.jpg 768w, https:\/\/www.hotelkastiel.sk\/wp-content\/uploads\/2024\/03\/IMG_9710-1-1536x1536.jpg 1536w, https:\/\/www.hotelkastiel.sk\/wp-content\/uploads\/2024\/03\/IMG_9710-1-2048x2048.jpg 2048w\" sizes=\"auto, (max-width: 750px) 100vw, 750px\" \/><\/a><\/li><li><a class=\"prettyphoto\" href=\"https:\/\/www.hotelkastiel.sk\/wp-content\/uploads\/2024\/03\/IMG_9776-1-1024x683.jpg\" data-rel=\"prettyPhoto[rel-7654-1641606883]\"><img loading=\"lazy\" decoding=\"async\" width=\"750\" height=\"500\" src=\"https:\/\/www.hotelkastiel.sk\/wp-content\/uploads\/2024\/03\/IMG_9776-1-1024x683.jpg\" class=\"attachment-large\" alt=\"\" srcset=\"https:\/\/www.hotelkastiel.sk\/wp-content\/uploads\/2024\/03\/IMG_9776-1-1024x683.jpg 1024w, https:\/\/www.hotelkastiel.sk\/wp-content\/uploads\/2024\/03\/IMG_9776-1-300x200.jpg 300w, https:\/\/www.hotelkastiel.sk\/wp-content\/uploads\/2024\/03\/IMG_9776-1-768x512.jpg 768w, https:\/\/www.hotelkastiel.sk\/wp-content\/uploads\/2024\/03\/IMG_9776-1-1536x1024.jpg 1536w, https:\/\/www.hotelkastiel.sk\/wp-content\/uploads\/2024\/03\/IMG_9776-1-2048x1365.jpg 2048w, https:\/\/www.hotelkastiel.sk\/wp-content\/uploads\/2024\/03\/IMG_9776-1-600x400.jpg 600w, https:\/\/www.hotelkastiel.sk\/wp-content\/uploads\/2024\/03\/IMG_9776-1-900x600.jpg 900w\" sizes=\"auto, (max-width: 750px) 100vw, 750px\" \/><\/a><\/li><li><a class=\"prettyphoto\" href=\"https:\/\/www.hotelkastiel.sk\/wp-content\/uploads\/2024\/03\/IMG_9820-1-1024x683.jpg\" data-rel=\"prettyPhoto[rel-7654-1641606883]\"><img loading=\"lazy\" decoding=\"async\" width=\"750\" height=\"500\" src=\"https:\/\/www.hotelkastiel.sk\/wp-content\/uploads\/2024\/03\/IMG_9820-1-1024x683.jpg\" class=\"attachment-large\" alt=\"\" srcset=\"https:\/\/www.hotelkastiel.sk\/wp-content\/uploads\/2024\/03\/IMG_9820-1-1024x683.jpg 1024w, https:\/\/www.hotelkastiel.sk\/wp-content\/uploads\/2024\/03\/IMG_9820-1-300x200.jpg 300w, https:\/\/www.hotelkastiel.sk\/wp-content\/uploads\/2024\/03\/IMG_9820-1-768x512.jpg 768w, https:\/\/www.hotelkastiel.sk\/wp-content\/uploads\/2024\/03\/IMG_9820-1-1536x1024.jpg 1536w, https:\/\/www.hotelkastiel.sk\/wp-content\/uploads\/2024\/03\/IMG_9820-1-2048x1365.jpg 2048w, https:\/\/www.hotelkastiel.sk\/wp-content\/uploads\/2024\/03\/IMG_9820-1-600x400.jpg 600w, https:\/\/www.hotelkastiel.sk\/wp-content\/uploads\/2024\/03\/IMG_9820-1-900x600.jpg 900w\" sizes=\"auto, (max-width: 750px) 100vw, 750px\" \/><\/a><\/li><\/ul><\/div><\/div><\/div><\/div><\/div><\/div><\/div><div class=\"vc_row wpb_row vc_row-fluid\">\n\t\t\t\t\n<div class=\"wpb_column vc_column_container vc_col-sm-12\"><div class=\"vc_column-inner\"><div class=\"wpb_wrapper\">\n\t<div class=\"wpb_text_column wpb_content_element\" >\n\t\t<div class=\"wpb_wrapper\">\n\t\t\t<table width=\"1117\">\n<tbody>\n<tr>\n<td colspan=\"3\" width=\"1117\">Predjedl\u00e1\/Appetizers<\/td>\n<\/tr>\n<tr>\n<td>100g<\/td>\n<td>Konfit z hov\u00e4dzieho jazyka (Pavlice), \u0161alotka, kvaka, korenen\u00e1 pena, dom\u00e1ci kavi\u00e1r z hor\u010di\u010dn\u00fdch z\u0155n (7, 10)<\/td>\n<td>10,90 \u20ac<\/td>\n<\/tr>\n<tr>\n<td>100g<\/td>\n<td>Beef Tongue Confit (Pavlice), shallot, kohlrabi, spiced foam, homemade mustard seed caviar (7, 10)<\/td>\n<td>10,90 \u20ac<\/td>\n<\/tr>\n<tr>\n<td>100g<\/td>\n<td>Mie\u0161an\u00fd ov\u010d\u00ed syr s bylinkami (\u010cerven\u00fd Kame\u0148), hru\u0161ka, pasta zo su\u0161en\u00fdch sliviek, re\u010fkovka, amarant (7)<\/td>\n<td>9,90 \u20ac<\/td>\n<\/tr>\n<tr>\n<td>100g<\/td>\n<td>Mixed sheep cheese with herbs, pear, dried plum paste, radish, amaranth (7)<\/td>\n<td>9,90 \u20ac<\/td>\n<\/tr>\n<tr>\n<td colspan=\"3\">Polievky\/Soups<\/td>\n<\/tr>\n<tr>\n<td>0,33l<\/td>\n<td>Siln\u00fd v\u00fdvar z hov\u00e4dzieho pierka (podplecie), bylinkov\u00e1 zelenina, m\u00e4so, dom\u00e1ce krupicov\u00e9 drolky (1, 3, 9)<\/td>\n<td>5,90 \u20ac<\/td>\n<\/tr>\n<tr>\n<td>0,33l<\/td>\n<td>Rich beef broth, herb vegetable, meat, homemade semolina crumbs (1, 3, 9)<\/td>\n<td>5,90 \u20ac<\/td>\n<\/tr>\n<tr>\n<td>0,33l<\/td>\n<td>Mlad\u00fd hr\u00e1\u0161ok a z\u00e1zvor, str\u00fahanka z pra\u017eenej cibu\u013eky, \u017eerv\u00e9, m\u00e4tov\u00fd olej (1, 7)<\/td>\n<td>5,90 \u20ac<\/td>\n<\/tr>\n<tr>\n<td>0,33l<\/td>\n<td>Young Peas and Ginger, toasted onion crumb, gervais, mint oil (1, 7)<\/td>\n<td>5,90 \u20ac<\/td>\n<\/tr>\n<tr>\n<td>0,33l<\/td>\n<td>Polievka pod\u013ea ponuky d\u0148a (obsah alerg\u00e9nov na vy\u017eiadanie)<\/td>\n<td>5,50 \u20ac<\/td>\n<\/tr>\n<tr>\n<td>0,33l<\/td>\n<td>Soup according to the daily offer, (allergen content available upon request)<\/td>\n<td>5,50 \u20ac<\/td>\n<\/tr>\n<tr>\n<td colspan=\"3\">Hlavn\u00e9 jedl\u00e1\/Main course<\/td>\n<\/tr>\n<tr>\n<td>200g<\/td>\n<td>Farm\u00e1rske kuracie prsia a pancetta (Topo\u013enica), kroketa, zelen\u00e1 \u0161parg\u013ea, lisovan\u00fd pe\u010den\u00fd karfiol, topen\u00fd horsk\u00fd syr Comt\u00e9 (1, 3, 7)<\/td>\n<td>19,90 \u20ac<\/td>\n<\/tr>\n<tr>\n<td>200g<\/td>\n<td>Farm Chicken Breasts and Pancetta, croquette, green asparagus, pressed baked cauliflower, melted Comt\u00e9 cheese (1, 3, 7)<\/td>\n<td>19,90 \u20ac<\/td>\n<\/tr>\n<tr>\n<td>250g<\/td>\n<td>Suvidovan\u00e1 brav\u010dov\u00e1 panenka (plemeno Duroc), hokkaido a brokolica, \u00faden\u00e1 hor\u010dica, zemiakov\u00e9 pyr\u00e9 s rozmar\u00ednom (7, 9, 10)<\/td>\n<td>21,90 \u20ac<\/td>\n<\/tr>\n<tr>\n<td>250g<\/td>\n<td>Sous-vide Pork Tenderloin (Duroc Breed), hokkaido and broccoli, smoked mustard, rosemary mashed potatoes (7, 9, 10)<\/td>\n<td>21,90 \u20ac<\/td>\n<\/tr>\n<tr>\n<td>200g<\/td>\n<td>Konfitovan\u00fd hov\u00e4dz\u00ed brisket na cesnaku so \u0161alviou (hru\u010f, n\u00edzka \u010das\u0165 flat), zelerov\u00e9 pyr\u00e9 s tymi\u00e1nom, huba eringh, kore\u0148ov\u00e1 zelenina na masle (7, 9, 19)<\/td>\n<td>23,00 \u20ac<\/td>\n<\/tr>\n<tr>\n<td>200g<\/td>\n<td>Beef Brisket Confit with Garlic and Sage (flat cut), thyme celeriac pur\u00e9e, king oyster mushroom, buttered root vegetables (7, 9, 19)<\/td>\n<td>23,00 \u20ac<\/td>\n<\/tr>\n<tr>\n<td>250g<\/td>\n<td>Suvidovan\u00fd steak z b\u00fdka a kr\u00e9m z pra\u017een\u00e9ho korenia (Myjava), pav\u00e9 \u2013 zemiakov\u00e1 terinka, zlat\u00e1 cvikla, brokolica, mlad\u00e1 karotka (7, 9)<\/td>\n<td>36,90 \u20ac<\/td>\n<\/tr>\n<tr>\n<td>250g<\/td>\n<td>Sous-vide Beef Filet Mignon and Roasted Pepper Cream, pav\u00e9 \u2013 potato terrine, golden beetroot, broccolli, baby carrot (7,9)<\/td>\n<td>36,90 \u20ac<\/td>\n<\/tr>\n<tr>\n<td colspan=\"3\">Ryby\/Fishes<\/td>\n<\/tr>\n<tr>\n<td>200g<\/td>\n<td>\u0160\u0165uka a\u00a0maslovka (beurre rouge), krupotto z \u010diernej \u0161o\u0161ovice a bio poh\u00e1nky, mlad\u00fd hr\u00e1\u0161ok, struky (4, 7, 15)<\/td>\n<td>19,90 \u20ac<\/td>\n<\/tr>\n<tr>\n<td>200g<\/td>\n<td>Pike with beurre rouge, black lentil and organic buckwheat krupotto, young peas, pods (4, 7, 15)<\/td>\n<td>19,90 \u20ac<\/td>\n<\/tr>\n<tr>\n<td colspan=\"3\">Cestoviny\/Pasta<\/td>\n<\/tr>\n<tr>\n<td>300g<\/td>\n<td>\u0160irok\u00e9 rezance (pappardelle), \u0161pen\u00e1tov\u00e9 maslo, kapary, pra\u017een\u00e9 p\u00edniov\u00e9 orie\u0161ky, Vr\u0161atec (1, 3, 7, 8)<\/td>\n<td>14,50 \u20ac<\/td>\n<\/tr>\n<tr>\n<td>300g<\/td>\n<td>Pappardelle, spinach butter, capers, toasted Pine nuts, cheese (1, 3, 7, 8)<\/td>\n<td>14,50 \u20ac<\/td>\n<\/tr>\n<tr>\n<td>300g<\/td>\n<td>Tvarohov\u00e9 \u0148oky (gnocchi), kr\u00e9m z restovan\u00fdch hr\u00edbikov, petr\u017elenov\u00e9 pesto, ka\u0161kaval (1, 3, 7, 19)<\/td>\n<td>15,90 \u20ac<\/td>\n<\/tr>\n<tr>\n<td>300g<\/td>\n<td>Ricotta-style gnocchi, mushroom cream, parsley pesto, cheese (1, 3, 7, 19)<\/td>\n<td>15,90 \u20ac<\/td>\n<\/tr>\n<tr>\n<td colspan=\"3\">Rizot\u00e1\/Risotto<\/td>\n<\/tr>\n<tr>\n<td>350g<\/td>\n<td>\u0160parg\u013eov\u00e9 rizoto, su\u0161en\u00e9 paradajky, avok\u00e1do, kr\u00e9mov\u00fd kravsk\u00fd syr (7)<\/td>\n<td>15,90 \u20ac<\/td>\n<\/tr>\n<tr>\n<td>350g<\/td>\n<td>Asparagus risotto, dried tomatoes, avocado, creamy cow\u00b4s cheese (7)<\/td>\n<td>15,90 \u20ac<\/td>\n<\/tr>\n<tr>\n<td>350g<\/td>\n<td>Hr\u00e1\u0161kov\u00e9 rizoto, grilovan\u00e1 te\u013eacia \u0161pi\u010dka, \u010derstv\u00fd major\u00e1n, p\u00f3r, chilli (7)<\/td>\n<td>17,90 \u20ac<\/td>\n<\/tr>\n<tr>\n<td>350g<\/td>\n<td>Pea risotto, grilled veal tip, fresh marjoram, leek, chilli (7)<\/td>\n<td>17,90 \u20ac<\/td>\n<\/tr>\n<tr>\n<td colspan=\"3\">Detsk\u00e9 menu\/Children\u00b4s menu<\/td>\n<\/tr>\n<tr>\n<td>150g<\/td>\n<td width=\"931\">Navrhnite si vlastn\u00e9 menu pre svoje deti pod\u013ea dostupnosti surov\u00edn alebo \u010dasovej n\u00e1ro\u010dnosti \u2013 bezm\u00e4sit\u00e9 (sladk\u00e9, slan\u00e9)\/m\u00e4sit\u00e9<\/td>\n<td>8,00\u20ac\/11,00\u20ac<\/td>\n<\/tr>\n<tr>\n<td>150g<\/td>\n<td width=\"931\">If there is nothing on the menu that your kids do like they can request any food to ingredient availability<\/td>\n<td>8,00\u20ac\/11,00\u20ac<\/td>\n<\/tr>\n<tr>\n<td colspan=\"3\">\u0160al\u00e1ty\/Salads<\/td>\n<\/tr>\n<tr>\n<td>300g<\/td>\n<td width=\"931\">\u010cakankov\u00fd \u0161al\u00e1t a\u00a0modr\u00fd syr, jablko, \u010derven\u00fd grep, pekanov\u00e9 orechy, cvikla, bio jogurt, citrusov\u00fd preliv (7, 8, 15)<\/td>\n<td>14,50 \u20ac<\/td>\n<\/tr>\n<tr>\n<td>300g<\/td>\n<td width=\"931\">Chicory Salad with blue cheese, apple, red grapefruit, pecans, beetroot, organic yogurt, citrus dressing (7, 8, 15)<\/td>\n<td>14,50 \u20ac<\/td>\n<\/tr>\n<tr>\n<td>300g<\/td>\n<td width=\"931\">Listov\u00fd \u0161al\u00e1t a su\u0161en\u00e9 hov\u00e4dzie m\u00e4so, uhorka, cherry paradajky, avok\u00e1do, parmez\u00e1n, nakladan\u00e9 kapary v mede (7, 10, 15, 18)<\/td>\n<td>16,90 \u20ac<\/td>\n<\/tr>\n<tr>\n<td>300g<\/td>\n<td width=\"931\">Mixed Leaf Salad with dried Beef, cucumber, cherry tomatoes, avocado, parmesan, honey-pickled capers (7, 10, 15, 18)<\/td>\n<td>16,90 \u20ac<\/td>\n<\/tr>\n<tr>\n<td>150g<\/td>\n<td width=\"931\">Pr\u00edlohov\u00fd \u0161al\u00e1t &#8211; pod\u013ea vlastn\u00e9ho v\u00fdberu a\u00a0dostupnosti surov\u00edn<\/td>\n<td>8,00 \u20ac<\/td>\n<\/tr>\n<tr>\n<td>150g<\/td>\n<td width=\"931\">Side salad, you can request any vegetable to ingredient availability<\/td>\n<td>8,00 \u20ac<\/td>\n<\/tr>\n<tr>\n<td colspan=\"3\">Dezerty\/Deserts<\/td>\n<\/tr>\n<tr>\n<td>100g<\/td>\n<td width=\"931\">Pist\u00e1ciov\u00e1 pralinka, ganache z\u00a0bielej \u010dokol\u00e1dy, snehov\u00e1 pusinka, vi\u0161\u0148a a klin\u010dek (3, 7, 8, 16)<\/td>\n<td>8,90 \u20ac<\/td>\n<\/tr>\n<tr>\n<td>100g<\/td>\n<td width=\"931\">Pistachio Praline, white chocolate ganache, meringue, cherry and clove (3, 7, 8, 16)<\/td>\n<td>8,90 \u20ac<\/td>\n<\/tr>\n<tr>\n<td>100g<\/td>\n<td width=\"931\">\u010cu\u010doriedkov\u00e1 terinka, zemina z\u00a0pra\u017een\u00fdch lieskovcov, brusnicov\u00fd g\u00e9l, \u013eadov\u00fd pern\u00edk (1, 3, 7, 16, 17)<\/td>\n<td>8,90 \u20ac<\/td>\n<\/tr>\n<tr>\n<td>100g<\/td>\n<td width=\"931\">Blueberry Terrine, toasted hazelnut soil, cranberry gel, iced gingerbread (1, 3, 7, 16, 17)<\/td>\n<td>8,90 \u20ac<\/td>\n<\/tr>\n<tr>\n<td>100g<\/td>\n<td width=\"931\">Dezert pod\u013ea dennej ponuky (obsah alerg\u00e9nov na vy\u017eiadanie)<\/td>\n<td>8,90 \u20ac<\/td>\n<\/tr>\n<tr>\n<td>100g<\/td>\n<td width=\"931\">Dessert of the day<\/td>\n<td>8,90 \u20ac<\/td>\n<\/tr>\n<tr>\n<td colspan=\"3\">Pochutiny\/Snacks<\/td>\n<\/tr>\n<tr>\n<td>250g<\/td>\n<td width=\"931\">Vari\u00e1cie syrov (pre 2 osoby) &#8211; vybran\u00e9 druhy slovensk\u00fdch a\u00a0zahrani\u010dn\u00fdch syrov s l\u00fa\u010dnym medom, orechami a ovoc\u00edm (7, 8, 17, 18)<\/td>\n<td>24,90 \u20ac<\/td>\n<\/tr>\n<tr>\n<td>250g<\/td>\n<td width=\"931\">Cheese platter (for 2) &#8211; Selected types of Slovak and foreign cheeses with honey, nuts and fruits (7, 8, 17, 18)<\/td>\n<td>24,90 \u20ac<\/td>\n<\/tr>\n<tr>\n<td>250g<\/td>\n<td width=\"931\">Vari\u00e1cie m\u00e4sov\u00fdch n\u00e1rezov (pre 2 osoby) &#8211; su\u0161en\u00fd a \u00faden\u00fd m\u00e4sov\u00fd n\u00e1rez, dom\u00e1ce pesto, olivy, su\u0161en\u00e9 paradajky, \u010derstv\u00e1 zelenina (7, 8)<\/td>\n<td>24,90 \u20ac<\/td>\n<\/tr>\n<tr>\n<td>250g<\/td>\n<td width=\"931\">Sliced meat platter (for 2) &#8211; Selected types of sliced dried and smoked meats with pesto, olives, dried tomatoes (7, 8)<\/td>\n<td>24,90 \u20ac<\/td>\n<\/tr>\n<tr>\n<td>100g<\/td>\n<td width=\"931\">Pra\u017een\u00e9 a solen\u00e9 mandle (8)<\/td>\n<td>6,00 \u20ac<\/td>\n<\/tr>\n<tr>\n<td>100g<\/td>\n<td width=\"931\">Roasted and Salted Almonds (8)<\/td>\n<td>6,00 \u20ac<\/td>\n<\/tr>\n<\/tbody>\n<\/table>\n\n\t\t<\/div>\n\t<\/div>\n<\/div><\/div><\/div><\/div>","protected":false},"excerpt":{"rendered":"Pozrite si na\u0161u ponuku \u00e0 la carte \u00e0 la carte Predjedl\u00e1\/Appetizers 100g Konfit z hov\u00e4dzieho jazyka (Pavlice), \u0161alotka, kvaka, korenen\u00e1 pena, dom\u00e1ci kavi\u00e1r z hor\u010di\u010dn\u00fdch z\u0155n (7, 10) 10,90 \u20ac 100g Beef Tongue Confit (Pavlice), shallot, kohlrabi, spiced foam, homemade mustard seed caviar (7, 10) 10,90 \u20ac 100g Mie\u0161an\u00fd ov\u010d\u00ed syr s bylinkami (\u010cerven\u00fd Kame\u0148), [...]","protected":false},"author":8,"featured_media":0,"parent":0,"menu_order":0,"comment_status":"closed","ping_status":"closed","template":"","meta":{"footnotes":""},"class_list":["post-7654","page","type-page","status-publish","hentry"],"yoast_head":"<!-- This site is optimized with the Yoast SEO plugin v27.4 - https:\/\/yoast.com\/product\/yoast-seo-wordpress\/ -->\n<title>\u00e0 la carte - Art Hotel Ka\u0161tie\u013e, Tom\u00e1\u0161ov<\/title>\n<meta name=\"robots\" content=\"index, follow, max-snippet:-1, max-image-preview:large, max-video-preview:-1\" \/>\n<link rel=\"canonical\" href=\"https:\/\/www.hotelkastiel.sk\/en\/a-la-carte\/\" \/>\n<meta property=\"og:locale\" content=\"en_GB\" \/>\n<meta property=\"og:type\" content=\"article\" \/>\n<meta property=\"og:title\" content=\"\u00e0 la carte - Art Hotel Ka\u0161tie\u013e, Tom\u00e1\u0161ov\" \/>\n<meta property=\"og:url\" content=\"https:\/\/www.hotelkastiel.sk\/en\/a-la-carte\/\" \/>\n<meta property=\"og:site_name\" content=\"Art Hotel Ka\u0161tie\u013e, Tom\u00e1\u0161ov\" \/>\n<meta property=\"article:publisher\" content=\"http:\/\/facebook.com\/hotelkastiel\/\" \/>\n<meta property=\"article:modified_time\" content=\"2026-03-23T10:19:36+00:00\" \/>\n<meta name=\"twitter:label1\" content=\"Estimated reading time\" \/>\n\t<meta name=\"twitter:data1\" content=\"5 minutes\" \/>\n<script type=\"application\/ld+json\" class=\"yoast-schema-graph\">{\"@context\":\"https:\\\/\\\/schema.org\",\"@graph\":[{\"@type\":\"WebPage\",\"@id\":\"https:\\\/\\\/www.hotelkastiel.sk\\\/a-la-carte\\\/\",\"url\":\"https:\\\/\\\/www.hotelkastiel.sk\\\/a-la-carte\\\/\",\"name\":\"\u00e0 la carte - Art Hotel Ka\u0161tie\u013e, Tom\u00e1\u0161ov\",\"isPartOf\":{\"@id\":\"https:\\\/\\\/www.hotelkastiel.sk\\\/#website\"},\"datePublished\":\"2021-09-28T14:18:11+00:00\",\"dateModified\":\"2026-03-23T10:19:36+00:00\",\"breadcrumb\":{\"@id\":\"https:\\\/\\\/www.hotelkastiel.sk\\\/a-la-carte\\\/#breadcrumb\"},\"inLanguage\":\"en-GB\",\"potentialAction\":[{\"@type\":\"ReadAction\",\"target\":[\"https:\\\/\\\/www.hotelkastiel.sk\\\/a-la-carte\\\/\"]}]},{\"@type\":\"BreadcrumbList\",\"@id\":\"https:\\\/\\\/www.hotelkastiel.sk\\\/a-la-carte\\\/#breadcrumb\",\"itemListElement\":[{\"@type\":\"ListItem\",\"position\":1,\"name\":\"Home\",\"item\":\"https:\\\/\\\/www.hotelkastiel.sk\\\/\"},{\"@type\":\"ListItem\",\"position\":2,\"name\":\"\u00e0 la carte\"}]},{\"@type\":\"WebSite\",\"@id\":\"https:\\\/\\\/www.hotelkastiel.sk\\\/#website\",\"url\":\"https:\\\/\\\/www.hotelkastiel.sk\\\/\",\"name\":\"Art Hotel Ka\u0161tie\u013e, Tom\u00e1\u0161ov\",\"description\":\"\",\"publisher\":{\"@id\":\"https:\\\/\\\/www.hotelkastiel.sk\\\/#organization\"},\"potentialAction\":[{\"@type\":\"SearchAction\",\"target\":{\"@type\":\"EntryPoint\",\"urlTemplate\":\"https:\\\/\\\/www.hotelkastiel.sk\\\/?s={search_term_string}\"},\"query-input\":{\"@type\":\"PropertyValueSpecification\",\"valueRequired\":true,\"valueName\":\"search_term_string\"}}],\"inLanguage\":\"en-GB\"},{\"@type\":\"Organization\",\"@id\":\"https:\\\/\\\/www.hotelkastiel.sk\\\/#organization\",\"name\":\"Art Hotel Ka\u0161tie\u013e, Tom\u00e1\u0161ov\",\"url\":\"https:\\\/\\\/www.hotelkastiel.sk\\\/\",\"logo\":{\"@type\":\"ImageObject\",\"inLanguage\":\"en-GB\",\"@id\":\"https:\\\/\\\/www.hotelkastiel.sk\\\/#\\\/schema\\\/logo\\\/image\\\/\",\"url\":\"https:\\\/\\\/www.hotelkastiel.sk\\\/wp-content\\\/uploads\\\/2018\\\/07\\\/logo-header.png\",\"contentUrl\":\"https:\\\/\\\/www.hotelkastiel.sk\\\/wp-content\\\/uploads\\\/2018\\\/07\\\/logo-header.png\",\"width\":1289,\"height\":936,\"caption\":\"Art Hotel Ka\u0161tie\u013e, Tom\u00e1\u0161ov\"},\"image\":{\"@id\":\"https:\\\/\\\/www.hotelkastiel.sk\\\/#\\\/schema\\\/logo\\\/image\\\/\"},\"sameAs\":[\"http:\\\/\\\/facebook.com\\\/hotelkastiel\\\/\",\"http:\\\/\\\/instagram.com\\\/hotelkastiel\\\/\",\"https:\\\/\\\/www.linkedin.com\\\/company\\\/art-hotel-kastiel-tomasov\\\/?viewAsMember=true\",\"https:\\\/\\\/www.youtube.com\\\/playlist?list=PLvlDIzNKGgpSADkmHpsw4owU0JUOEXfhn\",\"https:\\\/\\\/sk.wikipedia.org\\\/wiki\\\/Ka\u0161tie\u013e_v_Tom\u00e1\u0161ove\"]}]}<\/script>\n<!-- \/ Yoast SEO plugin. -->","yoast_head_json":{"title":"\u00e0 la carte - Art Hotel Ka\u0161tie\u013e, Tom\u00e1\u0161ov","robots":{"index":"index","follow":"follow","max-snippet":"max-snippet:-1","max-image-preview":"max-image-preview:large","max-video-preview":"max-video-preview:-1"},"canonical":"https:\/\/www.hotelkastiel.sk\/en\/a-la-carte\/","og_locale":"en_GB","og_type":"article","og_title":"\u00e0 la carte - Art Hotel Ka\u0161tie\u013e, Tom\u00e1\u0161ov","og_url":"https:\/\/www.hotelkastiel.sk\/en\/a-la-carte\/","og_site_name":"Art Hotel Ka\u0161tie\u013e, Tom\u00e1\u0161ov","article_publisher":"http:\/\/facebook.com\/hotelkastiel\/","article_modified_time":"2026-03-23T10:19:36+00:00","twitter_misc":{"Estimated reading time":"5 minutes"},"schema":{"@context":"https:\/\/schema.org","@graph":[{"@type":"WebPage","@id":"https:\/\/www.hotelkastiel.sk\/a-la-carte\/","url":"https:\/\/www.hotelkastiel.sk\/a-la-carte\/","name":"\u00e0 la carte - Art Hotel Ka\u0161tie\u013e, Tom\u00e1\u0161ov","isPartOf":{"@id":"https:\/\/www.hotelkastiel.sk\/#website"},"datePublished":"2021-09-28T14:18:11+00:00","dateModified":"2026-03-23T10:19:36+00:00","breadcrumb":{"@id":"https:\/\/www.hotelkastiel.sk\/a-la-carte\/#breadcrumb"},"inLanguage":"en-GB","potentialAction":[{"@type":"ReadAction","target":["https:\/\/www.hotelkastiel.sk\/a-la-carte\/"]}]},{"@type":"BreadcrumbList","@id":"https:\/\/www.hotelkastiel.sk\/a-la-carte\/#breadcrumb","itemListElement":[{"@type":"ListItem","position":1,"name":"Home","item":"https:\/\/www.hotelkastiel.sk\/"},{"@type":"ListItem","position":2,"name":"\u00e0 la carte"}]},{"@type":"WebSite","@id":"https:\/\/www.hotelkastiel.sk\/#website","url":"https:\/\/www.hotelkastiel.sk\/","name":"Art Hotel Ka\u0161tie\u013e, Tom\u00e1\u0161ov","description":"","publisher":{"@id":"https:\/\/www.hotelkastiel.sk\/#organization"},"potentialAction":[{"@type":"SearchAction","target":{"@type":"EntryPoint","urlTemplate":"https:\/\/www.hotelkastiel.sk\/?s={search_term_string}"},"query-input":{"@type":"PropertyValueSpecification","valueRequired":true,"valueName":"search_term_string"}}],"inLanguage":"en-GB"},{"@type":"Organization","@id":"https:\/\/www.hotelkastiel.sk\/#organization","name":"Art Hotel Ka\u0161tie\u013e, Tom\u00e1\u0161ov","url":"https:\/\/www.hotelkastiel.sk\/","logo":{"@type":"ImageObject","inLanguage":"en-GB","@id":"https:\/\/www.hotelkastiel.sk\/#\/schema\/logo\/image\/","url":"https:\/\/www.hotelkastiel.sk\/wp-content\/uploads\/2018\/07\/logo-header.png","contentUrl":"https:\/\/www.hotelkastiel.sk\/wp-content\/uploads\/2018\/07\/logo-header.png","width":1289,"height":936,"caption":"Art Hotel Ka\u0161tie\u013e, Tom\u00e1\u0161ov"},"image":{"@id":"https:\/\/www.hotelkastiel.sk\/#\/schema\/logo\/image\/"},"sameAs":["http:\/\/facebook.com\/hotelkastiel\/","http:\/\/instagram.com\/hotelkastiel\/","https:\/\/www.linkedin.com\/company\/art-hotel-kastiel-tomasov\/?viewAsMember=true","https:\/\/www.youtube.com\/playlist?list=PLvlDIzNKGgpSADkmHpsw4owU0JUOEXfhn","https:\/\/sk.wikipedia.org\/wiki\/Ka\u0161tie\u013e_v_Tom\u00e1\u0161ove"]}]}},"_links":{"self":[{"href":"https:\/\/www.hotelkastiel.sk\/en\/wp-json\/wp\/v2\/pages\/7654","targetHints":{"allow":["GET"]}}],"collection":[{"href":"https:\/\/www.hotelkastiel.sk\/en\/wp-json\/wp\/v2\/pages"}],"about":[{"href":"https:\/\/www.hotelkastiel.sk\/en\/wp-json\/wp\/v2\/types\/page"}],"author":[{"embeddable":true,"href":"https:\/\/www.hotelkastiel.sk\/en\/wp-json\/wp\/v2\/users\/8"}],"replies":[{"embeddable":true,"href":"https:\/\/www.hotelkastiel.sk\/en\/wp-json\/wp\/v2\/comments?post=7654"}],"version-history":[{"count":1,"href":"https:\/\/www.hotelkastiel.sk\/en\/wp-json\/wp\/v2\/pages\/7654\/revisions"}],"predecessor-version":[{"id":10257,"href":"https:\/\/www.hotelkastiel.sk\/en\/wp-json\/wp\/v2\/pages\/7654\/revisions\/10257"}],"wp:attachment":[{"href":"https:\/\/www.hotelkastiel.sk\/en\/wp-json\/wp\/v2\/media?parent=7654"}],"curies":[{"name":"wp","href":"https:\/\/api.w.org\/{rel}","templated":true}]}}