{"id":7767,"date":"2021-09-30T10:15:24","date_gmt":"2021-09-30T09:15:24","guid":{"rendered":"https:\/\/www.hotelkastiel.sk\/?page_id=7767"},"modified":"2021-09-30T12:24:25","modified_gmt":"2021-09-30T11:24:25","slug":"napojovy-listok-on-tv","status":"publish","type":"page","link":"https:\/\/www.hotelkastiel.sk\/en\/drink-menu\/napojovy-listok-on-tv\/","title":{"rendered":"N\u00e1pojov\u00fd l\u00edstok on TV"},"content":{"rendered":"<div data-post-id=\"7757\" class=\"insert-page insert-page-7757\"><h1 class='insert-page-title'>Drink menu<\/h1><div class=\"vc_row wpb_row vc_row-fluid\">\n\t\t\t\t\n<div class=\"wpb_column vc_column_container vc_col-sm-12 vc_col-lg-offset-2 vc_col-lg-8 vc_col-md-offset-2 vc_col-md-8\"><div class=\"vc_column-inner\"><div class=\"wpb_wrapper\"><div class=\"vc_empty_space\"   style=\"height: 52px\" ><span class=\"vc_empty_space_inner\"><\/span><\/div>\n\n\t<div class=\"wpb_text_column wpb_content_element\" >\n\t\t<div class=\"wpb_wrapper\">\n\t\t\t<div class=\"fleurdesel-heading vc_custom_1548944345939 text-center\">\n<p class=\"fleurdesel__meta font-600 text-color-1\">See our drink offer<\/p>\n<h2 class=\"fleurdesel__title h1 fz-Default\">Drink menu<\/h2>\n<\/div>\n\n\t\t<\/div>\n\t<\/div>\n<div class=\"vc_empty_space\"   style=\"height: 52px\" ><span class=\"vc_empty_space_inner\"><\/span><\/div>\n<\/div><\/div><\/div><\/div><div class=\"vc_row wpb_row vc_row-fluid\">\n\t\t\t\t\n<div class=\"wpb_column vc_column_container vc_col-sm-12\"><div class=\"vc_column-inner\"><div class=\"wpb_wrapper\">\n\t<div class=\"wpb_text_column wpb_content_element\" >\n\t\t<div class=\"wpb_wrapper\">\n\t\t\t<table width=\"971\">\n<tbody>\n<tr>\n<td colspan=\"3\" width=\"907\">Aperit\u00edvy\/Aperitives<\/td>\n<td width=\"64\"><\/td>\n<\/tr>\n<tr>\n<td>0,08l<\/td>\n<td>Martini Extra Dry<\/td>\n<td>3,90 \u20ac<\/td>\n<td><\/td>\n<\/tr>\n<tr>\n<td>0,08l<\/td>\n<td>Martini Bianco<\/td>\n<td>3,90 \u20ac<\/td>\n<td><\/td>\n<\/tr>\n<tr>\n<td>0,30l<\/td>\n<td>Campari &amp; Orange<\/td>\n<td>7,20 \u20ac<\/td>\n<td><\/td>\n<\/tr>\n<tr>\n<td>0,30l<\/td>\n<td>Aperol Spritz<\/td>\n<td>7,50 \u20ac<\/td>\n<td><\/td>\n<\/tr>\n<tr>\n<td colspan=\"3\">Rozlievan\u00e9 v\u00edna &amp; \u0160umiv\u00e9 v\u00edna\/Glass wines &amp; prossecco<\/td>\n<td><\/td>\n<\/tr>\n<tr>\n<td>0,1l<\/td>\n<td>V\u00edno pod\u013ea ponuky\/Wine by offer<\/td>\n<td>3,90 \u20ac<\/td>\n<td><\/td>\n<\/tr>\n<tr>\n<td>0,1l<\/td>\n<td>Prossecco pod\u013ea ponuky\/Prossecco by offer<\/td>\n<td>4,50 \u20ac<\/td>\n<td><\/td>\n<\/tr>\n<tr>\n<td colspan=\"3\">Exkluz\u00edvne slovensk\u00e9 p\u00e1lenky\/Exclusive Slovak distillates<\/td>\n<td><\/td>\n<\/tr>\n<tr>\n<td>0,04l<\/td>\n<td>Slivovica 52%<\/td>\n<td>5,50 \u20ac<\/td>\n<td><\/td>\n<\/tr>\n<tr>\n<td>0,04l<\/td>\n<td>Marhu\u013eovica 52%<\/td>\n<td>5,50 \u20ac<\/td>\n<td><\/td>\n<\/tr>\n<tr>\n<td>0,04l<\/td>\n<td>Hru\u0161kovica 52%<\/td>\n<td>5,50 \u20ac<\/td>\n<td><\/td>\n<\/tr>\n<tr>\n<td colspan=\"3\">Vodka<\/td>\n<td><\/td>\n<\/tr>\n<tr>\n<td>0,04l<\/td>\n<td>Finlandia<\/td>\n<td>4,50 \u20ac<\/td>\n<td><\/td>\n<\/tr>\n<tr>\n<td>0,04l<\/td>\n<td>Absolut<\/td>\n<td>4,50 \u20ac<\/td>\n<td><\/td>\n<\/tr>\n<tr>\n<td>0,04l<\/td>\n<td>Beluga Transatlantic<\/td>\n<td>7,90 \u20ac<\/td>\n<td><\/td>\n<\/tr>\n<tr>\n<td colspan=\"3\">Gin<\/td>\n<td><\/td>\n<\/tr>\n<tr>\n<td>0,04l<\/td>\n<td>Tanqueray<\/td>\n<td>4,50 \u20ac<\/td>\n<td><\/td>\n<\/tr>\n<tr>\n<td>0,04l<\/td>\n<td>Bombay Sapphire<\/td>\n<td>4,50 \u20ac<\/td>\n<td><\/td>\n<\/tr>\n<tr>\n<td>0,04l<\/td>\n<td>Slovensk\u00fd remeseln\u00fd Gin TOISON 47%\u00a0\u010dist\u00fd<\/td>\n<td>5,50 \u20ac<\/td>\n<td><\/td>\n<\/tr>\n<tr>\n<td>0,04l<\/td>\n<td>Slovensk\u00fd remeseln\u00fd Gin TOISON 38% RUBY RED<\/td>\n<td>5,50 \u20ac<\/td>\n<td><\/td>\n<\/tr>\n<tr>\n<td>0,04l<\/td>\n<td>Monkey Schwarzwald 47%<\/td>\n<td>9,90 \u20ac<\/td>\n<td><\/td>\n<\/tr>\n<tr>\n<td colspan=\"3\">Rum<\/td>\n<td><\/td>\n<\/tr>\n<tr>\n<td>0,04l<\/td>\n<td>Diplomatico Extra Anejo 12YO (Venezuela)<\/td>\n<td>8,90 \u20ac<\/td>\n<td><\/td>\n<\/tr>\n<tr>\n<td>0,04l<\/td>\n<td>Zacapa Centenario 23YO (Guatemala)<\/td>\n<td>9,90 \u20ac<\/td>\n<td><\/td>\n<\/tr>\n<tr>\n<td>0,04l<\/td>\n<td>Zacapa Centenario XO 25YO (Guatemala)<\/td>\n<td>18,50 \u20ac<\/td>\n<td><\/td>\n<\/tr>\n<tr>\n<td colspan=\"3\">\u0160k\u00f3tska whisky\/Scotch whiskey<\/td>\n<td><\/td>\n<\/tr>\n<tr>\n<td>0,04l<\/td>\n<td>Chivas Regal 12 y.o.<\/td>\n<td>4,90 \u20ac<\/td>\n<td><\/td>\n<\/tr>\n<tr>\n<td>0,04l<\/td>\n<td>Talisker 10 y.o.<\/td>\n<td>6,90 \u20ac<\/td>\n<td><\/td>\n<\/tr>\n<tr>\n<td>0,04l<\/td>\n<td>Glenfiddich 15 y.o.<\/td>\n<td>8,70 \u20ac<\/td>\n<td><\/td>\n<\/tr>\n<tr>\n<td colspan=\"3\">\u00cdrska whisky\/Irish whiskey<\/td>\n<td><\/td>\n<\/tr>\n<tr>\n<td>0,04l<\/td>\n<td>Jameson<\/td>\n<td>4,50 \u20ac<\/td>\n<td><\/td>\n<\/tr>\n<tr>\n<td>0,04l<\/td>\n<td>Tullamore Dew<\/td>\n<td>4,50 \u20ac<\/td>\n<td><\/td>\n<\/tr>\n<tr>\n<td colspan=\"3\">Tennessee whiskey<\/td>\n<td><\/td>\n<\/tr>\n<tr>\n<td>0,04l<\/td>\n<td>Jack Daniel\u00b4s<\/td>\n<td>4,50 \u20ac<\/td>\n<td><\/td>\n<\/tr>\n<tr>\n<td>0,04l<\/td>\n<td>Jack Daniel\u00b4s Single Barrel<\/td>\n<td>8,80 \u20ac<\/td>\n<td><\/td>\n<\/tr>\n<tr>\n<td colspan=\"3\">Cognac &amp; Brandy<\/td>\n<td><\/td>\n<\/tr>\n<tr>\n<td>0,04l<\/td>\n<td>Martell V.S.O.P.<\/td>\n<td>8,80 \u20ac<\/td>\n<td><\/td>\n<\/tr>\n<tr>\n<td>0,04l<\/td>\n<td>Martell X.O.<\/td>\n<td>27,90 \u20ac<\/td>\n<td><\/td>\n<\/tr>\n<tr>\n<td>0,04l<\/td>\n<td>Hennessy Fine<\/td>\n<td>8,20 \u20ac<\/td>\n<td><\/td>\n<\/tr>\n<tr>\n<td>0,04l<\/td>\n<td>Hennesy X.O.<\/td>\n<td>25,90 \u20ac<\/td>\n<td><\/td>\n<\/tr>\n<tr>\n<td>0,04l<\/td>\n<td>Remy Martin V.S.O.P.<\/td>\n<td>8,50 \u20ac<\/td>\n<td><\/td>\n<\/tr>\n<tr>\n<td>0,04l<\/td>\n<td>Remy Martin X.O.<\/td>\n<td>25,00 \u20ac<\/td>\n<td><\/td>\n<\/tr>\n<tr>\n<td>0,04l<\/td>\n<td>Karpatsk\u00e9 Brandy \u0160peci\u00e1l<\/td>\n<td>6,50 \u20ac<\/td>\n<td><\/td>\n<\/tr>\n<tr>\n<td colspan=\"3\">Lik\u00e9ry\/Liquers<\/td>\n<td><\/td>\n<\/tr>\n<tr>\n<td>0,04l<\/td>\n<td>Becherovka Original<\/td>\n<td>3,50 \u20ac<\/td>\n<td><\/td>\n<\/tr>\n<tr>\n<td>0,04l<\/td>\n<td>Jagermaister<\/td>\n<td>3,50 \u20ac<\/td>\n<td><\/td>\n<\/tr>\n<tr>\n<td colspan=\"3\">Pivo f\u013ea\u0161kov\u00e9\/Bottled beer<\/td>\n<td><\/td>\n<\/tr>\n<tr>\n<td>0,33l<\/td>\n<td>Pilsner Urquell 12<\/td>\n<td>4,00 \u20ac<\/td>\n<td><\/td>\n<\/tr>\n<tr>\n<td>0,33l<\/td>\n<td>ERB Svetl\u00fd le\u017eiak 10%\/Lager<\/td>\n<td>5,20 \u20ac<\/td>\n<td><\/td>\n<\/tr>\n<tr>\n<td>0,33l<\/td>\n<td>ERB Tmav\u00fd \u0161peci\u00e1l 13%\/Dark Special<\/td>\n<td>5,90 \u20ac<\/td>\n<td><\/td>\n<\/tr>\n<tr>\n<td>0,33l<\/td>\n<td>ERB Nealkoholick\u00fd\/Nonalcoholic<\/td>\n<td>4,70 \u20ac<\/td>\n<td><\/td>\n<\/tr>\n<tr>\n<td colspan=\"3\">Nealkoholick\u00e9 n\u00e1poje\/Soft beverages<\/td>\n<td><\/td>\n<\/tr>\n<tr>\n<td>0,25l<\/td>\n<td>Pepsi cola\/Pepsi cola max<\/td>\n<td>3,10 \u20ac<\/td>\n<td><\/td>\n<\/tr>\n<tr>\n<td>0,20l<\/td>\n<td>D\u017e\u00fas Rauch\/Rauch juice<\/td>\n<td>3,10 \u20ac<\/td>\n<td><\/td>\n<\/tr>\n<tr>\n<td>0,25l<\/td>\n<td>Vinea biela\/\u010derven\u00e1\/Grape drink<\/td>\n<td>3,10 \u20ac<\/td>\n<td><\/td>\n<\/tr>\n<tr>\n<td>0,20l<\/td>\n<td>Premium tonic<\/td>\n<td>4,90 \u20ac<\/td>\n<td><\/td>\n<\/tr>\n<tr>\n<td>0,25l<\/td>\n<td>Red Bull<\/td>\n<td>4,90 \u20ac<\/td>\n<td><\/td>\n<\/tr>\n<tr>\n<td colspan=\"3\">Miner\u00e1lna voda\/Mineral water<\/td>\n<td><\/td>\n<\/tr>\n<tr>\n<td>0,33l<\/td>\n<td>Tatransk\u00e1 miner\u00e1lka (s\u00fdten\u00e1)\/Mineral water from High Tatras (sparkling)<\/td>\n<td>3,10 \u20ac<\/td>\n<td><\/td>\n<\/tr>\n<tr>\n<td>0,33l<\/td>\n<td>Miner\u00e1lka Rajec (nes\u00fdten\u00e1, jemne s\u00fdten\u00e1)\/Mineral water Rajec (still, gently sparkling)<\/td>\n<td>3,10 \u20ac<\/td>\n<td><\/td>\n<\/tr>\n<tr>\n<td colspan=\"3\">\u010cerstv\u00e9 \u0161\u0165avy &amp; Limon\u00e1dy\/Fresh juices &amp; Lemonades<\/td>\n<td><\/td>\n<\/tr>\n<tr>\n<td>0,1l<\/td>\n<td>Fresh \u0161\u0165ava (pod\u013ea ponuky)\/Fresh juice (by offer)<\/td>\n<td>3,50 \u20ac<\/td>\n<td><\/td>\n<\/tr>\n<tr>\n<td>1l<\/td>\n<td>Filtrovan\u00e1 voda s\u00fdten\u00e1\/nes\u00fdten\u00e1\/Bottlw with sparkling\/still water<\/td>\n<td>4,50 \u20ac<\/td>\n<td><\/td>\n<\/tr>\n<tr>\n<td>0,4l<\/td>\n<td>Ka\u0161tie\u013ena limon\u00e1da (pod\u013ea ponuky)\/Homemade lemonade (by offer)<\/td>\n<td>5,50 \u20ac<\/td>\n<td><\/td>\n<\/tr>\n<tr>\n<td colspan=\"3\">K\u00e1va &amp; tepl\u00e9 n\u00e1poje\/Coffee and hot beverages<\/td>\n<td><\/td>\n<\/tr>\n<tr>\n<td>8g<\/td>\n<td>Ristretto\/Espresso\/Lungo<\/td>\n<td>3,10 \u20ac<\/td>\n<td><\/td>\n<\/tr>\n<tr>\n<td>16g<\/td>\n<td>Dvojit\u00e9 espresso\/Double espresso<\/td>\n<td>5,50 \u20ac<\/td>\n<td><\/td>\n<\/tr>\n<tr>\n<td>8g<\/td>\n<td>Cappucino<\/td>\n<td>4,10 \u20ac<\/td>\n<td><\/td>\n<\/tr>\n<tr>\n<td>8g<\/td>\n<td>Ka\u0161tie\u013ene Cappucino &#8211; extra ve\u013ek\u00e9\/Manor-house Cappucino &#8211; extra large<\/td>\n<td>4,90 \u20ac<\/td>\n<td><\/td>\n<\/tr>\n<tr>\n<td>8g<\/td>\n<td>Viedensk\u00e1 k\u00e1va<\/td>\n<td>4,50 \u20ac<\/td>\n<td><\/td>\n<\/tr>\n<tr>\n<td>8g<\/td>\n<td>Latte Macchiato<\/td>\n<td>4,10 \u20ac<\/td>\n<td><\/td>\n<\/tr>\n<tr>\n<td>0,3l<\/td>\n<td>\u010caj pod\u013ea aktu\u00e1lnej ponuky\/Tea by offer<\/td>\n<td>3,50 \u20ac<\/td>\n<td><\/td>\n<\/tr>\n<tr>\n<td>0,25l<\/td>\n<td>Ka\u0161tie\u013ene Chocolatte z pravej belgickej \u010dokol\u00e1dy &#8211; biela, mlie\u010dna, hork\u00e1\/Manor-house Chocolatte (white, milk, dark)<\/td>\n<td>4,50 \u20ac<\/td>\n<td><\/td>\n<\/tr>\n<\/tbody>\n<\/table>\n\n\t\t<\/div>\n\t<\/div>\n<\/div><\/div><\/div><\/div>\n<ul class='post-meta'>\n<li><span class='post-meta-key'>hefo_before:<\/span> 0<\/li>\n<li><span class='post-meta-key'>hefo_after:<\/span> 0<\/li>\n<li><span class='post-meta-key'>slide_template:<\/span> <\/li>\n<li><span class='post-meta-key'>fleurdesel_custom_layout:<\/span> a:1:{i:0;s:0:\"\";}<\/li>\n<li><span class='post-meta-key'>is_overwrite:<\/span> 0<\/li>\n<li><span class='post-meta-key'>meta_sidebar_area:<\/span> right<\/li>\n<li><span class='post-meta-key'>meta_sidebar_name:<\/span> sidebar-1<\/li>\n<li><span class='post-meta-key'>is_custom_page_title:<\/span> on<\/li>\n<li><span class='post-meta-key'>page_title_show:<\/span> on<\/li>\n<li><span class='post-meta-key'>page_title_bg_image_id:<\/span> 8007<\/li>\n<li><span class='post-meta-key'>page_title_bg_image:<\/span> https:\/\/www.hotelkastiel.sk\/wp-content\/uploads\/2021\/10\/napojovy-listok.jpg<\/li>\n<li><span class='post-meta-key'>bialty_cs_alt:<\/span> <\/li>\n<\/ul>\n<\/div>","protected":false},"excerpt":{"rendered":"Pozrite si na\u0161u ponuku N\u00e1pojov\u00fd l\u00edstok Aperit\u00edvy\/Aperitives 0,08l Martini Extra Dry 3,90 \u20ac 0,08l Martini Bianco 3,90 \u20ac 0,30l Campari &amp; Orange 7,20 \u20ac 0,30l Aperol Spritz 7,50 \u20ac Rozlievan\u00e9 v\u00edna &amp; \u0160umiv\u00e9 v\u00edna\/Glass wines &amp; prossecco 0,1l V\u00edno pod\u013ea ponuky\/Wine by offer 3,90 \u20ac 0,1l Prossecco pod\u013ea ponuky\/Prossecco by offer 4,50 \u20ac Exkluz\u00edvne slovensk\u00e9 [...]","protected":false},"author":8,"featured_media":0,"parent":7757,"menu_order":0,"comment_status":"closed","ping_status":"closed","template":"","meta":{"footnotes":""},"class_list":["post-7767","page","type-page","status-publish","hentry"],"yoast_head":"<!-- This site is optimized with the Yoast SEO plugin v27.4 - https:\/\/yoast.com\/product\/yoast-seo-wordpress\/ -->\n<title>N\u00e1pojov\u00fd l\u00edstok on TV - Art Hotel Ka\u0161tie\u013e, Tom\u00e1\u0161ov<\/title>\n<meta name=\"robots\" content=\"index, follow, max-snippet:-1, max-image-preview:large, max-video-preview:-1\" \/>\n<link rel=\"canonical\" href=\"https:\/\/www.hotelkastiel.sk\/en\/drink-menu\/napojovy-listok-on-tv\/\" \/>\n<meta property=\"og:locale\" content=\"en_GB\" \/>\n<meta property=\"og:type\" content=\"article\" \/>\n<meta property=\"og:title\" content=\"N\u00e1pojov\u00fd l\u00edstok on TV - Art Hotel Ka\u0161tie\u013e, Tom\u00e1\u0161ov\" \/>\n<meta property=\"og:url\" content=\"https:\/\/www.hotelkastiel.sk\/en\/drink-menu\/napojovy-listok-on-tv\/\" \/>\n<meta property=\"og:site_name\" content=\"Art Hotel Ka\u0161tie\u013e, Tom\u00e1\u0161ov\" \/>\n<meta property=\"article:publisher\" content=\"http:\/\/facebook.com\/hotelkastiel\/\" \/>\n<meta property=\"article:modified_time\" content=\"2021-09-30T11:24:25+00:00\" \/>\n<meta name=\"twitter:label1\" content=\"Estimated reading time\" \/>\n\t<meta name=\"twitter:data1\" content=\"1 minute\" \/>\n<script type=\"application\/ld+json\" class=\"yoast-schema-graph\">{\"@context\":\"https:\\\/\\\/schema.org\",\"@graph\":[{\"@type\":\"WebPage\",\"@id\":\"https:\\\/\\\/www.hotelkastiel.sk\\\/drink-menu\\\/napojovy-listok-on-tv\\\/\",\"url\":\"https:\\\/\\\/www.hotelkastiel.sk\\\/drink-menu\\\/napojovy-listok-on-tv\\\/\",\"name\":\"N\u00e1pojov\u00fd l\u00edstok on TV - Art Hotel Ka\u0161tie\u013e, Tom\u00e1\u0161ov\",\"isPartOf\":{\"@id\":\"https:\\\/\\\/www.hotelkastiel.sk\\\/#website\"},\"datePublished\":\"2021-09-30T09:15:24+00:00\",\"dateModified\":\"2021-09-30T11:24:25+00:00\",\"breadcrumb\":{\"@id\":\"https:\\\/\\\/www.hotelkastiel.sk\\\/drink-menu\\\/napojovy-listok-on-tv\\\/#breadcrumb\"},\"inLanguage\":\"en-GB\",\"potentialAction\":[{\"@type\":\"ReadAction\",\"target\":[\"https:\\\/\\\/www.hotelkastiel.sk\\\/drink-menu\\\/napojovy-listok-on-tv\\\/\"]}]},{\"@type\":\"BreadcrumbList\",\"@id\":\"https:\\\/\\\/www.hotelkastiel.sk\\\/drink-menu\\\/napojovy-listok-on-tv\\\/#breadcrumb\",\"itemListElement\":[{\"@type\":\"ListItem\",\"position\":1,\"name\":\"Home\",\"item\":\"https:\\\/\\\/www.hotelkastiel.sk\\\/\"},{\"@type\":\"ListItem\",\"position\":2,\"name\":\"N\u00e1pojov\u00fd l\u00edstok\",\"item\":\"https:\\\/\\\/www.hotelkastiel.sk\\\/drink-menu\\\/\"},{\"@type\":\"ListItem\",\"position\":3,\"name\":\"N\u00e1pojov\u00fd l\u00edstok on TV\"}]},{\"@type\":\"WebSite\",\"@id\":\"https:\\\/\\\/www.hotelkastiel.sk\\\/#website\",\"url\":\"https:\\\/\\\/www.hotelkastiel.sk\\\/\",\"name\":\"Art Hotel Ka\u0161tie\u013e, Tom\u00e1\u0161ov\",\"description\":\"\",\"publisher\":{\"@id\":\"https:\\\/\\\/www.hotelkastiel.sk\\\/#organization\"},\"potentialAction\":[{\"@type\":\"SearchAction\",\"target\":{\"@type\":\"EntryPoint\",\"urlTemplate\":\"https:\\\/\\\/www.hotelkastiel.sk\\\/?s={search_term_string}\"},\"query-input\":{\"@type\":\"PropertyValueSpecification\",\"valueRequired\":true,\"valueName\":\"search_term_string\"}}],\"inLanguage\":\"en-GB\"},{\"@type\":\"Organization\",\"@id\":\"https:\\\/\\\/www.hotelkastiel.sk\\\/#organization\",\"name\":\"Art Hotel Ka\u0161tie\u013e, Tom\u00e1\u0161ov\",\"url\":\"https:\\\/\\\/www.hotelkastiel.sk\\\/\",\"logo\":{\"@type\":\"ImageObject\",\"inLanguage\":\"en-GB\",\"@id\":\"https:\\\/\\\/www.hotelkastiel.sk\\\/#\\\/schema\\\/logo\\\/image\\\/\",\"url\":\"https:\\\/\\\/www.hotelkastiel.sk\\\/wp-content\\\/uploads\\\/2018\\\/07\\\/logo-header.png\",\"contentUrl\":\"https:\\\/\\\/www.hotelkastiel.sk\\\/wp-content\\\/uploads\\\/2018\\\/07\\\/logo-header.png\",\"width\":1289,\"height\":936,\"caption\":\"Art Hotel Ka\u0161tie\u013e, Tom\u00e1\u0161ov\"},\"image\":{\"@id\":\"https:\\\/\\\/www.hotelkastiel.sk\\\/#\\\/schema\\\/logo\\\/image\\\/\"},\"sameAs\":[\"http:\\\/\\\/facebook.com\\\/hotelkastiel\\\/\",\"http:\\\/\\\/instagram.com\\\/hotelkastiel\\\/\",\"https:\\\/\\\/www.linkedin.com\\\/company\\\/art-hotel-kastiel-tomasov\\\/?viewAsMember=true\",\"https:\\\/\\\/www.youtube.com\\\/playlist?list=PLvlDIzNKGgpSADkmHpsw4owU0JUOEXfhn\",\"https:\\\/\\\/sk.wikipedia.org\\\/wiki\\\/Ka\u0161tie\u013e_v_Tom\u00e1\u0161ove\"]}]}<\/script>\n<!-- \/ Yoast SEO plugin. -->","yoast_head_json":{"title":"N\u00e1pojov\u00fd l\u00edstok on TV - Art Hotel Ka\u0161tie\u013e, Tom\u00e1\u0161ov","robots":{"index":"index","follow":"follow","max-snippet":"max-snippet:-1","max-image-preview":"max-image-preview:large","max-video-preview":"max-video-preview:-1"},"canonical":"https:\/\/www.hotelkastiel.sk\/en\/drink-menu\/napojovy-listok-on-tv\/","og_locale":"en_GB","og_type":"article","og_title":"N\u00e1pojov\u00fd l\u00edstok on TV - Art Hotel Ka\u0161tie\u013e, Tom\u00e1\u0161ov","og_url":"https:\/\/www.hotelkastiel.sk\/en\/drink-menu\/napojovy-listok-on-tv\/","og_site_name":"Art Hotel Ka\u0161tie\u013e, Tom\u00e1\u0161ov","article_publisher":"http:\/\/facebook.com\/hotelkastiel\/","article_modified_time":"2021-09-30T11:24:25+00:00","twitter_misc":{"Estimated reading time":"1 minute"},"schema":{"@context":"https:\/\/schema.org","@graph":[{"@type":"WebPage","@id":"https:\/\/www.hotelkastiel.sk\/drink-menu\/napojovy-listok-on-tv\/","url":"https:\/\/www.hotelkastiel.sk\/drink-menu\/napojovy-listok-on-tv\/","name":"N\u00e1pojov\u00fd l\u00edstok on TV - Art Hotel Ka\u0161tie\u013e, Tom\u00e1\u0161ov","isPartOf":{"@id":"https:\/\/www.hotelkastiel.sk\/#website"},"datePublished":"2021-09-30T09:15:24+00:00","dateModified":"2021-09-30T11:24:25+00:00","breadcrumb":{"@id":"https:\/\/www.hotelkastiel.sk\/drink-menu\/napojovy-listok-on-tv\/#breadcrumb"},"inLanguage":"en-GB","potentialAction":[{"@type":"ReadAction","target":["https:\/\/www.hotelkastiel.sk\/drink-menu\/napojovy-listok-on-tv\/"]}]},{"@type":"BreadcrumbList","@id":"https:\/\/www.hotelkastiel.sk\/drink-menu\/napojovy-listok-on-tv\/#breadcrumb","itemListElement":[{"@type":"ListItem","position":1,"name":"Home","item":"https:\/\/www.hotelkastiel.sk\/"},{"@type":"ListItem","position":2,"name":"N\u00e1pojov\u00fd l\u00edstok","item":"https:\/\/www.hotelkastiel.sk\/drink-menu\/"},{"@type":"ListItem","position":3,"name":"N\u00e1pojov\u00fd l\u00edstok on TV"}]},{"@type":"WebSite","@id":"https:\/\/www.hotelkastiel.sk\/#website","url":"https:\/\/www.hotelkastiel.sk\/","name":"Art Hotel Ka\u0161tie\u013e, Tom\u00e1\u0161ov","description":"","publisher":{"@id":"https:\/\/www.hotelkastiel.sk\/#organization"},"potentialAction":[{"@type":"SearchAction","target":{"@type":"EntryPoint","urlTemplate":"https:\/\/www.hotelkastiel.sk\/?s={search_term_string}"},"query-input":{"@type":"PropertyValueSpecification","valueRequired":true,"valueName":"search_term_string"}}],"inLanguage":"en-GB"},{"@type":"Organization","@id":"https:\/\/www.hotelkastiel.sk\/#organization","name":"Art Hotel Ka\u0161tie\u013e, Tom\u00e1\u0161ov","url":"https:\/\/www.hotelkastiel.sk\/","logo":{"@type":"ImageObject","inLanguage":"en-GB","@id":"https:\/\/www.hotelkastiel.sk\/#\/schema\/logo\/image\/","url":"https:\/\/www.hotelkastiel.sk\/wp-content\/uploads\/2018\/07\/logo-header.png","contentUrl":"https:\/\/www.hotelkastiel.sk\/wp-content\/uploads\/2018\/07\/logo-header.png","width":1289,"height":936,"caption":"Art Hotel Ka\u0161tie\u013e, Tom\u00e1\u0161ov"},"image":{"@id":"https:\/\/www.hotelkastiel.sk\/#\/schema\/logo\/image\/"},"sameAs":["http:\/\/facebook.com\/hotelkastiel\/","http:\/\/instagram.com\/hotelkastiel\/","https:\/\/www.linkedin.com\/company\/art-hotel-kastiel-tomasov\/?viewAsMember=true","https:\/\/www.youtube.com\/playlist?list=PLvlDIzNKGgpSADkmHpsw4owU0JUOEXfhn","https:\/\/sk.wikipedia.org\/wiki\/Ka\u0161tie\u013e_v_Tom\u00e1\u0161ove"]}]}},"_links":{"self":[{"href":"https:\/\/www.hotelkastiel.sk\/en\/wp-json\/wp\/v2\/pages\/7767","targetHints":{"allow":["GET"]}}],"collection":[{"href":"https:\/\/www.hotelkastiel.sk\/en\/wp-json\/wp\/v2\/pages"}],"about":[{"href":"https:\/\/www.hotelkastiel.sk\/en\/wp-json\/wp\/v2\/types\/page"}],"author":[{"embeddable":true,"href":"https:\/\/www.hotelkastiel.sk\/en\/wp-json\/wp\/v2\/users\/8"}],"replies":[{"embeddable":true,"href":"https:\/\/www.hotelkastiel.sk\/en\/wp-json\/wp\/v2\/comments?post=7767"}],"version-history":[{"count":0,"href":"https:\/\/www.hotelkastiel.sk\/en\/wp-json\/wp\/v2\/pages\/7767\/revisions"}],"up":[{"embeddable":true,"href":"https:\/\/www.hotelkastiel.sk\/en\/wp-json\/wp\/v2\/pages\/7757"}],"wp:attachment":[{"href":"https:\/\/www.hotelkastiel.sk\/en\/wp-json\/wp\/v2\/media?parent=7767"}],"curies":[{"name":"wp","href":"https:\/\/api.w.org\/{rel}","templated":true}]}}