{"id":7933,"date":"2021-10-05T16:31:06","date_gmt":"2021-10-05T15:31:06","guid":{"rendered":"https:\/\/www.hotelkastiel.sk\/covid-informacia\/"},"modified":"2025-09-10T15:01:58","modified_gmt":"2025-09-10T14:01:58","slug":"malebny-tomasov","status":"publish","type":"page","link":"https:\/\/www.hotelkastiel.sk\/en\/malebny-tomasov\/","title":{"rendered":"Malebn\u00fd Tom\u00e1\u0161ov"},"content":{"rendered":"<div class=\"vc_row wpb_row vc_row-fluid\">\n\t\t\t\t\n<div class=\"wpb_column vc_column_container vc_col-sm-12\"><div class=\"vc_column-inner\"><div class=\"wpb_wrapper\"><div class=\"vc_empty_space\"   style=\"height: 32px\" ><span class=\"vc_empty_space_inner\"><\/span><\/div>\n\n\t<div class=\"wpb_text_column wpb_content_element\" >\n\t\t<div class=\"wpb_wrapper\">\n\t\t\t<p style=\"text-align: center;\">Spojte n\u00e1v\u0161tevu v\u00fdstavy s gurm\u00e1nskym z\u00e1\u017eitkom alebo si spr\u00edjemnite pobyt umen\u00edm.<\/p>\n<p style=\"text-align: center;\">Dovo\u013ete n\u00e1m, aby sme V\u00e1m s rados\u0165ou predstavili nov\u00fa v\u00fdstavu obrazov, ktor\u00e9 zachyt\u00e1vaj\u00fa malebn\u00fd Tom\u00e1\u0161ov v celej svojej kr\u00e1se.<\/p>\n<p style=\"text-align: center;\">Pr\u00ed\u010fte sa k n\u00e1m pokocha\u0165 umen\u00edm a spojte Va\u0161u n\u00e1v\u0161tevu s lahodnou ve\u010derou v na\u0161ej re\u0161taur\u00e1cii, vo\u0148avou k\u00e1vi\u010dkou v lobby bare alebo si jednoducho spr\u00edjemnite pobyt u n\u00e1s prehliadkou kr\u00e1snych umeleck\u00fdch diel, ktor\u00e9 pre n\u00e1s pripravili Jaroslav Nov\u00e1k, Kate Grishakova, Mykola Bodn\u00e1r a Ester Em\u00edlia Ksenzsigh pod z\u00e1\u0161titou Turuk &amp; Art Collective.<\/p>\n<p style=\"text-align: center;\">V\u00fdstavu si m\u00f4\u017eete pozrie\u0165 do 01.04. 2025 ka\u017ed\u00fd de\u0148 od 10:00 do 20:00 okrem dn\u00ed konania uzavret\u00fdch spolo\u010densk\u00fdch akci\u00ed, o ktor\u00fdch sa m\u00f4\u017eete vopred informova\u0165 telefonicky cez na\u0161u recepciu na \u010d\u00edsle +421 2 2090 9300.<\/p>\n\n\t\t<\/div>\n\t<\/div>\n<div class=\"vc_empty_space\"   style=\"height: 32px\" ><span class=\"vc_empty_space_inner\"><\/span><\/div>\n\n\t<div class=\"wpb_video_widget wpb_content_element vc_clearfix   vc_video-aspect-ratio-169 vc_video-el-width-100 vc_video-align-center\" >\n\t\t<div class=\"wpb_wrapper\">\n\t\t\t\n\t\t\t<div class=\"wpb_video_wrapper\"><iframe loading=\"lazy\" title=\"MALEBN\u00dd  TOM\u00c1\u0160OV\" width=\"750\" height=\"422\" src=\"https:\/\/www.youtube.com\/embed\/ymt-i-wMCzU?feature=oembed\" frameborder=\"0\" allow=\"accelerometer; autoplay; clipboard-write; encrypted-media; gyroscope; picture-in-picture; web-share\" referrerpolicy=\"strict-origin-when-cross-origin\" allowfullscreen><\/iframe><\/div>\n\t\t<\/div>\n\t<\/div>\n<div class=\"vc_empty_space\"   style=\"height: 32px\" ><span class=\"vc_empty_space_inner\"><\/span><\/div>\n<\/div><\/div><\/div><\/div><div class=\"vc_row wpb_row vc_row-fluid\">\n\t\t\t\t\n<div class=\"wpb_column vc_column_container vc_col-sm-12\"><div class=\"vc_column-inner\"><div class=\"wpb_wrapper\"><div class=\"wpb_gallery wpb_content_element vc_clearfix\" ><div class=\"wpb_wrapper\"><div class=\"wpb_gallery_slides wpb_flexslider flexslider_fade flexslider\" data-interval=\"3\" data-flex_fx=\"fade\"><ul class=\"slides\"><li><a class=\"prettyphoto\" href=\"https:\/\/www.hotelkastiel.sk\/wp-content\/uploads\/2024\/11\/ver1-768x1024.jpg\" data-rel=\"prettyPhoto[rel-7933-1728362593]\"><img loading=\"lazy\" decoding=\"async\" width=\"1920\" height=\"2560\" src=\"https:\/\/www.hotelkastiel.sk\/wp-content\/uploads\/2024\/11\/ver1-scaled.jpg\" class=\"attachment-full\" alt=\"\" srcset=\"https:\/\/www.hotelkastiel.sk\/wp-content\/uploads\/2024\/11\/ver1-scaled.jpg 1920w, https:\/\/www.hotelkastiel.sk\/wp-content\/uploads\/2024\/11\/ver1-225x300.jpg 225w, https:\/\/www.hotelkastiel.sk\/wp-content\/uploads\/2024\/11\/ver1-768x1024.jpg 768w, https:\/\/www.hotelkastiel.sk\/wp-content\/uploads\/2024\/11\/ver1-1152x1536.jpg 1152w, https:\/\/www.hotelkastiel.sk\/wp-content\/uploads\/2024\/11\/ver1-1536x2048.jpg 1536w\" sizes=\"auto, (max-width: 1920px) 100vw, 1920px\" \/><\/a><\/li><li><a class=\"prettyphoto\" href=\"https:\/\/www.hotelkastiel.sk\/wp-content\/uploads\/2024\/11\/ver2-768x1024.jpg\" data-rel=\"prettyPhoto[rel-7933-1728362593]\"><img loading=\"lazy\" decoding=\"async\" width=\"1920\" height=\"2560\" src=\"https:\/\/www.hotelkastiel.sk\/wp-content\/uploads\/2024\/11\/ver2-scaled.jpg\" class=\"attachment-full\" alt=\"\" srcset=\"https:\/\/www.hotelkastiel.sk\/wp-content\/uploads\/2024\/11\/ver2-scaled.jpg 1920w, https:\/\/www.hotelkastiel.sk\/wp-content\/uploads\/2024\/11\/ver2-225x300.jpg 225w, https:\/\/www.hotelkastiel.sk\/wp-content\/uploads\/2024\/11\/ver2-768x1024.jpg 768w, https:\/\/www.hotelkastiel.sk\/wp-content\/uploads\/2024\/11\/ver2-1152x1536.jpg 1152w, https:\/\/www.hotelkastiel.sk\/wp-content\/uploads\/2024\/11\/ver2-1536x2048.jpg 1536w\" sizes=\"auto, (max-width: 1920px) 100vw, 1920px\" \/><\/a><\/li><li><a class=\"prettyphoto\" href=\"https:\/\/www.hotelkastiel.sk\/wp-content\/uploads\/2024\/11\/ver3-768x1024.jpg\" data-rel=\"prettyPhoto[rel-7933-1728362593]\"><img loading=\"lazy\" decoding=\"async\" width=\"1920\" height=\"2560\" src=\"https:\/\/www.hotelkastiel.sk\/wp-content\/uploads\/2024\/11\/ver3-scaled.jpg\" class=\"attachment-full\" alt=\"\" srcset=\"https:\/\/www.hotelkastiel.sk\/wp-content\/uploads\/2024\/11\/ver3-scaled.jpg 1920w, https:\/\/www.hotelkastiel.sk\/wp-content\/uploads\/2024\/11\/ver3-225x300.jpg 225w, https:\/\/www.hotelkastiel.sk\/wp-content\/uploads\/2024\/11\/ver3-768x1024.jpg 768w, https:\/\/www.hotelkastiel.sk\/wp-content\/uploads\/2024\/11\/ver3-1152x1536.jpg 1152w, https:\/\/www.hotelkastiel.sk\/wp-content\/uploads\/2024\/11\/ver3-1536x2048.jpg 1536w\" sizes=\"auto, (max-width: 1920px) 100vw, 1920px\" \/><\/a><\/li><li><a class=\"prettyphoto\" href=\"https:\/\/www.hotelkastiel.sk\/wp-content\/uploads\/2024\/11\/ver4-768x1024.jpg\" data-rel=\"prettyPhoto[rel-7933-1728362593]\"><img loading=\"lazy\" decoding=\"async\" width=\"1920\" height=\"2560\" src=\"https:\/\/www.hotelkastiel.sk\/wp-content\/uploads\/2024\/11\/ver4-scaled.jpg\" class=\"attachment-full\" alt=\"\" srcset=\"https:\/\/www.hotelkastiel.sk\/wp-content\/uploads\/2024\/11\/ver4-scaled.jpg 1920w, https:\/\/www.hotelkastiel.sk\/wp-content\/uploads\/2024\/11\/ver4-225x300.jpg 225w, https:\/\/www.hotelkastiel.sk\/wp-content\/uploads\/2024\/11\/ver4-768x1024.jpg 768w, https:\/\/www.hotelkastiel.sk\/wp-content\/uploads\/2024\/11\/ver4-1152x1536.jpg 1152w, https:\/\/www.hotelkastiel.sk\/wp-content\/uploads\/2024\/11\/ver4-1536x2048.jpg 1536w\" sizes=\"auto, (max-width: 1920px) 100vw, 1920px\" \/><\/a><\/li><li><a class=\"prettyphoto\" href=\"https:\/\/www.hotelkastiel.sk\/wp-content\/uploads\/2024\/11\/ver5-1024x769.jpg\" data-rel=\"prettyPhoto[rel-7933-1728362593]\"><img loading=\"lazy\" decoding=\"async\" width=\"1440\" height=\"1081\" src=\"https:\/\/www.hotelkastiel.sk\/wp-content\/uploads\/2024\/11\/ver5.jpg\" class=\"attachment-full\" alt=\"\" srcset=\"https:\/\/www.hotelkastiel.sk\/wp-content\/uploads\/2024\/11\/ver5.jpg 1440w, https:\/\/www.hotelkastiel.sk\/wp-content\/uploads\/2024\/11\/ver5-300x225.jpg 300w, https:\/\/www.hotelkastiel.sk\/wp-content\/uploads\/2024\/11\/ver5-1024x769.jpg 1024w, https:\/\/www.hotelkastiel.sk\/wp-content\/uploads\/2024\/11\/ver5-768x577.jpg 768w\" sizes=\"auto, (max-width: 1440px) 100vw, 1440px\" \/><\/a><\/li><li><a class=\"prettyphoto\" href=\"https:\/\/www.hotelkastiel.sk\/wp-content\/uploads\/2024\/11\/ver6-1024x769.jpg\" data-rel=\"prettyPhoto[rel-7933-1728362593]\"><img loading=\"lazy\" decoding=\"async\" width=\"1440\" height=\"1081\" src=\"https:\/\/www.hotelkastiel.sk\/wp-content\/uploads\/2024\/11\/ver6.jpg\" class=\"attachment-full\" alt=\"\" srcset=\"https:\/\/www.hotelkastiel.sk\/wp-content\/uploads\/2024\/11\/ver6.jpg 1440w, https:\/\/www.hotelkastiel.sk\/wp-content\/uploads\/2024\/11\/ver6-300x225.jpg 300w, https:\/\/www.hotelkastiel.sk\/wp-content\/uploads\/2024\/11\/ver6-1024x769.jpg 1024w, https:\/\/www.hotelkastiel.sk\/wp-content\/uploads\/2024\/11\/ver6-768x577.jpg 768w\" sizes=\"auto, (max-width: 1440px) 100vw, 1440px\" \/><\/a><\/li><li><a class=\"prettyphoto\" href=\"https:\/\/www.hotelkastiel.sk\/wp-content\/uploads\/2024\/11\/ver7-1024x1024.jpg\" data-rel=\"prettyPhoto[rel-7933-1728362593]\"><img loading=\"lazy\" decoding=\"async\" width=\"1440\" height=\"1440\" src=\"https:\/\/www.hotelkastiel.sk\/wp-content\/uploads\/2024\/11\/ver7.jpg\" class=\"attachment-full\" alt=\"\" srcset=\"https:\/\/www.hotelkastiel.sk\/wp-content\/uploads\/2024\/11\/ver7.jpg 1440w, https:\/\/www.hotelkastiel.sk\/wp-content\/uploads\/2024\/11\/ver7-300x300.jpg 300w, https:\/\/www.hotelkastiel.sk\/wp-content\/uploads\/2024\/11\/ver7-1024x1024.jpg 1024w, https:\/\/www.hotelkastiel.sk\/wp-content\/uploads\/2024\/11\/ver7-150x150.jpg 150w, https:\/\/www.hotelkastiel.sk\/wp-content\/uploads\/2024\/11\/ver7-768x768.jpg 768w\" sizes=\"auto, (max-width: 1440px) 100vw, 1440px\" \/><\/a><\/li><li><a class=\"prettyphoto\" href=\"https:\/\/www.hotelkastiel.sk\/wp-content\/uploads\/2024\/11\/ver8-1024x1024.jpg\" data-rel=\"prettyPhoto[rel-7933-1728362593]\"><img loading=\"lazy\" decoding=\"async\" width=\"1440\" height=\"1440\" src=\"https:\/\/www.hotelkastiel.sk\/wp-content\/uploads\/2024\/11\/ver8.jpg\" class=\"attachment-full\" alt=\"\" srcset=\"https:\/\/www.hotelkastiel.sk\/wp-content\/uploads\/2024\/11\/ver8.jpg 1440w, https:\/\/www.hotelkastiel.sk\/wp-content\/uploads\/2024\/11\/ver8-300x300.jpg 300w, https:\/\/www.hotelkastiel.sk\/wp-content\/uploads\/2024\/11\/ver8-1024x1024.jpg 1024w, https:\/\/www.hotelkastiel.sk\/wp-content\/uploads\/2024\/11\/ver8-150x150.jpg 150w, https:\/\/www.hotelkastiel.sk\/wp-content\/uploads\/2024\/11\/ver8-768x768.jpg 768w\" sizes=\"auto, (max-width: 1440px) 100vw, 1440px\" \/><\/a><\/li><\/ul><\/div><\/div><\/div><\/div><\/div><\/div><\/div>","protected":false},"excerpt":{"rendered":"Spojte n\u00e1v\u0161tevu v\u00fdstavy s gurm\u00e1nskym z\u00e1\u017eitkom alebo si spr\u00edjemnite pobyt umen\u00edm. Dovo\u013ete n\u00e1m, aby sme V\u00e1m s rados\u0165ou predstavili nov\u00fa v\u00fdstavu obrazov, ktor\u00e9 zachyt\u00e1vaj\u00fa malebn\u00fd Tom\u00e1\u0161ov v celej svojej kr\u00e1se. Pr\u00ed\u010fte sa k n\u00e1m pokocha\u0165 umen\u00edm a spojte Va\u0161u n\u00e1v\u0161tevu s lahodnou ve\u010derou v na\u0161ej re\u0161taur\u00e1cii, vo\u0148avou k\u00e1vi\u010dkou v lobby bare alebo si jednoducho spr\u00edjemnite [...]","protected":false},"author":8,"featured_media":0,"parent":0,"menu_order":0,"comment_status":"closed","ping_status":"closed","template":"","meta":{"footnotes":""},"class_list":["post-7933","page","type-page","status-publish","hentry"],"yoast_head":"<!-- This site is optimized with the Yoast SEO plugin v27.5 - https:\/\/yoast.com\/product\/yoast-seo-wordpress\/ -->\n<title>Malebn\u00fd Tom\u00e1\u0161ov - Art Hotel Ka\u0161tie\u013e, Tom\u00e1\u0161ov<\/title>\n<meta name=\"robots\" content=\"index, follow, max-snippet:-1, max-image-preview:large, max-video-preview:-1\" \/>\n<link rel=\"canonical\" href=\"https:\/\/www.hotelkastiel.sk\/en\/malebny-tomasov\/\" \/>\n<meta property=\"og:locale\" content=\"en_GB\" \/>\n<meta property=\"og:type\" content=\"article\" \/>\n<meta property=\"og:title\" content=\"Malebn\u00fd Tom\u00e1\u0161ov - Art Hotel Ka\u0161tie\u013e, Tom\u00e1\u0161ov\" \/>\n<meta property=\"og:url\" content=\"https:\/\/www.hotelkastiel.sk\/en\/malebny-tomasov\/\" \/>\n<meta property=\"og:site_name\" content=\"Art Hotel Ka\u0161tie\u013e, Tom\u00e1\u0161ov\" \/>\n<meta property=\"article:publisher\" content=\"http:\/\/facebook.com\/hotelkastiel\/\" \/>\n<meta property=\"article:modified_time\" content=\"2025-09-10T14:01:58+00:00\" \/>\n<meta name=\"twitter:label1\" content=\"Estimated reading time\" \/>\n\t<meta name=\"twitter:data1\" content=\"1 minute\" \/>\n<script type=\"application\/ld+json\" class=\"yoast-schema-graph\">{\"@context\":\"https:\\\/\\\/schema.org\",\"@graph\":[{\"@type\":\"WebPage\",\"@id\":\"https:\\\/\\\/www.hotelkastiel.sk\\\/malebny-tomasov\\\/\",\"url\":\"https:\\\/\\\/www.hotelkastiel.sk\\\/malebny-tomasov\\\/\",\"name\":\"Malebn\u00fd Tom\u00e1\u0161ov - Art Hotel Ka\u0161tie\u013e, Tom\u00e1\u0161ov\",\"isPartOf\":{\"@id\":\"https:\\\/\\\/www.hotelkastiel.sk\\\/#website\"},\"datePublished\":\"2021-10-05T15:31:06+00:00\",\"dateModified\":\"2025-09-10T14:01:58+00:00\",\"breadcrumb\":{\"@id\":\"https:\\\/\\\/www.hotelkastiel.sk\\\/malebny-tomasov\\\/#breadcrumb\"},\"inLanguage\":\"en-GB\",\"potentialAction\":[{\"@type\":\"ReadAction\",\"target\":[\"https:\\\/\\\/www.hotelkastiel.sk\\\/malebny-tomasov\\\/\"]}]},{\"@type\":\"BreadcrumbList\",\"@id\":\"https:\\\/\\\/www.hotelkastiel.sk\\\/malebny-tomasov\\\/#breadcrumb\",\"itemListElement\":[{\"@type\":\"ListItem\",\"position\":1,\"name\":\"Home\",\"item\":\"https:\\\/\\\/www.hotelkastiel.sk\\\/\"},{\"@type\":\"ListItem\",\"position\":2,\"name\":\"Malebn\u00fd Tom\u00e1\u0161ov\"}]},{\"@type\":\"WebSite\",\"@id\":\"https:\\\/\\\/www.hotelkastiel.sk\\\/#website\",\"url\":\"https:\\\/\\\/www.hotelkastiel.sk\\\/\",\"name\":\"Art Hotel Ka\u0161tie\u013e, Tom\u00e1\u0161ov\",\"description\":\"\",\"publisher\":{\"@id\":\"https:\\\/\\\/www.hotelkastiel.sk\\\/#organization\"},\"potentialAction\":[{\"@type\":\"SearchAction\",\"target\":{\"@type\":\"EntryPoint\",\"urlTemplate\":\"https:\\\/\\\/www.hotelkastiel.sk\\\/?s={search_term_string}\"},\"query-input\":{\"@type\":\"PropertyValueSpecification\",\"valueRequired\":true,\"valueName\":\"search_term_string\"}}],\"inLanguage\":\"en-GB\"},{\"@type\":\"Organization\",\"@id\":\"https:\\\/\\\/www.hotelkastiel.sk\\\/#organization\",\"name\":\"Art Hotel Ka\u0161tie\u013e, Tom\u00e1\u0161ov\",\"url\":\"https:\\\/\\\/www.hotelkastiel.sk\\\/\",\"logo\":{\"@type\":\"ImageObject\",\"inLanguage\":\"en-GB\",\"@id\":\"https:\\\/\\\/www.hotelkastiel.sk\\\/#\\\/schema\\\/logo\\\/image\\\/\",\"url\":\"https:\\\/\\\/www.hotelkastiel.sk\\\/wp-content\\\/uploads\\\/2018\\\/07\\\/logo-header.png\",\"contentUrl\":\"https:\\\/\\\/www.hotelkastiel.sk\\\/wp-content\\\/uploads\\\/2018\\\/07\\\/logo-header.png\",\"width\":1289,\"height\":936,\"caption\":\"Art Hotel Ka\u0161tie\u013e, Tom\u00e1\u0161ov\"},\"image\":{\"@id\":\"https:\\\/\\\/www.hotelkastiel.sk\\\/#\\\/schema\\\/logo\\\/image\\\/\"},\"sameAs\":[\"http:\\\/\\\/facebook.com\\\/hotelkastiel\\\/\",\"http:\\\/\\\/instagram.com\\\/hotelkastiel\\\/\",\"https:\\\/\\\/www.linkedin.com\\\/company\\\/art-hotel-kastiel-tomasov\\\/?viewAsMember=true\",\"https:\\\/\\\/www.youtube.com\\\/playlist?list=PLvlDIzNKGgpSADkmHpsw4owU0JUOEXfhn\",\"https:\\\/\\\/sk.wikipedia.org\\\/wiki\\\/Ka\u0161tie\u013e_v_Tom\u00e1\u0161ove\"]}]}<\/script>\n<!-- \/ Yoast SEO plugin. -->","yoast_head_json":{"title":"Malebn\u00fd Tom\u00e1\u0161ov - Art Hotel Ka\u0161tie\u013e, Tom\u00e1\u0161ov","robots":{"index":"index","follow":"follow","max-snippet":"max-snippet:-1","max-image-preview":"max-image-preview:large","max-video-preview":"max-video-preview:-1"},"canonical":"https:\/\/www.hotelkastiel.sk\/en\/malebny-tomasov\/","og_locale":"en_GB","og_type":"article","og_title":"Malebn\u00fd Tom\u00e1\u0161ov - Art Hotel Ka\u0161tie\u013e, Tom\u00e1\u0161ov","og_url":"https:\/\/www.hotelkastiel.sk\/en\/malebny-tomasov\/","og_site_name":"Art Hotel Ka\u0161tie\u013e, Tom\u00e1\u0161ov","article_publisher":"http:\/\/facebook.com\/hotelkastiel\/","article_modified_time":"2025-09-10T14:01:58+00:00","twitter_misc":{"Estimated reading time":"1 minute"},"schema":{"@context":"https:\/\/schema.org","@graph":[{"@type":"WebPage","@id":"https:\/\/www.hotelkastiel.sk\/malebny-tomasov\/","url":"https:\/\/www.hotelkastiel.sk\/malebny-tomasov\/","name":"Malebn\u00fd Tom\u00e1\u0161ov - Art Hotel Ka\u0161tie\u013e, Tom\u00e1\u0161ov","isPartOf":{"@id":"https:\/\/www.hotelkastiel.sk\/#website"},"datePublished":"2021-10-05T15:31:06+00:00","dateModified":"2025-09-10T14:01:58+00:00","breadcrumb":{"@id":"https:\/\/www.hotelkastiel.sk\/malebny-tomasov\/#breadcrumb"},"inLanguage":"en-GB","potentialAction":[{"@type":"ReadAction","target":["https:\/\/www.hotelkastiel.sk\/malebny-tomasov\/"]}]},{"@type":"BreadcrumbList","@id":"https:\/\/www.hotelkastiel.sk\/malebny-tomasov\/#breadcrumb","itemListElement":[{"@type":"ListItem","position":1,"name":"Home","item":"https:\/\/www.hotelkastiel.sk\/"},{"@type":"ListItem","position":2,"name":"Malebn\u00fd Tom\u00e1\u0161ov"}]},{"@type":"WebSite","@id":"https:\/\/www.hotelkastiel.sk\/#website","url":"https:\/\/www.hotelkastiel.sk\/","name":"Art Hotel Ka\u0161tie\u013e, Tom\u00e1\u0161ov","description":"","publisher":{"@id":"https:\/\/www.hotelkastiel.sk\/#organization"},"potentialAction":[{"@type":"SearchAction","target":{"@type":"EntryPoint","urlTemplate":"https:\/\/www.hotelkastiel.sk\/?s={search_term_string}"},"query-input":{"@type":"PropertyValueSpecification","valueRequired":true,"valueName":"search_term_string"}}],"inLanguage":"en-GB"},{"@type":"Organization","@id":"https:\/\/www.hotelkastiel.sk\/#organization","name":"Art Hotel Ka\u0161tie\u013e, Tom\u00e1\u0161ov","url":"https:\/\/www.hotelkastiel.sk\/","logo":{"@type":"ImageObject","inLanguage":"en-GB","@id":"https:\/\/www.hotelkastiel.sk\/#\/schema\/logo\/image\/","url":"https:\/\/www.hotelkastiel.sk\/wp-content\/uploads\/2018\/07\/logo-header.png","contentUrl":"https:\/\/www.hotelkastiel.sk\/wp-content\/uploads\/2018\/07\/logo-header.png","width":1289,"height":936,"caption":"Art Hotel Ka\u0161tie\u013e, Tom\u00e1\u0161ov"},"image":{"@id":"https:\/\/www.hotelkastiel.sk\/#\/schema\/logo\/image\/"},"sameAs":["http:\/\/facebook.com\/hotelkastiel\/","http:\/\/instagram.com\/hotelkastiel\/","https:\/\/www.linkedin.com\/company\/art-hotel-kastiel-tomasov\/?viewAsMember=true","https:\/\/www.youtube.com\/playlist?list=PLvlDIzNKGgpSADkmHpsw4owU0JUOEXfhn","https:\/\/sk.wikipedia.org\/wiki\/Ka\u0161tie\u013e_v_Tom\u00e1\u0161ove"]}]}},"_links":{"self":[{"href":"https:\/\/www.hotelkastiel.sk\/en\/wp-json\/wp\/v2\/pages\/7933","targetHints":{"allow":["GET"]}}],"collection":[{"href":"https:\/\/www.hotelkastiel.sk\/en\/wp-json\/wp\/v2\/pages"}],"about":[{"href":"https:\/\/www.hotelkastiel.sk\/en\/wp-json\/wp\/v2\/types\/page"}],"author":[{"embeddable":true,"href":"https:\/\/www.hotelkastiel.sk\/en\/wp-json\/wp\/v2\/users\/8"}],"replies":[{"embeddable":true,"href":"https:\/\/www.hotelkastiel.sk\/en\/wp-json\/wp\/v2\/comments?post=7933"}],"version-history":[{"count":0,"href":"https:\/\/www.hotelkastiel.sk\/en\/wp-json\/wp\/v2\/pages\/7933\/revisions"}],"wp:attachment":[{"href":"https:\/\/www.hotelkastiel.sk\/en\/wp-json\/wp\/v2\/media?parent=7933"}],"curies":[{"name":"wp","href":"https:\/\/api.w.org\/{rel}","templated":true}]}}