{"id":8145,"date":"2021-11-05T12:19:18","date_gmt":"2021-11-05T11:19:18","guid":{"rendered":"https:\/\/www.hotelkastiel.sk\/?page_id=8145"},"modified":"2021-11-05T13:28:55","modified_gmt":"2021-11-05T12:28:55","slug":"obchodne-podmienky","status":"publish","type":"page","link":"https:\/\/www.hotelkastiel.sk\/en\/obchodne-podmienky\/","title":{"rendered":"Obchodn\u00e9 podmienky"},"content":{"rendered":"<div class=\"vc_row wpb_row vc_row-fluid\">\n\t\t\t\t\n<div class=\"wpb_column vc_column_container vc_col-sm-12\"><div class=\"vc_column-inner\"><div class=\"wpb_wrapper\"><div class=\"vc_empty_space\"   style=\"height: 32px\" ><span class=\"vc_empty_space_inner\"><\/span><\/div>\n\n\t<div class=\"wpb_text_column wpb_content_element\" >\n\t\t<div class=\"wpb_wrapper\">\n\t\t\t<h3 class=\"p1\" style=\"text-align: center;\"><span class=\"s1\"><b>Obchodn\u00e9 podmienky <\/b><\/span><\/h3>\n<p class=\"p1\" style=\"text-align: center;\"><span class=\"s1\"><b>k n\u00e1kupu izby cez web <\/b><a href=\"https:\/\/www.hotelkastiel.sk\/en\/\"><span class=\"s2\"><b>www.hotelkastiel.sk<\/b><\/span><\/a><\/span><\/p>\n<p class=\"p3\"><span class=\"s1\"><b>1. V\u0161eobecn\u00e9 ustanovenia<\/b><\/span><\/p>\n<p class=\"p3\"><span class=\"s1\">Tieto obchodn\u00e9 podmienky platia pre n\u00e1kup produktov a slu\u017eieb na webovej str\u00e1nke\u00a0www.hotelkastiel.sk. Podmienky bli\u017e\u0161ie vymedzuj\u00fa a upres\u0148uj\u00fa pr\u00e1va a povinnosti pred\u00e1vaj\u00faceho, ktor\u00fdm je: MAJOR PALACE s.r.o. so s\u00eddlom Klatovsk\u00e1 21, 831 04 Bratislava, I\u010cO:\u00a044203802, DI\u010c: 2022634933, I\u010c DPH: SK2022634933.<\/span><\/p>\n<p class=\"p3\"><span class=\"s1\">Vz\u0165ahy medzi pred\u00e1vaj\u00facim\u00a0 a kupuj\u00facim \u2013 spotrebite\u013eom, neupraven\u00e9 obchodn\u00e9 podmienky sa riadia ob\u010dianskym z\u00e1konn\u00edkom (\u010d. 40\/1964 Z. z.) A z\u00e1konom o ochrane spotrebite\u013ea (\u010d. 250\/2007 Z. z.). Vz\u0165ahy medzi pred\u00e1vaj\u00facim a kupuj\u00facim \u2013 podnikate\u013eom neupraven\u00e9 obchodn\u00fdmi podmienkami sa riadia obchodn\u00fdm z\u00e1konn\u00edkom.<\/span><\/p>\n<p class=\"p3\"><span class=\"s1\"><b>2. Objedn\u00e1vka<\/b><\/span><\/p>\n<p class=\"p3\"><span class=\"s1\">Kupuj\u00faci objedn\u00e1va vybran\u00e9 slu\u017eby vyplnen\u00edm elektronick\u00e9ho formul\u00e1ra objedn\u00e1vky. Kupuj\u00faci je povinn\u00fd objedn\u00e1vku pred jej odoslan\u00edm skontrolova\u0165 a pr\u00edpadne opravi\u0165. Odoslan\u00e1 objedn\u00e1vka je z\u00e1v\u00e4zn\u00e1 a kupuj\u00facemu a pred\u00e1vaj\u00facemu vznikaj\u00fa vz\u00e1jomn\u00e9 pr\u00e1va a povinnosti, tzn. pred\u00e1vaj\u00faci sa zav\u00e4zuje sprostredkova\u0165 kupuj\u00facemu objednan\u00e9 slu\u017eby a kupuj\u00faci sa zav\u00e4zuje uhradi\u0165 k\u00fapnu cenu slu\u017eieb.<\/span><\/p>\n<p class=\"p3\"><span class=\"s1\">Kupuj\u00faci odoslan\u00edm objedn\u00e1vky potvrdzuje, \u017ee sa zozn\u00e1mil s obchodn\u00fdmi podmienkami pre n\u00e1kup na webovej str\u00e1nke www.hotelkastiel.sk a \u017ee s nimi bezv\u00fdhradne s\u00fahlas\u00ed. Tieto obchodn\u00e9 podmienky, zverejnen\u00e9 na webov\u00fdch str\u00e1nkach pred\u00e1vaj\u00faceho, s\u00fa neoddelite\u013enou s\u00fa\u010das\u0165ou k\u00fapnej zmluvy, ktor\u00e1 vznik\u00e1 vyplnen\u00edm a\u00a0odoslan\u00edm objedn\u00e1vky.\u00a0<\/span><\/p>\n<p class=\"p3\"><span class=\"s1\"><b>3. Ceny produktov<\/b><\/span><\/p>\n<p class=\"p3\"><span class=\"s1\">Ceny produktov a slu\u017eieb n\u00e1jdete v objedn\u00e1vke alebo na str\u00e1nke <a href=\"https:\/\/www.hotelkastiel.sk\/en\/ubytovanie\/\"><span class=\"s3\">www.hotelkastiel.sk\/ubytovanie<\/span><\/a>.<\/span><\/p>\n<p class=\"p3\"><span class=\"s1\"><b>4. Forma platby<\/b><\/span><\/p>\n<p class=\"p3\"><span class=\"s1\">Platba online platobnou kartou prebehne ihne\u010f po vyplnen\u00ed a odoslan\u00ed objedn\u00e1vkov\u00e9ho formul\u00e1ra a po zadan\u00ed a potvrden\u00ed \u00fadajov k platbe v platobnej br\u00e1ne.<\/span><\/p>\n<p class=\"p3\"><span class=\"s1\"><b>5. Sp\u00f4sob platby<\/b><\/span><\/p>\n<p class=\"p3\"><span class=\"s1\">Platobn\u00e9 met\u00f3dy s\u00fa napojen\u00e9 na platobn\u00fa br\u00e1nu Tatra banky a.s., ktor\u00e1 poskytuje zabezpe\u010den\u00fa technol\u00f3giu prij\u00edmania platobn\u00fdch kariet a\u00a0online bankov\u00fdch prevodov.\u00a0<\/span><\/p>\n<p class=\"p3\"><span class=\"s1\">Mo\u017enosti platieb: Online platobnou kartou: VISA, VISA electron, MasterCard, Maestro.<\/span><\/p>\n<p class=\"p3\"><span class=\"s1\"><b>6. Dodacia lehota<\/b><\/span><\/p>\n<p class=\"p3\"><span class=\"s1\">Pri objedn\u00e1vke kupuj\u00faci vyp\u013a\u0148a v objedn\u00e1vke presn\u00fd d\u00e1tum vyu\u017eitia slu\u017eby. Ak\u00e9ko\u013evek zmeny rezerv\u00e1cie (zmena term\u00ednu, po\u010dtu os\u00f4b a\u00a0pod.)<span class=\"Apple-converted-space\">\u00a0 <\/span>s\u00fa po potvrden\u00ed rezerv\u00e1cie mo\u017en\u00e9 v\u00fdlu\u010dne v\u00a0pr\u00edpade, ak to prev\u00e1dzkov\u00e9 a\/alebo\u00a0kapacitn\u00e9 mo\u017enosti hotela dovo\u013euj\u00fa. Na zmeny rezerv\u00e1cie po potvrden\u00ed rezerv\u00e1cie nem\u00e1 z\u00e1kazn\u00edk pr\u00e1vny n\u00e1rok. <\/span><\/p>\n<p class=\"p3\"><span class=\"s1\">Pokia\u013e z\u00e1kazn\u00edk po\u017eaduje tak\u00fa zmenu potvrdenej rezerv\u00e1cie, ktorej nie je mo\u017en\u00e9 z kapacitn\u00fdch alebo in\u00fdch prev\u00e1dzkov\u00fdch d\u00f4vodov na strane prev\u00e1dzkovate\u013ea vyhovie\u0165, nevznik\u00e1 prev\u00e1dzkovate\u013eovi povinnos\u0165 \u017eiadosti z\u00e1kazn\u00edka na zmenu potvrdenej rezerv\u00e1cie vyhovie\u0165 a prev\u00e1dzkovate\u013e m\u00e1 pr\u00e1vo \u017eiados\u0165 z\u00e1kazn\u00edka odmietnu\u0165, pri\u010dom z\u00e1kazn\u00edkovi nevznik\u00e1 pr\u00e1vo na n\u00e1hradu \u0161kody \u010di ak\u00e9ko\u013evek in\u00e9 finan\u010dn\u00e9 \u010di nefinan\u010dn\u00e9 plnenie zo strany prev\u00e1dzkovate\u013ea. <\/span><\/p>\n<p class=\"p3\"><span class=\"s1\">V pr\u00edpade nevyu\u017eitia rezervovan\u00fdch slu\u017eieb z ak\u00fdchko\u013evek d\u00f4vodov na strane z\u00e1kazn\u00edka alebo osoby, ktor\u00e1 m\u00e1 by\u0165 \u00fa\u010dastn\u00edkom pobytu, alebo bez uvedenia d\u00f4vodov (nenast\u00fapenie na pobyt), nevznik\u00e1 z\u00e1kazn\u00edkovi pr\u00e1vo na ak\u00fako\u013evek finan\u010dn\u00fa \u010di nefinan\u010dn\u00fa n\u00e1hradu, n\u00e1hradn\u00e9 plnenie alebo n\u00e1hradu \u0161kody.<\/span><\/p>\n<p class=\"p3\"><span class=\"s1\">Okamihom uzatvorenia zmluvy na dia\u013eku o\u00a0poskytnut\u00ed slu\u017eieb nie je z\u00e1kazn\u00edk opr\u00e1vnen\u00fd odst\u00fapi\u0165 od zmluvy o poskytnut\u00ed slu\u017eieb v zmysle \u00a7 7 ods. 6 p\u00edsm. k) z\u00e1kona \u010d. 102\/2014 Z.z. o ochrane spotrebite\u013ea pri predaji alebo poskytnut\u00ed slu\u017eieb na z\u00e1klade zmluvy uzatvorenej na dia\u013eku alebo zmluvy uzatvorenej mimo prev\u00e1dzkov\u00fdch priestorov pred\u00e1vaj\u00faceho a o zmene a doplnen\u00ed niektor\u00fdch z\u00e1konov v znen\u00ed neskor\u0161\u00edch predpisov<\/span><\/p>\n<p class=\"p3\"><span class=\"s1\">O zmenu alebo zru\u0161enie rezerv\u00e1cie a s t\u00fdm s\u00favisiacich slu\u017eieb m\u00f4\u017ee z\u00e1kazn\u00edk po\u017eiada\u0165 telefonicky alebo e-mailom prostredn\u00edctvom recepcie hotela, kde si po vz\u00e1jomnom ods\u00fahlasen\u00ed m\u00f4\u017ee d\u00e1tum zmeni\u0165. <\/span><\/p>\n<p class=\"p3\"><span class=\"s1\"><b>7. Zodpovednos\u0165 za obsah webu<\/b><\/span><\/p>\n<p class=\"p3\"><span class=\"s1\">Webov\u00e9 str\u00e1nky m\u00f4\u017eu by\u0165 aktualizovan\u00e9 bez predch\u00e1dzaj\u00faceho upozornenia a\u00a0slu\u017eby m\u00f4\u017eu by\u0165 kedyko\u013evek bez predch\u00e1dzaj\u00faceho upozornenia zmenen\u00e9.<\/span><\/p>\n<p class=\"p3\"><span class=\"s1\"><b>8. Ochrana osobn\u00fdch \u00fadajov<\/b><\/span><\/p>\n<p class=\"p3\"><span class=\"s1\">Spolo\u010dnos\u0165 MAJOR PALACE s.r.o. sa zav\u00e4zuje plne re\u0161pektova\u0165 d\u00f4vern\u00fd charakter Va\u0161ich osobn\u00fdch d\u00e1t, ktor\u00e9 s\u00fa zabezpe\u010den\u00e9 proti neautorizovan\u00e9mu pr\u00edstupu a\u00a0chr\u00e1nen\u00e9 pred zneu\u017eit\u00edm. \u00dadaje, ktor\u00e9 uv\u00e1dzate v\u00a0objedn\u00e1vke,\u00a0 s\u00fa nevyhnutn\u00e9 pre Va\u0161u identifik\u00e1ciu ako kupuj\u00faceho.<\/span><\/p>\n<p class=\"p3\"><span class=\"s1\">Va\u0161e osobn\u00e9 d\u00e1ta a\u00a0\u00fadaje s\u00fa ukladan\u00e9 v\u00a0datab\u00e1ze s\u00a0pr\u00edsnym zabezpe\u010den\u00edm proti zneu\u017eitiu a\u00a0nie s\u00fa poskytovan\u00e9 tret\u00edm stran\u00e1m.<\/span><\/p>\n<p class=\"p3\"><span class=\"s1\"><b>9. Z\u00e1vere\u010dn\u00e9 ustanovenia<\/b><\/span><\/p>\n<p class=\"p3\"><span class=\"s1\">Tieto obchodn\u00e9 podmienky nadob\u00fadaj\u00fa \u00fa\u010dinnos\u0165 d\u0148a 04.11.2021. Pred\u00e1vaj\u00faci si vyhradzuje pr\u00e1vo zmeny bez predch\u00e1dzaj\u00faceho upozornenia.<\/span><\/p>\n\n\t\t<\/div>\n\t<\/div>\n<\/div><\/div><\/div><\/div>","protected":false},"excerpt":{"rendered":"Obchodn\u00e9 podmienky k n\u00e1kupu izby cez web www.hotelkastiel.sk 1. V\u0161eobecn\u00e9 ustanovenia Tieto obchodn\u00e9 podmienky platia pre n\u00e1kup produktov a slu\u017eieb na webovej str\u00e1nke\u00a0www.hotelkastiel.sk. Podmienky bli\u017e\u0161ie vymedzuj\u00fa a upres\u0148uj\u00fa pr\u00e1va a povinnosti pred\u00e1vaj\u00faceho, ktor\u00fdm je: MAJOR PALACE s.r.o. so s\u00eddlom Klatovsk\u00e1 21, 831 04 Bratislava, I\u010cO:\u00a044203802, DI\u010c: 2022634933, I\u010c DPH: SK2022634933. Vz\u0165ahy medzi pred\u00e1vaj\u00facim\u00a0 a kupuj\u00facim [...]","protected":false},"author":8,"featured_media":0,"parent":0,"menu_order":0,"comment_status":"closed","ping_status":"closed","template":"","meta":{"footnotes":""},"class_list":["post-8145","page","type-page","status-publish","hentry"],"yoast_head":"<!-- This site is optimized with the Yoast SEO plugin v27.5 - https:\/\/yoast.com\/product\/yoast-seo-wordpress\/ -->\n<title>Obchodn\u00e9 podmienky - Art Hotel Ka\u0161tie\u013e, Tom\u00e1\u0161ov<\/title>\n<meta name=\"robots\" content=\"index, follow, max-snippet:-1, max-image-preview:large, max-video-preview:-1\" \/>\n<link rel=\"canonical\" href=\"https:\/\/www.hotelkastiel.sk\/en\/obchodne-podmienky\/\" \/>\n<meta property=\"og:locale\" content=\"en_GB\" \/>\n<meta property=\"og:type\" content=\"article\" \/>\n<meta property=\"og:title\" content=\"Obchodn\u00e9 podmienky - Art Hotel Ka\u0161tie\u013e, Tom\u00e1\u0161ov\" \/>\n<meta property=\"og:url\" content=\"https:\/\/www.hotelkastiel.sk\/en\/obchodne-podmienky\/\" \/>\n<meta property=\"og:site_name\" content=\"Art Hotel Ka\u0161tie\u013e, Tom\u00e1\u0161ov\" \/>\n<meta property=\"article:publisher\" content=\"http:\/\/facebook.com\/hotelkastiel\/\" \/>\n<meta property=\"article:modified_time\" content=\"2021-11-05T12:28:55+00:00\" \/>\n<meta name=\"twitter:label1\" content=\"Estimated reading time\" \/>\n\t<meta name=\"twitter:data1\" content=\"3 minutes\" \/>\n<script type=\"application\/ld+json\" class=\"yoast-schema-graph\">{\"@context\":\"https:\\\/\\\/schema.org\",\"@graph\":[{\"@type\":\"WebPage\",\"@id\":\"https:\\\/\\\/www.hotelkastiel.sk\\\/obchodne-podmienky\\\/\",\"url\":\"https:\\\/\\\/www.hotelkastiel.sk\\\/obchodne-podmienky\\\/\",\"name\":\"Obchodn\u00e9 podmienky - Art Hotel Ka\u0161tie\u013e, Tom\u00e1\u0161ov\",\"isPartOf\":{\"@id\":\"https:\\\/\\\/www.hotelkastiel.sk\\\/#website\"},\"datePublished\":\"2021-11-05T11:19:18+00:00\",\"dateModified\":\"2021-11-05T12:28:55+00:00\",\"breadcrumb\":{\"@id\":\"https:\\\/\\\/www.hotelkastiel.sk\\\/obchodne-podmienky\\\/#breadcrumb\"},\"inLanguage\":\"en-GB\",\"potentialAction\":[{\"@type\":\"ReadAction\",\"target\":[\"https:\\\/\\\/www.hotelkastiel.sk\\\/obchodne-podmienky\\\/\"]}]},{\"@type\":\"BreadcrumbList\",\"@id\":\"https:\\\/\\\/www.hotelkastiel.sk\\\/obchodne-podmienky\\\/#breadcrumb\",\"itemListElement\":[{\"@type\":\"ListItem\",\"position\":1,\"name\":\"Home\",\"item\":\"https:\\\/\\\/www.hotelkastiel.sk\\\/\"},{\"@type\":\"ListItem\",\"position\":2,\"name\":\"Obchodn\u00e9 podmienky\"}]},{\"@type\":\"WebSite\",\"@id\":\"https:\\\/\\\/www.hotelkastiel.sk\\\/#website\",\"url\":\"https:\\\/\\\/www.hotelkastiel.sk\\\/\",\"name\":\"Art Hotel Ka\u0161tie\u013e, Tom\u00e1\u0161ov\",\"description\":\"\",\"publisher\":{\"@id\":\"https:\\\/\\\/www.hotelkastiel.sk\\\/#organization\"},\"potentialAction\":[{\"@type\":\"SearchAction\",\"target\":{\"@type\":\"EntryPoint\",\"urlTemplate\":\"https:\\\/\\\/www.hotelkastiel.sk\\\/?s={search_term_string}\"},\"query-input\":{\"@type\":\"PropertyValueSpecification\",\"valueRequired\":true,\"valueName\":\"search_term_string\"}}],\"inLanguage\":\"en-GB\"},{\"@type\":\"Organization\",\"@id\":\"https:\\\/\\\/www.hotelkastiel.sk\\\/#organization\",\"name\":\"Art Hotel Ka\u0161tie\u013e, Tom\u00e1\u0161ov\",\"url\":\"https:\\\/\\\/www.hotelkastiel.sk\\\/\",\"logo\":{\"@type\":\"ImageObject\",\"inLanguage\":\"en-GB\",\"@id\":\"https:\\\/\\\/www.hotelkastiel.sk\\\/#\\\/schema\\\/logo\\\/image\\\/\",\"url\":\"https:\\\/\\\/www.hotelkastiel.sk\\\/wp-content\\\/uploads\\\/2018\\\/07\\\/logo-header.png\",\"contentUrl\":\"https:\\\/\\\/www.hotelkastiel.sk\\\/wp-content\\\/uploads\\\/2018\\\/07\\\/logo-header.png\",\"width\":1289,\"height\":936,\"caption\":\"Art Hotel Ka\u0161tie\u013e, Tom\u00e1\u0161ov\"},\"image\":{\"@id\":\"https:\\\/\\\/www.hotelkastiel.sk\\\/#\\\/schema\\\/logo\\\/image\\\/\"},\"sameAs\":[\"http:\\\/\\\/facebook.com\\\/hotelkastiel\\\/\",\"http:\\\/\\\/instagram.com\\\/hotelkastiel\\\/\",\"https:\\\/\\\/www.linkedin.com\\\/company\\\/art-hotel-kastiel-tomasov\\\/?viewAsMember=true\",\"https:\\\/\\\/www.youtube.com\\\/playlist?list=PLvlDIzNKGgpSADkmHpsw4owU0JUOEXfhn\",\"https:\\\/\\\/sk.wikipedia.org\\\/wiki\\\/Ka\u0161tie\u013e_v_Tom\u00e1\u0161ove\"]}]}<\/script>\n<!-- \/ Yoast SEO plugin. -->","yoast_head_json":{"title":"Obchodn\u00e9 podmienky - Art Hotel Ka\u0161tie\u013e, Tom\u00e1\u0161ov","robots":{"index":"index","follow":"follow","max-snippet":"max-snippet:-1","max-image-preview":"max-image-preview:large","max-video-preview":"max-video-preview:-1"},"canonical":"https:\/\/www.hotelkastiel.sk\/en\/obchodne-podmienky\/","og_locale":"en_GB","og_type":"article","og_title":"Obchodn\u00e9 podmienky - Art Hotel Ka\u0161tie\u013e, Tom\u00e1\u0161ov","og_url":"https:\/\/www.hotelkastiel.sk\/en\/obchodne-podmienky\/","og_site_name":"Art Hotel Ka\u0161tie\u013e, Tom\u00e1\u0161ov","article_publisher":"http:\/\/facebook.com\/hotelkastiel\/","article_modified_time":"2021-11-05T12:28:55+00:00","twitter_misc":{"Estimated reading time":"3 minutes"},"schema":{"@context":"https:\/\/schema.org","@graph":[{"@type":"WebPage","@id":"https:\/\/www.hotelkastiel.sk\/obchodne-podmienky\/","url":"https:\/\/www.hotelkastiel.sk\/obchodne-podmienky\/","name":"Obchodn\u00e9 podmienky - Art Hotel Ka\u0161tie\u013e, Tom\u00e1\u0161ov","isPartOf":{"@id":"https:\/\/www.hotelkastiel.sk\/#website"},"datePublished":"2021-11-05T11:19:18+00:00","dateModified":"2021-11-05T12:28:55+00:00","breadcrumb":{"@id":"https:\/\/www.hotelkastiel.sk\/obchodne-podmienky\/#breadcrumb"},"inLanguage":"en-GB","potentialAction":[{"@type":"ReadAction","target":["https:\/\/www.hotelkastiel.sk\/obchodne-podmienky\/"]}]},{"@type":"BreadcrumbList","@id":"https:\/\/www.hotelkastiel.sk\/obchodne-podmienky\/#breadcrumb","itemListElement":[{"@type":"ListItem","position":1,"name":"Home","item":"https:\/\/www.hotelkastiel.sk\/"},{"@type":"ListItem","position":2,"name":"Obchodn\u00e9 podmienky"}]},{"@type":"WebSite","@id":"https:\/\/www.hotelkastiel.sk\/#website","url":"https:\/\/www.hotelkastiel.sk\/","name":"Art Hotel Ka\u0161tie\u013e, Tom\u00e1\u0161ov","description":"","publisher":{"@id":"https:\/\/www.hotelkastiel.sk\/#organization"},"potentialAction":[{"@type":"SearchAction","target":{"@type":"EntryPoint","urlTemplate":"https:\/\/www.hotelkastiel.sk\/?s={search_term_string}"},"query-input":{"@type":"PropertyValueSpecification","valueRequired":true,"valueName":"search_term_string"}}],"inLanguage":"en-GB"},{"@type":"Organization","@id":"https:\/\/www.hotelkastiel.sk\/#organization","name":"Art Hotel Ka\u0161tie\u013e, Tom\u00e1\u0161ov","url":"https:\/\/www.hotelkastiel.sk\/","logo":{"@type":"ImageObject","inLanguage":"en-GB","@id":"https:\/\/www.hotelkastiel.sk\/#\/schema\/logo\/image\/","url":"https:\/\/www.hotelkastiel.sk\/wp-content\/uploads\/2018\/07\/logo-header.png","contentUrl":"https:\/\/www.hotelkastiel.sk\/wp-content\/uploads\/2018\/07\/logo-header.png","width":1289,"height":936,"caption":"Art Hotel Ka\u0161tie\u013e, Tom\u00e1\u0161ov"},"image":{"@id":"https:\/\/www.hotelkastiel.sk\/#\/schema\/logo\/image\/"},"sameAs":["http:\/\/facebook.com\/hotelkastiel\/","http:\/\/instagram.com\/hotelkastiel\/","https:\/\/www.linkedin.com\/company\/art-hotel-kastiel-tomasov\/?viewAsMember=true","https:\/\/www.youtube.com\/playlist?list=PLvlDIzNKGgpSADkmHpsw4owU0JUOEXfhn","https:\/\/sk.wikipedia.org\/wiki\/Ka\u0161tie\u013e_v_Tom\u00e1\u0161ove"]}]}},"_links":{"self":[{"href":"https:\/\/www.hotelkastiel.sk\/en\/wp-json\/wp\/v2\/pages\/8145","targetHints":{"allow":["GET"]}}],"collection":[{"href":"https:\/\/www.hotelkastiel.sk\/en\/wp-json\/wp\/v2\/pages"}],"about":[{"href":"https:\/\/www.hotelkastiel.sk\/en\/wp-json\/wp\/v2\/types\/page"}],"author":[{"embeddable":true,"href":"https:\/\/www.hotelkastiel.sk\/en\/wp-json\/wp\/v2\/users\/8"}],"replies":[{"embeddable":true,"href":"https:\/\/www.hotelkastiel.sk\/en\/wp-json\/wp\/v2\/comments?post=8145"}],"version-history":[{"count":0,"href":"https:\/\/www.hotelkastiel.sk\/en\/wp-json\/wp\/v2\/pages\/8145\/revisions"}],"wp:attachment":[{"href":"https:\/\/www.hotelkastiel.sk\/en\/wp-json\/wp\/v2\/media?parent=8145"}],"curies":[{"name":"wp","href":"https:\/\/api.w.org\/{rel}","templated":true}]}}