{"id":9015,"date":"2023-09-07T15:11:19","date_gmt":"2023-09-07T14:11:19","guid":{"rendered":"https:\/\/www.hotelkastiel.sk\/?page_id=9015"},"modified":"2025-09-07T05:19:11","modified_gmt":"2025-09-07T04:19:11","slug":"umenie-a-elegancia-2023","status":"publish","type":"page","link":"https:\/\/www.hotelkastiel.sk\/en\/umenie_a_elegancia_2025","title":{"rendered":"Umenie a elegancia 2025"},"content":{"rendered":"<h2 style=\"text-align: center;\">Umenie a elegancia 2025<\/h2>\n<p style=\"text-align: center;\">Pr\u00ed\u010fte sa zabavi\u0165 na na\u0161u jedine\u010dn\u00fa udalos\u0165!<\/p>\n<p style=\"text-align: center;\">Pridajte sa k n\u00e1m na ka\u017edoro\u010dn\u00e9 stretnutie historick\u00fdch vozidiel v kr\u00e1snom anglickom parku Art Hotela Ka\u0161tie\u013e v Tom\u00e1\u0161ove.<\/p>\n<h4 style=\"text-align: center;\">Uvid\u00edme sa<strong> v nede\u013eu 7. septembra 2025<\/strong> od 11:00 do 16:00.<\/h4>\n<h6><\/h6>\n<h6 style=\"text-align: center;\">Program:<\/h6>\n<p style=\"text-align: center;\">11:00\u00a0\u00a0\u00a0\u00a0 otvorenie v\u00fdstavy<\/p>\n<p style=\"text-align: center;\">11:30, 13:00, 14:30\u00a0 \u00a0Detsk\u00e9 preteky na \u0161liapac\u00edch motok\u00e1rach<\/p>\n<p style=\"text-align: center;\">11:30 &amp; 13:30\u00a0 \u00a0Hudobn\u00e1 skupina Funny Fellows<\/p>\n<p style=\"text-align: center;\">12:30 &amp; 14:00\u00a0 \u00a0Zauj\u00edmavosti o kabrioletoch<\/p>\n<p style=\"text-align: center;\">13:00 M\u00f3dna prehliadka<\/p>\n<p style=\"text-align: center;\">14:30\u00a0\u00a0 Odovzd\u00e1vanie cien<\/p>\n<p style=\"text-align: center;\">15:00\u00a0 \u00a0Prelet historick\u00e9ho lietadla so sladk\u00fdm prekvapen\u00edm<\/p>\n<p style=\"text-align: center;\">16:00\u00a0\u00a0\u00a0 Ukon\u010denie v\u00fdstavy<\/p>\n<p style=\"text-align: center;\"><strong>Okrem bohat\u00e9ho programu na V\u00e1s \u010dakaj\u00fa aj na\u0161e tradi\u010dn\u00e9 st\u00e1nky s ob\u010derstven\u00edm.<\/strong><\/p>\n<p style=\"text-align: center;\">M\u00f4\u017eete sa te\u0161i\u0165 na:<\/p>\n<p style=\"text-align: center;\">0,33l Hust\u00e1 gul\u00e1\u0161ov\u00e1 polievka z hov\u00e4dzej hrude (brisket) so zemiakmi, chlieb &#8211; 7,50\u20ac<\/p>\n<p style=\"text-align: center;\">300g Burger z hov\u00e4dzieho krku (mokr\u00e9 zrenie), cheddar, picles \u0161al\u00e1t z feniklu a kapusty, majon\u00e9za z \u00faden\u00fdch cibuliek &#8211; 9,90\u20ac<\/p>\n<p style=\"text-align: center;\">120g Palacinky s dom\u00e1cou pomaran\u010dovou marmel\u00e1dou a belgickou \u010dokol\u00e1dou, glazovan\u00e9 maliny &#8211; 5,90\u20ac<\/p>\n<p>&nbsp;<\/p>\n<p style=\"text-align: center;\">Nezme\u0161kajte t\u00fato jedine\u010dn\u00fa pr\u00edle\u017eitos\u0165. Te\u0161\u00edme sa na Va\u0161u \u00fa\u010das\u0165 a spolo\u010dn\u00e9 chv\u00edle pln\u00e9 z\u00e1bavy a hist\u00f3rie.<\/p>\n<h4 style=\"text-align: center;\">Vstupn\u00e9 na akciu:<\/h4>\n<p style=\"text-align: center;\">Dospel\u00ed a ml\u00e1de\u017e &#8211; 6\u20ac<\/p>\n<p style=\"text-align: center;\">Deti do 3 rokov (vr\u00e1tane) &#8211; zdarma<\/p>\n<p style=\"text-align: center;\">Parkovanie v are\u00e1li &#8211; 5\u20ac<\/p>","protected":false},"excerpt":{"rendered":"<p>Umenie a elegancia 2025 Pr\u00ed\u010fte sa zabavi\u0165 na na\u0161u jedine\u010dn\u00fa udalos\u0165! Pridajte sa k n\u00e1m na ka\u017edoro\u010dn\u00e9 stretnutie historick\u00fdch vozidiel v kr\u00e1snom anglickom parku Art Hotela Ka\u0161tie\u013e v Tom\u00e1\u0161ove. Uvid\u00edme sa v nede\u013eu 7. septembra 2025 od 11:00 do 16:00. Program: 11:00\u00a0\u00a0\u00a0\u00a0 otvorenie v\u00fdstavy 11:30, 13:00, 14:30\u00a0 \u00a0Detsk\u00e9 preteky na \u0161liapac\u00edch motok\u00e1rach 11:30 &amp; 13:30\u00a0 [&hellip;]<\/p>","protected":false},"author":12,"featured_media":0,"parent":0,"menu_order":0,"comment_status":"closed","ping_status":"closed","template":"","meta":{"footnotes":""},"class_list":["post-9015","page","type-page","status-publish","hentry"],"yoast_head":"<!-- This site is optimized with the Yoast SEO plugin v27.3 - https:\/\/yoast.com\/product\/yoast-seo-wordpress\/ -->\n<title>Umenie a elegancia 2025 - Art Hotel Ka\u0161tie\u013e, Tom\u00e1\u0161ov<\/title>\n<meta name=\"description\" content=\"Umenie a elegancia 2025 Pr\u00ed\u010fte sa zabavi\u0165 na na\u0161u jedine\u010dn\u00fa udalos\u0165! Pridajte sa k n\u00e1m na ka\u017edoro\u010dn\u00e9 stretnutie historick\u00fdch vozidiel v kr\u00e1snom anglickom\" \/>\n<meta name=\"robots\" content=\"index, follow, max-snippet:-1, max-image-preview:large, max-video-preview:-1\" \/>\n<link rel=\"canonical\" href=\"https:\/\/www.hotelkastiel.sk\/en\/umenie_a_elegancia_2025\/\" \/>\n<meta property=\"og:locale\" content=\"en_GB\" \/>\n<meta property=\"og:type\" content=\"article\" \/>\n<meta property=\"og:title\" content=\"Umenie a elegancia 2025 - Art Hotel Ka\u0161tie\u013e, Tom\u00e1\u0161ov\" \/>\n<meta property=\"og:description\" content=\"Umenie a elegancia 2025 Pr\u00ed\u010fte sa zabavi\u0165 na na\u0161u jedine\u010dn\u00fa udalos\u0165! Pridajte sa k n\u00e1m na ka\u017edoro\u010dn\u00e9 stretnutie historick\u00fdch vozidiel v kr\u00e1snom anglickom\" \/>\n<meta property=\"og:url\" content=\"https:\/\/www.hotelkastiel.sk\/en\/umenie_a_elegancia_2025\/\" \/>\n<meta property=\"og:site_name\" content=\"Art Hotel Ka\u0161tie\u013e, Tom\u00e1\u0161ov\" \/>\n<meta property=\"article:publisher\" content=\"http:\/\/facebook.com\/hotelkastiel\/\" \/>\n<meta property=\"article:modified_time\" content=\"2025-09-07T04:19:11+00:00\" \/>\n<meta name=\"twitter:label1\" content=\"Estimated reading time\" \/>\n\t<meta name=\"twitter:data1\" content=\"1 minute\" \/>\n<script type=\"application\/ld+json\" class=\"yoast-schema-graph\">{\"@context\":\"https:\\\/\\\/schema.org\",\"@graph\":[{\"@type\":\"WebPage\",\"@id\":\"https:\\\/\\\/www.hotelkastiel.sk\\\/umenie_a_elegancia_2025\\\/\",\"url\":\"https:\\\/\\\/www.hotelkastiel.sk\\\/umenie_a_elegancia_2025\\\/\",\"name\":\"Umenie a elegancia 2025 - Art Hotel Ka\u0161tie\u013e, Tom\u00e1\u0161ov\",\"isPartOf\":{\"@id\":\"https:\\\/\\\/www.hotelkastiel.sk\\\/#website\"},\"datePublished\":\"2023-09-07T14:11:19+00:00\",\"dateModified\":\"2025-09-07T04:19:11+00:00\",\"description\":\"Umenie a elegancia 2025 Pr\u00ed\u010fte sa zabavi\u0165 na na\u0161u jedine\u010dn\u00fa udalos\u0165! Pridajte sa k n\u00e1m na ka\u017edoro\u010dn\u00e9 stretnutie historick\u00fdch vozidiel v kr\u00e1snom anglickom\",\"breadcrumb\":{\"@id\":\"https:\\\/\\\/www.hotelkastiel.sk\\\/umenie_a_elegancia_2025\\\/#breadcrumb\"},\"inLanguage\":\"en-GB\",\"potentialAction\":[{\"@type\":\"ReadAction\",\"target\":[\"https:\\\/\\\/www.hotelkastiel.sk\\\/umenie_a_elegancia_2025\\\/\"]}]},{\"@type\":\"BreadcrumbList\",\"@id\":\"https:\\\/\\\/www.hotelkastiel.sk\\\/umenie_a_elegancia_2025\\\/#breadcrumb\",\"itemListElement\":[{\"@type\":\"ListItem\",\"position\":1,\"name\":\"Home\",\"item\":\"https:\\\/\\\/www.hotelkastiel.sk\\\/\"},{\"@type\":\"ListItem\",\"position\":2,\"name\":\"Umenie a elegancia 2025\"}]},{\"@type\":\"WebSite\",\"@id\":\"https:\\\/\\\/www.hotelkastiel.sk\\\/#website\",\"url\":\"https:\\\/\\\/www.hotelkastiel.sk\\\/\",\"name\":\"Art Hotel Ka\u0161tie\u013e, Tom\u00e1\u0161ov\",\"description\":\"\",\"publisher\":{\"@id\":\"https:\\\/\\\/www.hotelkastiel.sk\\\/#organization\"},\"potentialAction\":[{\"@type\":\"SearchAction\",\"target\":{\"@type\":\"EntryPoint\",\"urlTemplate\":\"https:\\\/\\\/www.hotelkastiel.sk\\\/?s={search_term_string}\"},\"query-input\":{\"@type\":\"PropertyValueSpecification\",\"valueRequired\":true,\"valueName\":\"search_term_string\"}}],\"inLanguage\":\"en-GB\"},{\"@type\":\"Organization\",\"@id\":\"https:\\\/\\\/www.hotelkastiel.sk\\\/#organization\",\"name\":\"Art Hotel Ka\u0161tie\u013e, Tom\u00e1\u0161ov\",\"url\":\"https:\\\/\\\/www.hotelkastiel.sk\\\/\",\"logo\":{\"@type\":\"ImageObject\",\"inLanguage\":\"en-GB\",\"@id\":\"https:\\\/\\\/www.hotelkastiel.sk\\\/#\\\/schema\\\/logo\\\/image\\\/\",\"url\":\"https:\\\/\\\/www.hotelkastiel.sk\\\/wp-content\\\/uploads\\\/2018\\\/07\\\/logo-header.png\",\"contentUrl\":\"https:\\\/\\\/www.hotelkastiel.sk\\\/wp-content\\\/uploads\\\/2018\\\/07\\\/logo-header.png\",\"width\":1289,\"height\":936,\"caption\":\"Art Hotel Ka\u0161tie\u013e, Tom\u00e1\u0161ov\"},\"image\":{\"@id\":\"https:\\\/\\\/www.hotelkastiel.sk\\\/#\\\/schema\\\/logo\\\/image\\\/\"},\"sameAs\":[\"http:\\\/\\\/facebook.com\\\/hotelkastiel\\\/\",\"http:\\\/\\\/instagram.com\\\/hotelkastiel\\\/\",\"https:\\\/\\\/www.linkedin.com\\\/company\\\/art-hotel-kastiel-tomasov\\\/?viewAsMember=true\",\"https:\\\/\\\/www.youtube.com\\\/playlist?list=PLvlDIzNKGgpSADkmHpsw4owU0JUOEXfhn\",\"https:\\\/\\\/sk.wikipedia.org\\\/wiki\\\/Ka\u0161tie\u013e_v_Tom\u00e1\u0161ove\"]}]}<\/script>\n<!-- \/ Yoast SEO plugin. -->","yoast_head_json":{"title":"Umenie a elegancia 2025 - Art Hotel Ka\u0161tie\u013e, Tom\u00e1\u0161ov","description":"Umenie a elegancia 2025 Pr\u00ed\u010fte sa zabavi\u0165 na na\u0161u jedine\u010dn\u00fa udalos\u0165! Pridajte sa k n\u00e1m na ka\u017edoro\u010dn\u00e9 stretnutie historick\u00fdch vozidiel v kr\u00e1snom anglickom","robots":{"index":"index","follow":"follow","max-snippet":"max-snippet:-1","max-image-preview":"max-image-preview:large","max-video-preview":"max-video-preview:-1"},"canonical":"https:\/\/www.hotelkastiel.sk\/en\/umenie_a_elegancia_2025\/","og_locale":"en_GB","og_type":"article","og_title":"Umenie a elegancia 2025 - Art Hotel Ka\u0161tie\u013e, Tom\u00e1\u0161ov","og_description":"Umenie a elegancia 2025 Pr\u00ed\u010fte sa zabavi\u0165 na na\u0161u jedine\u010dn\u00fa udalos\u0165! Pridajte sa k n\u00e1m na ka\u017edoro\u010dn\u00e9 stretnutie historick\u00fdch vozidiel v kr\u00e1snom anglickom","og_url":"https:\/\/www.hotelkastiel.sk\/en\/umenie_a_elegancia_2025\/","og_site_name":"Art Hotel Ka\u0161tie\u013e, Tom\u00e1\u0161ov","article_publisher":"http:\/\/facebook.com\/hotelkastiel\/","article_modified_time":"2025-09-07T04:19:11+00:00","twitter_misc":{"Estimated reading time":"1 minute"},"schema":{"@context":"https:\/\/schema.org","@graph":[{"@type":"WebPage","@id":"https:\/\/www.hotelkastiel.sk\/umenie_a_elegancia_2025\/","url":"https:\/\/www.hotelkastiel.sk\/umenie_a_elegancia_2025\/","name":"Umenie a elegancia 2025 - Art Hotel Ka\u0161tie\u013e, Tom\u00e1\u0161ov","isPartOf":{"@id":"https:\/\/www.hotelkastiel.sk\/#website"},"datePublished":"2023-09-07T14:11:19+00:00","dateModified":"2025-09-07T04:19:11+00:00","description":"Umenie a elegancia 2025 Pr\u00ed\u010fte sa zabavi\u0165 na na\u0161u jedine\u010dn\u00fa udalos\u0165! Pridajte sa k n\u00e1m na ka\u017edoro\u010dn\u00e9 stretnutie historick\u00fdch vozidiel v kr\u00e1snom anglickom","breadcrumb":{"@id":"https:\/\/www.hotelkastiel.sk\/umenie_a_elegancia_2025\/#breadcrumb"},"inLanguage":"en-GB","potentialAction":[{"@type":"ReadAction","target":["https:\/\/www.hotelkastiel.sk\/umenie_a_elegancia_2025\/"]}]},{"@type":"BreadcrumbList","@id":"https:\/\/www.hotelkastiel.sk\/umenie_a_elegancia_2025\/#breadcrumb","itemListElement":[{"@type":"ListItem","position":1,"name":"Home","item":"https:\/\/www.hotelkastiel.sk\/"},{"@type":"ListItem","position":2,"name":"Umenie a elegancia 2025"}]},{"@type":"WebSite","@id":"https:\/\/www.hotelkastiel.sk\/#website","url":"https:\/\/www.hotelkastiel.sk\/","name":"Art Hotel Ka\u0161tie\u013e, Tom\u00e1\u0161ov","description":"","publisher":{"@id":"https:\/\/www.hotelkastiel.sk\/#organization"},"potentialAction":[{"@type":"SearchAction","target":{"@type":"EntryPoint","urlTemplate":"https:\/\/www.hotelkastiel.sk\/?s={search_term_string}"},"query-input":{"@type":"PropertyValueSpecification","valueRequired":true,"valueName":"search_term_string"}}],"inLanguage":"en-GB"},{"@type":"Organization","@id":"https:\/\/www.hotelkastiel.sk\/#organization","name":"Art Hotel Ka\u0161tie\u013e, Tom\u00e1\u0161ov","url":"https:\/\/www.hotelkastiel.sk\/","logo":{"@type":"ImageObject","inLanguage":"en-GB","@id":"https:\/\/www.hotelkastiel.sk\/#\/schema\/logo\/image\/","url":"https:\/\/www.hotelkastiel.sk\/wp-content\/uploads\/2018\/07\/logo-header.png","contentUrl":"https:\/\/www.hotelkastiel.sk\/wp-content\/uploads\/2018\/07\/logo-header.png","width":1289,"height":936,"caption":"Art Hotel Ka\u0161tie\u013e, Tom\u00e1\u0161ov"},"image":{"@id":"https:\/\/www.hotelkastiel.sk\/#\/schema\/logo\/image\/"},"sameAs":["http:\/\/facebook.com\/hotelkastiel\/","http:\/\/instagram.com\/hotelkastiel\/","https:\/\/www.linkedin.com\/company\/art-hotel-kastiel-tomasov\/?viewAsMember=true","https:\/\/www.youtube.com\/playlist?list=PLvlDIzNKGgpSADkmHpsw4owU0JUOEXfhn","https:\/\/sk.wikipedia.org\/wiki\/Ka\u0161tie\u013e_v_Tom\u00e1\u0161ove"]}]}},"_links":{"self":[{"href":"https:\/\/www.hotelkastiel.sk\/en\/wp-json\/wp\/v2\/pages\/9015","targetHints":{"allow":["GET"]}}],"collection":[{"href":"https:\/\/www.hotelkastiel.sk\/en\/wp-json\/wp\/v2\/pages"}],"about":[{"href":"https:\/\/www.hotelkastiel.sk\/en\/wp-json\/wp\/v2\/types\/page"}],"author":[{"embeddable":true,"href":"https:\/\/www.hotelkastiel.sk\/en\/wp-json\/wp\/v2\/users\/12"}],"replies":[{"embeddable":true,"href":"https:\/\/www.hotelkastiel.sk\/en\/wp-json\/wp\/v2\/comments?post=9015"}],"version-history":[{"count":0,"href":"https:\/\/www.hotelkastiel.sk\/en\/wp-json\/wp\/v2\/pages\/9015\/revisions"}],"wp:attachment":[{"href":"https:\/\/www.hotelkastiel.sk\/en\/wp-json\/wp\/v2\/media?parent=9015"}],"curies":[{"name":"wp","href":"https:\/\/api.w.org\/{rel}","templated":true}]}}