{"id":9327,"date":"2024-03-19T20:39:25","date_gmt":"2024-03-19T19:39:25","guid":{"rendered":"https:\/\/www.hotelkastiel.sk\/?page_id=9327"},"modified":"2026-03-04T11:23:22","modified_gmt":"2026-03-04T10:23:22","slug":"degustacna_vecera","status":"publish","type":"page","link":"https:\/\/www.hotelkastiel.sk\/en\/stuzkova","title":{"rendered":"Stu\u017ekov\u00e1 v ka\u0161tieli"},"content":{"rendered":"<div class=\"vc_row wpb_row vc_row-fluid\">\n\t\t\t\t\n<div class=\"wpb_column vc_column_container vc_col-sm-12\"><div class=\"vc_column-inner\"><div class=\"wpb_wrapper\"><div class=\"vc_empty_space\"   style=\"height: 32px\" ><span class=\"vc_empty_space_inner\"><\/span><\/div>\n<div class=\"fleurdesel-heading  text-center\">\r\n\t<h2 class=\"fleurdesel__title h1 fz-Default\">Stu\u017ekov\u00e1 v ka\u0161tieli<\/h2><p class=\"fleurdesel__meta font-600 text-color-1\">89\u20ac\/osoba (zah\u0155\u0148a pren\u00e1jom priestoru, 3-chodov\u00fa serv\u00edrovan\u00fa ve\u010deru, nealko a v\u00edno, obsluhu, parkovanie i \u0161at\u0148u)<\/p><\/div>\r\n<div class=\"vc_empty_space\"   style=\"height: 32px\" ><span class=\"vc_empty_space_inner\"><\/span><\/div>\n\n\t<div class=\"wpb_text_column wpb_content_element\" >\n\t\t<div class=\"wpb_wrapper\">\n\t\t\t<p style=\"text-align: center;\">Usporiadajte svoju stu\u017ekov\u00fa sl\u00e1vnos\u0165 v na\u0161om hoteli a za\u017eite ve\u010der, na ktor\u00fd budete spom\u00edna\u0165 cel\u00fd \u017eivot.<\/p>\n<p style=\"text-align: center;\">N\u00e1\u0161 hotel ka\u0161tie\u013e pon\u00faka elegantn\u00e9 a nad\u010dasov\u00e9 priestory, profesion\u00e1lny person\u00e1l a kompletn\u00fd servis &#8211; od nastretia priestoru a\u017e po v\u00fdborn\u00e9 menu pripraven\u00e9 na mieru.<\/p>\n<p style=\"text-align: center;\">Postar\u00e1me sa o ka\u017ed\u00fd detail, aby ste si vy, va\u0161i u\u010ditelia aj rodi\u010dia mohli naplno vychutna\u0165 atmosf\u00e9ru tohto ve\u013ek\u00e9ho okamihu.<\/p>\n<p style=\"text-align: center;\">Doprajte si \u0161t\u00fdlov\u00e9 priestory, skvel\u00fa gastron\u00f3miu a bezstarostn\u00fa organiz\u00e1ciu pod jednou strechou.<\/p>\n<p style=\"text-align: center;\">Va\u0161a stu\u017ekov\u00e1 v ka\u0161tieli bude nezabudnute\u013en\u00fdm za\u010diatkom novej \u017eivotnej kapitoly.<\/p>\n<p style=\"text-align: center;\">T: +421 918 621 622<br \/>\nE: <a href=\"mailto:recepcia@hotelkastiel.sk\">eventy@hotelkastiel.sk<\/a><\/p>\n<p>&nbsp;<\/p>\n<p style=\"text-align: center;\">V pr\u00edpade z\u00e1ujmu V\u00e1m radi doporu\u010d\u00edme aj overen\u00fdch DJ, ktor\u00ed s nami spolupracuj\u00fa a na\u0161e priestory dokonale poznaj\u00fa.<\/p>\n\n\t\t<\/div>\n\t<\/div>\n<\/div><\/div><\/div><\/div><div class=\"vc_row wpb_row vc_row-fluid\">\n\t\t\t\t\n<div class=\"wpb_column vc_column_container vc_col-sm-12\"><div class=\"vc_column-inner\"><div class=\"wpb_wrapper\"><\/div><\/div><\/div><\/div>","protected":false},"excerpt":{"rendered":"Stu\u017ekov\u00e1 v ka\u0161tieli89\u20ac\/osoba (zah\u0155\u0148a pren\u00e1jom priestoru, 3-chodov\u00fa serv\u00edrovan\u00fa ve\u010deru, nealko a v\u00edno, obsluhu, parkovanie i \u0161at\u0148u) Usporiadajte svoju stu\u017ekov\u00fa sl\u00e1vnos\u0165 v na\u0161om hoteli a za\u017eite ve\u010der, na ktor\u00fd budete spom\u00edna\u0165 cel\u00fd \u017eivot. N\u00e1\u0161 hotel ka\u0161tie\u013e pon\u00faka elegantn\u00e9 a nad\u010dasov\u00e9 priestory, profesion\u00e1lny person\u00e1l a kompletn\u00fd servis - od nastretia priestoru a\u017e po v\u00fdborn\u00e9 menu pripraven\u00e9 na [...]","protected":false},"author":12,"featured_media":0,"parent":0,"menu_order":0,"comment_status":"closed","ping_status":"closed","template":"","meta":{"footnotes":""},"class_list":["post-9327","page","type-page","status-publish","hentry"],"yoast_head":"<!-- This site is optimized with the Yoast SEO plugin v27.4 - https:\/\/yoast.com\/product\/yoast-seo-wordpress\/ -->\n<title>Stu\u017ekov\u00e1 v ka\u0161tieli - Art Hotel Ka\u0161tie\u013e, Tom\u00e1\u0161ov<\/title>\n<meta name=\"robots\" content=\"index, follow, max-snippet:-1, max-image-preview:large, max-video-preview:-1\" \/>\n<link rel=\"canonical\" href=\"https:\/\/www.hotelkastiel.sk\/en\/stuzkova\/\" \/>\n<meta property=\"og:locale\" content=\"en_GB\" \/>\n<meta property=\"og:type\" content=\"article\" \/>\n<meta property=\"og:title\" content=\"Stu\u017ekov\u00e1 v ka\u0161tieli - Art Hotel Ka\u0161tie\u013e, Tom\u00e1\u0161ov\" \/>\n<meta property=\"og:url\" content=\"https:\/\/www.hotelkastiel.sk\/en\/stuzkova\/\" \/>\n<meta property=\"og:site_name\" content=\"Art Hotel Ka\u0161tie\u013e, Tom\u00e1\u0161ov\" \/>\n<meta property=\"article:publisher\" content=\"http:\/\/facebook.com\/hotelkastiel\/\" \/>\n<meta property=\"article:modified_time\" content=\"2026-03-04T10:23:22+00:00\" \/>\n<meta name=\"twitter:label1\" content=\"Estimated reading time\" \/>\n\t<meta name=\"twitter:data1\" content=\"1 minute\" \/>\n<script type=\"application\/ld+json\" class=\"yoast-schema-graph\">{\"@context\":\"https:\\\/\\\/schema.org\",\"@graph\":[{\"@type\":\"WebPage\",\"@id\":\"https:\\\/\\\/www.hotelkastiel.sk\\\/stuzkova\\\/\",\"url\":\"https:\\\/\\\/www.hotelkastiel.sk\\\/stuzkova\\\/\",\"name\":\"Stu\u017ekov\u00e1 v ka\u0161tieli - Art Hotel Ka\u0161tie\u013e, Tom\u00e1\u0161ov\",\"isPartOf\":{\"@id\":\"https:\\\/\\\/www.hotelkastiel.sk\\\/#website\"},\"datePublished\":\"2024-03-19T19:39:25+00:00\",\"dateModified\":\"2026-03-04T10:23:22+00:00\",\"breadcrumb\":{\"@id\":\"https:\\\/\\\/www.hotelkastiel.sk\\\/stuzkova\\\/#breadcrumb\"},\"inLanguage\":\"en-GB\",\"potentialAction\":[{\"@type\":\"ReadAction\",\"target\":[\"https:\\\/\\\/www.hotelkastiel.sk\\\/stuzkova\\\/\"]}]},{\"@type\":\"BreadcrumbList\",\"@id\":\"https:\\\/\\\/www.hotelkastiel.sk\\\/stuzkova\\\/#breadcrumb\",\"itemListElement\":[{\"@type\":\"ListItem\",\"position\":1,\"name\":\"Home\",\"item\":\"https:\\\/\\\/www.hotelkastiel.sk\\\/\"},{\"@type\":\"ListItem\",\"position\":2,\"name\":\"Stu\u017ekov\u00e1 v ka\u0161tieli\"}]},{\"@type\":\"WebSite\",\"@id\":\"https:\\\/\\\/www.hotelkastiel.sk\\\/#website\",\"url\":\"https:\\\/\\\/www.hotelkastiel.sk\\\/\",\"name\":\"Art Hotel Ka\u0161tie\u013e, Tom\u00e1\u0161ov\",\"description\":\"\",\"publisher\":{\"@id\":\"https:\\\/\\\/www.hotelkastiel.sk\\\/#organization\"},\"potentialAction\":[{\"@type\":\"SearchAction\",\"target\":{\"@type\":\"EntryPoint\",\"urlTemplate\":\"https:\\\/\\\/www.hotelkastiel.sk\\\/?s={search_term_string}\"},\"query-input\":{\"@type\":\"PropertyValueSpecification\",\"valueRequired\":true,\"valueName\":\"search_term_string\"}}],\"inLanguage\":\"en-GB\"},{\"@type\":\"Organization\",\"@id\":\"https:\\\/\\\/www.hotelkastiel.sk\\\/#organization\",\"name\":\"Art Hotel Ka\u0161tie\u013e, Tom\u00e1\u0161ov\",\"url\":\"https:\\\/\\\/www.hotelkastiel.sk\\\/\",\"logo\":{\"@type\":\"ImageObject\",\"inLanguage\":\"en-GB\",\"@id\":\"https:\\\/\\\/www.hotelkastiel.sk\\\/#\\\/schema\\\/logo\\\/image\\\/\",\"url\":\"https:\\\/\\\/www.hotelkastiel.sk\\\/wp-content\\\/uploads\\\/2018\\\/07\\\/logo-header.png\",\"contentUrl\":\"https:\\\/\\\/www.hotelkastiel.sk\\\/wp-content\\\/uploads\\\/2018\\\/07\\\/logo-header.png\",\"width\":1289,\"height\":936,\"caption\":\"Art Hotel Ka\u0161tie\u013e, Tom\u00e1\u0161ov\"},\"image\":{\"@id\":\"https:\\\/\\\/www.hotelkastiel.sk\\\/#\\\/schema\\\/logo\\\/image\\\/\"},\"sameAs\":[\"http:\\\/\\\/facebook.com\\\/hotelkastiel\\\/\",\"http:\\\/\\\/instagram.com\\\/hotelkastiel\\\/\",\"https:\\\/\\\/www.linkedin.com\\\/company\\\/art-hotel-kastiel-tomasov\\\/?viewAsMember=true\",\"https:\\\/\\\/www.youtube.com\\\/playlist?list=PLvlDIzNKGgpSADkmHpsw4owU0JUOEXfhn\",\"https:\\\/\\\/sk.wikipedia.org\\\/wiki\\\/Ka\u0161tie\u013e_v_Tom\u00e1\u0161ove\"]}]}<\/script>\n<!-- \/ Yoast SEO plugin. -->","yoast_head_json":{"title":"Stu\u017ekov\u00e1 v ka\u0161tieli - Art Hotel Ka\u0161tie\u013e, Tom\u00e1\u0161ov","robots":{"index":"index","follow":"follow","max-snippet":"max-snippet:-1","max-image-preview":"max-image-preview:large","max-video-preview":"max-video-preview:-1"},"canonical":"https:\/\/www.hotelkastiel.sk\/en\/stuzkova\/","og_locale":"en_GB","og_type":"article","og_title":"Stu\u017ekov\u00e1 v ka\u0161tieli - Art Hotel Ka\u0161tie\u013e, Tom\u00e1\u0161ov","og_url":"https:\/\/www.hotelkastiel.sk\/en\/stuzkova\/","og_site_name":"Art Hotel Ka\u0161tie\u013e, Tom\u00e1\u0161ov","article_publisher":"http:\/\/facebook.com\/hotelkastiel\/","article_modified_time":"2026-03-04T10:23:22+00:00","twitter_misc":{"Estimated reading time":"1 minute"},"schema":{"@context":"https:\/\/schema.org","@graph":[{"@type":"WebPage","@id":"https:\/\/www.hotelkastiel.sk\/stuzkova\/","url":"https:\/\/www.hotelkastiel.sk\/stuzkova\/","name":"Stu\u017ekov\u00e1 v ka\u0161tieli - Art Hotel Ka\u0161tie\u013e, Tom\u00e1\u0161ov","isPartOf":{"@id":"https:\/\/www.hotelkastiel.sk\/#website"},"datePublished":"2024-03-19T19:39:25+00:00","dateModified":"2026-03-04T10:23:22+00:00","breadcrumb":{"@id":"https:\/\/www.hotelkastiel.sk\/stuzkova\/#breadcrumb"},"inLanguage":"en-GB","potentialAction":[{"@type":"ReadAction","target":["https:\/\/www.hotelkastiel.sk\/stuzkova\/"]}]},{"@type":"BreadcrumbList","@id":"https:\/\/www.hotelkastiel.sk\/stuzkova\/#breadcrumb","itemListElement":[{"@type":"ListItem","position":1,"name":"Home","item":"https:\/\/www.hotelkastiel.sk\/"},{"@type":"ListItem","position":2,"name":"Stu\u017ekov\u00e1 v ka\u0161tieli"}]},{"@type":"WebSite","@id":"https:\/\/www.hotelkastiel.sk\/#website","url":"https:\/\/www.hotelkastiel.sk\/","name":"Art Hotel Ka\u0161tie\u013e, Tom\u00e1\u0161ov","description":"","publisher":{"@id":"https:\/\/www.hotelkastiel.sk\/#organization"},"potentialAction":[{"@type":"SearchAction","target":{"@type":"EntryPoint","urlTemplate":"https:\/\/www.hotelkastiel.sk\/?s={search_term_string}"},"query-input":{"@type":"PropertyValueSpecification","valueRequired":true,"valueName":"search_term_string"}}],"inLanguage":"en-GB"},{"@type":"Organization","@id":"https:\/\/www.hotelkastiel.sk\/#organization","name":"Art Hotel Ka\u0161tie\u013e, Tom\u00e1\u0161ov","url":"https:\/\/www.hotelkastiel.sk\/","logo":{"@type":"ImageObject","inLanguage":"en-GB","@id":"https:\/\/www.hotelkastiel.sk\/#\/schema\/logo\/image\/","url":"https:\/\/www.hotelkastiel.sk\/wp-content\/uploads\/2018\/07\/logo-header.png","contentUrl":"https:\/\/www.hotelkastiel.sk\/wp-content\/uploads\/2018\/07\/logo-header.png","width":1289,"height":936,"caption":"Art Hotel Ka\u0161tie\u013e, Tom\u00e1\u0161ov"},"image":{"@id":"https:\/\/www.hotelkastiel.sk\/#\/schema\/logo\/image\/"},"sameAs":["http:\/\/facebook.com\/hotelkastiel\/","http:\/\/instagram.com\/hotelkastiel\/","https:\/\/www.linkedin.com\/company\/art-hotel-kastiel-tomasov\/?viewAsMember=true","https:\/\/www.youtube.com\/playlist?list=PLvlDIzNKGgpSADkmHpsw4owU0JUOEXfhn","https:\/\/sk.wikipedia.org\/wiki\/Ka\u0161tie\u013e_v_Tom\u00e1\u0161ove"]}]}},"_links":{"self":[{"href":"https:\/\/www.hotelkastiel.sk\/en\/wp-json\/wp\/v2\/pages\/9327","targetHints":{"allow":["GET"]}}],"collection":[{"href":"https:\/\/www.hotelkastiel.sk\/en\/wp-json\/wp\/v2\/pages"}],"about":[{"href":"https:\/\/www.hotelkastiel.sk\/en\/wp-json\/wp\/v2\/types\/page"}],"author":[{"embeddable":true,"href":"https:\/\/www.hotelkastiel.sk\/en\/wp-json\/wp\/v2\/users\/12"}],"replies":[{"embeddable":true,"href":"https:\/\/www.hotelkastiel.sk\/en\/wp-json\/wp\/v2\/comments?post=9327"}],"version-history":[{"count":2,"href":"https:\/\/www.hotelkastiel.sk\/en\/wp-json\/wp\/v2\/pages\/9327\/revisions"}],"predecessor-version":[{"id":10244,"href":"https:\/\/www.hotelkastiel.sk\/en\/wp-json\/wp\/v2\/pages\/9327\/revisions\/10244"}],"wp:attachment":[{"href":"https:\/\/www.hotelkastiel.sk\/en\/wp-json\/wp\/v2\/media?parent=9327"}],"curies":[{"name":"wp","href":"https:\/\/api.w.org\/{rel}","templated":true}]}}