{"id":9426,"date":"2024-04-13T10:22:19","date_gmt":"2024-04-13T09:22:19","guid":{"rendered":"https:\/\/www.hotelkastiel.sk\/?page_id=9426"},"modified":"2025-11-28T11:16:15","modified_gmt":"2025-11-28T10:16:15","slug":"tvorive-dielnicky-a-malba-akvarelom","status":"publish","type":"page","link":"https:\/\/www.hotelkastiel.sk\/en\/vianocny-workshop","title":{"rendered":"Viano\u010dn\u00fd workshop"},"content":{"rendered":"<div class=\"vc_row wpb_row vc_row-fluid\">\n\t\t\t\t\n<div class=\"wpb_column vc_column_container vc_col-sm-12\"><div class=\"vc_column-inner\"><div class=\"wpb_wrapper\"><div class=\"fleurdesel-heading  text-center\">\r\n\t<p class=\"fleurdesel__meta font-600 text-color-1\">sobota, 06. december 2025, 14:00<\/p><h2 class=\"fleurdesel__title h1 fz-Default\">Viano\u010dn\u00e9 ikebany a viano\u010dn\u00e9 pozdravy, aktivita pre mal\u00fdch aj ve\u013ek\u00fdch<\/h2><\/div>\r\n\n\t<div class=\"wpb_text_column wpb_content_element\" >\n\t\t<div class=\"wpb_wrapper\">\n\t\t\t<p style=\"text-align: center;\">Zapojte sa do kreat\u00edvneho workshopu pod veden\u00edm\u00a0 prof. Art Marty Vojtkovej.<\/p>\n<p style=\"text-align: center;\">Radi tvor\u00edte? Chceli by ste za\u017ei\u0165 nie\u010do nov\u00e9 a odnies\u0165 si domov vlastnoru\u010dne vyroben\u00fa viano\u010dm\u00fa ikebanu \u010di pozdrav?<\/p>\n<p style=\"text-align: center;\">Pr\u00ed\u010fte sa zrelaxova\u0165 a in\u0161pirova\u0165 na kreat\u00edvny workshop v na\u0161om ka\u0161tieli spolu so svojou rodinkou.<\/p>\n<p style=\"text-align: center;\">Tvoriv\u00e9 dielni\u010dky sa bud\u00fa kona\u0165 06.12.2025 o 14:00 v priestoroch n\u00e1\u0161ho ka\u0161tie\u013ea.<\/p>\n<p style=\"text-align: center;\">Po\u010det \u00fa\u010dastn\u00edkov je limitovan\u00fd, preto si svoje miesto zabezpe\u010dte \u010do najsk\u00f4r.<\/p>\n<p style=\"text-align: center;\"><strong>Cena: 28\u20ac\/dospel\u00e1 osoba, 5\u20ac\/die\u0165a<\/strong><\/p>\n<p style=\"text-align: center;\">*deti len v doprovode svojho rodi\u010da<\/p>\n<p style=\"text-align: center;\"><strong>REZERV\u00c1CIE:<br \/>\nE: <a href=\"\/en\/recepcia@hotelkastiel.sk\/\">recepcia@hotelkastiel.sk<\/a><br \/>\nT: +421 02 2090 9300<\/strong><\/p>\n<p style=\"text-align: center;\">Te\u0161\u00edme sa na Va\u0161u n\u00e1v\u0161tevu!<\/p>\n\n\t\t<\/div>\n\t<\/div>\n<div class=\"vc_separator wpb_content_element vc_separator_align_center vc_sep_width_100 vc_sep_pos_align_center vc_separator_no_text vc_sep_color_grey\" ><span class=\"vc_sep_holder vc_sep_holder_l\"><span  class=\"vc_sep_line\"><\/span><\/span><span class=\"vc_sep_holder vc_sep_holder_r\"><span  class=\"vc_sep_line\"><\/span><\/span>\n<\/div><\/div><\/div><\/div><\/div><div class=\"vc_row wpb_row vc_row-fluid\">\n\t\t\t\t\n<div class=\"wpb_column vc_column_container vc_col-sm-12\"><div class=\"vc_column-inner\"><div class=\"wpb_wrapper\"><div class=\"wpb_gallery wpb_content_element vc_clearfix\" ><div class=\"wpb_wrapper\"><div class=\"wpb_gallery_slides wpb_flexslider flexslider_fade flexslider\" data-interval=\"3\" data-flex_fx=\"fade\"><ul class=\"slides\"><li><a class=\"prettyphoto\" href=\"https:\/\/www.hotelkastiel.sk\/wp-content\/uploads\/2025\/11\/V1-768x1024.jpg\" data-rel=\"prettyPhoto[rel-9426-1026595717]\"><img loading=\"lazy\" decoding=\"async\" width=\"1920\" height=\"2560\" src=\"https:\/\/www.hotelkastiel.sk\/wp-content\/uploads\/2025\/11\/V1-scaled.jpg\" class=\"attachment-full\" alt=\"\" srcset=\"https:\/\/www.hotelkastiel.sk\/wp-content\/uploads\/2025\/11\/V1-scaled.jpg 1920w, https:\/\/www.hotelkastiel.sk\/wp-content\/uploads\/2025\/11\/V1-225x300.jpg 225w, https:\/\/www.hotelkastiel.sk\/wp-content\/uploads\/2025\/11\/V1-768x1024.jpg 768w, https:\/\/www.hotelkastiel.sk\/wp-content\/uploads\/2025\/11\/V1-1152x1536.jpg 1152w, https:\/\/www.hotelkastiel.sk\/wp-content\/uploads\/2025\/11\/V1-1536x2048.jpg 1536w, https:\/\/www.hotelkastiel.sk\/wp-content\/uploads\/2025\/11\/V1-9x12.jpg 9w\" sizes=\"auto, (max-width: 1920px) 100vw, 1920px\" \/><\/a><\/li><li><a class=\"prettyphoto\" href=\"https:\/\/www.hotelkastiel.sk\/wp-content\/uploads\/2025\/11\/V3-768x1024.jpg\" data-rel=\"prettyPhoto[rel-9426-1026595717]\"><img loading=\"lazy\" decoding=\"async\" width=\"1920\" height=\"2560\" src=\"https:\/\/www.hotelkastiel.sk\/wp-content\/uploads\/2025\/11\/V3-scaled.jpg\" class=\"attachment-full\" alt=\"\" srcset=\"https:\/\/www.hotelkastiel.sk\/wp-content\/uploads\/2025\/11\/V3-scaled.jpg 1920w, https:\/\/www.hotelkastiel.sk\/wp-content\/uploads\/2025\/11\/V3-225x300.jpg 225w, https:\/\/www.hotelkastiel.sk\/wp-content\/uploads\/2025\/11\/V3-768x1024.jpg 768w, https:\/\/www.hotelkastiel.sk\/wp-content\/uploads\/2025\/11\/V3-1152x1536.jpg 1152w, https:\/\/www.hotelkastiel.sk\/wp-content\/uploads\/2025\/11\/V3-1536x2048.jpg 1536w, https:\/\/www.hotelkastiel.sk\/wp-content\/uploads\/2025\/11\/V3-9x12.jpg 9w\" sizes=\"auto, (max-width: 1920px) 100vw, 1920px\" \/><\/a><\/li><li><a class=\"prettyphoto\" href=\"https:\/\/www.hotelkastiel.sk\/wp-content\/uploads\/2025\/11\/V2-768x1024.jpg\" data-rel=\"prettyPhoto[rel-9426-1026595717]\"><img loading=\"lazy\" decoding=\"async\" width=\"1920\" height=\"2560\" src=\"https:\/\/www.hotelkastiel.sk\/wp-content\/uploads\/2025\/11\/V2-scaled.jpg\" class=\"attachment-full\" alt=\"\" srcset=\"https:\/\/www.hotelkastiel.sk\/wp-content\/uploads\/2025\/11\/V2-scaled.jpg 1920w, https:\/\/www.hotelkastiel.sk\/wp-content\/uploads\/2025\/11\/V2-225x300.jpg 225w, https:\/\/www.hotelkastiel.sk\/wp-content\/uploads\/2025\/11\/V2-768x1024.jpg 768w, https:\/\/www.hotelkastiel.sk\/wp-content\/uploads\/2025\/11\/V2-1152x1536.jpg 1152w, https:\/\/www.hotelkastiel.sk\/wp-content\/uploads\/2025\/11\/V2-1536x2048.jpg 1536w, https:\/\/www.hotelkastiel.sk\/wp-content\/uploads\/2025\/11\/V2-9x12.jpg 9w\" sizes=\"auto, (max-width: 1920px) 100vw, 1920px\" \/><\/a><\/li><\/ul><\/div><\/div><\/div><\/div><\/div><\/div><\/div><div class=\"vc_row wpb_row vc_row-fluid\">\n\t\t\t\t\n<div class=\"wpb_column vc_column_container vc_col-sm-12\"><div class=\"vc_column-inner\"><div class=\"wpb_wrapper\"><div class=\"vc_message_box vc_message_box-standard vc_message_box-rounded vc_color-info\" >\n\t<div class=\"vc_message_box-icon\"><i class=\"fa fa-info-circle\"><\/i>\n\t<\/div><p style=\"text-align: center;\">GDPR: \u00da\u010das\u0165ou na akcii d\u00e1vate s\u00fahlas na fotografovanie a filmovanie za \u00fa\u010delom v\u00fdroby prezenta\u010dn\u00e9ho materi\u00e1lu z akcie pre ka\u0161tie\u013e.<\/p>\n<\/div>\n<\/div><\/div><\/div><\/div>","protected":false},"excerpt":{"rendered":"sobota, 06. december 2025, 14:00Viano\u010dn\u00e9 ikebany a viano\u010dn\u00e9 pozdravy, aktivita pre mal\u00fdch aj ve\u013ek\u00fdch Zapojte sa do kreat\u00edvneho workshopu pod veden\u00edm\u00a0 prof. Art Marty Vojtkovej. Radi tvor\u00edte? Chceli by ste za\u017ei\u0165 nie\u010do nov\u00e9 a odnies\u0165 si domov vlastnoru\u010dne vyroben\u00fa viano\u010dm\u00fa ikebanu \u010di pozdrav? Pr\u00ed\u010fte sa zrelaxova\u0165 a in\u0161pirova\u0165 na kreat\u00edvny workshop v na\u0161om ka\u0161tieli spolu [...]","protected":false},"author":12,"featured_media":0,"parent":0,"menu_order":0,"comment_status":"closed","ping_status":"closed","template":"","meta":{"footnotes":""},"class_list":["post-9426","page","type-page","status-publish","hentry"],"yoast_head":"<!-- This site is optimized with the Yoast SEO plugin v27.5 - https:\/\/yoast.com\/product\/yoast-seo-wordpress\/ -->\n<title>Viano\u010dn\u00fd workshop - Art Hotel Ka\u0161tie\u013e, Tom\u00e1\u0161ov<\/title>\n<meta name=\"robots\" content=\"index, follow, max-snippet:-1, max-image-preview:large, max-video-preview:-1\" \/>\n<link rel=\"canonical\" href=\"https:\/\/www.hotelkastiel.sk\/en\/vianocny-workshop\/\" \/>\n<meta property=\"og:locale\" content=\"en_GB\" \/>\n<meta property=\"og:type\" content=\"article\" \/>\n<meta property=\"og:title\" content=\"Viano\u010dn\u00fd workshop - Art Hotel Ka\u0161tie\u013e, Tom\u00e1\u0161ov\" \/>\n<meta property=\"og:url\" content=\"https:\/\/www.hotelkastiel.sk\/en\/vianocny-workshop\/\" \/>\n<meta property=\"og:site_name\" content=\"Art Hotel Ka\u0161tie\u013e, Tom\u00e1\u0161ov\" \/>\n<meta property=\"article:publisher\" content=\"http:\/\/facebook.com\/hotelkastiel\/\" \/>\n<meta property=\"article:modified_time\" content=\"2025-11-28T10:16:15+00:00\" \/>\n<meta name=\"twitter:label1\" content=\"Estimated reading time\" \/>\n\t<meta name=\"twitter:data1\" content=\"1 minute\" \/>\n<script type=\"application\/ld+json\" class=\"yoast-schema-graph\">{\"@context\":\"https:\\\/\\\/schema.org\",\"@graph\":[{\"@type\":\"WebPage\",\"@id\":\"https:\\\/\\\/www.hotelkastiel.sk\\\/vianocny-workshop\\\/\",\"url\":\"https:\\\/\\\/www.hotelkastiel.sk\\\/vianocny-workshop\\\/\",\"name\":\"Viano\u010dn\u00fd workshop - Art Hotel Ka\u0161tie\u013e, Tom\u00e1\u0161ov\",\"isPartOf\":{\"@id\":\"https:\\\/\\\/www.hotelkastiel.sk\\\/#website\"},\"datePublished\":\"2024-04-13T09:22:19+00:00\",\"dateModified\":\"2025-11-28T10:16:15+00:00\",\"breadcrumb\":{\"@id\":\"https:\\\/\\\/www.hotelkastiel.sk\\\/vianocny-workshop\\\/#breadcrumb\"},\"inLanguage\":\"en-GB\",\"potentialAction\":[{\"@type\":\"ReadAction\",\"target\":[\"https:\\\/\\\/www.hotelkastiel.sk\\\/vianocny-workshop\\\/\"]}]},{\"@type\":\"BreadcrumbList\",\"@id\":\"https:\\\/\\\/www.hotelkastiel.sk\\\/vianocny-workshop\\\/#breadcrumb\",\"itemListElement\":[{\"@type\":\"ListItem\",\"position\":1,\"name\":\"Home\",\"item\":\"https:\\\/\\\/www.hotelkastiel.sk\\\/\"},{\"@type\":\"ListItem\",\"position\":2,\"name\":\"Viano\u010dn\u00fd workshop\"}]},{\"@type\":\"WebSite\",\"@id\":\"https:\\\/\\\/www.hotelkastiel.sk\\\/#website\",\"url\":\"https:\\\/\\\/www.hotelkastiel.sk\\\/\",\"name\":\"Art Hotel Ka\u0161tie\u013e, Tom\u00e1\u0161ov\",\"description\":\"\",\"publisher\":{\"@id\":\"https:\\\/\\\/www.hotelkastiel.sk\\\/#organization\"},\"potentialAction\":[{\"@type\":\"SearchAction\",\"target\":{\"@type\":\"EntryPoint\",\"urlTemplate\":\"https:\\\/\\\/www.hotelkastiel.sk\\\/?s={search_term_string}\"},\"query-input\":{\"@type\":\"PropertyValueSpecification\",\"valueRequired\":true,\"valueName\":\"search_term_string\"}}],\"inLanguage\":\"en-GB\"},{\"@type\":\"Organization\",\"@id\":\"https:\\\/\\\/www.hotelkastiel.sk\\\/#organization\",\"name\":\"Art Hotel Ka\u0161tie\u013e, Tom\u00e1\u0161ov\",\"url\":\"https:\\\/\\\/www.hotelkastiel.sk\\\/\",\"logo\":{\"@type\":\"ImageObject\",\"inLanguage\":\"en-GB\",\"@id\":\"https:\\\/\\\/www.hotelkastiel.sk\\\/#\\\/schema\\\/logo\\\/image\\\/\",\"url\":\"https:\\\/\\\/www.hotelkastiel.sk\\\/wp-content\\\/uploads\\\/2018\\\/07\\\/logo-header.png\",\"contentUrl\":\"https:\\\/\\\/www.hotelkastiel.sk\\\/wp-content\\\/uploads\\\/2018\\\/07\\\/logo-header.png\",\"width\":1289,\"height\":936,\"caption\":\"Art Hotel Ka\u0161tie\u013e, Tom\u00e1\u0161ov\"},\"image\":{\"@id\":\"https:\\\/\\\/www.hotelkastiel.sk\\\/#\\\/schema\\\/logo\\\/image\\\/\"},\"sameAs\":[\"http:\\\/\\\/facebook.com\\\/hotelkastiel\\\/\",\"http:\\\/\\\/instagram.com\\\/hotelkastiel\\\/\",\"https:\\\/\\\/www.linkedin.com\\\/company\\\/art-hotel-kastiel-tomasov\\\/?viewAsMember=true\",\"https:\\\/\\\/www.youtube.com\\\/playlist?list=PLvlDIzNKGgpSADkmHpsw4owU0JUOEXfhn\",\"https:\\\/\\\/sk.wikipedia.org\\\/wiki\\\/Ka\u0161tie\u013e_v_Tom\u00e1\u0161ove\"]}]}<\/script>\n<!-- \/ Yoast SEO plugin. -->","yoast_head_json":{"title":"Viano\u010dn\u00fd workshop - Art Hotel Ka\u0161tie\u013e, Tom\u00e1\u0161ov","robots":{"index":"index","follow":"follow","max-snippet":"max-snippet:-1","max-image-preview":"max-image-preview:large","max-video-preview":"max-video-preview:-1"},"canonical":"https:\/\/www.hotelkastiel.sk\/en\/vianocny-workshop\/","og_locale":"en_GB","og_type":"article","og_title":"Viano\u010dn\u00fd workshop - Art Hotel Ka\u0161tie\u013e, Tom\u00e1\u0161ov","og_url":"https:\/\/www.hotelkastiel.sk\/en\/vianocny-workshop\/","og_site_name":"Art Hotel Ka\u0161tie\u013e, Tom\u00e1\u0161ov","article_publisher":"http:\/\/facebook.com\/hotelkastiel\/","article_modified_time":"2025-11-28T10:16:15+00:00","twitter_misc":{"Estimated reading time":"1 minute"},"schema":{"@context":"https:\/\/schema.org","@graph":[{"@type":"WebPage","@id":"https:\/\/www.hotelkastiel.sk\/vianocny-workshop\/","url":"https:\/\/www.hotelkastiel.sk\/vianocny-workshop\/","name":"Viano\u010dn\u00fd workshop - Art Hotel Ka\u0161tie\u013e, Tom\u00e1\u0161ov","isPartOf":{"@id":"https:\/\/www.hotelkastiel.sk\/#website"},"datePublished":"2024-04-13T09:22:19+00:00","dateModified":"2025-11-28T10:16:15+00:00","breadcrumb":{"@id":"https:\/\/www.hotelkastiel.sk\/vianocny-workshop\/#breadcrumb"},"inLanguage":"en-GB","potentialAction":[{"@type":"ReadAction","target":["https:\/\/www.hotelkastiel.sk\/vianocny-workshop\/"]}]},{"@type":"BreadcrumbList","@id":"https:\/\/www.hotelkastiel.sk\/vianocny-workshop\/#breadcrumb","itemListElement":[{"@type":"ListItem","position":1,"name":"Home","item":"https:\/\/www.hotelkastiel.sk\/"},{"@type":"ListItem","position":2,"name":"Viano\u010dn\u00fd workshop"}]},{"@type":"WebSite","@id":"https:\/\/www.hotelkastiel.sk\/#website","url":"https:\/\/www.hotelkastiel.sk\/","name":"Art Hotel Ka\u0161tie\u013e, Tom\u00e1\u0161ov","description":"","publisher":{"@id":"https:\/\/www.hotelkastiel.sk\/#organization"},"potentialAction":[{"@type":"SearchAction","target":{"@type":"EntryPoint","urlTemplate":"https:\/\/www.hotelkastiel.sk\/?s={search_term_string}"},"query-input":{"@type":"PropertyValueSpecification","valueRequired":true,"valueName":"search_term_string"}}],"inLanguage":"en-GB"},{"@type":"Organization","@id":"https:\/\/www.hotelkastiel.sk\/#organization","name":"Art Hotel Ka\u0161tie\u013e, Tom\u00e1\u0161ov","url":"https:\/\/www.hotelkastiel.sk\/","logo":{"@type":"ImageObject","inLanguage":"en-GB","@id":"https:\/\/www.hotelkastiel.sk\/#\/schema\/logo\/image\/","url":"https:\/\/www.hotelkastiel.sk\/wp-content\/uploads\/2018\/07\/logo-header.png","contentUrl":"https:\/\/www.hotelkastiel.sk\/wp-content\/uploads\/2018\/07\/logo-header.png","width":1289,"height":936,"caption":"Art Hotel Ka\u0161tie\u013e, Tom\u00e1\u0161ov"},"image":{"@id":"https:\/\/www.hotelkastiel.sk\/#\/schema\/logo\/image\/"},"sameAs":["http:\/\/facebook.com\/hotelkastiel\/","http:\/\/instagram.com\/hotelkastiel\/","https:\/\/www.linkedin.com\/company\/art-hotel-kastiel-tomasov\/?viewAsMember=true","https:\/\/www.youtube.com\/playlist?list=PLvlDIzNKGgpSADkmHpsw4owU0JUOEXfhn","https:\/\/sk.wikipedia.org\/wiki\/Ka\u0161tie\u013e_v_Tom\u00e1\u0161ove"]}]}},"_links":{"self":[{"href":"https:\/\/www.hotelkastiel.sk\/en\/wp-json\/wp\/v2\/pages\/9426","targetHints":{"allow":["GET"]}}],"collection":[{"href":"https:\/\/www.hotelkastiel.sk\/en\/wp-json\/wp\/v2\/pages"}],"about":[{"href":"https:\/\/www.hotelkastiel.sk\/en\/wp-json\/wp\/v2\/types\/page"}],"author":[{"embeddable":true,"href":"https:\/\/www.hotelkastiel.sk\/en\/wp-json\/wp\/v2\/users\/12"}],"replies":[{"embeddable":true,"href":"https:\/\/www.hotelkastiel.sk\/en\/wp-json\/wp\/v2\/comments?post=9426"}],"version-history":[{"count":2,"href":"https:\/\/www.hotelkastiel.sk\/en\/wp-json\/wp\/v2\/pages\/9426\/revisions"}],"predecessor-version":[{"id":10213,"href":"https:\/\/www.hotelkastiel.sk\/en\/wp-json\/wp\/v2\/pages\/9426\/revisions\/10213"}],"wp:attachment":[{"href":"https:\/\/www.hotelkastiel.sk\/en\/wp-json\/wp\/v2\/media?parent=9426"}],"curies":[{"name":"wp","href":"https:\/\/api.w.org\/{rel}","templated":true}]}}